{"id":6843,"date":"2025-06-03T02:11:24","date_gmt":"2025-06-03T02:11:24","guid":{"rendered":"https:\/\/sinoextrud.com\/product\/aluminium-sliding-door-brushed-grey\/"},"modified":"2025-06-24T06:11:49","modified_gmt":"2025-06-24T06:11:49","slug":"alumiininen-liukuovi-harjattu-harmaa","status":"publish","type":"product","link":"https:\/\/sinoextrud.com\/fi\/product\/aluminium-sliding-door-brushed-grey\/","title":{"rendered":"Alumiininen liukuovi Harjattu harmaa"},"content":{"rendered":"<h2>Tuotteiden tiedot<\/h2>\n<table class=\"custom-table\">\n<tr>\n<td class=\"label\">OEM tai ODM<\/td>\n<td>Saatavilla<\/td>\n<\/tr>\n<tr>\n<td class=\"label\">Metalliseos<\/td>\n<td>6063 T5<\/td>\n<\/tr>\n<tr>\n<td class=\"label\">Profiilin paksuus<\/td>\n<td>V\u00e4hint\u00e4\u00e4n 0,5 mm.<\/td>\n<\/tr>\n<tr>\n<td class=\"label\">Anodisoitu elokuva<\/td>\n<td>Paksuus 5-20\u03bcm<\/td>\n<\/tr>\n<tr>\n<td class=\"label\">Jauhemaalaus<\/td>\n<td>Paksuus 30-100\u03bcm<\/td>\n<\/tr>\n<tr>\n<td class=\"label\">Viimeistely<\/td>\n<td>Anodisoitu, harja, kiillotus (peili), hiekkapuhallus, jauhemaalaus<\/td>\n<\/tr>\n<tr>\n<td class=\"label\">V\u00e4ri<\/td>\n<td>Hopea, samppanja, valkoinen, messinki, musta, titaani, harmaa, tummansininen, violetti kulta, kulta, ruusukulta.<\/td>\n<\/tr>\n<tr>\n<td class=\"label\">Pituus<\/td>\n<td>3m tai 6m, tai asiakkaan vaatimuksen mukaan.<\/td>\n<\/tr>\n<tr>\n<td class=\"label\">Hakemus<\/td>\n<td>Keitti\u00f6t, liukuva vaatekaapit, liukuovet, suihkuovet, ikkunat ja ovet, lattiat, matot, teollisuus.<\/td>\n<\/tr>\n<tr>\n<td class=\"label\">Pakkaus<\/td>\n<td>Valikoiva: suojakalvo, polybag, kutistuminen, vedenpit\u00e4v\u00e4 paperi, kartonkilaatikko, EPE-vaahto, kudottu vy\u00f6.<\/td>\n<\/tr>\n<tr>\n<td class=\"label\">Takuu<\/td>\n<td>Viimeistelty ja v\u00e4ri voi olla vakaa 10-20 vuotta sis\u00e4k\u00e4yt\u00f6ss\u00e4.<\/td>\n<\/tr>\n<tr>\n<td class=\"label\">Tuotantokapasiteetti<\/td>\n<td>3000-4000tonnia\/kk<\/td>\n<\/tr>\n<tr>\n<td class=\"label\">Muotin valmistus<\/td>\n<td>7-10 p\u00e4iv\u00e4\u00e4<\/td>\n<\/tr>\n<tr>\n<td class=\"label\">Homeen kustannukset<\/td>\n<td>Muotin valmistajan hinnan mukaan<\/td>\n<\/tr>\n<tr>\n<td class=\"label\">Toimitus<\/td>\n<td>29 p\u00e4iv\u00e4\u00e4 sen j\u00e4lkeen, kun 30%-ennakkomaksu on vastaanotettu, 70% ennen lastausta.<\/td>\n<\/tr>\n<tr>\n<td class=\"label\">MOQ<\/td>\n<td>200KG\/kpl<\/td>\n<\/tr>\n<tr>\n<td class=\"label\">Maksuehto<\/td>\n<td>T\/T, L\/C n\u00e4k\u00f6piiriss\u00e4.<\/td>\n<\/tr>\n<tr>\n<td class=\"label\">Selvitys<\/td>\n<td>teoreettisen painon tai todellisen bruttopainon mukaan.<\/td>\n<\/tr>\n<tr>\n<td class=\"label\">Lastausportti<\/td>\n<td>Foshan\/ Guangzhou\/ Shenzhen<\/td>\n<\/tr>\n<\/table>\n<h2>Tuotantopohjamme<\/h2>\n<h3>Tehtaan panoraama<\/h3>\n<p><img decoding=\"async\" src=\"\/wp-content\/uploads\/factory-01.webp\"\/><\/p>\n<h3>Alumiini Bar Manufacturing Workshop<\/h3>\n<p><img decoding=\"async\" src=\"\/wp-content\/uploads\/factory-02.webp\"\/><\/p>\n<p><img decoding=\"async\" src=\"\/wp-content\/uploads\/factory-03.webp\"\/><\/p>\n<h3>Muotin varastointi Varasto<\/h3>\n<p><img decoding=\"async\" src=\"\/wp-content\/uploads\/factory-04.webp\"\/><\/p>\n<h3>43 alumiinin ekstruusiolinjat (500-5500 tonnia)<\/h3>\n<p><img decoding=\"async\" src=\"\/wp-content\/uploads\/factory-05.webp\"\/><\/p>\n<p><img decoding=\"async\" src=\"\/wp-content\/uploads\/factory-06.webp\"\/><\/p>\n<p><img decoding=\"async\" src=\"\/wp-content\/uploads\/factory-07.webp\"\/><\/p>\n<h3>Jauhemaalaus ty\u00f6paja<\/h3>\n<p><img decoding=\"async\" src=\"\/wp-content\/uploads\/factory-09.webp\"\/><\/p>\n<h3>Anodisointi ty\u00f6paja<\/h3>\n<p><img decoding=\"async\" src=\"\/wp-content\/uploads\/factory-10.webp\"\/><\/p>\n<h3>Syv\u00e4k\u00e4sittelyn ty\u00f6paja<\/h3>\n<p><img decoding=\"async\" src=\"\/wp-content\/uploads\/factory-11.webp\"\/><\/p>\n<h3>CNC-tarkkuuskoneistus ty\u00f6paja<\/h3>\n<p><img decoding=\"async\" src=\"\/wp-content\/uploads\/factory-11.5.webp\"\/><\/p>\n<h3>Valmiiden tuotteiden ja vientivarasto<\/h3>\n<p><img decoding=\"async\" src=\"\/wp-content\/uploads\/factory-12.webp\"\/><\/p>\n<p><img decoding=\"async\" src=\"\/wp-content\/uploads\/factory-13.webp\"\/><\/p>\n<p><img decoding=\"async\" src=\"\/wp-content\/uploads\/factory-14.webp\"\/><\/p>\n<h2>FAQ<\/h2>\n<p><p><b>1.Mik\u00e4 on harjatun harmaan alumiininen liukuoviprofiili? <\/b><\/p>\n<p> Se on alumiinikehys, jossa on harjaantunut harmaa anodisoitu pinta, ja se on suunniteltu k\u00e4ytett\u00e4v\u00e4ksi nykyaikaisissa liukuovij\u00e4rjestelmiss\u00e4.<br \/>\n<\/p><br \/>\n<br \/>\n<p><b>2.Miksi liukuovien karmeihin kannattaa valita harjattu harmaa pinta? <\/b><\/p>\n<p> Harjatussa harmaassa viimeistelyss\u00e4 yhdistyv\u00e4t moderni estetiikka ja toiminnalliset edut, kuten v\u00e4hentynyt h\u00e4ik\u00e4isyn m\u00e4\u00e4r\u00e4 ja parempi vastustuskyky tahroja ja naarmuja vastaan.<br \/>\n<\/p><br \/>\n<br \/>\n<p><b>3.Mit\u00e4 seosta k\u00e4ytet\u00e4\u00e4n harjatuissa harmaissa alumiiniprofiileissa? <\/b><\/p>\n<p> 6063-T5-alumiinia k\u00e4ytet\u00e4\u00e4n yleisesti sen erinomaisen pintak\u00e4sittelyn, lujuuden ja korroosionkest\u00e4vyyden vuoksi - ihanteellinen liukuovisovelluksiin.<br \/>\n<\/p><br \/>\n<br \/>\n<p><b>4.Onko harjaantunut harmaa pinta sopiva ulkok\u00e4ytt\u00f6\u00f6n? <\/b><\/p>\n<p> Kyll\u00e4, anodisoidut pinnoitteet ovat eritt\u00e4in s\u00e4\u00e4nkest\u00e4vi\u00e4, joten ne soveltuvat sek\u00e4 sis\u00e4- ett\u00e4 ulkotiloihin.<br \/>\n<\/p><br \/>\n<br \/>\n<p><b>5.Voinko saada r\u00e4\u00e4t\u00e4l\u00f6ityj\u00e4 kokoja tai muotoja harjatuille harmaille liukuprofiileille? <\/b><\/p>\n<p> Valmistajat tarjoavat OEM-palveluja mittojen, sein\u00e4m\u00e4npaksuuden ja poikkileikkausmallien r\u00e4\u00e4t\u00e4l\u00f6imiseksi.<br \/>\n<\/p><br \/>\n<br \/>\n<p><b>6.Miss\u00e4 k\u00e4ytt\u00f6kohteissa k\u00e4ytet\u00e4\u00e4n harjattuja harmaita alumiinisia liukuovia? <\/b><\/p>\n<p> N\u00e4it\u00e4 profiileja k\u00e4ytet\u00e4\u00e4n vaatekaapeissa, terassiovissa, toimiston v\u00e4liseiniss\u00e4 ja kaupallisissa liukuj\u00e4rjestelmiss\u00e4, joissa halutaan tyylik\u00e4s moderni ulkon\u00e4k\u00f6.<br \/>\n<\/p><br \/>\n<br \/>\n<p><b>7.Miten harjatun harmaan vaikutelman saa aikaan alumiinissa? <\/b><\/p>\n<p> Vaikutelma saadaan aikaan mekaanisella harjauksella, jota seuraa anodisointi, mik\u00e4 takaa kest\u00e4vyyden ja tasaisen mattapintaisen ulkon\u00e4\u00f6n.<br \/>\n<\/p><br \/>\n<br \/>\n<p><b>8.Ovatko harjatut harmaat alumiiniprofiilit helppohoitoisia? <\/b><\/p>\n<p> Kyll\u00e4, ne ovat v\u00e4h\u00e4n huoltoa vaativia ja vaativat vain satunnaista puhdistusta miedolla saippualla ja vedell\u00e4 s\u00e4ilytt\u00e4\u00e4kseen viimeistelyns\u00e4.<br \/>\n<\/p><br \/><\/p>","protected":false},"featured_media":6842,"template":"","categories":[67],"class_list":["post-6843","product","type-product","status-publish","has-post-thumbnail","hentry","category-architectural-aluminium-profile"],"meta_box":{"hilight_text_group":{"product_hilight_text":"<li>Brushed grey aluminium sliding door profiles offering a modern, industrial-style finish<\/li>\r\r\n<li>Made from durable 6063-T5 alloy with excellent strength, corrosion resistance, and surface quality<\/li>\r\r\n<li>Brushed anodized finish provides a textured, low-glare surface resistant to fingerprints and wear<\/li>\r\r\n<li>Suitable for interior and exterior sliding doors in homes, offices, and commercial settings<\/li>\r\r\n<li>Customizable designs and dimensions available with OEM support from experienced manufacturers<\/li>","product_chanpin_blog":"<ul>\r\r\n<li><a href=\"https:\/\/sinoextrud.com\/t-slot-v-slot-differences\/\" target=\"_blank\">t slot vs v slot<\/a><\/li>\r\r\n<li><a href=\"https:\/\/sinoextrud.com\/what-is-4040-aluminium-extrud\/\" target=\"_blank\">4040 aluminium extrusion<\/a><\/li>\r\r\n<li><a href=\"https:\/\/sinoextrud.com\/what-is-4040-aluminium-extrud\/\" target=\"_blank\">aluminum extrusions for industrial racks<\/a><\/li>\r\r\n<li><a href=\"https:\/\/sinoextrud.com\/powder-coating-aluminium-process\/\" target=\"_blank\">powder coating aluminium<\/a><\/li>\r\r\n<li><a href=\"https:\/\/sinoextrud.com\/what-is-an-aluminium-strip-ceiling\/\" target=\"_blank\">aluminium strip ceiling<\/a><\/li>\r\r\n<li><a href=\"https:\/\/sinoextrud.com\/what-is-a-heat-sink\/\" target=\"_blank\">what is a heat sink<\/a><\/li>\r\r\n<\/ul>","product_chanpin_chanpin":"<li><a href=\"https:\/\/sinoextrud.com\/product\/aluminium-sliding-door-matt-black\/\" target=\"_blank\">Aluminium Sliding Door Matt Black<\/a><\/li>\r\n<li><a href=\"https:\/\/sinoextrud.com\/product\/aluminium-sliding-door-champagne-colour\/\" target=\"_blank\">Aluminium Sliding Door Champagne colour<\/a><\/li>\r\n<li><a href=\"https:\/\/sinoextrud.com\/product\/aluminium-sliding-door-electrophoresis-golden\/\" target=\"_blank\">Aluminium Sliding Door Electrophoresis Golden<\/a><\/li>\r\n<li><a href=\"https:\/\/sinoextrud.com\/product\/extruded-aluminium-profile-tube-pipe-with-oval-trigle-square-round-shape-manufacturer-price\/\" target=\"_blank\">Extruded Aluminium Profile Tube Pipe With Oval Trigle Square Round Shape Manufacturer Price<\/a><\/li>\r\n<li><a href=\"https:\/\/sinoextrud.com\/product\/aluminium-sliding-door-brushed-grey\/\" target=\"_blank\">Aluminium Sliding Door Brushed Grey<\/a><\/li>\r\n<li><a href=\"https:\/\/sinoextrud.com\/product\/aluminium-sliding-door-matt-grey\/\" target=\"_blank\">Aluminium Sliding Door Matt Grey<\/a><\/li>\r\n<li><a href=\"https:\/\/sinoextrud.com\/product\/oem-aluminium-extrusion-profile-for-furniture-knobs-door-pull-handle\/\" target=\"_blank\">OEM Aluminium Extrusion Profile For Furniture Knobs Door Pull Handle<\/a><\/li>\r\n<li><a href=\"https:\/\/sinoextrud.com\/product\/aluminium-profile-for-glass-roof\/\" target=\"_blank\">Aluminium Profile For Glass Roof<\/a><\/li>\r\n<li><a href=\"https:\/\/sinoextrud.com\/product\/aluminium-z-section-extrusions\/\" target=\"_blank\">Aluminium Z Section Extrusions<\/a><\/li>\r\n<li><a href=\"https:\/\/sinoextrud.com\/product\/aluminum-z-extrusion\/\" target=\"_blank\">Aluminum Z Extrusion<\/a><\/li>\r\n<li><a href=\"https:\/\/sinoextrud.com\/product\/aluminium-structural-framing\/\" target=\"_blank\">Aluminium Structural Framing<\/a><\/li>"},"feature_list":[]},"_links":{"self":[{"href":"https:\/\/sinoextrud.com\/fi\/wp-json\/wp\/v2\/product\/6843","targetHints":{"allow":["GET"]}}],"collection":[{"href":"https:\/\/sinoextrud.com\/fi\/wp-json\/wp\/v2\/product"}],"about":[{"href":"https:\/\/sinoextrud.com\/fi\/wp-json\/wp\/v2\/types\/product"}],"wp:featuredmedia":[{"embeddable":true,"href":"https:\/\/sinoextrud.com\/fi\/wp-json\/wp\/v2\/media\/6842"}],"wp:attachment":[{"href":"https:\/\/sinoextrud.com\/fi\/wp-json\/wp\/v2\/media?parent=6843"}],"wp:term":[{"taxonomy":"category","embeddable":true,"href":"https:\/\/sinoextrud.com\/fi\/wp-json\/wp\/v2\/categories?post=6843"}],"curies":[{"name":"wp","href":"https:\/\/api.w.org\/{rel}","templated":true}]}}