{"id":6829,"date":"2025-06-02T13:28:06","date_gmt":"2025-06-02T13:28:06","guid":{"rendered":"https:\/\/sinoextrud.com\/product\/6000-series-alloy-extruded-aluminium-profile-for-industrial-solar-panel-frame-structure\/"},"modified":"2025-06-24T06:11:47","modified_gmt":"2025-06-24T06:11:47","slug":"6000-sarjan-metalliseos-suulakepuristettu-alumiiniprofiili-teollisuuden-aurinkopaneelien-runkorakenteeseen","status":"publish","type":"product","link":"https:\/\/sinoextrud.com\/fi\/product\/6000-series-alloy-extruded-aluminium-profile-for-industrial-solar-panel-frame-structure\/","title":{"rendered":"6000-sarjan metalliseos suulakepuristettu alumiiniprofiili teollisuuden aurinkopaneelin runkorakenteeseen"},"content":{"rendered":"<h2>Tuotteiden tiedot<\/h2>\n<table class=\"custom-table\">\n<tr>\n<td class=\"label\">Kohde<\/td>\n<td>6000-sarjan metalliseos suulakepuristettu alumiiniprofiili teollisuuden aurinkopaneelin runkorakenteeseen<\/td>\n<\/tr>\n<tr>\n<td class=\"label\">Materiaali<\/td>\n<td>Seos 6063 T5<\/td>\n<\/tr>\n<tr>\n<td class=\"label\">Hakemus<\/td>\n<td>Suulakepuristettu alumiininen hiekkapuhallettu profiili<\/td>\n<\/tr>\n<tr>\n<td class=\"label\">Todistus<\/td>\n<td>ISO9001, ISO14001<\/td>\n<\/tr>\n<tr>\n<td class=\"label\">Toimintakyky<\/td>\n<td>Vuotuinen tuotanto yli 200 000 tonnia<\/td>\n<\/tr>\n<tr>\n<td class=\"label\">V\u00e4ri<\/td>\n<td>R\u00e4\u00e4t\u00e4l\u00f6ity saatavilla<\/td>\n<\/tr>\n<tr>\n<td class=\"label\">Pituus<\/td>\n<td>1-9 metri\u00e4 tai r\u00e4\u00e4t\u00e4l\u00f6ity<\/td>\n<\/tr>\n<tr>\n<td class=\"label\">Paksuus<\/td>\n<td>R\u00e4\u00e4t\u00e4l\u00f6ity<\/td>\n<\/tr>\n<tr>\n<td class=\"label\">Pinnan viimeistely<\/td>\n<td>myllyn viimeistely, anodisointi, jauhemaalaus, puun rakeinen siirto, pinnoite jne.<\/td>\n<\/tr>\n<tr>\n<td class=\"label\">Hakemus<\/td>\n<td>ikkuna- ja oviosa,kaide,verhosein\u00e4<br \/>Lastaus , Foshanin satama<\/td>\n<\/tr>\n<tr>\n<td class=\"label\">Maksu<\/td>\n<td>T \/ T, 30% ennakkomaksu, kun taas saldo on maksettava ennen toimitusta.<\/td>\n<\/tr>\n<tr>\n<td class=\"label\">Paketti<\/td>\n<td>1.Inside: pakattu muovisella suojakalvolla jokaisen profiilin suojaamiseksi.<br \/>2.Outside: pakattu vedenpit\u00e4v\u00e4\u00e4n k\u00e4sity\u00f6paperiin<\/td>\n<\/tr>\n<tr>\n<td class=\"label\">J\u00e4rjestysj\u00e4rjestys<\/td>\n<td>1. Vahvista piirustukset, pintak\u00e4sittely ja hinta;<br \/>2. Maksa muottimaksu ja aloitamme muottien valmistuksen;<br \/>3. L\u00e4het\u00e4mme n\u00e4ytteit\u00e4 sinulle vahvistusta varten;<br \/>4. Tee 30%-talletuksen maksu, aloita tuotanto;<\/td>\n<\/tr>\n<\/table>\n<h2>Tuotantopohjamme<\/h2>\n<h3>Tehtaan panoraama<\/h3>\n<p><img decoding=\"async\" src=\"\/wp-content\/uploads\/factory-01.webp\"\/><\/p>\n<h3>Alumiini Bar Manufacturing Workshop<\/h3>\n<p><img decoding=\"async\" src=\"\/wp-content\/uploads\/factory-02.webp\"\/><\/p>\n<\/p>\n<p><img decoding=\"async\" src=\"\/wp-content\/uploads\/factory-03.webp\"\/><\/p>\n<h3>Muotin varastointi Varasto<\/h3>\n<p><img decoding=\"async\" src=\"\/wp-content\/uploads\/factory-04.webp\"\/><\/p>\n<h3>43 Alumiini ekstruusiolinjat (500\u00e2 5500 tonnia)<\/h3>\n<p><img decoding=\"async\" src=\"\/wp-content\/uploads\/factory-05.webp\"\/><\/p>\n<p><img decoding=\"async\" src=\"\/wp-content\/uploads\/factory-06.webp\"\/><\/p>\n<p><img decoding=\"async\" src=\"\/wp-content\/uploads\/factory-07.webp\"\/><\/p>\n<h3>Jauhemaalaus ty\u00f6paja<\/h3>\n<p><img decoding=\"async\" src=\"\/wp-content\/uploads\/factory-09.webp\"\/><\/p>\n<h3>Anodisointi ty\u00f6paja<\/h3>\n<p><img decoding=\"async\" src=\"\/wp-content\/uploads\/factory-10.webp\"\/><\/p>\n<h3>Syv\u00e4k\u00e4sittelyn ty\u00f6paja<\/h3>\n<p><img decoding=\"async\" src=\"\/wp-content\/uploads\/factory-11.webp\"\/><\/p>\n<h3>CNC-tarkkuuskoneistus ty\u00f6paja<\/h3>\n<p><img decoding=\"async\" src=\"\/wp-content\/uploads\/factory-11.5.webp\"\/><\/p>\n<h3>Valmiiden tuotteiden ja vientivarasto<\/h3>\n<p><img decoding=\"async\" src=\"\/wp-content\/uploads\/factory-12.webp\"\/><\/p>\n<p><img decoding=\"async\" src=\"\/wp-content\/uploads\/factory-13.webp\"\/><\/p>\n<p><img decoding=\"async\" src=\"\/wp-content\/uploads\/factory-14.webp\"\/><\/p>\n<h2>FAQ<\/h2>\n<p><b>1.Mit\u00e4 ovat 6000-sarjan suulakepuristetut alumiiniprofiilit aurinkopaneelien kehyksille? <\/b><\/p>\n<p> N\u00e4m\u00e4 ovat 6061- tai 6063-seoksesta valmistettuja alumiiniprofiileja, jotka on erityisesti suunniteltu tukemaan ja kiinnitt\u00e4m\u00e4\u00e4n aurinkopaneeleita teollisissa ja kaupallisissa asennuksissa.\n<\/p>\n<p><\/p>\n<p><b>2.Miksi 6000-sarjan alumiini sopii aurinkopaneelien kehyksiin? <\/b><\/p>\n<p> 6000-sarja tarjoaa optimaalisen yhdistelm\u00e4n lujuutta, korroosionkest\u00e4vyytt\u00e4 ja suulakepuristettavuutta, joten se soveltuu pitk\u00e4aikaiseen ulkok\u00e4ytt\u00f6\u00f6n aurinkosovelluksissa.\n<\/p>\n<p><\/p>\n<p><b>3.Mit\u00e4 viimeistelyj\u00e4 on saatavana aurinkopaneelien alumiinikehyksiin? <\/b><\/p>\n<p> Yleisi\u00e4 pintak\u00e4sittelyj\u00e4 ovat anodisointi, jyrsint\u00e4k\u00e4sittely ja jauhemaalaus, jotka kaikki tarjoavat s\u00e4\u00e4nkest\u00e4vyytt\u00e4 ja parempaa pinnan kest\u00e4vyytt\u00e4.\n<\/p>\n<p><\/p>\n<p><b>4.Soveltuvatko n\u00e4m\u00e4 profiilit laajamittaisiin aurinkoenergialaitoksiin? <\/b><\/p>\n<p> Kyll\u00e4, niiden keveys ja rakenteellinen lujuus tekev\u00e4t niist\u00e4 ihanteellisia katolle, maahan asennettaviin ja seurattaviin aurinkoj\u00e4rjestelmiin.\n<\/p>\n<p><\/p>\n<p><b>5.Voinko tilata r\u00e4\u00e4t\u00e4l\u00f6ityj\u00e4 aurinkokehysprofiileja? <\/b><\/p>\n<p> Ehdottomasti valmistajat tarjoavat OEM-palveluja, joilla voidaan mukauttaa pituuksia, reik\u00e4kuvioita, kiinnitysuria ja profiilin muotoja tiettyihin aurinkopaneelimalleihin sopiviksi.\n<\/p>\n<p><\/p>\n<p><b>6.Miten alumiiniset aurinkokehykset parantavat asennuksen tehokkuutta? <\/b><\/p>\n<p> Niiden kevyt ja modulaarinen rakenne v\u00e4hent\u00e4\u00e4 ty\u00f6aikaa, helpottaa kuljetusta ja mahdollistaa nopean kokoonpanon paikan p\u00e4\u00e4ll\u00e4.\n<\/p>\n<p><\/p>\n<p><b>7.Mitk\u00e4 ovat alumiinin k\u00e4yt\u00f6n ymp\u00e4rist\u00f6edut aurinkorakenteissa? <\/b><\/p>\n<p> Alumiini on t\u00e4ysin kierr\u00e4tett\u00e4viss\u00e4, ja se edist\u00e4\u00e4 aurinkoenergiaj\u00e4rjestelmien kest\u00e4vyytt\u00e4 pienent\u00e4m\u00e4ll\u00e4 niiden kokonaishiilijalanj\u00e4lke\u00e4.\n<\/p>\n<p><\/p>\n<p><b>8.Toimittavatko kiinalaiset valmistajat n\u00e4it\u00e4 profiileja vientiin? <\/b><\/p>\n<p> Kyll\u00e4, huippuluokan kiinalaiset valmistajat tarjoavat irtotuotantoa, kilpailukykyist\u00e4 hinnoittelua ja kansainv\u00e4list\u00e4 toimitusta aurinkoalumiiniprofiileille.\n<\/p>\n<p><\/p>","protected":false},"featured_media":6828,"template":"","categories":[67],"class_list":["post-6829","product","type-product","status-publish","has-post-thumbnail","hentry","category-architectural-aluminium-profile"],"meta_box":{"hilight_text_group":{"product_hilight_text":"<li>Engineered 6000 series alloy aluminum profiles for high-performance solar panel frame structures<\/li>\r\r\n<li>Manufactured from 6061 or 6063 alloy offering excellent strength, corrosion resistance, and weather durability<\/li>\r\r\n<li>Lightweight yet robust, simplifying installation and transportation in solar mounting systems<\/li>\r\r\n<li>Available in anodized or mill finish to enhance lifespan in harsh outdoor environments<\/li>\r\r\n<li>OEM customization available for frame size, thickness, and cross-sectional design to fit various solar modules<\/li>","product_chanpin_blog":"<ul>\r\r\n<li><a href=\"https:\/\/sinoextrud.com\/t-slot-v-slot-differences\/\" target=\"_blank\">t slot vs v slot<\/a><\/li>\r\r\n<li><a href=\"https:\/\/sinoextrud.com\/what-is-4040-aluminium-extrud\/\" target=\"_blank\">4040 aluminium extrusion<\/a><\/li>\r\r\n<li><a href=\"https:\/\/sinoextrud.com\/what-is-4040-aluminium-extrud\/\" target=\"_blank\">aluminum extrusions for industrial racks<\/a><\/li>\r\r\n<li><a href=\"https:\/\/sinoextrud.com\/powder-coating-aluminium-process\/\" target=\"_blank\">powder coating aluminium<\/a><\/li>\r\r\n<li><a href=\"https:\/\/sinoextrud.com\/what-is-an-aluminium-strip-ceiling\/\" target=\"_blank\">aluminium strip ceiling<\/a><\/li>\r\r\n<li><a href=\"https:\/\/sinoextrud.com\/what-is-a-heat-sink\/\" target=\"_blank\">what is a heat sink<\/a><\/li>\r\r\n<\/ul>","product_chanpin_chanpin":"<li><a href=\"https:\/\/sinoextrud.com\/product\/heavy-duty-aluminium-sliding-door-golden\/\" target=\"_blank\">Heavy Duty Aluminium Sliding Door Golden<\/a><\/li>\r\n<li><a href=\"https:\/\/sinoextrud.com\/product\/aluminium-sliding-door-brushed-silver\/\" target=\"_blank\">Aluminium Sliding Door Brushed Silver<\/a><\/li>\r\n<li><a href=\"https:\/\/sinoextrud.com\/product\/aluminium-sliding-door-matt-bronze\/\" target=\"_blank\">Aluminium Sliding Door Matt Bronze<\/a><\/li>\r\n<li><a href=\"https:\/\/sinoextrud.com\/product\/aluminium-extrusion-connectors\/\" target=\"_blank\">Aluminium Extrusion Connectors<\/a><\/li>\r\n<li><a href=\"https:\/\/sinoextrud.com\/product\/6000-series-alloy-extruded-aluminium-profile-for-industrial-solar-panel-frame-structure\/\" target=\"_blank\">6000 Series Alloy Extruded Aluminium Profile For Industrial Solar Panel Frame Structure<\/a><\/li>\r\n<li><a href=\"https:\/\/sinoextrud.com\/product\/aluminium-sliding-door-matt-black\/\" target=\"_blank\">Aluminium Sliding Door Matt Black<\/a><\/li>\r\n<li><a href=\"https:\/\/sinoextrud.com\/product\/aluminium-sliding-door-champagne-colour\/\" target=\"_blank\">Aluminium Sliding Door Champagne colour<\/a><\/li>\r\n<li><a href=\"https:\/\/sinoextrud.com\/product\/aluminium-sliding-door-electrophoresis-golden\/\" target=\"_blank\">Aluminium Sliding Door Electrophoresis Golden<\/a><\/li>\r\n<li><a href=\"https:\/\/sinoextrud.com\/product\/extruded-aluminium-profile-tube-pipe-with-oval-trigle-square-round-shape-manufacturer-price\/\" target=\"_blank\">Extruded Aluminium Profile Tube Pipe With Oval Trigle Square Round Shape Manufacturer Price<\/a><\/li>\r\n<li><a href=\"https:\/\/sinoextrud.com\/product\/u-shape-extruded-aluminum-wall-panels\/\" target=\"_blank\">U Shape Extruded Aluminum Wall Panels<\/a><\/li>\r\n<li><a href=\"https:\/\/sinoextrud.com\/product\/aluminum-profile-solar\/\" target=\"_blank\">Aluminum Profile Solar<\/a><\/li>"},"feature_list":[]},"_links":{"self":[{"href":"https:\/\/sinoextrud.com\/fi\/wp-json\/wp\/v2\/product\/6829","targetHints":{"allow":["GET"]}}],"collection":[{"href":"https:\/\/sinoextrud.com\/fi\/wp-json\/wp\/v2\/product"}],"about":[{"href":"https:\/\/sinoextrud.com\/fi\/wp-json\/wp\/v2\/types\/product"}],"wp:featuredmedia":[{"embeddable":true,"href":"https:\/\/sinoextrud.com\/fi\/wp-json\/wp\/v2\/media\/6828"}],"wp:attachment":[{"href":"https:\/\/sinoextrud.com\/fi\/wp-json\/wp\/v2\/media?parent=6829"}],"wp:term":[{"taxonomy":"category","embeddable":true,"href":"https:\/\/sinoextrud.com\/fi\/wp-json\/wp\/v2\/categories?post=6829"}],"curies":[{"name":"wp","href":"https:\/\/api.w.org\/{rel}","templated":true}]}}