{"id":6817,"date":"2025-06-02T13:12:31","date_gmt":"2025-06-02T13:12:31","guid":{"rendered":"https:\/\/sinoextrud.com\/product\/6000-series-extrusion-of-aluminum-alloy-profile-for-furniture\/"},"modified":"2025-06-24T06:11:46","modified_gmt":"2025-06-24T06:11:46","slug":"6000-sarjan-puristamiseen-alumiiniseos-profiilin-huonekalujen","status":"publish","type":"product","link":"https:\/\/sinoextrud.com\/fi\/product\/6000-series-extrusion-of-aluminum-alloy-profile-for-furniture\/","title":{"rendered":"6000-sarjan puristamiseen alumiiniseos profiilin huonekalujen varten"},"content":{"rendered":"<h2>Tuotteiden tiedot<\/h2>\n<table class=\"custom-table\">\n<tr>\n<td class=\"label\">Kohde:<\/td>\n<td>6000-sarjan puristamiseen alumiiniseos profiilin huonekalujen varten<\/td>\n<\/tr>\n<tr>\n<td class=\"label\">Muoto:<\/td>\n<td>kuten Per Customer\u2032s piirustus<\/td>\n<\/tr>\n<tr>\n<td class=\"label\">Temperamentti:<\/td>\n<td>T3-T8<\/td>\n<\/tr>\n<tr>\n<td class=\"label\">Seos:<\/td>\n<td>Metalliseos<\/td>\n<\/tr>\n<tr>\n<td class=\"label\">OEM-muotoilu\/n\u00e4ytteet:<\/td>\n<td>Tervetuloa\/hyv\u00e4ksytt\u00e4v\u00e4<\/td>\n<\/tr>\n<tr>\n<td class=\"label\">Tavaramerkki:<\/td>\n<td> Sinoextrud (Sinoextrud) \/ OEM<\/td>\n<\/tr>\n<tr>\n<td class=\"label\">Tekniset tiedot:<\/td>\n<td>Asiakkaan suunnitelmien mukaan<\/td>\n<\/tr>\n<tr>\n<td class=\"label\">Luokka:<\/td>\n<td> 6000-sarja<\/td>\n<\/tr>\n<tr>\n<td class=\"label\">Sertifiointi:<\/td>\n<td> CE, ISO, RoHS<\/td>\n<\/tr>\n<tr>\n<td class=\"label\">Testiraportti:<\/td>\n<td> Kyll\u00e4<\/td>\n<\/tr>\n<tr>\n<td class=\"label\">V\u00e4rit:<\/td>\n<td>Hopea, musta, kulta, punainen, valkoinen jne.<\/td>\n<\/tr>\n<tr>\n<td class=\"label\">Kuljetuspaketti:<\/td>\n<td>Muovinen suojakalvo ja vedenpit\u00e4v\u00e4 k\u00e4sity\u00f6paperi<\/td>\n<\/tr>\n<tr>\n<td class=\"label\">Alkuper\u00e4:<\/td>\n<td> Foshan, Guangdong, Kiina<\/td>\n<\/tr>\n<\/table>\n<h2>Tuotantopohjamme<\/h2>\n<h3>Tehtaan panoraama<\/h3>\n<p><img decoding=\"async\" src=\"\/wp-content\/uploads\/factory-01.webp\"\/><\/p>\n<h3>Alumiini Bar Manufacturing Workshop<\/h3>\n<p><img decoding=\"async\" src=\"\/wp-content\/uploads\/factory-02.webp\"\/><\/p>\n<p><img decoding=\"async\" src=\"\/wp-content\/uploads\/factory-03.webp\"\/><\/p>\n<h3>Muotin varastointi Varasto<\/h3>\n<p><img decoding=\"async\" src=\"\/wp-content\/uploads\/factory-04.webp\"\/><\/p>\n<h3>43 alumiinin ekstruusiolinjat (500-5500 tonnia)<\/h3>\n<p><img decoding=\"async\" src=\"\/wp-content\/uploads\/factory-05.webp\"\/><\/p>\n<p><img decoding=\"async\" src=\"\/wp-content\/uploads\/factory-06.webp\"\/><\/p>\n<p><img decoding=\"async\" src=\"\/wp-content\/uploads\/factory-07.webp\"\/><\/p>\n<h3>Jauhemaalaus ty\u00f6paja<\/h3>\n<p><img decoding=\"async\" src=\"\/wp-content\/uploads\/factory-09.webp\"\/><\/p>\n<h3>Anodisointi ty\u00f6paja<\/h3>\n<p><img decoding=\"async\" src=\"\/wp-content\/uploads\/factory-10.webp\"\/><\/p>\n<h3>Syv\u00e4k\u00e4sittelyn ty\u00f6paja<\/h3>\n<p><img decoding=\"async\" src=\"\/wp-content\/uploads\/factory-11.webp\"\/><\/p>\n<h3>CNC-tarkkuuskoneistus ty\u00f6paja<\/h3>\n<p><img decoding=\"async\" src=\"\/wp-content\/uploads\/factory-11.5.webp\"\/><\/p>\n<h3>Valmiiden tuotteiden ja vientivarasto<\/h3>\n<p><img decoding=\"async\" src=\"\/wp-content\/uploads\/factory-12.webp\"\/><\/p>\n<p><img decoding=\"async\" src=\"\/wp-content\/uploads\/factory-13.webp\"\/><\/p>\n<p><img decoding=\"async\" src=\"\/wp-content\/uploads\/factory-14.webp\"\/><\/p>\n<h2>FAQ<\/h2>\n<p><p><b>1.Mit\u00e4 6000-sarjan alumiiniseosta k\u00e4ytet\u00e4\u00e4n huonekaluprofiileissa? <\/b><\/p>\n<p> 6000-sarja, erityisesti 6061 ja 6063, tarjoaa hyv\u00e4n tasapainon lujuuden, korroosionkest\u00e4vyyden ja muovattavuuden v\u00e4lill\u00e4, joten se sopii erinomaisesti alumiinihuonekalujen runkoihin.<br \/>\n<\/p><br \/>\n<br \/>\n<p><b>2.Miksi k\u00e4ytt\u00e4\u00e4 alumiiniprofiileja huonekaluihin? <\/b><\/p>\n<p> Alumiiniprofiilit ovat kevyit\u00e4, kest\u00e4vi\u00e4, helposti muotoiltavia ja korroosionkest\u00e4vi\u00e4, joten ne sopivat erinomaisesti modulaarisiin, moderneihin ja ulkokalusteisiin.<br \/>\n<\/p><br \/>\n<br \/>\n<p><b>3.Mit\u00e4 pintak\u00e4sittelyj\u00e4 on saatavana 6000-sarjan huonekalualumiiniprofiileihin? <\/b><\/p>\n<p> Viimeistelyvaihtoehtoja ovat anodisoitu, jauhemaalattu, puunsuikale, harjattu ja kiillotettu, jotta ne sopivat erilaisiin esteettisiin ja toiminnallisiin tarpeisiin.<br \/>\n<\/p><br \/>\n<br \/>\n<p><b>4.Can n\u00e4m\u00e4 alumiiniprofiilit voidaan r\u00e4\u00e4t\u00e4l\u00f6id\u00e4 eri huonekalutyylej\u00e4 varten? <\/b><\/p>\n<p> Kyll\u00e4, profiileja voidaan suulakepuristaa r\u00e4\u00e4t\u00e4l\u00f6ityihin muotoihin ja kokoihin, jotta ne sopivat nykyaikaisiin, minimalistisiin tai teolliseen huonekalumalliin.<br \/>\n<\/p><br \/>\n<br \/>\n<p><b>5.Soveltuvatko 6000-sarjan alumiiniprofiilit ulkokalusteisiin? <\/b><\/p>\n<p> Erityisesti anodisoituina tai pulverimaalattuina n\u00e4m\u00e4 profiilit kest\u00e4v\u00e4t s\u00e4\u00e4n vaikutusta ja s\u00e4ilytt\u00e4v\u00e4t ulkon\u00e4k\u00f6ns\u00e4 ulkona.<br \/>\n<\/p><br \/>\n<br \/>\n<p><b>6.Miten n\u00e4it\u00e4 profiileja k\u00e4ytet\u00e4\u00e4n huonekalujen rakentamisessa? <\/b><\/p>\n<p> Niit\u00e4 k\u00e4ytet\u00e4\u00e4n tuolien, p\u00f6ytien, kaappien ja hyllyjen kehyksiss\u00e4, jaloissa, tukijaloissa, liukuj\u00e4rjestelmiss\u00e4 ja koristelistoissa.<br \/>\n<\/p><br \/>\n<br \/>\n<p><b>7.Onko alumiinihuonekalut ymp\u00e4rist\u00f6n kannalta kest\u00e4vi\u00e4? <\/b><\/p>\n<p> Kyll\u00e4, alumiini on 100% kierr\u00e4tett\u00e4v\u00e4\u00e4 ja sit\u00e4 k\u00e4ytet\u00e4\u00e4n laajalti kest\u00e4v\u00e4\u00e4n huonekalutuotantoon sen pitk\u00e4n k\u00e4ytt\u00f6i\u00e4n ja v\u00e4h\u00e4isten ymp\u00e4rist\u00f6vaikutusten vuoksi.<br \/>\n<\/p><br \/>\n<br \/>\n<p><b>8.Miss\u00e4 n\u00e4it\u00e4 profiileja valmistetaan? <\/b><\/p>\n<p> Monet korkealaatuiset alumiiniset huonekaluprofiilit ovat kiinalaisten valmistajien tuottamia, jotka tarjoavat OEM-palveluja kilpailukykyiseen hintaan.<br \/>\n<\/p><br \/><\/p>","protected":false},"featured_media":6816,"template":"","categories":[67],"class_list":["post-6817","product","type-product","status-publish","has-post-thumbnail","hentry","category-architectural-aluminium-profile"],"meta_box":{"hilight_text_group":{"product_hilight_text":"<li>Furniture-grade aluminum profiles extruded from 6000 series alloys, primarily 6061 and 6063<\/li>\r\r\n<li>Combines lightweight design with excellent strength, ideal for structural and decorative use<\/li>\r\r\n<li>Superior corrosion resistance, suitable for both indoor and outdoor furniture applications<\/li>\r\r\n<li>Available in anodized, powder-coated, brushed, and wood grain finishes for design versatility<\/li>\r\r\n<li>Customizable in cross-section, length, and surface treatment to match furniture styles<\/li>","product_chanpin_blog":"<ul>\r\r\n<li><a href=\"https:\/\/sinoextrud.com\/t-slot-v-slot-differences\/\" target=\"_blank\">t slot vs v slot<\/a><\/li>\r\r\n<li><a href=\"https:\/\/sinoextrud.com\/what-is-4040-aluminium-extrud\/\" target=\"_blank\">4040 aluminium extrusion<\/a><\/li>\r\r\n<li><a href=\"https:\/\/sinoextrud.com\/what-is-4040-aluminium-extrud\/\" target=\"_blank\">aluminum extrusions for industrial racks<\/a><\/li>\r\r\n<li><a href=\"https:\/\/sinoextrud.com\/powder-coating-aluminium-process\/\" target=\"_blank\">powder coating aluminium<\/a><\/li>\r\r\n<li><a href=\"https:\/\/sinoextrud.com\/what-is-an-aluminium-strip-ceiling\/\" target=\"_blank\">aluminium strip ceiling<\/a><\/li>\r\r\n<li><a href=\"https:\/\/sinoextrud.com\/what-is-a-heat-sink\/\" target=\"_blank\">what is a heat sink<\/a><\/li>\r\r\n<\/ul>","product_chanpin_chanpin":"<li><a href=\"https:\/\/sinoextrud.com\/product\/aluminum-sliding-door-frames-extrusion-profile-with-custom-shape-alloy-6063-for-furnitures-decoration\/\" target=\"_blank\">Aluminum Sliding Door Frames Extrusion Profile With Custom Shape Alloy 6063 For Furnitures Decoration<\/a><\/li>\r\n<li><a href=\"https:\/\/sinoextrud.com\/product\/aluminium-alloy-profile-for-cleaning-room-with-good-quality-manufacturer-china\/\" target=\"_blank\">Aluminium Alloy Profile For Cleaning Room With Good Quality Manufacturer China<\/a><\/li>\r\n<li><a href=\"https:\/\/sinoextrud.com\/product\/wood-grain-allow-box-aluminium-section\/\" target=\"_blank\">Wood Grain Allow Box aluminium Section<\/a><\/li>\r\n<li><a href=\"https:\/\/sinoextrud.com\/product\/top-grade-expanded-metal-aluminium-profiles-partition-frame-for-doors-and-windows\/\" target=\"_blank\">Top Grade Expanded Metal Aluminium Profiles Partition Frame For Doors And Windows<\/a><\/li>\r\n<li><a href=\"https:\/\/sinoextrud.com\/product\/6000-series-extrusion-of-aluminum-alloy-profile-for-furniture\/\" target=\"_blank\">6000 Series Extrusion Of Aluminum Alloy Profile for Furniture<\/a><\/li>\r\n<li><a href=\"https:\/\/sinoextrud.com\/product\/sliding-door-aluminium-profile-bronze-colour\/\" target=\"_blank\">Sliding Door Aluminium Profile Bronze Colour<\/a><\/li>\r\n<li><a href=\"https:\/\/sinoextrud.com\/product\/heavy-duty-aluminium-sliding-door-golden\/\" target=\"_blank\">Heavy Duty Aluminium Sliding Door Golden<\/a><\/li>\r\n<li><a href=\"https:\/\/sinoextrud.com\/product\/aluminium-sliding-door-brushed-silver\/\" target=\"_blank\">Aluminium Sliding Door Brushed Silver<\/a><\/li>\r\n<li><a href=\"https:\/\/sinoextrud.com\/product\/aluminium-sliding-door-matt-bronze\/\" target=\"_blank\">Aluminium Sliding Door Matt Bronze<\/a><\/li>\r\n<li><a href=\"https:\/\/sinoextrud.com\/product\/aluminum-extrusion-6061-6082-automotive-bumper-beam\/\" target=\"_blank\">Aluminum Extrusion 6061 6082 Automotive Bumper Beam<\/a><\/li>\r\n<li><a href=\"https:\/\/sinoextrud.com\/product\/aluminium-slot-profile\/\" target=\"_blank\">Aluminium Slot Profile<\/a><\/li>"},"feature_list":[]},"_links":{"self":[{"href":"https:\/\/sinoextrud.com\/fi\/wp-json\/wp\/v2\/product\/6817","targetHints":{"allow":["GET"]}}],"collection":[{"href":"https:\/\/sinoextrud.com\/fi\/wp-json\/wp\/v2\/product"}],"about":[{"href":"https:\/\/sinoextrud.com\/fi\/wp-json\/wp\/v2\/types\/product"}],"wp:featuredmedia":[{"embeddable":true,"href":"https:\/\/sinoextrud.com\/fi\/wp-json\/wp\/v2\/media\/6816"}],"wp:attachment":[{"href":"https:\/\/sinoextrud.com\/fi\/wp-json\/wp\/v2\/media?parent=6817"}],"wp:term":[{"taxonomy":"category","embeddable":true,"href":"https:\/\/sinoextrud.com\/fi\/wp-json\/wp\/v2\/categories?post=6817"}],"curies":[{"name":"wp","href":"https:\/\/api.w.org\/{rel}","templated":true}]}}