{"id":6801,"date":"2025-06-02T12:42:44","date_gmt":"2025-06-02T12:42:44","guid":{"rendered":"https:\/\/sinoextrud.com\/product\/sand-blastedsand-blastedaluminium-profile-extuded-for-handrail-and-barrier-with-internation-standard\/"},"modified":"2025-06-24T06:11:43","modified_gmt":"2025-06-24T06:11:43","slug":"hiekkapuhallettu-ja-hiekkapuhallettu-alumiiniprofiili-puristettu-kaiteeseen-ja-esteeseen-kansainvalisella-standardilla","status":"publish","type":"product","link":"https:\/\/sinoextrud.com\/fi\/product\/sand-blastedsand-blastedaluminium-profile-extuded-for-handrail-and-barrier-with-internation-standard\/","title":{"rendered":"HiekkapuhallettuHiekkapuhallettuAlumiiniprofiili Extuded kaiteen ja esteen kanssa Internation Standardi"},"content":{"rendered":"<h2>Tuotteiden tiedot<\/h2>\n<table class=\"custom-table\">\n<tr>\n<td class=\"label\">Nimi:<\/td>\n<td>HiekkapuhallettuHiekkapuhallettuAlumiiniprofiili Extuded kaiteen ja esteen kanssa Internation Standardi<\/td>\n<\/tr>\n<\/table>\n<h2>Tuotantopohjamme<\/h2>\n<h3>Tehtaan panoraama<\/h3>\n<p><img decoding=\"async\" src=\"\/wp-content\/uploads\/factory-01.webp\"\/><\/p>\n<h3>Alumiini Bar Manufacturing Workshop<\/h3>\n<p><img decoding=\"async\" src=\"\/wp-content\/uploads\/factory-02.webp\"\/><\/p>\n<p><img decoding=\"async\" src=\"\/wp-content\/uploads\/factory-03.webp\"\/><\/p>\n<h3>Muotin varastointi Varasto<\/h3>\n<p><img decoding=\"async\" src=\"\/wp-content\/uploads\/factory-04.webp\"\/><\/p>\n<h3>43 Alumiini ekstruusiolinjat (500\u00e2 5500 tonnia)<\/h3>\n<p><img decoding=\"async\" src=\"\/wp-content\/uploads\/factory-05.webp\"\/><\/p>\n<p><img decoding=\"async\" src=\"\/wp-content\/uploads\/factory-06.webp\"\/><\/p>\n<p><img decoding=\"async\" src=\"\/wp-content\/uploads\/factory-07.webp\"\/><\/p>\n<h3>Jauhemaalaus ty\u00f6paja<\/h3>\n<p><img decoding=\"async\" src=\"\/wp-content\/uploads\/factory-09.webp\"\/><\/p>\n<h3>Anodisointi ty\u00f6paja<\/h3>\n<p><img decoding=\"async\" src=\"\/wp-content\/uploads\/factory-10.webp\"\/><\/p>\n<h3>Syv\u00e4k\u00e4sittelyn ty\u00f6paja<\/h3>\n<p><img decoding=\"async\" src=\"\/wp-content\/uploads\/factory-11.webp\"\/><\/p>\n<h3>CNC-tarkkuuskoneistus ty\u00f6paja<\/h3>\n<p><img decoding=\"async\" src=\"\/wp-content\/uploads\/factory-11.5.webp\"\/><\/p>\n<h3>Valmiiden tuotteiden ja vientivarasto<\/h3>\n<p><img decoding=\"async\" src=\"\/wp-content\/uploads\/factory-12.webp\"\/><\/p>\n<p><img decoding=\"async\" src=\"\/wp-content\/uploads\/factory-13.webp\"\/><\/p>\n<p><img decoding=\"async\" src=\"\/wp-content\/uploads\/factory-14.webp\"\/><\/p>\n<h2>FAQ<\/h2>\n<p><p><b>1.Mik\u00e4 on hiekkapuhallettu alumiiniprofiili kaiteisiin ja esteisiin? <\/b><\/p>\n<p> Se on alumiinipuristetta, joka on hiekkapuhallettu mattapintaiseksi, kuvioiduksi pinnaksi, joka sopii erinomaisesti kaiteisiin ja turvakaiteisiin.<br \/>\n<\/p><br \/>\n<br \/>\n<p><b>2.Miksi hiekkapuhallusta k\u00e4ytet\u00e4\u00e4n alumiinikaideprofiileissa? <\/b><\/p>\n<p> Hiekkapuhallus parantaa pitoa, v\u00e4hent\u00e4\u00e4 h\u00e4ik\u00e4isy\u00e4 ja antaa yhten\u00e4isen pinnan, joka parantaa sek\u00e4 turvallisuutta ett\u00e4 ulkon\u00e4k\u00f6\u00e4 julkisissa ja kaupallisissa tiloissa.<br \/>\n<\/p><br \/>\n<br \/>\n<p><b>3.Mit\u00e4 seosta k\u00e4ytet\u00e4\u00e4n tyypillisesti n\u00e4iss\u00e4 alumiiniprofiileissa? <\/b><\/p>\n<p> 6063-T5-alumiiniseos on suositeltavin sen erinomaisen lujuuden, korroosionkest\u00e4vyyden ja anodisoitavuuden tai pinnoitettavuuden vuoksi.<br \/>\n<\/p><br \/>\n<br \/>\n<p><b>4.Ovatko n\u00e4m\u00e4 alumiiniprofiilit kansainv\u00e4listen standardien mukaisia? <\/b><\/p>\n<p> Kyll\u00e4, ne on valmistettu siten, ett\u00e4 ne t\u00e4ytt\u00e4v\u00e4t tai ylitt\u00e4v\u00e4t arkkitehtuuri- ja turvallisuusasennusten kansainv\u00e4liset turvallisuus- ja suorituskykystandardit.<br \/>\n<\/p><br \/>\n<br \/>\n<p><b>5.Voidaanko hiekkapuhallettu viimeistely yhdist\u00e4\u00e4 anodisointiin tai jauhemaalaukseen? <\/b><\/p>\n<p> Hiekkapuhalletut profiilit voidaan ehdottomasti viimeistell\u00e4 anodisoinnilla tai jauhemaalilla kest\u00e4vyyden parantamiseksi ja erityisten v\u00e4ri- tai tekstuurivaatimusten saavuttamiseksi.<br \/>\n<\/p><br \/>\n<br \/>\n<p><b>6.Miss\u00e4 hiekkapuhallettuja alumiinikaideprofiileja k\u00e4ytet\u00e4\u00e4n yleisesti? <\/b><\/p>\n<p> Niit\u00e4 k\u00e4ytet\u00e4\u00e4n portaikoissa, parvekkeilla, jalankulkijoiden esteiss\u00e4, julkisen liikenteen asemilla ja kaupallisten rakennusten turvallisuusasennuksissa.<br \/>\n<\/p><br \/>\n<br \/>\n<p><b>7.Onko n\u00e4iden profiilien asentaminen helppoa? <\/b><\/p>\n<p> Kyll\u00e4, ne ovat kevyit\u00e4 ja suunniteltu modulaarista asennusta varten, mik\u00e4 yksinkertaistaa prosessia ja v\u00e4hent\u00e4\u00e4 ty\u00f6voimakustannuksia.<br \/>\n<\/p><br \/>\n<br \/>\n<p><b>8.Onko hiekkapuhallettu alumiini ymp\u00e4rist\u00f6n kannalta kest\u00e4v\u00e4\u00e4? <\/b><\/p>\n<p> Kyll\u00e4, alumiini on 100% kierr\u00e4tett\u00e4v\u00e4\u00e4, eik\u00e4 hiekkapuhallusprosessissa k\u00e4ytet\u00e4 haitallisia kemikaaleja, joten se on ymp\u00e4rist\u00f6yst\u00e4v\u00e4llinen ratkaisu.<br \/>\n<\/p><br \/><\/p>","protected":false},"featured_media":6800,"template":"","categories":[67],"class_list":["post-6801","product","type-product","status-publish","has-post-thumbnail","hentry","category-architectural-aluminium-profile"],"meta_box":{"hilight_text_group":{"product_hilight_text":"<li>Sand blasted aluminum profiles designed for handrails and barriers in commercial and public infrastructure<\/li>\r\r\n<li>Manufactured to international standards using high-grade 6063-T5 aluminum alloy<\/li>\r\r\n<li>Non-reflective sandblasted finish provides enhanced grip and aesthetic appeal<\/li>\r\r\n<li>Corrosion-resistant and durable, suitable for both indoor and outdoor environments<\/li>\r\r\n<li>Custom lengths, shapes, and finishes available to meet diverse architectural requirements<\/li>","product_chanpin_blog":"<ul>\r\r\n<li><a href=\"https:\/\/sinoextrud.com\/t-slot-v-slot-differences\/\" target=\"_blank\">t slot vs v slot<\/a><\/li>\r\r\n<li><a href=\"https:\/\/sinoextrud.com\/what-is-4040-aluminium-extrud\/\" target=\"_blank\">4040 aluminium extrusion<\/a><\/li>\r\r\n<li><a href=\"https:\/\/sinoextrud.com\/what-is-4040-aluminium-extrud\/\" target=\"_blank\">aluminum extrusions for industrial racks<\/a><\/li>\r\r\n<li><a href=\"https:\/\/sinoextrud.com\/powder-coating-aluminium-process\/\" target=\"_blank\">powder coating aluminium<\/a><\/li>\r\r\n<li><a href=\"https:\/\/sinoextrud.com\/what-is-an-aluminium-strip-ceiling\/\" target=\"_blank\">aluminium strip ceiling<\/a><\/li>\r\r\n<li><a href=\"https:\/\/sinoextrud.com\/what-is-a-heat-sink\/\" target=\"_blank\">what is a heat sink<\/a><\/li>\r\r\n<\/ul>","product_chanpin_chanpin":"<li><a href=\"https:\/\/sinoextrud.com\/product\/aluminum-angle-extrusion\/\" target=\"_blank\">Aluminum Angle Extrusion<\/a><\/li>\r\n<li><a href=\"https:\/\/sinoextrud.com\/product\/aluminium-sliding-door-pictures-new-update-sliding-wardrobe-doors-profile-manufacturers-oem-value-frame-extrusion\/\" target=\"_blank\">aluminium sliding door pictures new update sliding wardrobe doors profile manufacturers OEM value frame extrusion<\/a><\/li>\r\n<li><a href=\"https:\/\/sinoextrud.com\/product\/anodized-aluminum-frame-extrusion-for-picture-price-per-pound\/\" target=\"_blank\">anodized aluminum frame extrusion for picture price per pound<\/a><\/li>\r\n<li><a href=\"https:\/\/sinoextrud.com\/product\/anodise-aluminum-curtain-wall-profile-with-custom-shape-alloy-6063\/\" target=\"_blank\">Anodise Aluminum Curtain Wall Profile With Custom Shape Alloy 6063<\/a><\/li>\r\n<li><a href=\"https:\/\/sinoextrud.com\/product\/sand-blastedsand-blastedaluminium-profile-extuded-for-handrail-and-barrier-with-internation-standard\/\" target=\"_blank\">Sand BlastedSand BlastedAluminium Profile Extuded For Handrail And Barrier With Internation Standard<\/a><\/li>\r\n<li><a href=\"https:\/\/sinoextrud.com\/product\/aluminum-thermal-break-profile-for-window-and-door\/\" target=\"_blank\">Aluminum Thermal Break Profile for Window And Door<\/a><\/li>\r\n<li><a href=\"https:\/\/sinoextrud.com\/product\/aluminium-louver-profile\/\" target=\"_blank\">Aluminium Louver Profile<\/a><\/li>\r\n<li><a href=\"https:\/\/sinoextrud.com\/product\/aluminium-profile-louver\/\" target=\"_blank\">Aluminium Profile Louver<\/a><\/li>\r\n<li><a href=\"https:\/\/sinoextrud.com\/product\/aluminum-sliding-door-frames-extrusion-profile-with-custom-shape-alloy-6063-for-furnitures-decoration\/\" target=\"_blank\">Aluminum Sliding Door Frames Extrusion Profile With Custom Shape Alloy 6063 For Furnitures Decoration<\/a><\/li>\r\n<li><a href=\"https:\/\/sinoextrud.com\/product\/alloy-aluminium\/\" target=\"_blank\">Alloy Aluminium<\/a><\/li>\r\n<li><a href=\"https:\/\/sinoextrud.com\/product\/aluminum-cabinet-extrusions\/\" target=\"_blank\">Aluminum Cabinet Extrusions<\/a><\/li>"},"feature_list":[]},"_links":{"self":[{"href":"https:\/\/sinoextrud.com\/fi\/wp-json\/wp\/v2\/product\/6801","targetHints":{"allow":["GET"]}}],"collection":[{"href":"https:\/\/sinoextrud.com\/fi\/wp-json\/wp\/v2\/product"}],"about":[{"href":"https:\/\/sinoextrud.com\/fi\/wp-json\/wp\/v2\/types\/product"}],"wp:featuredmedia":[{"embeddable":true,"href":"https:\/\/sinoextrud.com\/fi\/wp-json\/wp\/v2\/media\/6800"}],"wp:attachment":[{"href":"https:\/\/sinoextrud.com\/fi\/wp-json\/wp\/v2\/media?parent=6801"}],"wp:term":[{"taxonomy":"category","embeddable":true,"href":"https:\/\/sinoextrud.com\/fi\/wp-json\/wp\/v2\/categories?post=6801"}],"curies":[{"name":"wp","href":"https:\/\/api.w.org\/{rel}","templated":true}]}}