{"id":6771,"date":"2025-06-01T15:07:53","date_gmt":"2025-06-01T15:07:53","guid":{"rendered":"https:\/\/sinoextrud.com\/product\/anodizing-aluminium-section-sliding-window\/"},"modified":"2025-06-24T06:11:39","modified_gmt":"2025-06-24T06:11:39","slug":"anodisointi-alumiiniprofiili-liukuikkuna","status":"publish","type":"product","link":"https:\/\/sinoextrud.com\/fi\/product\/anodizing-aluminium-section-sliding-window\/","title":{"rendered":"Anodisointi alumiini jakso liukuva ikkuna"},"content":{"rendered":"<h2>Tuotteiden tiedot<\/h2>\n<table class=\"custom-table\">\n<tr>\n<td class=\"label\">Kohde:<\/td>\n<td> Anodisointi alumiini jakso liukuva ikkuna<br \/>Perustiedot<\/td>\n<\/tr>\n<tr>\n<td class=\"label\">Muoto:<\/td>\n<td> Custom<\/td>\n<\/tr>\n<tr>\n<td class=\"label\">Temperamentti:<\/td>\n<td> T3-T8<\/td>\n<\/tr>\n<tr>\n<td class=\"label\">Seoster\u00e4st\u00e4 tai ei:<\/td>\n<td> Onko seos<\/td>\n<\/tr>\n<tr>\n<td class=\"label\">Luokka:<\/td>\n<td> 6000-sarja<\/td>\n<\/tr>\n<tr>\n<td class=\"label\">Pituus:<\/td>\n<td> 1-9 metri\u00e4 tai mukautettuna<\/td>\n<\/tr>\n<tr>\n<td class=\"label\">V\u00e4ri:<\/td>\n<td> Valmistettu kuten toimitettu V\u00e4ri Numero<\/td>\n<\/tr>\n<tr>\n<td class=\"label\">K\u00e4ytt\u00f6\/sovellus:<\/td>\n<td> Anodisointi alumiini jakso liukuva ikkuna<\/td>\n<\/tr>\n<tr>\n<td class=\"label\">Toimitusaika:<\/td>\n<td> 20-30 p\u00e4iv\u00e4\u00e4 (m\u00e4\u00e4r\u00e4n mukaan)<\/td>\n<\/tr>\n<tr>\n<td class=\"label\">Pakkaus yksityiskohdat:<\/td>\n<td> Vakiovientipakkaus<\/td>\n<\/tr>\n<tr>\n<td class=\"label\">Alkuper\u00e4:<\/td>\n<td> Foshan Kiina<\/td>\n<\/tr>\n<tr>\n<td class=\"label\">Pintak\u00e4sittely:<\/td>\n<td> Anodisoitu, jauhemaalattu jne.<\/td>\n<\/tr>\n<tr>\n<td class=\"label\">Sertifikaatit:<\/td>\n<td> ISO Rohs SGS TUV<\/td>\n<\/tr>\n<\/table>\n<h2>Tuotantopohjamme<\/h2>\n<h3>Tehtaan panoraama<\/h3>\n<p><img decoding=\"async\" src=\"\/wp-content\/uploads\/factory-01.webp\"\/><\/p>\n<h3>Alumiini Bar Manufacturing Workshop<\/h3>\n<p><img decoding=\"async\" src=\"\/wp-content\/uploads\/factory-02.webp\"\/><\/p>\n<p><img decoding=\"async\" src=\"\/wp-content\/uploads\/factory-03.webp\"\/><\/p>\n<h3>Muotin varastointi Varasto<\/h3>\n<p><img decoding=\"async\" src=\"\/wp-content\/uploads\/factory-04.webp\"\/><\/p>\n<h3>43 alumiinin ekstruusiolinjat (500-5500 tonnia)<\/h3>\n<p><img decoding=\"async\" src=\"\/wp-content\/uploads\/factory-05.webp\"\/><\/p>\n<p><img decoding=\"async\" src=\"\/wp-content\/uploads\/factory-06.webp\"\/><\/p>\n<p><img decoding=\"async\" src=\"\/wp-content\/uploads\/factory-07.webp\"\/><\/p>\n<h3>Jauhemaalaus ty\u00f6paja<\/h3>\n<p><img decoding=\"async\" src=\"\/wp-content\/uploads\/factory-09.webp\"\/><\/p>\n<h3>Anodisointi ty\u00f6paja<\/h3>\n<p><img decoding=\"async\" src=\"\/wp-content\/uploads\/factory-10.webp\"\/><\/p>\n<h3>Syv\u00e4k\u00e4sittelyn ty\u00f6paja<\/h3>\n<p><img decoding=\"async\" src=\"\/wp-content\/uploads\/factory-11.webp\"\/><\/p>\n<h3>CNC-tarkkuuskoneistus ty\u00f6paja<\/h3>\n<p><img decoding=\"async\" src=\"\/wp-content\/uploads\/factory-11.5.webp\"\/><\/p>\n<h3>Valmiiden tuotteiden ja vientivarasto<\/h3>\n<p><img decoding=\"async\" src=\"\/wp-content\/uploads\/factory-12.webp\"\/><\/p>\n<p><img decoding=\"async\" src=\"\/wp-content\/uploads\/factory-13.webp\"\/><\/p>\n<p><img decoding=\"async\" src=\"\/wp-content\/uploads\/factory-14.webp\"\/><\/p>\n<h2>FAQ<\/h2>\n<p><p><b>1.Mik\u00e4 on anodisoitava alumiiniprofiili liukuikkunoita varten? <\/b><\/p>\n<p> Se on suulakepuristettu alumiiniprofiili, joka on k\u00e4sitelty anodisoinnilla korroosionkest\u00e4vyyden parantamiseksi ja jota k\u00e4ytet\u00e4\u00e4n erityisesti liukuikkunaj\u00e4rjestelmiss\u00e4.<br \/>\n<\/p><br \/>\n<br \/>\n<p><b>2.Miksi anodisointi on t\u00e4rke\u00e4\u00e4 liukuikkunoiden kehyksiss\u00e4? <\/b><\/p>\n<p> Anodisointi parantaa pinnan kovuutta ja suojaa korroosiolta, kulumiselta ja v\u00e4rimuutoksilta, mik\u00e4 pident\u00e4\u00e4 liukuikkunoiden k\u00e4ytt\u00f6ik\u00e4\u00e4.<br \/>\n<\/p><br \/>\n<br \/>\n<p><b>3.Mit\u00e4 alumiiniseosta k\u00e4ytet\u00e4\u00e4n anodisoituihin liukuikkunoiden osiin? <\/b><\/p>\n<p> 6063-T5-valmistetta k\u00e4ytet\u00e4\u00e4n yleisesti sen erinomaisen lujuuden, ty\u00f6stett\u00e4vyyden ja anodisointiominaisuuksien tasapainon vuoksi.<br \/>\n<\/p><br \/>\n<br \/>\n<p><b>4.Soveltuvatko anodisoidut alumiiniset ikkunaprofiilit ulkok\u00e4ytt\u00f6\u00f6n? <\/b><\/p>\n<p> Kyll\u00e4, anodisoidut pinnat ovat s\u00e4\u00e4nkest\u00e4vi\u00e4, joten ne sopivat erinomaisesti ulkoisiin liukuikkunoihin, jotka ovat alttiina s\u00e4\u00e4olosuhteille.<br \/>\n<\/p><br \/>\n<br \/>\n<p><b>5.Voinko saada anodisoituja liukuikkunaprofiileja eri v\u00e4reiss\u00e4? <\/b><\/p>\n<p> Anodisoitua alumiinia voidaan ehdottomasti valmistaa eri v\u00e4reiss\u00e4, kuten hopea, pronssi, musta ja samppanja, arkkitehtoniseen muotoiluun sopivaksi.<br \/>\n<\/p><br \/>\n<br \/>\n<p><b>6.Miten anodisoitua alumiinia verrataan maalattuihin tai pulverimaalattuihin profiileihin? <\/b><\/p>\n<p> Anodisoidut profiilit tarjoavat kovemman ja kest\u00e4v\u00e4mm\u00e4n pinnan, joka kest\u00e4\u00e4 haalistumista ja naarmuuntumista paremmin kuin maalatut tai jauhemaalatut vaihtoehdot.<br \/>\n<\/p><br \/>\n<br \/>\n<p><b>7.Tarvitaanko anodisoitujen liukuikkunaprofiilien huoltoa? <\/b><\/p>\n<p> Huoltotarve on minimaalinen - vain s\u00e4\u00e4nn\u00f6llinen puhdistus vedell\u00e4 ja miedolla pesuaineella ulkon\u00e4\u00f6n ja toiminnan yll\u00e4pit\u00e4miseksi.<br \/>\n<\/p><br \/>\n<br \/>\n<p><b>8.Mitk\u00e4 ovat alumiinin k\u00e4yt\u00f6n edut verrattuna muihin materiaaleihin liukuikkunoissa? <\/b><\/p>\n<p> Alumiini on kevytt\u00e4, vahvaa, korroosionkest\u00e4v\u00e4\u00e4 ja kierr\u00e4tett\u00e4v\u00e4\u00e4, ja se tarjoaa parempaa suorituskyky\u00e4 ja kest\u00e4vyytt\u00e4 kuin puu tai muovi.<br \/>\n<\/p><br \/><\/p>","protected":false},"featured_media":6770,"template":"","categories":[67],"class_list":["post-6771","product","type-product","status-publish","has-post-thumbnail","hentry","category-architectural-aluminium-profile"],"meta_box":{"hilight_text_group":{"product_hilight_text":"<li>Anodized aluminum sections provide enhanced corrosion resistance and surface durability<\/li>\r\r\n<li>Designed specifically for smooth, long-lasting sliding window performance<\/li>\r\r\n<li>High-strength 6063-T5 alloy ensures structural integrity and precision fitting<\/li>\r\r\n<li>Custom colors and finishes available for architectural and aesthetic flexibility<\/li>\r\r\n<li>Low maintenance and weather-resistant, ideal for residential and commercial use<\/li>","product_chanpin_blog":"<ul>\r\r\n<li><a href=\"https:\/\/sinoextrud.com\/t-slot-v-slot-differences\/\" target=\"_blank\">t slot vs v slot<\/a><\/li>\r\r\n<li><a href=\"https:\/\/sinoextrud.com\/what-is-4040-aluminium-extrud\/\" target=\"_blank\">4040 aluminium extrusion<\/a><\/li>\r\r\n<li><a href=\"https:\/\/sinoextrud.com\/what-is-4040-aluminium-extrud\/\" target=\"_blank\">aluminum extrusions for industrial racks<\/a><\/li>\r\r\n<li><a href=\"https:\/\/sinoextrud.com\/powder-coating-aluminium-process\/\" target=\"_blank\">powder coating aluminium<\/a><\/li>\r\r\n<li><a href=\"https:\/\/sinoextrud.com\/what-is-an-aluminium-strip-ceiling\/\" target=\"_blank\">aluminium strip ceiling<\/a><\/li>\r\r\n<li><a href=\"https:\/\/sinoextrud.com\/what-is-a-heat-sink\/\" target=\"_blank\">what is a heat sink<\/a><\/li>\r\r\n<\/ul>","product_chanpin_chanpin":"<li><a href=\"https:\/\/sinoextrud.com\/product\/expanded-metal-aluminium-profiles-partition-frame-for-bathroom-doors-busch-polish-light-top-a-grade\/\" target=\"_blank\">expanded metal aluminium profiles partition frame for bathroom doors busch polish light top a grade<\/a><\/li>\r\n<li><a href=\"https:\/\/sinoextrud.com\/product\/extude-aluminum-t-slot-and-v-slot-profile\/\" target=\"_blank\">Extude-Aluminum T Slot And V Slot Profile<\/a><\/li>\r\n<li><a href=\"https:\/\/sinoextrud.com\/product\/aluminium-square-tube-extrusion-profile-with-6063-t5-alloy-anodized-extruded-aluminium-profile\/\" target=\"_blank\">Aluminium Square Tube Extrusion Profile With 6063 T5 Alloy  Anodized Extruded Aluminium Profile<\/a><\/li>\r\n<li><a href=\"https:\/\/sinoextrud.com\/product\/v-slot-aluminum-profile-factory-bulk-business\/\" target=\"_blank\">v-slot aluminum profile Factory bulk business<\/a><\/li>\r\n<li><a href=\"https:\/\/sinoextrud.com\/product\/anodizing-aluminium-section-sliding-window\/\" target=\"_blank\">Anodizing Aluminium Section Sliding Window<\/a><\/li>\r\n<li><a href=\"https:\/\/sinoextrud.com\/product\/wholesale-aluminium-extrusion-corner-profile\/\" target=\"_blank\">Wholesale Aluminium Extrusion Corner Profile<\/a><\/li>\r\n<li><a href=\"https:\/\/sinoextrud.com\/product\/anodizing-housings-large-aluminum-extrusions\/\" target=\"_blank\">Anodizing Housings Large Aluminum Extrusions<\/a><\/li>\r\n<li><a href=\"https:\/\/sinoextrud.com\/product\/aluminium-extrusion-profile-for-furniture-aluminum-profile-with-alloy-6063-t5-supplied-by-china-factory\/\" target=\"_blank\">Aluminium Extrusion Profile for Furniture Aluminum Profile With Alloy 6063 T5 Supplied By China Factory<\/a><\/li>\r\n<li><a href=\"https:\/\/sinoextrud.com\/product\/aluminium-shop-front-extrusions\/\" target=\"_blank\">Aluminium Shop Front Extrusions<\/a><\/li>\r\n<li><a href=\"https:\/\/sinoextrud.com\/product\/standard-aluminum-extrusions\/\" target=\"_blank\">Standard Aluminum Extrusions<\/a><\/li>\r\n<li><a href=\"https:\/\/sinoextrud.com\/product\/standard-aluminium-extrusions\/\" target=\"_blank\">Standard Aluminium Extrusions<\/a><\/li>"},"feature_list":[]},"_links":{"self":[{"href":"https:\/\/sinoextrud.com\/fi\/wp-json\/wp\/v2\/product\/6771","targetHints":{"allow":["GET"]}}],"collection":[{"href":"https:\/\/sinoextrud.com\/fi\/wp-json\/wp\/v2\/product"}],"about":[{"href":"https:\/\/sinoextrud.com\/fi\/wp-json\/wp\/v2\/types\/product"}],"wp:featuredmedia":[{"embeddable":true,"href":"https:\/\/sinoextrud.com\/fi\/wp-json\/wp\/v2\/media\/6770"}],"wp:attachment":[{"href":"https:\/\/sinoextrud.com\/fi\/wp-json\/wp\/v2\/media?parent=6771"}],"wp:term":[{"taxonomy":"category","embeddable":true,"href":"https:\/\/sinoextrud.com\/fi\/wp-json\/wp\/v2\/categories?post=6771"}],"curies":[{"name":"wp","href":"https:\/\/api.w.org\/{rel}","templated":true}]}}