{"id":6753,"date":"2025-06-01T14:42:28","date_gmt":"2025-06-01T14:42:28","guid":{"rendered":"https:\/\/sinoextrud.com\/product\/c-beam-v-slot-aluminium-profile\/"},"modified":"2025-06-24T06:11:36","modified_gmt":"2025-06-24T06:11:36","slug":"c-palkki-v-aukko-alumiiniprofiili","status":"publish","type":"product","link":"https:\/\/sinoextrud.com\/fi\/product\/c-beam-v-slot-aluminium-profile\/","title":{"rendered":"C-palkki V-aukko Alumiiniprofiili"},"content":{"rendered":"<h2>Tuotteiden tiedot<\/h2>\n<table class=\"custom-table\">\n<tr>\n<td class=\"label\">Tuotteen nimi:<\/td>\n<td>C-palkki V-aukkoinen alumiiniprofiili<\/td>\n<\/tr>\n<tr>\n<td class=\"label\">Materiaali:<\/td>\n<td>6063-T5 (6000-sarjan metalliseos)<\/td>\n<\/tr>\n<tr>\n<td class=\"label\">Temperamentti:<\/td>\n<td>T5-T6<\/td>\n<\/tr>\n<tr>\n<td class=\"label\">Teknologia:<\/td>\n<td>Alumiini suulakepuristus<\/td>\n<\/tr>\n<tr>\n<td class=\"label\">Pintak\u00e4sittely:<\/td>\n<td>Jyrsint\u00e4k\u00e4sittely, anodisointi, jauhemaalattu, hiekkapuhallus, elektroforeesi jne.<\/td>\n<\/tr>\n<tr>\n<td class=\"label\">Koko:<\/td>\n<td>2020\/2040\/2060\/2080\/4040\/4080 (Optional)<\/td>\n<\/tr>\n<tr>\n<td class=\"label\">Pituus:<\/td>\n<td>100mm-3000mm tai pyynn\u00f6st\u00e4<\/td>\n<\/tr>\n<tr>\n<td class=\"label\">Syv\u00e4k\u00e4sittely:<\/td>\n<td>leikkaaminen, poraaminen, l\u00e4vist\u00e4minen, taivuttaminen jne.<\/td>\n<\/tr>\n<tr>\n<td class=\"label\">Laadunvalvonta:<\/td>\n<td>1.ISO-hyv\u00e4ksytty.<br \/>2.Tarkastus ty\u00f6maalla.<br \/>3.Tarkastus ennen toimitusta.<br \/>4.<\/td>\n<\/tr>\n<tr>\n<td class=\"label\">Pakkaustiedot:<\/td>\n<td>1.EP Paperi sis\u00e4ll\u00e4 jokaiselle profiilille erikseen, sitten k\u00e4sity\u00f6paperi ulkopuolella.<br \/>2.EP Paperi sis\u00e4ll\u00e4 jokaiselle profiilille erikseen, sitten kartonkipaperi ja sitten kuormalava.<br \/>3. Kutistekalvo<br \/>4.wooden kartonki<\/td>\n<\/tr>\n<tr>\n<td class=\"label\">Toimitus:<\/td>\n<td>3-5 ty\u00f6p\u00e4iv\u00e4\u00e4 n\u00e4ytteelle; 3-7 p\u00e4iv\u00e4\u00e4 pienille tilauksille; 7-15 p\u00e4iv\u00e4\u00e4 irtotilauksille.<\/td>\n<\/tr>\n<tr>\n<td class=\"label\">Maksu:<\/td>\n<td>Paypal, Alipay, T \/ T (pankkisiirto), Western Union.<\/td>\n<\/tr>\n<tr>\n<td class=\"label\">Kuuma tilauksesta:<\/td>\n<td>Kerro meille koko, pituus, v\u00e4ri anodisoitu ja tarvitsemasi m\u00e4\u00e4r\u00e4, paras noteeraus olisi seuraava<\/td>\n<\/tr>\n<\/table>\n<h2>Tuotantopohjamme<\/h2>\n<h3>Tehtaan panoraama<\/h3>\n<p><img decoding=\"async\" src=\"\/wp-content\/uploads\/factory-01.webp\"\/><\/p>\n<h3>Alumiini Bar Manufacturing Workshop<\/h3>\n<p><img decoding=\"async\" src=\"\/wp-content\/uploads\/factory-02.webp\"\/><\/p>\n<\/p>\n<p><img decoding=\"async\" src=\"\/wp-content\/uploads\/factory-03.webp\"\/><\/p>\n<h3>Muotin varastointi Varasto<\/h3>\n<p><img decoding=\"async\" src=\"\/wp-content\/uploads\/factory-04.webp\"\/><\/p>\n<h3>43 alumiinin ekstruusiolinjat (500-5500 tonnia)<\/h3>\n<p><img decoding=\"async\" src=\"\/wp-content\/uploads\/factory-05.webp\"\/><\/p>\n<p><img decoding=\"async\" src=\"\/wp-content\/uploads\/factory-06.webp\"\/><\/p>\n<p><img decoding=\"async\" src=\"\/wp-content\/uploads\/factory-07.webp\"\/><\/p>\n<h3>Jauhemaalaus ty\u00f6paja<\/h3>\n<p><img decoding=\"async\" src=\"\/wp-content\/uploads\/factory-09.webp\"\/><\/p>\n<h3>Anodisointi ty\u00f6paja<\/h3>\n<p><img decoding=\"async\" src=\"\/wp-content\/uploads\/factory-10.webp\"\/><\/p>\n<h3>Syv\u00e4k\u00e4sittelyn ty\u00f6paja<\/h3>\n<p><img decoding=\"async\" src=\"\/wp-content\/uploads\/factory-11.webp\"\/><\/p>\n<h3>CNC-tarkkuuskoneistus ty\u00f6paja<\/h3>\n<p><img decoding=\"async\" src=\"\/wp-content\/uploads\/factory-11.5.webp\"\/><\/p>\n<h3>Valmiiden tuotteiden ja vientivarasto<\/h3>\n<p><img decoding=\"async\" src=\"\/wp-content\/uploads\/factory-12.webp\"\/><\/p>\n<p><img decoding=\"async\" src=\"\/wp-content\/uploads\/factory-13.webp\"\/><\/p>\n<p><img decoding=\"async\" src=\"\/wp-content\/uploads\/factory-14.webp\"\/><\/p>\n<h2>FAQ<\/h2>\n<p><b>1.Mik\u00e4 on C-palkki V-aukkoinen alumiiniprofiili? <\/b><\/p>\n<p> C-palkki V-aukkoinen alumiiniprofiili on rakenteellinen alumiiniprofiili, jossa on C-muotoinen muotoilu ja integroitu V-aukko lineaariliikesovelluksiin.\n<\/p>\n<p><\/p>\n<p><b>2.Miksi k\u00e4ytt\u00e4\u00e4 C-palkin V-aukkoprofiilia koneenrakennuksessa? <\/b><\/p>\n<p> C Beam V Slot -profiili tarjoaa erinomaisen lujuuden ja kohdistustarkkuuden, joten se sopii erinomaisesti CNC-koneisiin, 3D-tulostimiin ja automaatioj\u00e4rjestelmiin.\n<\/p>\n<p><\/p>\n<p><b>3.Miten profiilin V-aukko toimii? <\/b><\/p>\n<p> V-aukko mahdollistaa tasaisen lineaarisen liikkeen yhteensopivien py\u00f6rien tai laakereiden avulla, mik\u00e4 helpottaa koneiden tarkkaa mekaanista liikett\u00e4.\n<\/p>\n<p><\/p>\n<p><b>4.Mitk\u00e4 ovat C-palkkirakenteen edut? <\/b><\/p>\n<p> C-palkkirakenne parantaa j\u00e4ykkyytt\u00e4 ja kantavuutta ja tarjoaa vahvan kehyksen raskaisiin sovelluksiin.\n<\/p>\n<p><\/p>\n<p><b>5.Onko C Beam V Slot -alumiiniprofiili yhteensopiva vakiolaitteiden kanssa? <\/b><\/p>\n<p> Kyll\u00e4, se on yhteensopiva useiden V-uraj\u00e4rjestelmiin suunniteltujen kiinnikkeiden, ruuvien ja kiinnittimien kanssa, mik\u00e4 mahdollistaa modulaarisen rakentamisen.\n<\/p>\n<p><\/p>\n<p><b>6.Voinko leikata ja mukauttaa C-palkin V-aukkoprofiilin projektini mukaan? <\/b><\/p>\n<p> Alumiiniprofiili voidaan ehdottomasti leikata ja porata helposti, mik\u00e4 mahdollistaa t\u00e4ydellisen r\u00e4\u00e4t\u00e4l\u00f6innin tiettyihin konemalleihin sopivaksi.\n<\/p>\n<p><\/p>\n<p><b>7.Mit\u00e4 materiaaleja k\u00e4ytet\u00e4\u00e4n C-palkin V-aukkoprofiileissa? <\/b><\/p>\n<p> N\u00e4m\u00e4 profiilit valmistetaan tyypillisesti 6063-T5-alumiinista, joka tarjoaa tasapainoisen tasapainon lujuuden, kest\u00e4vyyden ja keveyden v\u00e4lill\u00e4.\n<\/p>\n<p><\/p>\n<p><b>8.Soveltuvatko n\u00e4m\u00e4 profiilit tee-se-itse- ja teollisuusprojekteihin? <\/b><\/p>\n<p> Kyll\u00e4, C-palkki V-aukkoisia alumiiniprofiileja k\u00e4ytet\u00e4\u00e4n laajalti sek\u00e4 koti- ett\u00e4 teollisuuskoneiden rakentamisessa niiden joustavuuden ja kest\u00e4vyyden ansiosta.\n<\/p>\n<p><\/p>","protected":false},"featured_media":6752,"template":"","categories":[67],"class_list":["post-6753","product","type-product","status-publish","has-post-thumbnail","hentry","category-architectural-aluminium-profile"],"meta_box":{"hilight_text_group":{"product_hilight_text":"<li>V-slot design enables precise linear motion for CNC and 3D printer frames<\/li>\r\r\n<li>C-beam structure provides extra rigidity and load-bearing capacity<\/li>\r\r\n<li>Made from high-strength aluminum alloy for industrial-grade performance<\/li>\r\r\n<li>Compatible with a wide range of hardware and accessories<\/li>\r\r\n<li>Modular and customizable for versatile machine building projects<\/li>","product_chanpin_blog":"<ul>\r\r\n<li><a href=\"https:\/\/sinoextrud.com\/t-slot-v-slot-differences\/\" target=\"_blank\">t slot vs v slot<\/a><\/li>\r\r\n<li><a href=\"https:\/\/sinoextrud.com\/what-is-4040-aluminium-extrud\/\" target=\"_blank\">4040 aluminium extrusion<\/a><\/li>\r\r\n<li><a href=\"https:\/\/sinoextrud.com\/what-is-4040-aluminium-extrud\/\" target=\"_blank\">aluminum extrusions for industrial racks<\/a><\/li>\r\r\n<li><a href=\"https:\/\/sinoextrud.com\/powder-coating-aluminium-process\/\" target=\"_blank\">powder coating aluminium<\/a><\/li>\r\r\n<li><a href=\"https:\/\/sinoextrud.com\/what-is-an-aluminium-strip-ceiling\/\" target=\"_blank\">aluminium strip ceiling<\/a><\/li>\r\r\n<li><a href=\"https:\/\/sinoextrud.com\/what-is-a-heat-sink\/\" target=\"_blank\">what is a heat sink<\/a><\/li>\r\r\n<\/ul>","product_chanpin_chanpin":"<li><a href=\"https:\/\/sinoextrud.com\/product\/aluminium-handrail-tubing\/\" target=\"_blank\">Aluminium Handrail Tubing<\/a><\/li>\r\n<li><a href=\"https:\/\/sinoextrud.com\/product\/kitchen-cabinet-aluminum-profile\/\" target=\"_blank\">Kitchen Cabinet Aluminum Profile<\/a><\/li>\r\n<li><a href=\"https:\/\/sinoextrud.com\/product\/aluminium-supplier-china-offer-aluminium-u-channel-extrusion-shapes-profile-for-show-enclosure-cabin\/\" target=\"_blank\">Aluminium Supplier China Offer Aluminium U Channel Extrusion Shapes Profile For Show Enclosure Cabin<\/a><\/li>\r\n<li><a href=\"https:\/\/sinoextrud.com\/product\/powder-coating-aluminium-profiles-for-industrial\/\" target=\"_blank\">Powder Coating Aluminium Profiles For Industrial<\/a><\/li>\r\n<li><a href=\"https:\/\/sinoextrud.com\/product\/c-beam-v-slot-aluminium-profile\/\" target=\"_blank\">C Beam V Slot Aluminium Profile<\/a><\/li>\r\n<li><a href=\"https:\/\/sinoextrud.com\/product\/construction-aluminum-profile\/\" target=\"_blank\">Construction Aluminum Profile<\/a><\/li>\r\n<li><a href=\"https:\/\/sinoextrud.com\/product\/architectural-aluminum-profile\/\" target=\"_blank\">Architectural Aluminum Profile<\/a><\/li>\r\n<li><a href=\"https:\/\/sinoextrud.com\/product\/color-anodized-structural-aluminum-extrusions-profile-for-window-frame-extruded-aluminium-alloys-6063\/\" target=\"_blank\">Color Anodized structural aluminum extrusions Profile for Window Frame extruded aluminium alloys 6063<\/a><\/li>\r\n<li><a href=\"https:\/\/sinoextrud.com\/product\/building-material-aluminium-extrusion-profiles\/\" target=\"_blank\">Building Material Aluminium Extrusion Profiles<\/a><\/li>\r\n<li><a href=\"https:\/\/sinoextrud.com\/product\/u-channel-aluminium-extrusion\/\" target=\"_blank\">U Channel Aluminium Extrusion<\/a><\/li>\r\n<li><a href=\"https:\/\/sinoextrud.com\/product\/aluminum-extrusion-solar-panel-frame\/\" target=\"_blank\">Aluminum extrusion solar panel frame<\/a><\/li>"},"feature_list":[]},"_links":{"self":[{"href":"https:\/\/sinoextrud.com\/fi\/wp-json\/wp\/v2\/product\/6753","targetHints":{"allow":["GET"]}}],"collection":[{"href":"https:\/\/sinoextrud.com\/fi\/wp-json\/wp\/v2\/product"}],"about":[{"href":"https:\/\/sinoextrud.com\/fi\/wp-json\/wp\/v2\/types\/product"}],"wp:featuredmedia":[{"embeddable":true,"href":"https:\/\/sinoextrud.com\/fi\/wp-json\/wp\/v2\/media\/6752"}],"wp:attachment":[{"href":"https:\/\/sinoextrud.com\/fi\/wp-json\/wp\/v2\/media?parent=6753"}],"wp:term":[{"taxonomy":"category","embeddable":true,"href":"https:\/\/sinoextrud.com\/fi\/wp-json\/wp\/v2\/categories?post=6753"}],"curies":[{"name":"wp","href":"https:\/\/api.w.org\/{rel}","templated":true}]}}