{"id":6751,"date":"2025-06-01T14:38:29","date_gmt":"2025-06-01T14:38:29","guid":{"rendered":"https:\/\/sinoextrud.com\/product\/powder-coating-aluminium-profiles-for-industrial\/"},"modified":"2025-06-24T06:11:35","modified_gmt":"2025-06-24T06:11:35","slug":"jauhemaalaus-alumiiniprofiilit-teollisuudelle","status":"publish","type":"product","link":"https:\/\/sinoextrud.com\/fi\/product\/powder-coating-aluminium-profiles-for-industrial\/","title":{"rendered":"Jauhemaalaus Alumiiniprofiilit teollisuudelle"},"content":{"rendered":"<h2>Tuotteiden tiedot<\/h2>\n<table class=\"custom-table\">\n<tr>\n<td class=\"label\">1. Kohde<\/td>\n<td>Jauhemaalaus Alumiiniprofiilit teollisuudelle<\/td>\n<\/tr>\n<tr>\n<td class=\"label\">2. Leikkausmuodot<\/td>\n<td>I, U, T, C, Z, L, H, neli\u00f6, py\u00f6re\u00e4, litte\u00e4, ontto, t-ura ja muut monimutkaiset muodot mukautetun suunnittelun mukaan.<\/td>\n<\/tr>\n<tr>\n<td class=\"label\">3. Pintak\u00e4sittely<\/td>\n<td>Mill viimeistely \/ anodisoitu (hapetus) \/ hiekkapuhallus \/ jauhemaalaus \/ elektroforeesi \/ puun jyv\u00e4isyydet<\/td>\n<\/tr>\n<tr>\n<td class=\"label\">4. MOQ<\/td>\n<td>200KG kutakin kohdetta kohti<\/td>\n<\/tr>\n<tr>\n<td class=\"label\">5. Materiaali<\/td>\n<td>100% seos: 6063 T5 \/ 6061 T6<\/td>\n<\/tr>\n<tr>\n<td class=\"label\">6. Pituus<\/td>\n<td>Normaali = 6m, 1-9metri\u00e4 tai r\u00e4\u00e4t\u00e4l\u00f6ityj\u00e4<\/td>\n<\/tr>\n<tr>\n<td class=\"label\">7. Hakemus<\/td>\n<td>1) - Ikkunoiden ja ovien karmeihin<br \/>3) - rakennuksen verhosein\u00e4t<br \/>4) - Aurinkopaneelien kehykset, aurinkopaneelien kiinnitys- \/ kattokannattimet.<br \/>5) - teollisuuden kokoonpanolinjojen laitteet<br \/>6) - j\u00e4\u00e4hdytyslevyjen osalta<br \/>7) - LED-valaistus<br \/>8) - muut mukautetun suunnittelun koon ja ulottuvuuden mukaan<\/td>\n<\/tr>\n<tr>\n<td class=\"label\">8. Palvelut<\/td>\n<td>1). OEM-palvelu.<br \/>2). Suunnittelu asiakkaiden vaatimusten mukaisesti.<br \/>3). 29 vuoden ty\u00f6kokemus tutkimuksesta, valmistuksesta<br \/>4). Nykyaikainen syv\u00e4k\u00e4sittelykeskuksemme voi tarjota koneistusta, kuten leikkausta, l\u00e4vistyst\u00e4, porausta, taivutusta, napauttamista jne.<\/td>\n<\/tr>\n<tr>\n<td class=\"label\">9. Laadunvalvonta<\/td>\n<td>K\u00e4yt\u00e4mme tiukinta laadunvalvontaj\u00e4rjestelm\u00e4\u00e4, 100%-tarkastusta ennen l\u00e4hetyst\u00e4.<\/td>\n<\/tr>\n<\/table>\n<h2>Tuotantopohjamme<\/h2>\n<h3>Tehtaan panoraama<\/h3>\n<p><img decoding=\"async\" src=\"\/wp-content\/uploads\/factory-01.webp\"\/><\/p>\n<h3>Alumiini Bar Manufacturing Workshop<\/h3>\n<p><img decoding=\"async\" src=\"\/wp-content\/uploads\/factory-02.webp\"\/><\/p>\n<p><img decoding=\"async\" src=\"\/wp-content\/uploads\/factory-03.webp\"\/><\/p>\n<h3>Muotin varastointi Varasto<\/h3>\n<p><img decoding=\"async\" src=\"\/wp-content\/uploads\/factory-04.webp\"\/><\/p>\n<h3>43 alumiinin ekstruusiolinjat (500-5500 tonnia)<\/h3>\n<p><img decoding=\"async\" src=\"\/wp-content\/uploads\/factory-05.webp\"\/><\/p>\n<p><img decoding=\"async\" src=\"\/wp-content\/uploads\/factory-06.webp\"\/><\/p>\n<p><img decoding=\"async\" src=\"\/wp-content\/uploads\/factory-07.webp\"\/><\/p>\n<h3>Jauhemaalaus ty\u00f6paja<\/h3>\n<p><img decoding=\"async\" src=\"\/wp-content\/uploads\/factory-09.webp\"\/><\/p>\n<h3>Anodisointi ty\u00f6paja<\/h3>\n<p><img decoding=\"async\" src=\"\/wp-content\/uploads\/factory-10.webp\"\/><\/p>\n<h3>Syv\u00e4k\u00e4sittelyn ty\u00f6paja<\/h3>\n<p><img decoding=\"async\" src=\"\/wp-content\/uploads\/factory-11.webp\"\/><\/p>\n<h3>CNC-tarkkuuskoneistus ty\u00f6paja<\/h3>\n<p><img decoding=\"async\" src=\"\/wp-content\/uploads\/factory-11.5.webp\"\/><\/p>\n<h3>Valmiiden tuotteiden ja vientivarasto<\/h3>\n<p><img decoding=\"async\" src=\"\/wp-content\/uploads\/factory-12.webp\"\/><\/p>\n<p><img decoding=\"async\" src=\"\/wp-content\/uploads\/factory-13.webp\"\/><\/p>\n<p><img decoding=\"async\" src=\"\/wp-content\/uploads\/factory-14.webp\"\/><\/p>\n<h2>FAQ<\/h2>\n<p><p><b>1.Mit\u00e4 ovat jauhemaalattuja alumiiniprofiileja teollisuusk\u00e4ytt\u00f6\u00f6n? <\/b><\/p>\n<p> Jauhemaalatut alumiiniprofiilit ovat alumiiniprofiileja, jotka on k\u00e4sitelty kuivalla jauhemaalilla kest\u00e4vyyden, esteettisyyden ja kest\u00e4vyyden parantamiseksi teollisuusymp\u00e4rist\u00f6iss\u00e4.<br \/>\n<\/p><br \/>\n<br \/>\n<p><b>2.Miksi jauhemaalaus on hy\u00f6dyllist\u00e4 teollisille alumiiniprofiileille? <\/b><\/p>\n<p> Jauhemaalaus tarjoaa erinomaisen korroosionkest\u00e4vyyden, kest\u00e4vyyden ja tasaisen peitt\u00e4vyyden, joten se sopii erinomaisesti teollisiin sovelluksiin.<br \/>\n<\/p><br \/>\n<br \/>\n<p><b>3.Soveltuvatko jauhemaalatut alumiiniprofiilit teollisuuden ulkotiloihin? <\/b><\/p>\n<p> Kyll\u00e4, jauhemaalatut alumiiniprofiilit kest\u00e4v\u00e4t UV-s\u00e4teily\u00e4, kosteutta ja kemikaaleja, joten ne soveltuvat vaativiin ulko-olosuhteisiin.<br \/>\n<\/p><br \/>\n<br \/>\n<p><b>4.Mitk\u00e4 teollisuudenalat k\u00e4ytt\u00e4v\u00e4t tyypillisesti jauhemaalattuja alumiiniprofiileja? <\/b><\/p>\n<p> Rakennus-, kone-, auto- ja infrastruktuuriteollisuudessa k\u00e4ytet\u00e4\u00e4n yleisesti jauhemaalattuja alumiiniprofiileja rakenne- ja suojaussovelluksissa.<br \/>\n<\/p><br \/>\n<br \/>\n<p><b>5.Voinko valita jauhemaalattujen alumiiniprofiilien v\u00e4rit ja tekstuurit? <\/b><\/p>\n<p> Jauhemaalaus tarjoaa laajan valikoiman muokattavia v\u00e4rej\u00e4, kiiltoasteita ja pintarakenteita teollisuuden br\u00e4nd\u00e4yst\u00e4 ja estetiikkaa varten.<br \/>\n<\/p><br \/>\n<br \/>\n<p><b>6.Onko jauhemaalausprosessi ymp\u00e4rist\u00f6yst\u00e4v\u00e4llinen? <\/b><\/p>\n<p> Kyll\u00e4, jauhemaalaus on ymp\u00e4rist\u00f6yst\u00e4v\u00e4llinen, sill\u00e4 siin\u00e4 syntyy vain v\u00e4h\u00e4n j\u00e4tett\u00e4 eik\u00e4 haitallisia VOC-p\u00e4\u00e4st\u00f6j\u00e4, mik\u00e4 tekee siit\u00e4 kest\u00e4v\u00e4n teollisen ratkaisun.<br \/>\n<\/p><br \/>\n<br \/>\n<p><b>7.Kuinka kest\u00e4vi\u00e4 jauhemaalatut alumiiniprofiilit ovat? <\/b><\/p>\n<p> Jauhemaalatut profiilit ovat eritt\u00e4in kest\u00e4vi\u00e4 ja kest\u00e4v\u00e4t naarmuuntumista, lohkeilua ja haalistumista, joten ne kest\u00e4v\u00e4t pitk\u00e4\u00e4n teollisuusymp\u00e4rist\u00f6iss\u00e4.<br \/>\n<\/p><br \/>\n<br \/>\n<p><b>8.Mit\u00e4 huoltotoimenpiteit\u00e4 jauhemaalattu alumiiniprofiili vaatii? <\/b><\/p>\n<p> Tarvitaan vain v\u00e4h\u00e4n huoltoa - s\u00e4\u00e4nn\u00f6llinen puhdistus miedolla saippualla ja vedell\u00e4 riitt\u00e4\u00e4 s\u00e4ilytt\u00e4m\u00e4\u00e4n ulkon\u00e4\u00f6n ja suorituskyvyn.<br \/>\n<\/p><br \/><\/p>","protected":false},"featured_media":6750,"template":"","categories":[67],"class_list":["post-6751","product","type-product","status-publish","has-post-thumbnail","hentry","category-architectural-aluminium-profile"],"meta_box":{"hilight_text_group":{"product_hilight_text":"<li>Durable powder-coated finish enhances corrosion and wear resistance<\/li>\r\r\n<li>Wide range of colors and textures available for industrial customization<\/li>\r\r\n<li>Strong and lightweight aluminum profiles ideal for heavy-duty applications<\/li>\r\r\n<li>Environmentally friendly coating process with minimal VOC emissions<\/li>\r\r\n<li>Consistent finish quality suitable for both indoor and outdoor industrial use<\/li>","product_chanpin_blog":"<ul>\r\r\n<li><a href=\"https:\/\/sinoextrud.com\/t-slot-v-slot-differences\/\" target=\"_blank\">t slot vs v slot<\/a><\/li>\r\r\n<li><a href=\"https:\/\/sinoextrud.com\/what-is-4040-aluminium-extrud\/\" target=\"_blank\">4040 aluminium extrusion<\/a><\/li>\r\r\n<li><a href=\"https:\/\/sinoextrud.com\/what-is-4040-aluminium-extrud\/\" target=\"_blank\">aluminum extrusions for industrial racks<\/a><\/li>\r\r\n<li><a href=\"https:\/\/sinoextrud.com\/powder-coating-aluminium-process\/\" target=\"_blank\">powder coating aluminium<\/a><\/li>\r\r\n<li><a href=\"https:\/\/sinoextrud.com\/what-is-an-aluminium-strip-ceiling\/\" target=\"_blank\">aluminium strip ceiling<\/a><\/li>\r\r\n<li><a href=\"https:\/\/sinoextrud.com\/what-is-a-heat-sink\/\" target=\"_blank\">what is a heat sink<\/a><\/li>\r\r\n<\/ul>","product_chanpin_chanpin":"<li><a href=\"https:\/\/sinoextrud.com\/product\/aluminium-profile\/\" target=\"_blank\">Aluminium profile<\/a><\/li>\r\n<li><a href=\"https:\/\/sinoextrud.com\/product\/aluminium-handrail-tubing\/\" target=\"_blank\">Aluminium Handrail Tubing<\/a><\/li>\r\n<li><a href=\"https:\/\/sinoextrud.com\/product\/kitchen-cabinet-aluminum-profile\/\" target=\"_blank\">Kitchen Cabinet Aluminum Profile<\/a><\/li>\r\n<li><a href=\"https:\/\/sinoextrud.com\/product\/aluminium-supplier-china-offer-aluminium-u-channel-extrusion-shapes-profile-for-show-enclosure-cabin\/\" target=\"_blank\">Aluminium Supplier China Offer Aluminium U Channel Extrusion Shapes Profile For Show Enclosure Cabin<\/a><\/li>\r\n<li><a href=\"https:\/\/sinoextrud.com\/product\/powder-coating-aluminium-profiles-for-industrial\/\" target=\"_blank\">Powder Coating Aluminium Profiles For Industrial<\/a><\/li>\r\n<li><a href=\"https:\/\/sinoextrud.com\/product\/c-beam-v-slot-aluminium-profile\/\" target=\"_blank\">C Beam V Slot Aluminium Profile<\/a><\/li>\r\n<li><a href=\"https:\/\/sinoextrud.com\/product\/construction-aluminum-profile\/\" target=\"_blank\">Construction Aluminum Profile<\/a><\/li>\r\n<li><a href=\"https:\/\/sinoextrud.com\/product\/architectural-aluminum-profile\/\" target=\"_blank\">Architectural Aluminum Profile<\/a><\/li>\r\n<li><a href=\"https:\/\/sinoextrud.com\/product\/color-anodized-structural-aluminum-extrusions-profile-for-window-frame-extruded-aluminium-alloys-6063\/\" target=\"_blank\">Color Anodized structural aluminum extrusions Profile for Window Frame extruded aluminium alloys 6063<\/a><\/li>\r\n<li><a href=\"https:\/\/sinoextrud.com\/product\/aluminium-profile-case\/\" target=\"_blank\">Aluminium Profile Case<\/a><\/li>\r\n<li><a href=\"https:\/\/sinoextrud.com\/product\/aluminum-profile-for-advertising-photo-frame\/\" target=\"_blank\">Aluminum Profile For Advertising Photo Frame<\/a><\/li>"},"feature_list":[]},"_links":{"self":[{"href":"https:\/\/sinoextrud.com\/fi\/wp-json\/wp\/v2\/product\/6751","targetHints":{"allow":["GET"]}}],"collection":[{"href":"https:\/\/sinoextrud.com\/fi\/wp-json\/wp\/v2\/product"}],"about":[{"href":"https:\/\/sinoextrud.com\/fi\/wp-json\/wp\/v2\/types\/product"}],"wp:featuredmedia":[{"embeddable":true,"href":"https:\/\/sinoextrud.com\/fi\/wp-json\/wp\/v2\/media\/6750"}],"wp:attachment":[{"href":"https:\/\/sinoextrud.com\/fi\/wp-json\/wp\/v2\/media?parent=6751"}],"wp:term":[{"taxonomy":"category","embeddable":true,"href":"https:\/\/sinoextrud.com\/fi\/wp-json\/wp\/v2\/categories?post=6751"}],"curies":[{"name":"wp","href":"https:\/\/api.w.org\/{rel}","templated":true}]}}