{"id":6698,"date":"2025-05-30T09:56:45","date_gmt":"2025-05-30T09:56:45","guid":{"rendered":"https:\/\/sinoextrud.com\/product\/aluminium-profile\/"},"modified":"2025-06-24T06:11:34","modified_gmt":"2025-06-24T06:11:34","slug":"alumiiniprofiili","status":"publish","type":"product","link":"https:\/\/sinoextrud.com\/fi\/product\/aluminium-profile\/","title":{"rendered":"Alumiiniprofiili"},"content":{"rendered":"<h2>Tuotteiden tiedot<\/h2>\n<table class=\"custom-table\">\n<tr>\n<td class=\"label\">Merkki<\/td>\n<td>Sinoextrud ALUMINIUM<\/td>\n<\/tr>\n<tr>\n<td class=\"label\">Alkuper\u00e4inen<\/td>\n<td>Foshan\/Kiina<\/td>\n<\/tr>\n<tr>\n<td class=\"label\">Kapasiteetti<\/td>\n<td>10000+ tonnia\/kuukausi<\/td>\n<\/tr>\n<tr>\n<td class=\"label\">Paksuus<\/td>\n<td>r\u00e4\u00e4t\u00e4l\u00f6ity<\/td>\n<\/tr>\n<tr>\n<td class=\"label\">Pituus<\/td>\n<td>1-9M \/r\u00e4\u00e4t\u00e4l\u00f6ity<\/td>\n<\/tr>\n<tr>\n<td class=\"label\">Kovuus<\/td>\n<td>&gt;8HW<\/td>\n<\/tr>\n<tr>\n<td class=\"label\">Koko<\/td>\n<td>r\u00e4\u00e4t\u00e4l\u00f6ity<\/td>\n<\/tr>\n<tr>\n<td class=\"label\">V\u00e4ri<\/td>\n<td>Hopea, valkoinen, musta, pronssi, samppanja, puu ja mik\u00e4 tahansa halutunlainen.<\/td>\n<\/tr>\n<\/table>\n<h2>Tuotantopohjamme<\/h2>\n<h3>Tehtaan panoraama<\/h3>\n<p><img decoding=\"async\" src=\"\/wp-content\/uploads\/factory-01.webp\"\/><\/p>\n<h3>Alumiini Bar Manufacturing Workshop<\/h3>\n<p><img decoding=\"async\" src=\"\/wp-content\/uploads\/factory-02.webp\"\/><\/p>\n<p><img decoding=\"async\" src=\"\/wp-content\/uploads\/factory-03.webp\"\/><\/p>\n<h3>Muotin varastointi Varasto<\/h3>\n<p><img decoding=\"async\" src=\"\/wp-content\/uploads\/factory-04.webp\"\/><\/p>\n<h3>43 Alumiini ekstruusiolinjat (500\u00e2 5500 tonnia)<\/h3>\n<p><img decoding=\"async\" src=\"\/wp-content\/uploads\/factory-05.webp\"\/><\/p>\n<p><img decoding=\"async\" src=\"\/wp-content\/uploads\/factory-06.webp\"\/><\/p>\n<p><img decoding=\"async\" src=\"\/wp-content\/uploads\/factory-07.webp\"\/><\/p>\n<h3>Jauhemaalaus ty\u00f6paja<\/h3>\n<p><img decoding=\"async\" src=\"\/wp-content\/uploads\/factory-09.webp\"\/><\/p>\n<h3>Anodisointi ty\u00f6paja<\/h3>\n<p><img decoding=\"async\" src=\"\/wp-content\/uploads\/factory-10.webp\"\/><\/p>\n<h3>Syv\u00e4k\u00e4sittelyn ty\u00f6paja<\/h3>\n<p><img decoding=\"async\" src=\"\/wp-content\/uploads\/factory-11.webp\"\/><\/p>\n<h3>CNC-tarkkuuskoneistus ty\u00f6paja<\/h3>\n<p><img decoding=\"async\" src=\"\/wp-content\/uploads\/factory-11.5.webp\"\/><\/p>\n<h3>Valmiiden tuotteiden ja vientivarasto<\/h3>\n<p><img decoding=\"async\" src=\"\/wp-content\/uploads\/factory-12.webp\"\/><\/p>\n<p><img decoding=\"async\" src=\"\/wp-content\/uploads\/factory-13.webp\"\/><\/p>\n<p><img decoding=\"async\" src=\"\/wp-content\/uploads\/factory-14.webp\"\/><\/p>\n<h2>FAQ<\/h2>\n<p><p><b>1.Mik\u00e4 on alumiiniprofiili? <\/b><\/p>\n<p>Alumiiniprofiili on alumiiniseoksesta valmistettu muotoiltu suulakepuristettu kappale, jota k\u00e4ytet\u00e4\u00e4n monissa eri sovelluksissa, kuten rakentamisessa, kuljetuksessa, elektroniikassa ja huonekaluissa.<br \/>\n<\/p><br \/>\n<br \/>\n<p><b>2.Miksi alumiinia k\u00e4ytet\u00e4\u00e4n profiileissa? <\/b><\/p>\n<p>Alumiini on kevytt\u00e4, vahvaa, korroosionkest\u00e4v\u00e4\u00e4 ja helposti valmistettavaa, joten se sopii erinomaisesti sek\u00e4 teolliseen ett\u00e4 kaupalliseen k\u00e4ytt\u00f6\u00f6n.<br \/>\n<\/p><br \/>\n<br \/>\n<p><b>3.Mitk\u00e4 ovat alumiiniprofiilien yleiset k\u00e4ytt\u00f6kohteet? <\/b><\/p>\n<p>Niit\u00e4 k\u00e4ytet\u00e4\u00e4n ikkunoissa ja ovissa, verhoseiniss\u00e4, kehysj\u00e4rjestelmiss\u00e4, LED-koteloissa, koneissa ja huonekaluissa.<br \/>\n<\/p><br \/>\n<br \/>\n<p><b>4.Voiko alumiiniprofiileja r\u00e4\u00e4t\u00e4l\u00f6id\u00e4? <\/b><\/p>\n<p>Kyll\u00e4, profiileja voidaan suulakepuristaa r\u00e4\u00e4t\u00e4l\u00f6ityihin muotoihin, kokoihin ja seoksiin projektin erityisvaatimusten t\u00e4ytt\u00e4miseksi.<br \/>\n<\/p><br \/>\n<br \/>\n<p><b>5.Mit\u00e4 pintak\u00e4sittelyj\u00e4 on saatavilla? <\/b><\/p>\n<p>Vaihtoehtoina ovat anodisointi, jauhemaalaus, kiillotus, harjaus ja elektroforeesi ulkon\u00e4\u00f6n ja kest\u00e4vyyden parantamiseksi.<br \/>\n<\/p><br \/>\n<br \/>\n<p><b>6.Ovatko alumiiniprofiilit s\u00e4\u00e4nkest\u00e4vi\u00e4? <\/b><\/p>\n<p>Kyll\u00e4, erityisesti anodisoinnilla tai pinnoitteella k\u00e4siteltyin\u00e4 ne kest\u00e4v\u00e4t erinomaisesti UV-s\u00e4teily\u00e4, kosteutta ja saastumista.<br \/>\n<\/p><br \/>\n<br \/>\n<p><b>7.Soveltuuko alumiini rakenteellisiin sovelluksiin? <\/b><\/p>\n<p>Kyll\u00e4, tietyt seokset ja profiilimallit antavat kantavissa rakenteissa tarvittavan lujuuden.<br \/>\n<\/p><br \/>\n<br \/>\n<p><b>8.Ovatko n\u00e4m\u00e4 profiilit kierr\u00e4tett\u00e4viss\u00e4? <\/b><\/p>\n<p>Kyll\u00e4, alumiini on 100%-kierr\u00e4tett\u00e4v\u00e4\u00e4 ja s\u00e4ilytt\u00e4\u00e4 ominaisuutensa kierr\u00e4tyksess\u00e4, joten se on ymp\u00e4rist\u00f6yst\u00e4v\u00e4llinen.<br \/>\n<\/p><br \/>\n<br \/>\n<p><b>9.Voinko tilata alumiiniprofiileja irtotavarana? <\/b><\/p>\n<p>Kyll\u00e4, valmistajat tarjoavat B2B-asiakkaille tukkuostovaihtoehtoja kilpailukykyiseen hinnoitteluun ja pakkausratkaisuihin.<br \/>\n<\/p><br \/>\n<br \/>\n<p><b>10.Mik\u00e4 on alumiiniprofiilien valmistuksen l\u00e4pimenoaika? <\/b><\/p>\n<p>Tyypilliset toimitusajat vaihtelevat 2-6 viikon v\u00e4lill\u00e4 r\u00e4\u00e4t\u00e4l\u00f6innist\u00e4 ja tilausm\u00e4\u00e4r\u00e4st\u00e4 riippuen.<br \/>\n<\/p><br \/>\n<br \/>\n<p><b>11.Tukevatko alumiiniprofiilit tarkkaa ty\u00f6st\u00f6\u00e4? <\/b><\/p>\n<p>Alumiini on helppo jyrsi\u00e4, porata ja leikata, mik\u00e4 tukee yksityiskohtaisia valmistus- ja kokoonpanoprosesseja.<br \/>\n<\/p><br \/>\n<br \/>\n<p><b>12.Onko asennustarvikkeita saatavilla? <\/b><\/p>\n<p>Kyll\u00e4, monet toimittajat tarjoavat lis\u00e4varusteita, kuten liittimi\u00e4, kiinnikkeit\u00e4 ja suojuksia, jotka helpottavat kokoonpanoa.<br \/>\n<\/p><br \/>\n<br \/>\n<p><b>13.Mit\u00e4 eroa on 6061- ja 6063-alumiinin v\u00e4lill\u00e4? <\/b><\/p>\n<p>6061 on vahvempi ja soveltuu paremmin rakenteellisiin tarkoituksiin, kun taas 6063 tarjoaa paremman pintak\u00e4sittelyn ja on ihanteellinen koriste- tai arkkitehtuurisovelluksiin.<br \/>\n<\/p><br \/>\n<br \/>\n<p><b>14.Voidaanko alumiiniprofiileja k\u00e4ytt\u00e4\u00e4 kosteissa tiloissa? <\/b><\/p>\n<p>Alumiiniprofiilit kest\u00e4v\u00e4t korroosiota jopa m\u00e4riss\u00e4 olosuhteissa, varsinkin kun ne on pintak\u00e4sitelty asianmukaisesti.<br \/>\n<\/p><br \/>\n<br \/>\n<p><b>15.Ovatko alumiiniprofiilit kansainv\u00e4listen standardien mukaisia? <\/b><\/p>\n<p>Kyll\u00e4, laatuprofiilit ovat usein ISO-, ASTM-, CE- ja RoHS-standardien mukaisia suorituskyvyn ja turvallisuuden osalta.<br \/>\n<\/p><br \/><\/p>","protected":false},"featured_media":6697,"template":"","categories":[67],"class_list":["post-6698","product","type-product","status-publish","has-post-thumbnail","hentry","category-architectural-aluminium-profile"],"meta_box":{"hilight_text_group":{"product_hilight_text":"<li>Lightweight yet strong material suitable for a wide range of structural and decorative applications<\/li>\r\r\n<li>Excellent corrosion resistance, ideal for both indoor and outdoor environments<\/li>\r\r\n<li>Highly customizable in terms of shape, size, alloy, and surface treatment<\/li>\r\r\n<li>Easy to machine, cut, and assemble, saving manufacturing and installation time<\/li>\r\r\n<li>Environmentally friendly and 100% recyclable, supporting green construction practices<\/li>","product_chanpin_blog":"<ul>\r\r\n<li><a href=\"https:\/\/sinoextrud.com\/t-slot-v-slot-differences\/\" target=\"_blank\">t slot vs v slot<\/a><\/li>\r\r\n<li><a href=\"https:\/\/sinoextrud.com\/what-is-4040-aluminium-extrud\/\" target=\"_blank\">4040 aluminium extrusion<\/a><\/li>\r\r\n<li><a href=\"https:\/\/sinoextrud.com\/what-is-4040-aluminium-extrud\/\" target=\"_blank\">aluminum extrusions for industrial racks<\/a><\/li>\r\r\n<li><a href=\"https:\/\/sinoextrud.com\/powder-coating-aluminium-process\/\" target=\"_blank\">powder coating aluminium<\/a><\/li>\r\r\n<li><a href=\"https:\/\/sinoextrud.com\/what-is-an-aluminium-strip-ceiling\/\" target=\"_blank\">aluminium strip ceiling<\/a><\/li>\r\r\n<li><a href=\"https:\/\/sinoextrud.com\/what-is-a-heat-sink\/\" target=\"_blank\">what is a heat sink<\/a><\/li>\r\r\n<\/ul>","product_chanpin_chanpin":"<li><a href=\"https:\/\/sinoextrud.com\/product\/polished-aluminium-profiles\/\" target=\"_blank\">Polished Aluminium Profiles<\/a><\/li>\r\n<li><a href=\"https:\/\/sinoextrud.com\/product\/6063-t5-extruded-aluminium-profile-with-polish-surface\/\" target=\"_blank\">6063 T5 Extruded Aluminium Profile with Polish Surface<\/a><\/li>\r\n<li><a href=\"https:\/\/sinoextrud.com\/product\/6463-brightness-polished-shower-room-u-channel-aluminum-profile\/\" target=\"_blank\">6463 Brightness Polished Shower Room U Channel Aluminum Profile<\/a><\/li>\r\n<li><a href=\"https:\/\/sinoextrud.com\/product\/500-degree-brightness-polished-aluminum-profile\/\" target=\"_blank\">500 Degree Brightness Polished Aluminum Profile<\/a><\/li>\r\n<li><a href=\"https:\/\/sinoextrud.com\/product\/aluminium-profile\/\" target=\"_blank\">Aluminium profile<\/a><\/li>\r\n<li><a href=\"https:\/\/sinoextrud.com\/product\/aluminium-handrail-tubing\/\" target=\"_blank\">Aluminium Handrail Tubing<\/a><\/li>\r\n<li><a href=\"https:\/\/sinoextrud.com\/product\/kitchen-cabinet-aluminum-profile\/\" target=\"_blank\">Kitchen Cabinet Aluminum Profile<\/a><\/li>\r\n<li><a href=\"https:\/\/sinoextrud.com\/product\/aluminium-supplier-china-offer-aluminium-u-channel-extrusion-shapes-profile-for-show-enclosure-cabin\/\" target=\"_blank\">Aluminium Supplier China Offer Aluminium U Channel Extrusion Shapes Profile For Show Enclosure Cabin<\/a><\/li>\r\n<li><a href=\"https:\/\/sinoextrud.com\/product\/powder-coating-aluminium-profiles-for-industrial\/\" target=\"_blank\">Powder Coating Aluminium Profiles For Industrial<\/a><\/li>\r\n<li><a href=\"https:\/\/sinoextrud.com\/product\/t-slot-industrial-extruded-aluminum-profile\/\" target=\"_blank\">T-slot Industrial Extruded Aluminum Profile<\/a><\/li>\r\n<li><a href=\"https:\/\/sinoextrud.com\/product\/powder-coated-aluminum-tube\/\" target=\"_blank\">Powder Coated Aluminum Tube<\/a><\/li>"},"feature_list":[]},"_links":{"self":[{"href":"https:\/\/sinoextrud.com\/fi\/wp-json\/wp\/v2\/product\/6698","targetHints":{"allow":["GET"]}}],"collection":[{"href":"https:\/\/sinoextrud.com\/fi\/wp-json\/wp\/v2\/product"}],"about":[{"href":"https:\/\/sinoextrud.com\/fi\/wp-json\/wp\/v2\/types\/product"}],"wp:featuredmedia":[{"embeddable":true,"href":"https:\/\/sinoextrud.com\/fi\/wp-json\/wp\/v2\/media\/6697"}],"wp:attachment":[{"href":"https:\/\/sinoextrud.com\/fi\/wp-json\/wp\/v2\/media?parent=6698"}],"wp:term":[{"taxonomy":"category","embeddable":true,"href":"https:\/\/sinoextrud.com\/fi\/wp-json\/wp\/v2\/categories?post=6698"}],"curies":[{"name":"wp","href":"https:\/\/api.w.org\/{rel}","templated":true}]}}