{"id":6694,"date":"2025-05-30T09:50:11","date_gmt":"2025-05-30T09:50:11","guid":{"rendered":"https:\/\/sinoextrud.com\/product\/6463-brightness-polished-shower-room-u-channel-aluminum-profile\/"},"modified":"2025-06-24T06:11:32","modified_gmt":"2025-06-24T06:11:32","slug":"6463-kirkkaus-kiillotettu-suihkuhuoneen-u-kanava-alumiiniprofiili","status":"publish","type":"product","link":"https:\/\/sinoextrud.com\/fi\/product\/6463-brightness-polished-shower-room-u-channel-aluminum-profile\/","title":{"rendered":"6463 Kirkkaus kiillotettu suihkuhuoneen U-kanava alumiiniprofiili"},"content":{"rendered":"<h2>Tuotteiden tiedot<\/h2>\n<table class=\"custom-table\">\n<tr>\n<td class=\"label\">Kohde<\/td>\n<td>Kirkkaus kiillotettu alumiiniprofiili,6463 Kirkkaus kiillotettu suihkuhuoneen U-kanavan alumiiniprofiili<\/td>\n<\/tr>\n<tr>\n<td class=\"label\">Temper<\/td>\n<td>T5-T8<\/td>\n<\/tr>\n<tr>\n<td class=\"label\">Prosessin kulku<\/td>\n<td>Muotin kehitt\u00e4minen-Alumiini Billets-l\u00e4mmitys yl\u00f6s-muovaus raaka-alumiini-Anodisoitu v\u00e4ri.<\/td>\n<\/tr>\n<tr>\n<td class=\"label\">Ominaisuus<\/td>\n<td>1.Neat ja kauniit hienot viivat pinnalla.<br \/>2.National standardi alumiini aihiot hyv\u00e4ksyt\u00e4\u00e4n.<br \/>3.With jopa anodisointik\u00e4sittely, joka on hyv\u00e4ksytty pinnan suojaamiseksi.<br \/>4.Pieni tilaus on hyv\u00e4ksytt\u00e4v\u00e4.<br \/>5. r\u00e4\u00e4t\u00e4l\u00f6ity puristaminen piirustuksesi mukaan.<\/td>\n<\/tr>\n<tr>\n<td class=\"label\">Hakemus<\/td>\n<td>rakentaminen, koristelu, teollisuus<\/td>\n<\/tr>\n<tr>\n<td class=\"label\">Muoto<\/td>\n<td>Asiakkaan vaatimuksen mukaan<\/td>\n<\/tr>\n<tr>\n<td class=\"label\">Pintak\u00e4sittely<\/td>\n<td>Mill Finished, anodisoitu, tehopinnoite, hiekkapuhallus, elektroforeesi, harjattu, kiillotus.<\/td>\n<\/tr>\n<tr>\n<td class=\"label\">V\u00e4ri<\/td>\n<td>Hopea, musta, kulta, samppanja, pronssi, punainen, sininen;<br \/>Voimme muokata v\u00e4rej\u00e4 asiakkaiden n\u00e4ytteiden perusteella.<\/td>\n<\/tr>\n<tr>\n<td class=\"label\">Syv\u00e4prosessointi<\/td>\n<td>Leikkaus, poraus, koneistus, l\u00e4vistys, taivutus, napauttaminen ja poika.<\/td>\n<\/tr>\n<tr>\n<td class=\"label\">Takuu<\/td>\n<td>ISO: 9001, SONCAP, BV-sertifikaatti, T\u00dcV, SGS tai asiakkaiden todistus Saatavana.<\/td>\n<\/tr>\n<tr>\n<td class=\"label\">MOQ<\/td>\n<td>200KG<\/td>\n<\/tr>\n<tr>\n<td class=\"label\">Toimitusaika<\/td>\n<td>Muotin kehitt\u00e4minen ja n\u00e4ytteen muotoilu kest\u00e4\u00e4 12-15 p\u00e4iv\u00e4\u00e4, sitten tuotannon kesto on 15-25 p\u00e4iv\u00e4\u00e4 ostajan talletuksen vastaanottamisen j\u00e4lkeen.<\/td>\n<\/tr>\n<tr>\n<td class=\"label\">Vapaa Sampe<\/td>\n<td>1-3 p\u00e4iv\u00e4\u00e4 voidaan l\u00e4hett\u00e4\u00e4<\/td>\n<\/tr>\n<\/table>\n<h2>Tuotantopohjamme<\/h2>\n<h3>Tehtaan panoraama<\/h3>\n<p><img decoding=\"async\" src=\"\/wp-content\/uploads\/factory-01.webp\"\/><\/p>\n<h3>Alumiini Bar Manufacturing Workshop<\/h3>\n<p><img decoding=\"async\" src=\"\/wp-content\/uploads\/factory-02.webp\"\/><\/p>\n<p><img decoding=\"async\" src=\"\/wp-content\/uploads\/factory-03.webp\"\/><\/p>\n<h3>Muotin varastointi Varasto<\/h3>\n<p><img decoding=\"async\" src=\"\/wp-content\/uploads\/factory-04.webp\"\/><\/p>\n<h3>43 alumiinin ekstruusiolinjat (500-5500 tonnia)<\/h3>\n<p><img decoding=\"async\" src=\"\/wp-content\/uploads\/factory-05.webp\"\/><\/p>\n<p><img decoding=\"async\" src=\"\/wp-content\/uploads\/factory-06.webp\"\/><\/p>\n<p><img decoding=\"async\" src=\"\/wp-content\/uploads\/factory-07.webp\"\/><\/p>\n<h3>Jauhemaalaus ty\u00f6paja<\/h3>\n<p><img decoding=\"async\" src=\"\/wp-content\/uploads\/factory-09.webp\"\/><\/p>\n<h3>Anodisointi ty\u00f6paja<\/h3>\n<p><img decoding=\"async\" src=\"\/wp-content\/uploads\/factory-10.webp\"\/><\/p>\n<h3>Syv\u00e4k\u00e4sittelyn ty\u00f6paja<\/h3>\n<p><img decoding=\"async\" src=\"\/wp-content\/uploads\/factory-11.webp\"\/><\/p>\n<h3>CNC-tarkkuuskoneistus ty\u00f6paja<\/h3>\n<p><img decoding=\"async\" src=\"\/wp-content\/uploads\/factory-11.5.webp\"\/><\/p>\n<h3>Valmiiden tuotteiden ja vientivarasto<\/h3>\n<p><img decoding=\"async\" src=\"\/wp-content\/uploads\/factory-12.webp\"\/><\/p>\n<p><img decoding=\"async\" src=\"\/wp-content\/uploads\/factory-13.webp\"\/><\/p>\n<p><img decoding=\"async\" src=\"\/wp-content\/uploads\/factory-14.webp\"\/><\/p>\n<h2>FAQ<\/h2>\n<p><p><b>1.Mik\u00e4 on 6463 Brightness kiillotettu suihkuhuoneen U-kanavan alumiiniprofiili? <\/b><\/p>\n<p>Se on 6463-T5-seoksesta valmistettu alumiiniprofiili, jossa on eritt\u00e4in kirkas kiillotettu pinta ja joka on suunniteltu suihkukaappien lasipaneelien kiinnitt\u00e4miseen.<br \/>\n<\/p><br \/>\n<br \/>\n<p><b>2.Miksi valita 6463-T5-alumiini suihkuhuoneprofiileihin? <\/b><\/p>\n<p>6463-T5-alumiini tarjoaa erinomaisen korroosionkest\u00e4vyyden, suuren lujuuden ja erinomaisen pintak\u00e4sittelyn, joten se sopii erinomaisesti kosteisiin kylpyhuoneymp\u00e4rist\u00f6ihin.<br \/>\n<\/p><br \/>\n<br \/>\n<p><b>3.Mitk\u00e4 ovat alumiiniprofiilien kiillotetun pinnan edut? <\/b><\/p>\n<p>Kiillotettu pinta antaa peilim\u00e4isen ulkon\u00e4\u00f6n, lis\u00e4\u00e4 esteettisyytt\u00e4 ja tarjoaa helposti puhdistettavat pinnat, jotka soveltuvat kylpyhuoneisiin.<br \/>\n<\/p><br \/>\n<br \/>\n<p><b>4.Voiko n\u00e4it\u00e4 U-kanavaprofiileja mukauttaa? <\/b><\/p>\n<p>Kyll\u00e4, valmistajat tarjoavat r\u00e4\u00e4t\u00e4l\u00f6inti\u00e4 pituuden, leveyden, paksuuden ja pintak\u00e4sittelyn osalta projektin erityisvaatimusten t\u00e4ytt\u00e4miseksi.<br \/>\n<\/p><br \/>\n<br \/>\n<p><b>5.Soveltuvatko n\u00e4m\u00e4 profiilit sek\u00e4 asuin- ett\u00e4 kaupallisiin sovelluksiin? <\/b><\/p>\n<p>Kest\u00e4vyyden ja tyylikk\u00e4\u00e4n ulkon\u00e4\u00f6n ansiosta ne sopivat erilaisiin ymp\u00e4rist\u00f6ihin, kuten koteihin, hotelleihin ja liikerakennuksiin.<br \/>\n<\/p><br \/>\n<br \/>\n<p><b>6.Mik\u00e4 lasin paksuus mahtuu n\u00e4ihin U-kanaviin? <\/b><\/p>\n<p>Ne on yleens\u00e4 suunniteltu sopimaan suihkukaapissa k\u00e4ytett\u00e4viin vakiolasinpaksuuksiin, kuten 6 mm, 8 mm tai 10 mm, mutta niit\u00e4 voidaan r\u00e4\u00e4t\u00e4l\u00f6id\u00e4 tarpeen mukaan.<br \/>\n<\/p><br \/>\n<br \/>\n<p><b>7.Miten n\u00e4m\u00e4 alumiiniprofiilit asennetaan? <\/b><\/p>\n<p>Ne asennetaan kiinnitt\u00e4m\u00e4ll\u00e4 U-kanava haluttuun pintaan ja asettamalla lasipaneeli paikalleen, ja usein k\u00e4ytet\u00e4\u00e4n silikonitiivistett\u00e4 vakauden lis\u00e4\u00e4miseksi.<br \/>\n<\/p><br \/>\n<br \/>\n<p><b>8.Vaaditaanko n\u00e4iss\u00e4 profiileissa erityist\u00e4 huoltoa? <\/b><\/p>\n<p>Ei, kiillotettu alumiinipinta on helppo huoltaa; s\u00e4\u00e4nn\u00f6llinen puhdistus pehme\u00e4ll\u00e4 liinalla ja miedolla pesuaineella riitt\u00e4\u00e4.<br \/>\n<\/p><br \/>\n<br \/>\n<p><b>9.Onko saatavilla erilaisia viimeistelyvaihtoehtoja? <\/b><\/p>\n<p>Kyll\u00e4, kiillotettujen viimeistelyjen lis\u00e4ksi vaihtoehtoja ovat anodisoidut, harjatut ja jauhemaalatut viimeistelyt eri v\u00e4reiss\u00e4.<br \/>\n<\/p><br \/>\n<br \/>\n<p><b>10.Mik\u00e4 on tilausten tyypillinen toimitusaika? <\/b><\/p>\n<p>Toimitusajat vaihtelevat r\u00e4\u00e4t\u00e4l\u00f6innin ja tilausm\u00e4\u00e4r\u00e4n mukaan, mutta vaihtelevat yleens\u00e4 2-6 viikon v\u00e4lill\u00e4.<br \/>\n<\/p><br \/>\n<br \/>\n<p><b>11.Ovatko n\u00e4m\u00e4 alumiiniprofiilit ymp\u00e4rist\u00f6yst\u00e4v\u00e4llisi\u00e4? <\/b><\/p>\n<p>Kyll\u00e4, alumiini on 100%-kierr\u00e4tett\u00e4v\u00e4\u00e4, mik\u00e4 tekee n\u00e4ist\u00e4 profiileista kest\u00e4v\u00e4n valinnan rakennushankkeisiin.<br \/>\n<\/p><br \/>\n<br \/>\n<p><b>12.Voidaanko n\u00e4it\u00e4 profiileja k\u00e4ytt\u00e4\u00e4 muissa sovelluksissa kuin suihkukaapissa? <\/b><\/p>\n<p>Kyll\u00e4, ne ovat monipuolisia ja niit\u00e4 voidaan k\u00e4ytt\u00e4\u00e4 erilaisissa sovelluksissa, joissa tarvitaan tyylikk\u00e4it\u00e4, kest\u00e4vi\u00e4 ja korroosionkest\u00e4vi\u00e4 profiileja.<br \/>\n<\/p><br \/>\n<br \/>\n<p><b>13.Tarjoavatko valmistajat asennustarvikkeita? <\/b><\/p>\n<p>Monet toimittajat tarjoavat t\u00e4ydent\u00e4vi\u00e4 lis\u00e4varusteita, kuten p\u00e4\u00e4tykorkkeja, liittimi\u00e4 ja kiinnityskorvakkeita, jotka t\u00e4ydent\u00e4v\u00e4t asennusratkaisuja.<br \/>\n<\/p><br \/>\n<br \/>\n<p><b>14.Ovatko n\u00e4m\u00e4 profiilit kansainv\u00e4listen laatustandardien mukaisia? <\/b><\/p>\n<p>Kyll\u00e4, hyv\u00e4maineiset valmistajat tuottavat profiileja, jotka ovat ISO-, CE- ja RoHS-standardien mukaisia.<br \/>\n<\/p><br \/>\n<br \/>\n<p><b>15.Voinko pyyt\u00e4\u00e4 n\u00e4ytteit\u00e4 ennen irtotilauksen tekemist\u00e4? <\/b><\/p>\n<p>Kyll\u00e4, useimmat valmistajat tarjoavat n\u00e4ytteit\u00e4, joiden avulla voit varmistaa, ett\u00e4 tuote vastaa vaatimuksiasi, ennen kuin sitoudut suurempaan ostokseen.<br \/>\n<\/p><br \/><\/p>","protected":false},"featured_media":6693,"template":"","categories":[66],"class_list":["post-6694","product","type-product","status-publish","has-post-thumbnail","hentry","category-brushed-aluminum-profile"],"meta_box":{"hilight_text_group":{"product_hilight_text":"<li>Manufactured from high-quality 6463-T5 aluminum alloy for superior strength and corrosion resistance<\/li>\r\r\n<li>Mirror-like polished finish enhances aesthetic appeal in modern bathroom designs<\/li>\r\r\n<li>U-channel design ensures secure and seamless installation of glass panels<\/li>\r\r\n<li>Available in various finishes including anodized, brushed, and powder-coated to match diverse design requirements<\/li>\r\r\n<li>Customizable dimensions and profiles to meet specific project needs<\/li>","product_chanpin_blog":"<ul>\r\r\n<li><a href=\"https:\/\/sinoextrud.com\/t-slot-v-slot-differences\/\" target=\"_blank\">t slot vs v slot<\/a><\/li>\r\r\n<li><a href=\"https:\/\/sinoextrud.com\/what-is-4040-aluminium-extrud\/\" target=\"_blank\">4040 aluminium extrusion<\/a><\/li>\r\r\n<li><a href=\"https:\/\/sinoextrud.com\/what-is-4040-aluminium-extrud\/\" target=\"_blank\">aluminum extrusions for industrial racks<\/a><\/li>\r\r\n<li><a href=\"https:\/\/sinoextrud.com\/powder-coating-aluminium-process\/\" target=\"_blank\">powder coating aluminium<\/a><\/li>\r\r\n<li><a href=\"https:\/\/sinoextrud.com\/what-is-an-aluminium-strip-ceiling\/\" target=\"_blank\">aluminium strip ceiling<\/a><\/li>\r\r\n<li><a href=\"https:\/\/sinoextrud.com\/what-is-a-heat-sink\/\" target=\"_blank\">what is a heat sink<\/a><\/li>\r\r\n<\/ul>","product_chanpin_chanpin":"<li><a href=\"https:\/\/sinoextrud.com\/product\/polished-aluminum-u-channel\/\" target=\"_blank\">Polished Aluminum U Channel<\/a><\/li>\r\n<li><a href=\"https:\/\/sinoextrud.com\/product\/mirror-like-polished-aluminium-extrusion-profiles\/\" target=\"_blank\">Mirror like Polished aluminium extrusion profiles<\/a><\/li>\r\n<li><a href=\"https:\/\/sinoextrud.com\/product\/polished-aluminium-profiles\/\" target=\"_blank\">Polished Aluminium Profiles<\/a><\/li>\r\n<li><a href=\"https:\/\/sinoextrud.com\/product\/6063-t5-extruded-aluminium-profile-with-polish-surface\/\" target=\"_blank\">6063 T5 Extruded Aluminium Profile with Polish Surface<\/a><\/li>\r\n<li><a href=\"https:\/\/sinoextrud.com\/product\/6463-brightness-polished-shower-room-u-channel-aluminum-profile\/\" target=\"_blank\">6463 Brightness Polished Shower Room U Channel Aluminum Profile<\/a><\/li>\r\n<li><a href=\"https:\/\/sinoextrud.com\/product\/500-degree-brightness-polished-aluminum-profile\/\" target=\"_blank\">500 Degree Brightness Polished Aluminum Profile<\/a><\/li>\r\n<li><a href=\"https:\/\/sinoextrud.com\/product\/aluminium-profile\/\" target=\"_blank\">Aluminium profile<\/a><\/li>\r\n<li><a href=\"https:\/\/sinoextrud.com\/product\/aluminium-handrail-tubing\/\" target=\"_blank\">Aluminium Handrail Tubing<\/a><\/li>\r\n<li><a href=\"https:\/\/sinoextrud.com\/product\/kitchen-cabinet-aluminum-profile\/\" target=\"_blank\">Kitchen Cabinet Aluminum Profile<\/a><\/li>\r\n<li><a href=\"https:\/\/sinoextrud.com\/product\/aluminum-curtain-wall-powder-coating-properties-prices-competitive-extrusion-uses-in-construction\/\" target=\"_blank\">aluminum curtain wall Powder Coating properties prices competitive Extrusion uses in construction<\/a><\/li>\r\n<li><a href=\"https:\/\/sinoextrud.com\/product\/alloy-extrusion-profiles\/\" target=\"_blank\">Alloy Extrusion Profiles<\/a><\/li>"},"feature_list":[]},"_links":{"self":[{"href":"https:\/\/sinoextrud.com\/fi\/wp-json\/wp\/v2\/product\/6694","targetHints":{"allow":["GET"]}}],"collection":[{"href":"https:\/\/sinoextrud.com\/fi\/wp-json\/wp\/v2\/product"}],"about":[{"href":"https:\/\/sinoextrud.com\/fi\/wp-json\/wp\/v2\/types\/product"}],"wp:featuredmedia":[{"embeddable":true,"href":"https:\/\/sinoextrud.com\/fi\/wp-json\/wp\/v2\/media\/6693"}],"wp:attachment":[{"href":"https:\/\/sinoextrud.com\/fi\/wp-json\/wp\/v2\/media?parent=6694"}],"wp:term":[{"taxonomy":"category","embeddable":true,"href":"https:\/\/sinoextrud.com\/fi\/wp-json\/wp\/v2\/categories?post=6694"}],"curies":[{"name":"wp","href":"https:\/\/api.w.org\/{rel}","templated":true}]}}