{"id":6682,"date":"2025-05-30T09:35:09","date_gmt":"2025-05-30T09:35:09","guid":{"rendered":"https:\/\/sinoextrud.com\/product\/f-channel-aluminum-extrusion\/"},"modified":"2025-06-24T06:11:30","modified_gmt":"2025-06-24T06:11:30","slug":"f-kanava-alumiinin-puristamiseen","status":"publish","type":"product","link":"https:\/\/sinoextrud.com\/fi\/product\/f-channel-aluminum-extrusion\/","title":{"rendered":"F-kanava Alumiini suulakepuristus"},"content":{"rendered":"<h2>Tuotteiden tiedot<\/h2>\n<table class=\"custom-table\">\n<tr>\n<td class=\"label\">Muoto:<\/td>\n<td>F-levyn alumiiniprofiili<\/td>\n<\/tr>\n<tr>\n<td class=\"label\">Temperamentti:<\/td>\n<td>T3-T8<\/td>\n<\/tr>\n<tr>\n<td class=\"label\">Seos:<\/td>\n<td>Metalliseos<\/td>\n<\/tr>\n<tr>\n<td class=\"label\">Seosaine:<\/td>\n<td>6463 jne.<\/td>\n<\/tr>\n<tr>\n<td class=\"label\">Pintak\u00e4sittely:<\/td>\n<td>kiillotus<\/td>\n<\/tr>\n<tr>\n<td class=\"label\">Kunnia:<\/td>\n<td>SGS, ISO<\/td>\n<\/tr>\n<tr>\n<td class=\"label\">Muu viimeistely:<\/td>\n<td>Anodisointi, puinen rakeinen, kiillotus<\/td>\n<\/tr>\n<tr>\n<td class=\"label\">HS-koodi:<\/td>\n<td>760429900<\/td>\n<\/tr>\n<tr>\n<td class=\"label\">Tyyppi:<\/td>\n<td>showrrom kiillotus Alumiiniprofiili<\/td>\n<\/tr>\n<tr>\n<td class=\"label\">Koneistus:<\/td>\n<td>Hienostunut leikkaus, poraus, rei'itys<\/td>\n<\/tr>\n<tr>\n<td class=\"label\">Alkuper\u00e4:<\/td>\n<td>Foshan, Guangdong.<\/td>\n<\/tr>\n<\/table>\n<h2>Tuotantopohjamme<\/h2>\n<h3>Tehtaan panoraama<\/h3>\n<p><img decoding=\"async\" src=\"\/wp-content\/uploads\/factory-01.webp\"\/><\/p>\n<h3>Alumiini Bar Manufacturing Workshop<\/h3>\n<p><img decoding=\"async\" src=\"\/wp-content\/uploads\/factory-02.webp\"\/><\/p>\n<p><img decoding=\"async\" src=\"\/wp-content\/uploads\/factory-03.webp\"\/><\/p>\n<h3>Muotin varastointi Varasto<\/h3>\n<p><img decoding=\"async\" src=\"\/wp-content\/uploads\/factory-04.webp\"\/><\/p>\n<h3>43 Alumiini ekstruusiolinjat (500\u00e2 5500 tonnia)<\/h3>\n<p><img decoding=\"async\" src=\"\/wp-content\/uploads\/factory-05.webp\"\/><\/p>\n<p><img decoding=\"async\" src=\"\/wp-content\/uploads\/factory-06.webp\"\/><\/p>\n<p><img decoding=\"async\" src=\"\/wp-content\/uploads\/factory-07.webp\"\/><\/p>\n<h3>Jauhemaalaus ty\u00f6paja<\/h3>\n<p><img decoding=\"async\" src=\"\/wp-content\/uploads\/factory-09.webp\"\/><\/p>\n<h3>Anodisointi ty\u00f6paja<\/h3>\n<p><img decoding=\"async\" src=\"\/wp-content\/uploads\/factory-10.webp\"\/><\/p>\n<h3>Syv\u00e4k\u00e4sittelyn ty\u00f6paja<\/h3>\n<p><img decoding=\"async\" src=\"\/wp-content\/uploads\/factory-11.webp\"\/><\/p>\n<h3>CNC-tarkkuuskoneistus ty\u00f6paja<\/h3>\n<p><img decoding=\"async\" src=\"\/wp-content\/uploads\/factory-11.5.webp\"\/><\/p>\n<h3>Valmiiden tuotteiden ja vientivarasto<\/h3>\n<p><img decoding=\"async\" src=\"\/wp-content\/uploads\/factory-12.webp\"\/><\/p>\n<p><img decoding=\"async\" src=\"\/wp-content\/uploads\/factory-13.webp\"\/><\/p>\n<p><img decoding=\"async\" src=\"\/wp-content\/uploads\/factory-14.webp\"\/><\/p>\n<h2>FAQ<\/h2>\n<p><p><b>1.Mik\u00e4 on F-kanavainen alumiinipursotus? <\/b><\/p>\n<p>Se on alumiiniprofiili, jonka poikkileikkaus on F-muotoinen ja jota k\u00e4ytet\u00e4\u00e4n paneelien ja levyjen reunojen tukemiseen, tasaamiseen tai viimeistelyyn.<br \/>\n<\/p><br \/>\n<br \/>\n<p><b>2.Mitk\u00e4 ovat F-kanavien puristekappaleiden yleiset sovellukset? <\/b><\/p>\n<p>Niit\u00e4 k\u00e4ytet\u00e4\u00e4n kaapistoissa, rakentamisessa, opasteissa, sein\u00e4paneeleissa ja runkoj\u00e4rjestelmiss\u00e4.<br \/>\n<\/p><br \/>\n<br \/>\n<p><b>3.Miksi valita alumiini F-kanavaprofiileihin? <\/b><\/p>\n<p>Alumiini on kevytt\u00e4, korroosionkest\u00e4v\u00e4\u00e4 ja helposti ty\u00f6stett\u00e4v\u00e4\u00e4, joten se sopii erinomaisesti sek\u00e4 toiminnallisiin ett\u00e4 esteettisiin k\u00e4ytt\u00f6tarkoituksiin.<br \/>\n<\/p><br \/>\n<br \/>\n<p><b>4.Can F-kanavan alumiiniprofiilit voidaan r\u00e4\u00e4t\u00e4l\u00f6id\u00e4? <\/b><\/p>\n<p>Kyll\u00e4, ne voidaan valmistaa r\u00e4\u00e4t\u00e4l\u00f6ityin\u00e4 pituuksina, leveyksin\u00e4, paksuuksina ja pintak\u00e4sittelyn\u00e4 projektin erityistarpeiden mukaan.<br \/>\n<\/p><br \/>\n<br \/>\n<p><b>5.Ovatko F-kanavapuristeet s\u00e4\u00e4nkest\u00e4vi\u00e4? <\/b><\/p>\n<p>Kyll\u00e4, anodisoidut tai jauhemaalatut pinnoitteet toimivat hyvin ulkotiloissa tai kosteissa olosuhteissa.<br \/>\n<\/p><br \/>\n<br \/>\n<p><b>6.Mit\u00e4 pintak\u00e4sittelyj\u00e4 on saatavana F-kanavaprofiileihin? <\/b><\/p>\n<p>Saatavana on anodisoituja, harjattuja, pulverimaalattuja ja jyrsittyj\u00e4 viimeistelyj\u00e4 erilaisiin visuaalisiin ja suojaaviin tarkoituksiin.<br \/>\n<\/p><br \/>\n<br \/>\n<p><b>7.Tukevatko n\u00e4m\u00e4 profiilit paneelin reunat tukevasti? <\/b><\/p>\n<p>Kyll\u00e4, F-kanavat on suunniteltu tarttumaan paneelin reunoihin ja suojaamaan niit\u00e4 tukevasti, mik\u00e4 est\u00e4\u00e4 vaurioitumisen tai siirtymisen.<br \/>\n<\/p><br \/>\n<br \/>\n<p><b>8.Voinko k\u00e4ytt\u00e4\u00e4 F-kanava-alumiinia lasipaneelien kanssa? <\/b><\/p>\n<p>Kyll\u00e4, monet F-kanavaprofiilit ovat yhteensopivia lasin kanssa, erityisesti koriste- tai v\u00e4lisein\u00e4sovelluksissa.<br \/>\n<\/p><br \/>\n<br \/>\n<p><b>9. ovatko n\u00e4m\u00e4 puristeet helppo asentaa? <\/b><\/p>\n<p>Kyll\u00e4, ne on suunniteltu niin, ett\u00e4 ne on helppo asentaa tavallisilla ty\u00f6kaluilla, ja ne voidaan leikata paikan p\u00e4\u00e4ll\u00e4.<br \/>\n<\/p><br \/>\n<br \/>\n<p><b>10.Onko B2B-asiakkaille asetettu v\u00e4himm\u00e4istilausvaatimus? <\/b><\/p>\n<p>Kyll\u00e4, useimmat valmistajat vaativat v\u00e4himm\u00e4istilausm\u00e4\u00e4r\u00e4n r\u00e4\u00e4t\u00e4l\u00f6ityj\u00e4 tai irtotavarana teht\u00e4vi\u00e4 hankintoja varten.<br \/>\n<\/p><br \/>\n<br \/>\n<p><b>11.Voidaanko F-kanavaprofiilit anodisoida mukautetuissa v\u00e4reiss\u00e4? <\/b><\/p>\n<p>Kyll\u00e4, r\u00e4\u00e4t\u00e4l\u00f6ityj\u00e4 anodisointeja eri v\u00e4reiss\u00e4 on saatavana tuotemerkin tai muotoilun vaatimusten mukaisesti.<br \/>\n<\/p><br \/>\n<br \/>\n<p><b>12.Miten puhdistan F-kanavaiset alumiiniprofiilit? <\/b><\/p>\n<p>Pyyhi ne vain miedolla puhdistusaineella ja pehme\u00e4ll\u00e4 liinalla, jotta niiden ulkon\u00e4k\u00f6 ja toiminta s\u00e4ilyy.<br \/>\n<\/p><br \/>\n<br \/>\n<p><b>13.Ovatko F-kanava-alumiiniprofiilit ymp\u00e4rist\u00f6yst\u00e4v\u00e4llisi\u00e4? <\/b><\/p>\n<p>Kyll\u00e4, alumiini on kierr\u00e4tett\u00e4v\u00e4\u00e4, joten F-kanavaprofiilit ovat ymp\u00e4rist\u00f6vastuullinen valinta.<br \/>\n<\/p><br \/>\n<br \/>\n<p><b>14.Tarjoavatko toimittajat teknisi\u00e4 piirustuksia tai CAD-tiedostoja? <\/b><\/p>\n<p>Kyll\u00e4, monet valmistajat tarjoavat CAD-piirustuksia suunnittelun ja integroinnin tueksi.<br \/>\n<\/p><br \/>\n<br \/>\n<p><b>15.Mik\u00e4 on tyypillinen tuotannon l\u00e4pimenoaika? <\/b><\/p>\n<p>L\u00e4pimenoaika on yleens\u00e4 2-5 viikkoa r\u00e4\u00e4t\u00e4l\u00f6innist\u00e4 ja tilausm\u00e4\u00e4r\u00e4st\u00e4 riippuen.<br \/>\n<\/p><br \/><\/p>","protected":false},"featured_media":6681,"template":"","categories":[66],"class_list":["post-6682","product","type-product","status-publish","has-post-thumbnail","hentry","category-brushed-aluminum-profile"],"meta_box":{"hilight_text_group":{"product_hilight_text":"<li>High-strength aluminum alloy ensures structural stability and long-term use<\/li>\r\r\n<li>F-shaped profile ideal for panel mounting, edge protection, and trim applications<\/li>\r\r\n<li>Corrosion-resistant surface suitable for indoor and outdoor environments<\/li>\r\r\n<li>Customizable dimensions and finishes for various industrial and architectural uses<\/li>\r\r\n<li>Compatible with a wide range of materials including wood, plastic, and glass<\/li>","product_chanpin_blog":"<ul>\r\r\n<li><a href=\"https:\/\/sinoextrud.com\/t-slot-v-slot-differences\/\" target=\"_blank\">t slot vs v slot<\/a><\/li>\r\r\n<li><a href=\"https:\/\/sinoextrud.com\/what-is-4040-aluminium-extrud\/\" target=\"_blank\">4040 aluminium extrusion<\/a><\/li>\r\r\n<li><a href=\"https:\/\/sinoextrud.com\/what-is-4040-aluminium-extrud\/\" target=\"_blank\">aluminum extrusions for industrial racks<\/a><\/li>\r\r\n<li><a href=\"https:\/\/sinoextrud.com\/powder-coating-aluminium-process\/\" target=\"_blank\">powder coating aluminium<\/a><\/li>\r\r\n<li><a href=\"https:\/\/sinoextrud.com\/what-is-an-aluminium-strip-ceiling\/\" target=\"_blank\">aluminium strip ceiling<\/a><\/li>\r\r\n<li><a href=\"https:\/\/sinoextrud.com\/what-is-a-heat-sink\/\" target=\"_blank\">what is a heat sink<\/a><\/li>\r\r\n<\/ul>","product_chanpin_chanpin":"<li><a href=\"https:\/\/sinoextrud.com\/product\/aluminum-extrusion-aluminum-edge-trim-for-truck-body-cabins-profiles\/\" target=\"_blank\">Aluminum Extrusion Aluminum Edge Trim For Truck Body Cabins Profiles<\/a><\/li>\r\n<li><a href=\"https:\/\/sinoextrud.com\/product\/aluminum-extrusion-6063-powder-coating-aluminum-tile-roof-profile\/\" target=\"_blank\">Aluminum Extrusion 6063 Powder Coating Aluminum Tile Roof Profile<\/a><\/li>\r\n<li><a href=\"https:\/\/sinoextrud.com\/product\/brushed-aluminum-profiles\/\" target=\"_blank\">Brushed Aluminum Profiles<\/a><\/li>\r\n<li><a href=\"https:\/\/sinoextrud.com\/product\/aluminum-photo-frame-profile\/\" target=\"_blank\">Aluminum Photo Frame Profile<\/a><\/li>\r\n<li><a href=\"https:\/\/sinoextrud.com\/product\/f-channel-aluminum-extrusion\/\" target=\"_blank\">F Channel Aluminum Extrusion<\/a><\/li>\r\n<li><a href=\"https:\/\/sinoextrud.com\/product\/aluminum-glazing-extrusions\/\" target=\"_blank\">Aluminum Glazing Extrusions<\/a><\/li>\r\n<li><a href=\"https:\/\/sinoextrud.com\/product\/polished-aluminum-u-channel\/\" target=\"_blank\">Polished Aluminum U Channel<\/a><\/li>\r\n<li><a href=\"https:\/\/sinoextrud.com\/product\/mirror-like-polished-aluminium-extrusion-profiles\/\" target=\"_blank\">Mirror like Polished aluminium extrusion profiles<\/a><\/li>\r\n<li><a href=\"https:\/\/sinoextrud.com\/product\/polished-aluminium-profiles\/\" target=\"_blank\">Polished Aluminium Profiles<\/a><\/li>\r\n<li><a href=\"https:\/\/sinoextrud.com\/product\/powder-coated-wooden-grain-aluminium-shutter-profile\/\" target=\"_blank\">Powder Coated Wooden Grain Aluminium Shutter Profile<\/a><\/li>\r\n<li><a href=\"https:\/\/sinoextrud.com\/product\/aluminium-extrusion-wood-grain-aluminum-profile\/\" target=\"_blank\">Aluminium Extrusion Wood Grain Aluminum Profile<\/a><\/li>"},"feature_list":[]},"_links":{"self":[{"href":"https:\/\/sinoextrud.com\/fi\/wp-json\/wp\/v2\/product\/6682","targetHints":{"allow":["GET"]}}],"collection":[{"href":"https:\/\/sinoextrud.com\/fi\/wp-json\/wp\/v2\/product"}],"about":[{"href":"https:\/\/sinoextrud.com\/fi\/wp-json\/wp\/v2\/types\/product"}],"wp:featuredmedia":[{"embeddable":true,"href":"https:\/\/sinoextrud.com\/fi\/wp-json\/wp\/v2\/media\/6681"}],"wp:attachment":[{"href":"https:\/\/sinoextrud.com\/fi\/wp-json\/wp\/v2\/media?parent=6682"}],"wp:term":[{"taxonomy":"category","embeddable":true,"href":"https:\/\/sinoextrud.com\/fi\/wp-json\/wp\/v2\/categories?post=6682"}],"curies":[{"name":"wp","href":"https:\/\/api.w.org\/{rel}","templated":true}]}}