{"id":6662,"date":"2025-05-30T07:54:04","date_gmt":"2025-05-30T07:54:04","guid":{"rendered":"https:\/\/sinoextrud.com\/product\/custom-high-quality-6063-powder-coating-aluminum-pergola-profile\/"},"modified":"2025-06-24T06:11:26","modified_gmt":"2025-06-24T06:11:26","slug":"mukautetun-korkealaatuisen-6063-jauhemaalaus-alumiini-pergola-profiili","status":"publish","type":"product","link":"https:\/\/sinoextrud.com\/fi\/product\/custom-high-quality-6063-powder-coating-aluminum-pergola-profile\/","title":{"rendered":"Custom korkealaatuinen 6063 jauhemaalaus alumiini Pergola Profile profiili"},"content":{"rendered":"<h2>Tuotteiden tiedot<\/h2>\n<table class=\"custom-table\">\n<tr>\n<td class=\"label\">Tuotteen nimi<\/td>\n<td>Custom korkealaatuinen 6063 jauhemaalaus alumiini Pergola Profile profiili<\/td>\n<\/tr>\n<tr>\n<td class=\"label\">Tuotevalikoima<\/td>\n<td>alumiiniprofiilit Alumiini pergola, Moderni alumiini pergola, Alumiini pergola sarjat, Alumiini pergola malleja, Alumiini pergola s\u00e4\u00e4dett\u00e4v\u00e4t s\u00e4lekaihtimet, Alumiini pergola sis\u00e4\u00e4nvedett\u00e4v\u00e4 katos, Alumiini pergola ulkona asumiseen, Alumiini pergola takapihalla, Alumiini pergola polykarbonaatti katto, Alumiini pergola integroitu valaistus, jne.<\/td>\n<\/tr>\n<tr>\n<td class=\"label\">Hakemus<\/td>\n<td>puistot, puutarhat, terassit ja kuistit.<\/td>\n<\/tr>\n<tr>\n<td class=\"label\">Alumiiniseos<\/td>\n<td>6000-sarja, 6063<\/td>\n<\/tr>\n<tr>\n<td class=\"label\">Temper<\/td>\n<td>T5-T8<\/td>\n<\/tr>\n<tr>\n<td class=\"label\">Muoto<\/td>\n<td>r\u00e4\u00e4t\u00e4l\u00f6inti<\/td>\n<\/tr>\n<tr>\n<td class=\"label\">Paksuus<\/td>\n<td>0.8mm-R\u00e4\u00e4t\u00e4l\u00f6ity<\/td>\n<\/tr>\n<tr>\n<td class=\"label\">Pintak\u00e4sittely<\/td>\n<td>Mukautettu pintak\u00e4sittely<\/td>\n<\/tr>\n<tr>\n<td class=\"label\">CNC-syv\u00e4k\u00e4sittely<\/td>\n<td>leikkaaminen, poraaminen, koneistaminen, l\u00e4vist\u00e4minen, taivuttaminen, napauttaminen jne.<\/td>\n<\/tr>\n<tr>\n<td class=\"label\">Sertifikaatit<\/td>\n<td>CE, ISO, SGS, TUV, ROHS<\/td>\n<\/tr>\n<tr>\n<td class=\"label\">Standardi<\/td>\n<td>GB5237.1-2017<\/td>\n<\/tr>\n<tr>\n<td class=\"label\">MOQ<\/td>\n<td>200 kg kutakin profiilia kohti<\/td>\n<\/tr>\n<tr>\n<td class=\"label\">Toimitusaika<\/td>\n<td>Muotin kehitt\u00e4minen ja n\u00e4ytteen muotoilu kest\u00e4\u00e4 12-15 p\u00e4iv\u00e4\u00e4, sitten tuotannon kesto on 15-25 p\u00e4iv\u00e4\u00e4 ostajan talletuksen vastaanottamisen j\u00e4lkeen.<\/td>\n<\/tr>\n<tr>\n<td class=\"label\">Maksuehdot<\/td>\n<td>30% talletus ennen tuotantoa ja saldo ennen l\u00e4hetyst\u00e4.<\/td>\n<\/tr>\n<\/table>\n<h2>Tuotantopohjamme<\/h2>\n<h3>Tehtaan panoraama<\/h3>\n<p><img decoding=\"async\" src=\"\/wp-content\/uploads\/factory-01.webp\"\/><\/p>\n<h3>Alumiini Bar Manufacturing Workshop<\/h3>\n<p><img decoding=\"async\" src=\"\/wp-content\/uploads\/factory-02.webp\"\/><\/p>\n<p><img decoding=\"async\" src=\"\/wp-content\/uploads\/factory-03.webp\"\/><\/p>\n<h3>Muotin varastointi Varasto<\/h3>\n<p><img decoding=\"async\" src=\"\/wp-content\/uploads\/factory-04.webp\"\/><\/p>\n<h3>43 Alumiini ekstruusiolinjat (500\u00e2 5500 tonnia)<\/h3>\n<p><img decoding=\"async\" src=\"\/wp-content\/uploads\/factory-05.webp\"\/><\/p>\n<p><img decoding=\"async\" src=\"\/wp-content\/uploads\/factory-06.webp\"\/><\/p>\n<p><img decoding=\"async\" src=\"\/wp-content\/uploads\/factory-07.webp\"\/><\/p>\n<h3>Jauhemaalaus ty\u00f6paja<\/h3>\n<p><img decoding=\"async\" src=\"\/wp-content\/uploads\/factory-09.webp\"\/><\/p>\n<h3>Anodisointi ty\u00f6paja<\/h3>\n<p><img decoding=\"async\" src=\"\/wp-content\/uploads\/factory-10.webp\"\/><\/p>\n<h3>Syv\u00e4k\u00e4sittelyn ty\u00f6paja<\/h3>\n<p><img decoding=\"async\" src=\"\/wp-content\/uploads\/factory-11.webp\"\/><\/p>\n<h3>CNC-tarkkuuskoneistus ty\u00f6paja<\/h3>\n<p><img decoding=\"async\" src=\"\/wp-content\/uploads\/factory-11.5.webp\"\/><\/p>\n<h3>Valmiiden tuotteiden ja vientivarasto<\/h3>\n<p><img decoding=\"async\" src=\"\/wp-content\/uploads\/factory-12.webp\"\/><\/p>\n<p><img decoding=\"async\" src=\"\/wp-content\/uploads\/factory-13.webp\"\/><\/p>\n<p><img decoding=\"async\" src=\"\/wp-content\/uploads\/factory-14.webp\"\/><\/p>\n<h2>FAQ<\/h2>\n<p><p><b>1.Mik\u00e4 on r\u00e4\u00e4t\u00e4l\u00f6ity korkealaatuinen 6063 jauhemaalattu alumiinipergolaprofiili?<\/b><\/p>\n<p>Se on erityisesti suunniteltu 6063-seoksesta valmistettu jauhemaalattu alumiiniprofiili, jota k\u00e4ytet\u00e4\u00e4n kest\u00e4v\u00e4\u00e4n ja houkuttelevaan pergolan rakentamiseen.<br \/>\n<\/p><br \/>\n<br \/>\n<p><b>2.What ovat t\u00e4rkeimm\u00e4t edut 6063 jauhemaalaus alumiini pergola profiilit?<\/b><\/p>\n<p>Ne tarjoavat erinomaisen korroosionkest\u00e4vyyden, kevyen lujuuden, UV-suojan, s\u00e4\u00e4nkest\u00e4vyyden ja sile\u00e4n, pitk\u00e4ik\u00e4isen pinnan.<br \/>\n<\/p><br \/>\n<br \/>\n<p><b>3.Miksi valita 6063 alumiiniseos pergola-profiileille?<\/b><\/p>\n<p>6063-seos tarjoaa hyv\u00e4t mekaaniset ominaisuudet ja erinomaiset anodisointi- ja jauhemaalausominaisuudet, joten se on ihanteellinen ulkotilojen arkkitehtonisiin rakenteisiin.<br \/>\n<\/p><br \/>\n<br \/>\n<p><b>4.Voiko r\u00e4\u00e4t\u00e4l\u00f6ityj\u00e4 alumiinisia pergolaprofiileja r\u00e4\u00e4t\u00e4l\u00f6id\u00e4 tiettyihin malleihin?<\/b><\/p>\n<p>Kyll\u00e4, ne voidaan r\u00e4\u00e4t\u00e4l\u00f6id\u00e4 muodon, koon, jauhemaalin v\u00e4rin, rakenteen ja pituuden osalta vastaamaan ainutlaatuisia arkkitehtonisia ja maisemointitarpeita.<br \/>\n<\/p><br \/>\n<br \/>\n<p><b>5.Miten jauhemaalaus parantaa alumiinisten pergolaprofiilien suorituskyky\u00e4?<\/b><\/p>\n<p>Jauhemaalaus muodostaa sitke\u00e4n, yhten\u00e4isen suojakerroksen, joka kest\u00e4\u00e4 haalistumista, lohkeilua, naarmuuntumista ja ymp\u00e4rist\u00f6vahinkoja.<br \/>\n<\/p><br \/>\n<br \/>\n<p><b>6.Are 6063 jauhemaalattu alumiini pergola profiilit soveltuvat ulkok\u00e4ytt\u00f6\u00f6n?<\/b><\/p>\n<p>Kyll\u00e4, ne kest\u00e4v\u00e4t ankaria s\u00e4\u00e4olosuhteita, UV-s\u00e4teily\u00e4 ja kosteutta, mik\u00e4 takaa pitk\u00e4aikaisen rakenteellisen eheyden ja esteettisen miellytt\u00e4vyyden.<br \/>\n<\/p><br \/>\n<br \/>\n<p><b>7.Mitk\u00e4 toimialat k\u00e4ytt\u00e4v\u00e4t yleisesti mukautettuja 6063 jauhemaalaus alumiinipergolaprofiileja?<\/b><\/p>\n<p>N\u00e4it\u00e4 profiileja k\u00e4ytt\u00e4v\u00e4t maisema-arkkitehdit, rakennusliikkeet, ulkokalustevalmistajat ja asuntorakentajat.<br \/>\n<\/p><br \/>\n<br \/>\n<p><b>8.Miten mukautetut korkealaatuiset 6063 jauhemaalaus alumiinipergolaprofiilit tukevat kest\u00e4v\u00e4\u00e4 rakentamista?<\/b><\/p>\n<p>Alumiini on t\u00e4ysin kierr\u00e4tett\u00e4viss\u00e4, ja jauhemaalaus on ymp\u00e4rist\u00f6yst\u00e4v\u00e4llinen viimeistely, joka pident\u00e4\u00e4 tuotteen k\u00e4ytt\u00f6ik\u00e4\u00e4 ja v\u00e4hent\u00e4\u00e4 huolto- ja vaihtotiheytt\u00e4.<br \/>\n<\/p><br \/><\/p>","protected":false},"featured_media":6661,"template":"","categories":[64],"class_list":["post-6662","product","type-product","status-publish","has-post-thumbnail","hentry","category-new-trend-aluminium-products"],"meta_box":{"hilight_text_group":{"product_hilight_text":"<li>Made from high-quality 6063 aluminum alloy with excellent strength and durability<\/li>\r\r\n<li>Powder coating provides superior corrosion resistance and vibrant finish<\/li>\r\r\n<li>Customizable profiles tailored to specific pergola design requirements<\/li>\r\r\n<li>Lightweight and easy to install, ideal for outdoor architectural applications<\/li>\r\r\n<li>Supports bulk orders with consistent quality and timely delivery<\/li>","product_chanpin_blog":"<ul>\r\r\n<li><a href=\"https:\/\/sinoextrud.com\/t-slot-v-slot-differences\/\" target=\"_blank\">t slot vs v slot<\/a><\/li>\r\r\n<li><a href=\"https:\/\/sinoextrud.com\/what-is-4040-aluminium-extrud\/\" target=\"_blank\">4040 aluminium extrusion<\/a><\/li>\r\r\n<li><a href=\"https:\/\/sinoextrud.com\/what-is-4040-aluminium-extrud\/\" target=\"_blank\">aluminum extrusions for industrial racks<\/a><\/li>\r\r\n<li><a href=\"https:\/\/sinoextrud.com\/powder-coating-aluminium-process\/\" target=\"_blank\">powder coating aluminium<\/a><\/li>\r\r\n<li><a href=\"https:\/\/sinoextrud.com\/what-is-an-aluminium-strip-ceiling\/\" target=\"_blank\">aluminium strip ceiling<\/a><\/li>\r\r\n<li><a href=\"https:\/\/sinoextrud.com\/what-is-a-heat-sink\/\" target=\"_blank\">what is a heat sink<\/a><\/li>\r\r\n<\/ul>","product_chanpin_chanpin":"<li><a href=\"https:\/\/sinoextrud.com\/product\/aluminum-h-shaped-connected-panels-profile-for-safe-non-slip-walkway-panel-temporary-ground-road\/\" target=\"_blank\">Aluminum H-shaped Connected Panels Profile For Safe Non-slip Walkway Panel Temporary Ground Road<\/a><\/li>\r\n<li><a href=\"https:\/\/sinoextrud.com\/product\/customizable-minimalist-office-aluminum-partition-profiles\/\" target=\"_blank\">Customizable Minimalist Office Aluminum Partition Profiles<\/a><\/li>\r\n<li><a href=\"https:\/\/sinoextrud.com\/product\/cnc-bending-aluminum-frame-profile-for-suitcase-luggage\/\" target=\"_blank\">CNC Bending Aluminum Frame Profile For Suitcase Luggage<\/a><\/li>\r\n<li><a href=\"https:\/\/sinoextrud.com\/product\/custom-high-quality-reinforced-aluminum-flood-planks-aluminum-flood-barrier-profiles\/\" target=\"_blank\">Custom High-quality Reinforced Aluminum Flood Planks Aluminum Flood Barrier Profiles<\/a><\/li>\r\n<li><a href=\"https:\/\/sinoextrud.com\/product\/custom-high-quality-6063-powder-coating-aluminum-pergola-profile\/\" target=\"_blank\">Custom High-quality 6063 Powder Coating Aluminum Pergola Profile<\/a><\/li>\r\n<li><a href=\"https:\/\/sinoextrud.com\/product\/china-high-quality-polishing-shower-enclosure-aluminum-extrusion-profile\/\" target=\"_blank\">China High-quality Polishing Shower Enclosure Aluminum Extrusion Profile<\/a><\/li>\r\n<li><a href=\"https:\/\/sinoextrud.com\/product\/aluminum-extrusion-6063-anodized-wardrobe-clothes-rod-aluminum-profile\/\" target=\"_blank\">Aluminum Extrusion 6063 Anodized Wardrobe Clothes Rod Aluminum Profile<\/a><\/li>\r\n<li><a href=\"https:\/\/sinoextrud.com\/product\/aluminum-extrusion-6063-anodized-clothes-drive-airer-aluminum-rack-profile\/\" target=\"_blank\">Aluminum Extrusion 6063 Anodized Clothes Drive Airer Aluminum Rack Profile<\/a><\/li>\r\n<li><a href=\"https:\/\/sinoextrud.com\/product\/aluminum-extrusion-baseboard-aluminum-skirting-profile\/\" target=\"_blank\">Aluminum Extrusion Baseboard Aluminum Skirting Profile<\/a><\/li>\r\n<li><a href=\"https:\/\/sinoextrud.com\/product\/aluminum-cnc\/\" target=\"_blank\">Aluminum CNC<\/a><\/li>\r\n<li><a href=\"https:\/\/sinoextrud.com\/product\/extruded-aluminum-hex-tube\/\" target=\"_blank\">Extruded Aluminum Hex Tube<\/a><\/li>"},"feature_list":[]},"_links":{"self":[{"href":"https:\/\/sinoextrud.com\/fi\/wp-json\/wp\/v2\/product\/6662","targetHints":{"allow":["GET"]}}],"collection":[{"href":"https:\/\/sinoextrud.com\/fi\/wp-json\/wp\/v2\/product"}],"about":[{"href":"https:\/\/sinoextrud.com\/fi\/wp-json\/wp\/v2\/types\/product"}],"wp:featuredmedia":[{"embeddable":true,"href":"https:\/\/sinoextrud.com\/fi\/wp-json\/wp\/v2\/media\/6661"}],"wp:attachment":[{"href":"https:\/\/sinoextrud.com\/fi\/wp-json\/wp\/v2\/media?parent=6662"}],"wp:term":[{"taxonomy":"category","embeddable":true,"href":"https:\/\/sinoextrud.com\/fi\/wp-json\/wp\/v2\/categories?post=6662"}],"curies":[{"name":"wp","href":"https:\/\/api.w.org\/{rel}","templated":true}]}}