{"id":6640,"date":"2025-05-30T02:45:03","date_gmt":"2025-05-30T02:45:03","guid":{"rendered":"https:\/\/sinoextrud.com\/product\/china-factory-wholesale-6063-aluminum-fence-panels\/"},"modified":"2025-06-24T06:11:23","modified_gmt":"2025-06-24T06:11:23","slug":"kiinan-tehdas-tukku-6063-alumiini-aidan-paneelit","status":"publish","type":"product","link":"https:\/\/sinoextrud.com\/fi\/product\/china-factory-wholesale-6063-aluminum-fence-panels\/","title":{"rendered":"Kiina tehdas tukku 6063 alumiini aita paneelit"},"content":{"rendered":"<h2>Tuotteiden tiedot<\/h2>\n<table class=\"custom-table\">\n<tr>\n<td class=\"label\">Tuotteen nimi<\/td>\n<td>Kiina tehdas tukku 6063 alumiini aidan paneelit<\/td>\n<\/tr>\n<tr>\n<td class=\"label\">Materiaali<\/td>\n<td>Korkealaatuinen 6063 alumiiniseos<\/td>\n<\/tr>\n<tr>\n<td class=\"label\">Mitat<\/td>\n<td>Saatavana r\u00e4\u00e4t\u00e4l\u00f6it\u00e4vi\u00e4 kokoja; vakiokokoja ovat 6ft x 4ft, 8ft x 4ft jne.<\/td>\n<\/tr>\n<tr>\n<td class=\"label\">Paino<\/td>\n<td>Kevyt rakenne helpottaa k\u00e4sittely\u00e4 ja asennusta<\/td>\n<\/tr>\n<tr>\n<td class=\"label\">Suunnitteluvaihtoehdot<\/td>\n<td>Saatavilla on erilaisia tyylej\u00e4, kuten pylv\u00e4s-, yksityisyys- ja koristeellisia malleja.<\/td>\n<\/tr>\n<tr>\n<td class=\"label\">Pintak\u00e4sittely<\/td>\n<td>- Jauhemaalaus (eri v\u00e4rej\u00e4)<br \/>- Anodisointi<br \/>- Wood Grain viimeistely<\/td>\n<\/tr>\n<tr>\n<td class=\"label\">Kest\u00e4vyys<\/td>\n<td>- Korroosionkest\u00e4v\u00e4<br \/>- Ruosteen kest\u00e4v\u00e4<br \/>- UV-kest\u00e4v\u00e4<\/td>\n<\/tr>\n<tr>\n<td class=\"label\">Huolto<\/td>\n<td>V\u00e4h\u00e4n huoltoa; helppo puhdistaa saippualla ja vedell\u00e4.<\/td>\n<\/tr>\n<tr>\n<td class=\"label\">Asennus<\/td>\n<td>Yksinkertainen asennusprosessi; DIY-harrastajat tai ammattilaiset voivat asentaa sen.<\/td>\n<\/tr>\n<tr>\n<td class=\"label\">Laadunvarmistus<\/td>\n<td>- ISO 9001 sertifioitu<br \/>- CE-sertifioitu<br \/>- Tiukka laadunvalvonta jokaisessa tuotantovaiheessa<\/td>\n<\/tr>\n<tr>\n<td class=\"label\">Pakkaus<\/td>\n<td>- Suojamateriaaliin k\u00e4\u00e4ritty<br \/>- Pakattu tukeviin pahvilaatikoihin tai kuormalavoille.<br \/>- R\u00e4\u00e4t\u00e4l\u00f6ityj\u00e4 pakkausvaihtoehtoja saatavilla<\/td>\n<\/tr>\n<tr>\n<td class=\"label\">L\u00e4pimenoaika<\/td>\n<td>Tyypillisesti 15-30 p\u00e4iv\u00e4\u00e4 riippuen tilauksen m\u00e4\u00e4r\u00e4st\u00e4 ja r\u00e4\u00e4t\u00e4l\u00f6innist\u00e4.<\/td>\n<\/tr>\n<tr>\n<td class=\"label\">V\u00e4himm\u00e4istilausm\u00e4\u00e4r\u00e4<\/td>\n<td>10m2 tai 6m (neuvoteltavissa suuremmissa tilauksissa)<\/td>\n<\/tr>\n<tr>\n<td class=\"label\">Toimitusvaihtoehdot<\/td>\n<td>- Merikuljetus<br \/>- Lentorahti<br \/>- Pikatoimitus saatavilla<\/td>\n<\/tr>\n<tr>\n<td class=\"label\">Maailmanlaajuinen ulottuvuus<\/td>\n<td>Tuotteet toimitetaan Pohjois-Amerikkaan, Eurooppaan, Aasiaan ja muille alueille maailmanlaajuisesti.<\/td>\n<\/tr>\n<tr>\n<td class=\"label\">Asiakaspalaute<\/td>\n<td>Korkeat arvosanat laadusta, kest\u00e4vyydest\u00e4 ja asiakaspalvelusta.<\/td>\n<\/tr>\n<tr>\n<td class=\"label\">Miksi valita meid\u00e4t<\/td>\n<td>- 30 vuoden kokemus alalta<br \/>- ODM\/OEM-palvelut saatavilla<br \/>- Kilpailukykyinen hinnoittelu<br \/>- Sitoutuminen kest\u00e4vyyteen<\/td>\n<\/tr>\n<\/table>\n<h2>Tuotantopohjamme<\/h2>\n<h3>Tehtaan panoraama<\/h3>\n<p><img decoding=\"async\" src=\"\/wp-content\/uploads\/factory-01.webp\"\/><\/p>\n<h3>Alumiini Bar Manufacturing Workshop<\/h3>\n<p><img decoding=\"async\" src=\"\/wp-content\/uploads\/factory-02.webp\"\/><\/p>\n<p><img decoding=\"async\" src=\"\/wp-content\/uploads\/factory-03.webp\"\/><\/p>\n<h3>Muotin varastointi Varasto<\/h3>\n<p><img decoding=\"async\" src=\"\/wp-content\/uploads\/factory-04.webp\"\/><\/p>\n<h3>43 Alumiini ekstruusiolinjat (500\u00e2 5500 tonnia)<\/h3>\n<p><img decoding=\"async\" src=\"\/wp-content\/uploads\/factory-05.webp\"\/><\/p>\n<p><img decoding=\"async\" src=\"\/wp-content\/uploads\/factory-06.webp\"\/><\/p>\n<p><img decoding=\"async\" src=\"\/wp-content\/uploads\/factory-07.webp\"\/><\/p>\n<h3>Jauhemaalaus ty\u00f6paja<\/h3>\n<p><img decoding=\"async\" src=\"\/wp-content\/uploads\/factory-09.webp\"\/><\/p>\n<h3>Anodisointi ty\u00f6paja<\/h3>\n<p><img decoding=\"async\" src=\"\/wp-content\/uploads\/factory-10.webp\"\/><\/p>\n<h3>Syv\u00e4k\u00e4sittelyn ty\u00f6paja<\/h3>\n<p><img decoding=\"async\" src=\"\/wp-content\/uploads\/factory-11.webp\"\/><\/p>\n<h3>CNC-tarkkuuskoneistus ty\u00f6paja<\/h3>\n<p><img decoding=\"async\" src=\"\/wp-content\/uploads\/factory-11.5.webp\"\/><\/p>\n<h3>Valmiiden tuotteiden ja vientivarasto<\/h3>\n<p><img decoding=\"async\" src=\"\/wp-content\/uploads\/factory-12.webp\"\/><\/p>\n<p><img decoding=\"async\" src=\"\/wp-content\/uploads\/factory-13.webp\"\/><\/p>\n<p><img decoding=\"async\" src=\"\/wp-content\/uploads\/factory-14.webp\"\/><\/p>\n<h2>FAQ<\/h2>\n<p><p><b>1.What ovat Kiinan tehdas tukku 6063 alumiini aidan paneelit?<\/b><\/p>\n<p>Ne ovat Kiinassa 6063-alumiiniseoksesta valmistettuja aidan paneeleita, joita tarjotaan tukkuhintaan erilaisiin aitaussovelluksiin.<br \/>\n<\/p><br \/>\n<br \/>\n<p><b>2.What ovat t\u00e4rkeimm\u00e4t edut 6063 alumiini aidan paneelit?<\/b><\/p>\n<p>6063-alumiinipaneelit tarjoavat erinomaisen korroosionkest\u00e4vyyden, kevyen lujuuden, hyv\u00e4n hitsattavuuden ja ulkok\u00e4ytt\u00f6\u00f6n soveltuvan sile\u00e4n pinnan.<br \/>\n<\/p><br \/>\n<br \/>\n<p><b>3.Miksi valita 6063 alumiiniseos aidan paneelit?<\/b><\/p>\n<p>6063-seos tarjoaa t\u00e4ydellisen tasapainon lujuuden, korroosionkest\u00e4vyyden ja esteettisyyden v\u00e4lill\u00e4, joten se sopii erinomaisesti kest\u00e4viin ja houkutteleviin aitaratkaisuihin.<br \/>\n<\/p><br \/>\n<br \/>\n<p><b>4.Can Kiinan tehdas tukku 6063 alumiini aidan paneelit voidaan r\u00e4\u00e4t\u00e4l\u00f6id\u00e4?<\/b><\/p>\n<p>Kyll\u00e4, ne voidaan r\u00e4\u00e4t\u00e4l\u00f6id\u00e4 koon, muotoilun, v\u00e4rin, pintak\u00e4sittelyn ja pinnoitteen osalta vastaamaan erityisi\u00e4 projekti- ja arkkitehtonisia vaatimuksia.<br \/>\n<\/p><br \/>\n<br \/>\n<p><b>5.Miten ostaminen Kiinan tehtaan tukkukaupasta hy\u00f6dytt\u00e4\u00e4 ostajia?<\/b><\/p>\n<p>Tukkukauppa kiinalaisilta tehtailta tarjoaa kustannustehokkaan hinnoittelun, suuren m\u00e4\u00e4r\u00e4n saatavuuden ja joustavat r\u00e4\u00e4t\u00e4l\u00f6intimahdollisuudet.<br \/>\n<\/p><br \/>\n<br \/>\n<p><b>6.Are 6063 alumiini aidan paneelit soveltuvat ulkoymp\u00e4rist\u00f6ihin?<\/b><\/p>\n<p>Kyll\u00e4, 6063-alumiinipaneelit kest\u00e4v\u00e4t ruostetta, UV-s\u00e4teit\u00e4 ja kovia s\u00e4\u00e4olosuhteita, mik\u00e4 takaa pitk\u00e4aikaisen toimivuuden ulkotiloissa.<br \/>\n<\/p><br \/>\n<br \/>\n<p><b>7.Mitk\u00e4 teollisuudenalat k\u00e4ytt\u00e4v\u00e4t yleisesti 6063 alumiiniaitapaneeleita?<\/b><\/p>\n<p>Asuin-, liike-, teollisuus- ja maataloussektorit k\u00e4ytt\u00e4v\u00e4t n\u00e4it\u00e4 paneeleita turva-, yksityisyys- ja koristeaitauksiin.<br \/>\n<\/p><br \/>\n<br \/>\n<p><b>8.How 6063 alumiini aidan paneelit tukevat kest\u00e4v\u00e4\u00e4 rakentamista?<\/b><\/p>\n<p>Alumiini on 100% kierr\u00e4tett\u00e4v\u00e4\u00e4, kevytt\u00e4 ja kest\u00e4v\u00e4\u00e4, mik\u00e4 v\u00e4hent\u00e4\u00e4 ymp\u00e4rist\u00f6vaikutuksia ja edist\u00e4\u00e4 ymp\u00e4rist\u00f6yst\u00e4v\u00e4llisi\u00e4 aitaratkaisuja.<br \/>\n<\/p><br \/><\/p>","protected":false},"featured_media":6639,"template":"","categories":[64],"class_list":["post-6640","product","type-product","status-publish","has-post-thumbnail","hentry","category-new-trend-aluminium-products"],"meta_box":{"hilight_text_group":{"product_hilight_text":"<li>Wholesale pricing from a trusted China factory for cost-effective sourcing<\/li>\r\r\n<li>Made from durable 6063 aluminum alloy with excellent corrosion resistance<\/li>\r\r\n<li>Lightweight yet strong panels suitable for residential and commercial fencing<\/li>\r\r\n<li>Custom sizes and finishes available to meet diverse project needs<\/li>\r\r\n<li>Reliable bulk supply with consistent quality and timely delivery<\/li>","product_chanpin_blog":"<ul>\r\r\n<li><a href=\"https:\/\/sinoextrud.com\/t-slot-v-slot-differences\/\" target=\"_blank\">t slot vs v slot<\/a><\/li>\r\r\n<li><a href=\"https:\/\/sinoextrud.com\/what-is-4040-aluminium-extrud\/\" target=\"_blank\">4040 aluminium extrusion<\/a><\/li>\r\r\n<li><a href=\"https:\/\/sinoextrud.com\/what-is-4040-aluminium-extrud\/\" target=\"_blank\">aluminum extrusions for industrial racks<\/a><\/li>\r\r\n<li><a href=\"https:\/\/sinoextrud.com\/powder-coating-aluminium-process\/\" target=\"_blank\">powder coating aluminium<\/a><\/li>\r\r\n<li><a href=\"https:\/\/sinoextrud.com\/what-is-an-aluminium-strip-ceiling\/\" target=\"_blank\">aluminium strip ceiling<\/a><\/li>\r\r\n<li><a href=\"https:\/\/sinoextrud.com\/what-is-a-heat-sink\/\" target=\"_blank\">what is a heat sink<\/a><\/li>\r\r\n<\/ul>","product_chanpin_chanpin":"<li><a href=\"https:\/\/sinoextrud.com\/product\/aluminum-shower-door-frame-parts-u-channel\/\" target=\"_blank\">Aluminum Shower Door Frame Parts U-channel<\/a><\/li>\r\n<li><a href=\"https:\/\/sinoextrud.com\/product\/aluminium-extrusion-and-aluminium-profile\/\" target=\"_blank\">Aluminium Extrusion and Aluminium Profile<\/a><\/li>\r\n<li><a href=\"https:\/\/sinoextrud.com\/product\/telescopic-aluminium-square-tube\/\" target=\"_blank\">Telescopic Aluminium Square Tube<\/a><\/li>\r\n<li><a href=\"https:\/\/sinoextrud.com\/product\/customizable-bathroom-mirror-frame-bent-aluminum-profiles\/\" target=\"_blank\">Customizable Bathroom Mirror Frame Bent Aluminum Profiles<\/a><\/li>\r\n<li><a href=\"https:\/\/sinoextrud.com\/product\/china-factory-wholesale-6063-aluminum-fence-panels\/\" target=\"_blank\">China Factory Wholesale 6063 Aluminum Fence Panels<\/a><\/li>\r\n<li><a href=\"https:\/\/sinoextrud.com\/product\/aluminum-slatwall-panel-insert-profile\/\" target=\"_blank\">Aluminum Slatwall Panel Insert Profile<\/a><\/li>\r\n<li><a href=\"https:\/\/sinoextrud.com\/product\/custom-high-quality-aluminum-shower-room-mirror-frame-aluminum-profile\/\" target=\"_blank\">Custom High-quality Aluminum Shower Room Mirror Frame Aluminum Profile<\/a><\/li>\r\n<li><a href=\"https:\/\/sinoextrud.com\/product\/20-year-warranty-6061-6063-aluminum-wood-grain-look-aluminum-extruded-square-rectangular-tube\/\" target=\"_blank\">20-Year Warranty 6061 6063 Aluminum Wood Grain Look Aluminum Extruded Square Rectangular Tube<\/a><\/li>\r\n<li><a href=\"https:\/\/sinoextrud.com\/product\/aluminum-h-shaped-connected-panels-profile-for-safe-non-slip-walkway-panel-temporary-ground-road\/\" target=\"_blank\">Aluminum H-shaped Connected Panels Profile For Safe Non-slip Walkway Panel Temporary Ground Road<\/a><\/li>\r\n<li><a href=\"https:\/\/sinoextrud.com\/product\/aluminum-balustrade-handrail\/\" target=\"_blank\">Aluminum Balustrade Handrail<\/a><\/li>\r\n<li><a href=\"https:\/\/sinoextrud.com\/product\/roller-shutter-profiles-aluminum\/\" target=\"_blank\">Roller Shutter Profiles Aluminum<\/a><\/li>"},"feature_list":[]},"_links":{"self":[{"href":"https:\/\/sinoextrud.com\/fi\/wp-json\/wp\/v2\/product\/6640","targetHints":{"allow":["GET"]}}],"collection":[{"href":"https:\/\/sinoextrud.com\/fi\/wp-json\/wp\/v2\/product"}],"about":[{"href":"https:\/\/sinoextrud.com\/fi\/wp-json\/wp\/v2\/types\/product"}],"wp:featuredmedia":[{"embeddable":true,"href":"https:\/\/sinoextrud.com\/fi\/wp-json\/wp\/v2\/media\/6639"}],"wp:attachment":[{"href":"https:\/\/sinoextrud.com\/fi\/wp-json\/wp\/v2\/media?parent=6640"}],"wp:term":[{"taxonomy":"category","embeddable":true,"href":"https:\/\/sinoextrud.com\/fi\/wp-json\/wp\/v2\/categories?post=6640"}],"curies":[{"name":"wp","href":"https:\/\/api.w.org\/{rel}","templated":true}]}}