{"id":6634,"date":"2025-05-30T02:35:11","date_gmt":"2025-05-30T02:35:11","guid":{"rendered":"https:\/\/sinoextrud.com\/product\/aluminium-extrusion-and-aluminium-profile\/"},"modified":"2025-06-24T06:11:22","modified_gmt":"2025-06-24T06:11:22","slug":"puristettu-alumiini-ja-alumiiniprofiili","status":"publish","type":"product","link":"https:\/\/sinoextrud.com\/fi\/product\/aluminium-extrusion-and-aluminium-profile\/","title":{"rendered":"Alumiinipuristaminen ja alumiiniprofiili"},"content":{"rendered":"<h2>Tuotteiden tiedot<\/h2>\n<table class=\"custom-table\">\n<tr>\n<td class=\"label\">Tuotteen tyyppi<\/td>\n<td>puristettu alumiini ja alumiiniprofiili<\/td>\n<\/tr>\n<tr>\n<td class=\"label\">Materiaali<\/td>\n<td>korkealaatuinen alumiiniseos<br \/>6000-sarja (6061, 6063, 6082 jne.)<br \/>7000-sarja (7001,7003,7005,7075 jne.).<\/td>\n<\/tr>\n<tr>\n<td class=\"label\">Mitat<\/td>\n<td>Voit mukauttaa sen pituutta, leveytt\u00e4, korkeutta, paksuutta jne.<\/td>\n<\/tr>\n<tr>\n<td class=\"label\">Korkean tarkkuuden mukautettu suunnittelu<\/td>\n<td>\u00b1 0,1 mm \u00b1 0,03 mm \u00b1 0,1 mm.<\/td>\n<\/tr>\n<tr>\n<td class=\"label\">Pintak\u00e4sittely<\/td>\n<td>puunjyv\u00e4, anodisointi, kiillotus, harjaus, hiekkapuhallus, jauhemaalaus, elektroforeesi, PVDF-pinnoite, fluorihiilipinnoite jne. (Jopa 20 vuoden takuu).<\/td>\n<\/tr>\n<tr>\n<td class=\"label\">CNC-syv\u00e4k\u00e4sittely<\/td>\n<td>jyrsint\u00e4, poraus, poraus, leikkaus, hionta. Kierteen k\u00e4sittely, hammaspy\u00f6rien k\u00e4sittely, kirjaimet, kaiverrus ja muut erityiset k\u00e4sittelyprosessit.<\/td>\n<\/tr>\n<tr>\n<td class=\"label\">Sovellukset<\/td>\n<td>Voit r\u00e4\u00e4t\u00e4l\u00f6id\u00e4 erityisi\u00e4 tarpeita ja sovelluksia varten.<\/td>\n<\/tr>\n<tr>\n<td class=\"label\">Alumiininen T-profiili<\/td>\n<td>vakio T-profiili, raskas T-profiili, kevyt T-profiili, liukuva T-profiili, rakenteellinen T-profiili, koristeellinen T-profiili<\/td>\n<\/tr>\n<tr>\n<td class=\"label\">Alumiininen U-profiili<\/td>\n<td>standardi U-profiili, J-trim U-profiili, hattu U-profiili, r\u00e4\u00e4t\u00e4l\u00f6idyt U-profiilit jne.<\/td>\n<\/tr>\n<tr>\n<td class=\"label\">Alumiini I-profiili<\/td>\n<td>vakio I-profiili, raskas I-profiili, kartiomainen I-profiili, py\u00f6ristetty reuna I-profiili, r\u00e4\u00e4t\u00e4l\u00f6idyt I-profiilit jne.<\/td>\n<\/tr>\n<tr>\n<td class=\"label\">Alumiininen kulmaprofiili<\/td>\n<td>suorakulma, vinokulma, py\u00f6ristetty kulma, tasasivuinen kulma, L-kirjaimen muotoinen kulma jne.<\/td>\n<\/tr>\n<tr>\n<td class=\"label\">Alumiininen T-uraprofiili<\/td>\n<td>tyyppi 2020, tyyppi 3030, tyyppi 4040, tyyppi 4545, tyyppi 8080, 3030R (py\u00f6ristetyill\u00e4 kulmilla), 2020L (viisteill\u00e4), 4080 (suuremmalla poikkileikkauslujuudella) jne.<\/td>\n<\/tr>\n<tr>\n<td class=\"label\">Uritettu alumiiniprofiili<\/td>\n<td>yhden uran profiili, kahden uran profiili, kolmen uran profiili, usean uran profiili, py\u00f6re\u00e4 uraprofiili, kevyt uraprofiili, raskas uraprofiili jne.<\/td>\n<\/tr>\n<tr>\n<td class=\"label\">Alumiiniputkiprofiilit<\/td>\n<td>py\u00f6re\u00e4, puoliksi py\u00f6re\u00e4, soikea, suorakaiteen muotoinen, neli\u00f6, kolmion muotoinen, paksusein\u00e4inen, ohutsein\u00e4inen, suuri halkaisija, pieni halkaisija, teleskooppi jne.<\/td>\n<\/tr>\n<tr>\n<td class=\"label\">Alumiininen puolisuunnikkaan muotoinen profiili<\/td>\n<td>tavallinen puolisuunnikkaan muotoinen profiili, uurrettu puolisuunnikkaan muotoinen profiili, eristetty puolisuunnikkaan muotoinen profiili, kaareva puolisuunnikkaan muotoinen profiili, seisova sauma puolisuunnikkaan muotoinen profiili, rei'itetty puolisuunnikkaan muotoinen profiili, aaltopahvin muotoinen puolisuunnikkaan muotoinen profiili.<\/td>\n<\/tr>\n<tr>\n<td class=\"label\">Alumiininen inserttiprofiili<\/td>\n<td>vakio inserttiprofiili, kierteitetty inserttiprofiili, t-urallinen inserttiprofiili, kaapelinserttiprofiili, kulmaserttiprofiili, leikkuuserttiprofiili, liukuserttiprofiili, saranaserttiprofiili jne.<\/td>\n<\/tr>\n<tr>\n<td class=\"label\">Alumiininen runkoprofiili<\/td>\n<td>arvokehys, t-aukkokehys, n\u00e4yt\u00f6n kehys, l-muotoinen kehys, ikkunakehys, ovenkehys, hyttysverkko, kehysj\u00e4rjestelm\u00e4, rakenteellinen kehys, v-aukkokehys, kehys aurinkopaneelin asennukseen, peilikehys, lasikehys, ovikarmi, profiilikehys, kipsi kattokehys, valokuvakehys, kuvakehys, sein\u00e4kehys, julistekehys, snap-kehys.<\/td>\n<\/tr>\n<tr>\n<td class=\"label\">Arkkitehtoninen alumiiniprofiili<\/td>\n<td>verhosein\u00e4profiilit, ikkuna- ja oviprofiilit, v\u00e4lisein\u00e4profiilit, kaide- ja kaideprofiilit, verhousprofiilit, aurinkopaneelien kehysprofiilit, kattoikkunaprofiilit, s\u00e4leikk\u00f6profiilit, vammaisluiskaprofiilit, rakenneprofiilit jne.<\/td>\n<\/tr>\n<tr>\n<td class=\"label\">Teollinen alumiiniprofiili<\/td>\n<td>profiilitarvikkeet, moottorikoteloprofiilit, n\u00e4ytt\u00f6profiilit, led-valaistusprofiilit, elektroniikkaprofiilit jne.<\/td>\n<\/tr>\n<tr>\n<td class=\"label\">Alumiininen lasiprofiili<\/td>\n<td>ikkunankehysprofiilit, ovenkehysprofiilit, verhosein\u00e4profiilit, v\u00e4lisein\u00e4profiilit, julkisivuprofiilit, kattoikkunoiden kehysprofiilit, lasikaideprofiilit, lasikatosprofiilit, lasijulkisivuprofiilit, vitriiniprofiilit ja vitriiniprofiilit<\/td>\n<\/tr>\n<tr>\n<td class=\"label\">Alumiininen suihkuprofiili<\/td>\n<td>U-kanavaprofiilit, saranaprofiilit, p\u00e4\u00e4typrofiilit, kulmaprofiilit, sein\u00e4profiilit, kynnysprofiilit, kahvaprofiilit, tukitangot ja kannattimet, kanavaprofiilit.<\/td>\n<\/tr>\n<tr>\n<td class=\"label\">Alumiinihuonekalujen profiili<\/td>\n<td>runkoprofiilit, reunaprofiilit, suulakepuristetut profiilit, kahvaprofiilit, jalka-profiilit, somistusprofiilit, liitinprofiilit, liukuj\u00e4rjestelm\u00e4profiilit, modulaariset j\u00e4rjestelm\u00e4profiilit, erikoisprofiilit<\/td>\n<\/tr>\n<tr>\n<td class=\"label\">LED-valo alumiiniprofiili<\/td>\n<td>j\u00e4\u00e4hdytyselementti, runko tai kotelo, kiinnityskannatin, valoheijastin tai -hajotin, kanava tai kisko jne.<\/td>\n<\/tr>\n<tr>\n<td class=\"label\">Alumiininen j\u00e4\u00e4hdytyselementti<\/td>\n<td>finned j\u00e4\u00e4hdytyselementti, pin fin j\u00e4\u00e4hdytyselementti, l\u00e4mp\u00f6putki j\u00e4\u00e4hdytyselementti, py\u00f6rre j\u00e4\u00e4hdytyselementti, tuuletin j\u00e4\u00e4hdytyselementti, jne.<\/td>\n<\/tr>\n<tr>\n<td class=\"label\">Ajoneuvon alumiiniprofiili<\/td>\n<td>1. Runkorakenteen runko- ja tukiosat: henkil\u00f6autojen, kuorma-autojen, junien, metrojen ja muiden kulkuneuvojen rungot.<br \/>2. ovet ja ikkunankarmit<br \/>3. sisustus: kojelauta, keskikonsoli, kynnyspaneelit jne.<br \/>4. Navat ja py\u00f6r\u00e4t<br \/>5. Ilmailu- ja laivarakenteet: siivet, rungot ja laivarakenteet jne.<\/td>\n<\/tr>\n<\/table>\n<h2>Tuotantopohjamme<\/h2>\n<h3>Tehtaan panoraama<\/h3>\n<p><img decoding=\"async\" src=\"\/wp-content\/uploads\/factory-01.webp\"\/><\/p>\n<h3>Alumiini Bar Manufacturing Workshop<\/h3>\n<p><img decoding=\"async\" src=\"\/wp-content\/uploads\/factory-02.webp\"\/><\/p>\n<p><img decoding=\"async\" src=\"\/wp-content\/uploads\/factory-03.webp\"\/><\/p>\n<h3>Muotin varastointi Varasto<\/h3>\n<p><img decoding=\"async\" src=\"\/wp-content\/uploads\/factory-04.webp\"\/><\/p>\n<h3>43 alumiinin ekstruusiolinjat (500-5500 tonnia)<\/h3>\n<p><img decoding=\"async\" src=\"\/wp-content\/uploads\/factory-05.webp\"\/><\/p>\n<p><img decoding=\"async\" src=\"\/wp-content\/uploads\/factory-06.webp\"\/><\/p>\n<p><img decoding=\"async\" src=\"\/wp-content\/uploads\/factory-07.webp\"\/><\/p>\n<h3>Jauhemaalaus ty\u00f6paja<\/h3>\n<p><img decoding=\"async\" src=\"\/wp-content\/uploads\/factory-09.webp\"\/><\/p>\n<h3>Anodisointi ty\u00f6paja<\/h3>\n<p><img decoding=\"async\" src=\"\/wp-content\/uploads\/factory-10.webp\"\/><\/p>\n<h3>Syv\u00e4k\u00e4sittelyn ty\u00f6paja<\/h3>\n<p><img decoding=\"async\" src=\"\/wp-content\/uploads\/factory-11.webp\"\/><\/p>\n<h3>CNC-tarkkuuskoneistus ty\u00f6paja<\/h3>\n<p><img decoding=\"async\" src=\"\/wp-content\/uploads\/factory-11.5.webp\"\/><\/p>\n<h3>Valmiiden tuotteiden ja vientivarasto<\/h3>\n<p><img decoding=\"async\" src=\"\/wp-content\/uploads\/factory-12.webp\"\/><\/p>\n<p><img decoding=\"async\" src=\"\/wp-content\/uploads\/factory-13.webp\"\/><\/p>\n<p><img decoding=\"async\" src=\"\/wp-content\/uploads\/factory-14.webp\"\/><\/p>\n<h2>FAQ<\/h2>\n<p><p><b>1.Mik\u00e4 on alumiinipuristaminen ja alumiiniprofiili?<\/b><\/p>\n<p>Alumiinin suulakepuristus on valmistusprosessi, jossa alumiiniprofiileja luodaan pakottamalla alumiiniseos muotoillun muotin l\u00e4pi erilaisten poikkileikkausmallien muodostamiseksi.<br \/>\n<\/p><br \/>\n<br \/>\n<p><b>2.Mitk\u00e4 ovat alumiiniprofiilien ja alumiiniprofiilien t\u00e4rkeimm\u00e4t edut?<\/b><\/p>\n<p>Ne tarjoavat korkean lujuus-painosuhteen, erinomaisen korroosionkest\u00e4vyyden, suunnittelun monipuolisuuden, tarkat mitat ja helpon valmistuksen useita sovelluksia varten.<br \/>\n<\/p><br \/>\n<br \/>\n<p><b>3.Miksi valita suulakepuristamalla valmistetut alumiiniprofiilit?<\/b><\/p>\n<p>Ekstruusio mahdollistaa monimutkaiset muodot, tiukat toleranssit ja tasaisen laadun, mik\u00e4 mahdollistaa kevyet ja vahvat komponentit esimerkiksi rakennus-, auto- ja elektroniikkateollisuudessa.<br \/>\n<\/p><br \/>\n<br \/>\n<p><b>4.Voiko alumiiniprofiileja ja -profiileja r\u00e4\u00e4t\u00e4l\u00f6id\u00e4?<\/b><\/p>\n<p>Kyll\u00e4, ne voidaan r\u00e4\u00e4t\u00e4l\u00f6id\u00e4 metalliseoksen tyypin, muodon, koon, pintak\u00e4sittelyn ja mekaanisten ominaisuuksien osalta vastaamaan erityisi\u00e4 projektivaatimuksia.<br \/>\n<\/p><br \/>\n<br \/>\n<p><b>5.Miten alumiinin suulakepuristaminen parantaa tuotteen suorituskyky\u00e4?<\/b><\/p>\n<p>Prosessi parantaa materiaaliominaisuuksia, tuottaa yhten\u00e4isi\u00e4 poikkileikkauksia ja mahdollistaa toiminnallisten ominaisuuksien integroinnin, mik\u00e4 parantaa kest\u00e4vyytt\u00e4 ja toimivuutta.<br \/>\n<\/p><br \/>\n<br \/>\n<p><b>6.Soveltuvatko alumiiniprofiilit ja -profiilit ulkok\u00e4ytt\u00f6\u00f6n?<\/b><\/p>\n<p>Kyll\u00e4, alumiinin luonnollinen korroosionkest\u00e4vyys ja ylim\u00e4\u00e4r\u00e4iset pintak\u00e4sittelyt, kuten anodisointi tai jauhemaalaus, tekev\u00e4t niist\u00e4 ihanteellisia vaativiin ymp\u00e4rist\u00f6ihin.<br \/>\n<\/p><br \/>\n<br \/>\n<p><b>7.Mill\u00e4 teollisuudenaloilla k\u00e4ytet\u00e4\u00e4n yleisesti alumiinipursotusta ja alumiiniprofiileja?<\/b><\/p>\n<p>Rakennus-, auto-, ilmailu-, elektroniikka-, huonekalu- ja pakkausteollisuudessa n\u00e4it\u00e4 profiileja k\u00e4ytet\u00e4\u00e4n laajalti niiden lujuuden ja keveyden vuoksi.<br \/>\n<\/p><br \/>\n<br \/>\n<p><b>8.Miten alumiiniprofiilit tukevat kest\u00e4v\u00e4\u00e4 tuotantoa?<\/b><\/p>\n<p>Alumiini on 100% kierr\u00e4tett\u00e4v\u00e4\u00e4 ilman ominaisuuksien heikkenemist\u00e4, ja suulakepuristus tuottaa vain v\u00e4h\u00e4n j\u00e4tett\u00e4, mik\u00e4 edist\u00e4\u00e4 ymp\u00e4rist\u00f6yst\u00e4v\u00e4llisi\u00e4 tuotantoprosesseja.<br \/>\n<\/p><br \/><\/p>","protected":false},"featured_media":6633,"template":"","categories":[64],"class_list":["post-6634","product","type-product","status-publish","has-post-thumbnail","hentry","category-new-trend-aluminium-products"],"meta_box":{"hilight_text_group":{"product_hilight_text":"<li>High-precision extrusion ensures consistent dimensions and superior quality<\/li>\r\r\n<li>Wide range of aluminum profiles suitable for various industrial applications<\/li>\r\r\n<li>Lightweight and corrosion-resistant for long-lasting performance<\/li>\r\r\n<li>Customizable sizes, shapes, and surface finishes to meet project needs<\/li>\r\r\n<li>Reliable bulk supply with competitive pricing and timely delivery<\/li>","product_chanpin_blog":"<ul>\r\r\n<li><a href=\"https:\/\/sinoextrud.com\/t-slot-v-slot-differences\/\" target=\"_blank\">t slot vs v slot<\/a><\/li>\r\r\n<li><a href=\"https:\/\/sinoextrud.com\/what-is-4040-aluminium-extrud\/\" target=\"_blank\">4040 aluminium extrusion<\/a><\/li>\r\r\n<li><a href=\"https:\/\/sinoextrud.com\/what-is-4040-aluminium-extrud\/\" target=\"_blank\">aluminum extrusions for industrial racks<\/a><\/li>\r\r\n<li><a href=\"https:\/\/sinoextrud.com\/powder-coating-aluminium-process\/\" target=\"_blank\">powder coating aluminium<\/a><\/li>\r\r\n<li><a href=\"https:\/\/sinoextrud.com\/what-is-an-aluminium-strip-ceiling\/\" target=\"_blank\">aluminium strip ceiling<\/a><\/li>\r\r\n<li><a href=\"https:\/\/sinoextrud.com\/what-is-a-heat-sink\/\" target=\"_blank\">what is a heat sink<\/a><\/li>\r\r\n<\/ul>","product_chanpin_chanpin":"<li><a href=\"https:\/\/sinoextrud.com\/product\/wood-grain-aluminum-decking\/\" target=\"_blank\">Wood Grain Aluminum Decking<\/a><\/li>\r\n<li><a href=\"https:\/\/sinoextrud.com\/product\/weather-resistant-wood-grain-aluminum-profile\/\" target=\"_blank\">Weather Resistant Wood Grain Aluminum Profile<\/a><\/li>\r\n<li><a href=\"https:\/\/sinoextrud.com\/product\/aluminium-kitchen-cabinet-handles\/\" target=\"_blank\">Aluminium Kitchen Cabinet Handles<\/a><\/li>\r\n<li><a href=\"https:\/\/sinoextrud.com\/product\/aluminum-shower-door-frame-parts-u-channel\/\" target=\"_blank\">Aluminum Shower Door Frame Parts U-channel<\/a><\/li>\r\n<li><a href=\"https:\/\/sinoextrud.com\/product\/aluminium-extrusion-and-aluminium-profile\/\" target=\"_blank\">Aluminium Extrusion and Aluminium Profile<\/a><\/li>\r\n<li><a href=\"https:\/\/sinoextrud.com\/product\/telescopic-aluminium-square-tube\/\" target=\"_blank\">Telescopic Aluminium Square Tube<\/a><\/li>\r\n<li><a href=\"https:\/\/sinoextrud.com\/product\/customizable-bathroom-mirror-frame-bent-aluminum-profiles\/\" target=\"_blank\">Customizable Bathroom Mirror Frame Bent Aluminum Profiles<\/a><\/li>\r\n<li><a href=\"https:\/\/sinoextrud.com\/product\/china-factory-wholesale-6063-aluminum-fence-panels\/\" target=\"_blank\">China Factory Wholesale 6063 Aluminum Fence Panels<\/a><\/li>\r\n<li><a href=\"https:\/\/sinoextrud.com\/product\/aluminum-slatwall-panel-insert-profile\/\" target=\"_blank\">Aluminum Slatwall Panel Insert Profile<\/a><\/li>\r\n<li><a href=\"https:\/\/sinoextrud.com\/product\/aluminium-profile-for-shower-room\/\" target=\"_blank\">Aluminium Profile For Shower Room<\/a><\/li>\r\n<li><a href=\"https:\/\/sinoextrud.com\/product\/aluminium-extrusion-caravan-awning-aluminum-profile\/\" target=\"_blank\">Aluminium Extrusion Caravan Awning Aluminum Profile<\/a><\/li>"},"feature_list":[]},"_links":{"self":[{"href":"https:\/\/sinoextrud.com\/fi\/wp-json\/wp\/v2\/product\/6634","targetHints":{"allow":["GET"]}}],"collection":[{"href":"https:\/\/sinoextrud.com\/fi\/wp-json\/wp\/v2\/product"}],"about":[{"href":"https:\/\/sinoextrud.com\/fi\/wp-json\/wp\/v2\/types\/product"}],"wp:featuredmedia":[{"embeddable":true,"href":"https:\/\/sinoextrud.com\/fi\/wp-json\/wp\/v2\/media\/6633"}],"wp:attachment":[{"href":"https:\/\/sinoextrud.com\/fi\/wp-json\/wp\/v2\/media?parent=6634"}],"wp:term":[{"taxonomy":"category","embeddable":true,"href":"https:\/\/sinoextrud.com\/fi\/wp-json\/wp\/v2\/categories?post=6634"}],"curies":[{"name":"wp","href":"https:\/\/api.w.org\/{rel}","templated":true}]}}