{"id":6632,"date":"2025-05-30T02:33:02","date_gmt":"2025-05-30T02:33:02","guid":{"rendered":"https:\/\/sinoextrud.com\/product\/aluminum-shower-door-frame-parts-u-channel\/"},"modified":"2025-06-24T06:11:22","modified_gmt":"2025-06-24T06:11:22","slug":"alumiini-suihku-ovi-runko-osat-u-kanava","status":"publish","type":"product","link":"https:\/\/sinoextrud.com\/fi\/product\/aluminum-shower-door-frame-parts-u-channel\/","title":{"rendered":"Alumiininen suihku ovi runko osat U-kanava"},"content":{"rendered":"<h2>Tuotteiden tiedot<\/h2>\n<table class=\"custom-table\">\n<tr>\n<td class=\"label\">Kohde<\/td>\n<td>Alumiininen suihku ovi runko osat U-kanava<\/td>\n<\/tr>\n<tr>\n<td class=\"label\">Temper<\/td>\n<td>T3-T8<\/td>\n<\/tr>\n<tr>\n<td class=\"label\">Prosessin kulku<\/td>\n<td>Muotin kehitt\u00e4minen - Alumiinipes\u00e4t - L\u00e4mmitys - Muotitus raakalumiinilla - Pintak\u00e4sittely<\/td>\n<\/tr>\n<tr>\n<td class=\"label\">Sertifiointi<\/td>\n<td>CE, ISO, SGS, TUV<\/td>\n<\/tr>\n<tr>\n<td class=\"label\">Hakemus<\/td>\n<td>Rakentaminen, teollisuus<\/td>\n<\/tr>\n<tr>\n<td class=\"label\">Muoto<\/td>\n<td>U-muotoinen<\/td>\n<\/tr>\n<tr>\n<td class=\"label\">Pintak\u00e4sittely<\/td>\n<td>Mylly viimeistelty, anodisoitu, tehopinnoite, hiekkapuhallus, elektroforeesi, harjattu, kiillotus jne.<\/td>\n<\/tr>\n<tr>\n<td class=\"label\">V\u00e4ri<\/td>\n<td>Perustuu asiakkaiden vaatimuksiin<\/td>\n<\/tr>\n<tr>\n<td class=\"label\">Syv\u00e4prosessointi<\/td>\n<td>Leikkaus, poraus, ty\u00f6st\u00f6, l\u00e4vistys, taivutus, napauttaminen jne.<\/td>\n<\/tr>\n<tr>\n<td class=\"label\">Takuu<\/td>\n<td>ISO: 9001, SONCAP , BV-sertifikaatti, TUV, SGS tai asiakkaiden sertifikaatti saatavilla<\/td>\n<\/tr>\n<tr>\n<td class=\"label\">MOQ<\/td>\n<td>200 kg kutakin profiilia kohti<\/td>\n<\/tr>\n<tr>\n<td class=\"label\">Toimitusaika<\/td>\n<td>Muotin kehitt\u00e4minen ja n\u00e4ytteen muotoilu kest\u00e4\u00e4 12-15 p\u00e4iv\u00e4\u00e4, ja tuotannon kesto on 15-25 p\u00e4iv\u00e4\u00e4 ostajan talletuksen vastaanottamisen j\u00e4lkeen.<\/td>\n<\/tr>\n<tr>\n<td class=\"label\">Ilmainen n\u00e4yte<\/td>\n<td>1-3 p\u00e4iv\u00e4\u00e4 voidaan l\u00e4hett\u00e4\u00e4<\/td>\n<\/tr>\n<\/table>\n<h2>Tuotantopohjamme<\/h2>\n<h3>Tehtaan panoraama<\/h3>\n<p><img decoding=\"async\" src=\"\/wp-content\/uploads\/factory-01.webp\"\/><\/p>\n<h3>Alumiini Bar Manufacturing Workshop<\/h3>\n<p><img decoding=\"async\" src=\"\/wp-content\/uploads\/factory-02.webp\"\/><\/p>\n<p><img decoding=\"async\" src=\"\/wp-content\/uploads\/factory-03.webp\"\/><\/p>\n<h3>Muotin varastointi Varasto<\/h3>\n<p><img decoding=\"async\" src=\"\/wp-content\/uploads\/factory-04.webp\"\/><\/p>\n<h3>43 alumiinin ekstruusiolinjat (500-5500 tonnia)<\/h3>\n<p><img decoding=\"async\" src=\"\/wp-content\/uploads\/factory-05.webp\"\/><\/p>\n<p><img decoding=\"async\" src=\"\/wp-content\/uploads\/factory-06.webp\"\/><\/p>\n<p><img decoding=\"async\" src=\"\/wp-content\/uploads\/factory-07.webp\"\/><\/p>\n<h3>Jauhemaalaus ty\u00f6paja<\/h3>\n<p><img decoding=\"async\" src=\"\/wp-content\/uploads\/factory-09.webp\"\/><\/p>\n<h3>Anodisointi ty\u00f6paja<\/h3>\n<p><img decoding=\"async\" src=\"\/wp-content\/uploads\/factory-10.webp\"\/><\/p>\n<h3>Syv\u00e4k\u00e4sittelyn ty\u00f6paja<\/h3>\n<p><img decoding=\"async\" src=\"\/wp-content\/uploads\/factory-11.webp\"\/><\/p>\n<h3>CNC-tarkkuuskoneistus ty\u00f6paja<\/h3>\n<p><img decoding=\"async\" src=\"\/wp-content\/uploads\/factory-11.5.webp\"\/><\/p>\n<h3>Valmiiden tuotteiden ja vientivarasto<\/h3>\n<p><img decoding=\"async\" src=\"\/wp-content\/uploads\/factory-12.webp\"\/><\/p>\n<p><img decoding=\"async\" src=\"\/wp-content\/uploads\/factory-13.webp\"\/><\/p>\n<p><img decoding=\"async\" src=\"\/wp-content\/uploads\/factory-14.webp\"\/><\/p>\n<h2>FAQ<\/h2>\n<p><p><b>1.Mit\u00e4 ovat alumiiniset suihkuovikehyksen osat U-kanava?<\/b><\/p>\n<p>Ne ovat alumiinisia U-muotoisia kanavia, joita k\u00e4ytet\u00e4\u00e4n rakenneosina suihkuovien kehyksiss\u00e4 lasipaneelien kiinnitt\u00e4miseen ja vakauden takaamiseen.<br \/>\n<\/p><br \/>\n<br \/>\n<p><b>2.Mitk\u00e4 ovat alumiinisen U-kanavan suihkuovikehyksen osien t\u00e4rkeimm\u00e4t edut?<\/b><\/p>\n<p>Ne tarjoavat erinomaisen korroosionkest\u00e4vyyden, kevyen lujuuden, kest\u00e4vyyden, helpon asennuksen ja tyylikk\u00e4\u00e4n, modernin viimeistelyn.<br \/>\n<\/p><br \/>\n<br \/>\n<p><b>3.Miksi valita alumiiniset U-kanavat suihkuovien kehyksiin?<\/b><\/p>\n<p>Alumiiniset U-kanavat kest\u00e4v\u00e4t kosteutta ja ruostetta, mik\u00e4 takaa pitk\u00e4aikaisen suorituskyvyn kosteissa kylpyhuoneissa ja minimaalisen huollon.<br \/>\n<\/p><br \/>\n<br \/>\n<p><b>4.Can alumiini suihku ovi runko U-kanavat voidaan r\u00e4\u00e4t\u00e4l\u00f6id\u00e4?<\/b><\/p>\n<p>Kyll\u00e4, niiden kokoa, paksuutta, pituutta ja viimeistely\u00e4 voidaan mukauttaa eri suihkuovimalleihin ja lasipaneelien mittoihin.<br \/>\n<\/p><br \/>\n<br \/>\n<p><b>5.Miten U-kanavainen muotoilu parantaa suihkuoven toimivuutta?<\/b><\/p>\n<p>U-muoto pit\u00e4\u00e4 lasipaneelit tukevasti paikoillaan, antaa rakenteellista tukea ja auttaa est\u00e4m\u00e4\u00e4n vesivuodot suihkukaapissa.<br \/>\n<\/p><br \/>\n<br \/>\n<p><b>6.Soveltuvatko alumiiniset U-kanavaiset suihkuovien kehysosat kaikentyyppisiin suihkuoviin?<\/b><\/p>\n<p>Kyll\u00e4, ne ovat yhteensopivia kehyksellisten, puolikehyksellisten ja kehyksett\u00f6mien suihkuovij\u00e4rjestelmien kanssa.<br \/>\n<\/p><br \/>\n<br \/>\n<p><b>7.Mitk\u00e4 teollisuudenalat k\u00e4ytt\u00e4v\u00e4t yleisesti alumiinisia suihkuovikehyksen U-kanavan osia?<\/b><\/p>\n<p>Kylpyhuonekalusteiden valmistajat, rautakaupat ja rakennusliikkeet k\u00e4ytt\u00e4v\u00e4t n\u00e4it\u00e4 osia laadukkaaseen suihkuovien kokoonpanoon.<br \/>\n<\/p><br \/>\n<br \/>\n<p><b>8.Miten alumiiniset suihkuovikehyksen U-kanavan osat tukevat kest\u00e4v\u00e4\u00e4 kylpyhuoneen suunnittelua?<\/b><\/p>\n<p>Alumiini on 100% kierr\u00e4tett\u00e4v\u00e4\u00e4 ja kest\u00e4v\u00e4\u00e4, mik\u00e4 v\u00e4hent\u00e4\u00e4 j\u00e4tett\u00e4 ja vaihtotarvetta ymp\u00e4rist\u00f6yst\u00e4v\u00e4llisiss\u00e4 kylpyhuoneremonteissa.<br \/>\n<\/p><br \/><\/p>","protected":false},"featured_media":6631,"template":"","categories":[64],"class_list":["post-6632","product","type-product","status-publish","has-post-thumbnail","hentry","category-new-trend-aluminium-products"],"meta_box":{"hilight_text_group":{"product_hilight_text":"<li>Durable aluminum U-channel designed for secure shower door framing<\/li>\r\r\n<li>Corrosion-resistant finish ensures long-lasting performance in wet environments<\/li>\r\r\n<li>Precision manufacturing provides easy installation and tight fit<\/li>\r\r\n<li>Lightweight yet strong for efficient handling and structural support<\/li>\r\r\n<li>Available in custom sizes and finishes to match various shower designs<\/li>","product_chanpin_blog":"<ul>\r\r\n<li><a href=\"https:\/\/sinoextrud.com\/t-slot-v-slot-differences\/\" target=\"_blank\">t slot vs v slot<\/a><\/li>\r\r\n<li><a href=\"https:\/\/sinoextrud.com\/what-is-4040-aluminium-extrud\/\" target=\"_blank\">4040 aluminium extrusion<\/a><\/li>\r\r\n<li><a href=\"https:\/\/sinoextrud.com\/what-is-4040-aluminium-extrud\/\" target=\"_blank\">aluminum extrusions for industrial racks<\/a><\/li>\r\r\n<li><a href=\"https:\/\/sinoextrud.com\/powder-coating-aluminium-process\/\" target=\"_blank\">powder coating aluminium<\/a><\/li>\r\r\n<li><a href=\"https:\/\/sinoextrud.com\/what-is-an-aluminium-strip-ceiling\/\" target=\"_blank\">aluminium strip ceiling<\/a><\/li>\r\r\n<li><a href=\"https:\/\/sinoextrud.com\/what-is-a-heat-sink\/\" target=\"_blank\">what is a heat sink<\/a><\/li>\r\r\n<\/ul>","product_chanpin_chanpin":"<li><a href=\"https:\/\/sinoextrud.com\/product\/aluminum-t-shape-transition-tile-trim\/\" target=\"_blank\">Aluminum T Shape Transition Tile Trim<\/a><\/li>\r\n<li><a href=\"https:\/\/sinoextrud.com\/product\/wood-grain-aluminum-decking\/\" target=\"_blank\">Wood Grain Aluminum Decking<\/a><\/li>\r\n<li><a href=\"https:\/\/sinoextrud.com\/product\/weather-resistant-wood-grain-aluminum-profile\/\" target=\"_blank\">Weather Resistant Wood Grain Aluminum Profile<\/a><\/li>\r\n<li><a href=\"https:\/\/sinoextrud.com\/product\/aluminium-kitchen-cabinet-handles\/\" target=\"_blank\">Aluminium Kitchen Cabinet Handles<\/a><\/li>\r\n<li><a href=\"https:\/\/sinoextrud.com\/product\/aluminum-shower-door-frame-parts-u-channel\/\" target=\"_blank\">Aluminum Shower Door Frame Parts U-channel<\/a><\/li>\r\n<li><a href=\"https:\/\/sinoextrud.com\/product\/aluminium-extrusion-and-aluminium-profile\/\" target=\"_blank\">Aluminium Extrusion and Aluminium Profile<\/a><\/li>\r\n<li><a href=\"https:\/\/sinoextrud.com\/product\/telescopic-aluminium-square-tube\/\" target=\"_blank\">Telescopic Aluminium Square Tube<\/a><\/li>\r\n<li><a href=\"https:\/\/sinoextrud.com\/product\/customizable-bathroom-mirror-frame-bent-aluminum-profiles\/\" target=\"_blank\">Customizable Bathroom Mirror Frame Bent Aluminum Profiles<\/a><\/li>\r\n<li><a href=\"https:\/\/sinoextrud.com\/product\/china-factory-wholesale-6063-aluminum-fence-panels\/\" target=\"_blank\">China Factory Wholesale 6063 Aluminum Fence Panels<\/a><\/li>\r\n<li><a href=\"https:\/\/sinoextrud.com\/product\/custom-3003-aluminum-tube-bending-coolant-tubes\/\" target=\"_blank\">Custom 3003 Aluminum Tube Bending Coolant Tubes<\/a><\/li>\r\n<li><a href=\"https:\/\/sinoextrud.com\/product\/aluminum-car-pedal-anodized-silver\/\" target=\"_blank\">Aluminum Car Pedal Anodized Silver<\/a><\/li>"},"feature_list":[]},"_links":{"self":[{"href":"https:\/\/sinoextrud.com\/fi\/wp-json\/wp\/v2\/product\/6632","targetHints":{"allow":["GET"]}}],"collection":[{"href":"https:\/\/sinoextrud.com\/fi\/wp-json\/wp\/v2\/product"}],"about":[{"href":"https:\/\/sinoextrud.com\/fi\/wp-json\/wp\/v2\/types\/product"}],"wp:featuredmedia":[{"embeddable":true,"href":"https:\/\/sinoextrud.com\/fi\/wp-json\/wp\/v2\/media\/6631"}],"wp:attachment":[{"href":"https:\/\/sinoextrud.com\/fi\/wp-json\/wp\/v2\/media?parent=6632"}],"wp:term":[{"taxonomy":"category","embeddable":true,"href":"https:\/\/sinoextrud.com\/fi\/wp-json\/wp\/v2\/categories?post=6632"}],"curies":[{"name":"wp","href":"https:\/\/api.w.org\/{rel}","templated":true}]}}