{"id":6622,"date":"2025-05-30T02:11:26","date_gmt":"2025-05-30T02:11:26","guid":{"rendered":"https:\/\/sinoextrud.com\/product\/medical-instrument-aluminum-profile\/"},"modified":"2025-06-24T06:11:19","modified_gmt":"2025-06-24T06:11:19","slug":"laaketieteellinen-valine-alumiiniprofiili","status":"publish","type":"product","link":"https:\/\/sinoextrud.com\/fi\/product\/medical-instrument-aluminum-profile\/","title":{"rendered":"L\u00e4\u00e4ketieteellinen v\u00e4line alumiiniprofiili"},"content":{"rendered":"<h2>Tuotteiden tiedot<\/h2>\n<table class=\"custom-table\">\n<tr>\n<td class=\"label\">Tuotteen nimi<\/td>\n<td>L\u00e4\u00e4ketieteellinen v\u00e4line alumiiniprofiili<\/td>\n<\/tr>\n<tr>\n<td class=\"label\">Alumiiniseos<\/td>\n<td>1000-sarja, 200-sarja, 3000-sarja, 5000-sarja, 6000-sarja, 7000-sarja.<\/td>\n<\/tr>\n<tr>\n<td class=\"label\">Alumiini Range<\/td>\n<td>alumiiniprofiilit l\u00e4\u00e4kinn\u00e4lliseen l\u00e4\u00e4ketieteeseen, l\u00e4\u00e4kint\u00e4laitteisiin, farmaseuttisiin koneisiin, ortopedisiin l\u00e4\u00e4kinn\u00e4llisiin instrumentteihin jne.<\/td>\n<\/tr>\n<tr>\n<td class=\"label\">Temper<\/td>\n<td>T3-T8<\/td>\n<\/tr>\n<tr>\n<td class=\"label\">Ominaisuudet<\/td>\n<td>1. R\u00e4\u00e4t\u00e4l\u00f6ity muotoilu<br \/>2. Erinomainen l\u00e4mm\u00f6ntuotto<br \/>3. Tiukat toleranssit<br \/>4. Korkea lujuus-painosuhde<\/td>\n<\/tr>\n<tr>\n<td class=\"label\">Hakemus<\/td>\n<td>l\u00e4\u00e4ketieteelliset tilat, mukaan lukien sairaalat, klinikat, kirurgiset keskukset ja diagnostiikkakeskukset; tutkimuslaboratoriot ja muut l\u00e4\u00e4ketieteelliset laitokset.<\/td>\n<\/tr>\n<tr>\n<td class=\"label\">Pintak\u00e4sittely<\/td>\n<td>viimeistelty, anodisoitu, puukuvioitu, tehopinnoitus, hiekkapuhallus, elektroforeesi, harjaus, kiillotus jne.<\/td>\n<\/tr>\n<tr>\n<td class=\"label\">CNC-syv\u00e4k\u00e4sittely<\/td>\n<td>leikkaaminen, poraaminen, koneistaminen, l\u00e4vist\u00e4minen, taivuttaminen, napauttaminen jne.<\/td>\n<\/tr>\n<tr>\n<td class=\"label\">Sertifikaatit<\/td>\n<td>CE, ISO, SGS, TUV, ROHS<\/td>\n<\/tr>\n<tr>\n<td class=\"label\">N\u00e4ytteet<\/td>\n<td>ilmainen n\u00e4yte. 1-3 p\u00e4iv\u00e4\u00e4 toimitetaan sinulle.<\/td>\n<\/tr>\n<tr>\n<td class=\"label\">MOQ<\/td>\n<td>200 kg kutakin profiilia kohti<\/td>\n<\/tr>\n<tr>\n<td class=\"label\">Toimitusaika<\/td>\n<td>Muotin kehitt\u00e4minen ja n\u00e4ytteen muotoilu kest\u00e4\u00e4 12-15 p\u00e4iv\u00e4\u00e4, sitten tuotannon kesto on 15-25 p\u00e4iv\u00e4\u00e4 ostajan talletuksen vastaanottamisen j\u00e4lkeen.<\/td>\n<\/tr>\n<tr>\n<td class=\"label\">Maksuehdot<\/td>\n<td>30% talletus ennen tuotantoa ja saldo ennen l\u00e4hetyst\u00e4.<br \/>jne.<\/td>\n<\/tr>\n<\/table>\n<h2>Tuotantopohjamme<\/h2>\n<h3>Tehtaan panoraama<\/h3>\n<p><img decoding=\"async\" src=\"\/wp-content\/uploads\/factory-01.webp\"\/><\/p>\n<h3>Alumiini Bar Manufacturing Workshop<\/h3>\n<p><img decoding=\"async\" src=\"\/wp-content\/uploads\/factory-02.webp\"\/><\/p>\n<p><img decoding=\"async\" src=\"\/wp-content\/uploads\/factory-03.webp\"\/><\/p>\n<h3>Muotin varastointi Varasto<\/h3>\n<p><img decoding=\"async\" src=\"\/wp-content\/uploads\/factory-04.webp\"\/><\/p>\n<h3>43 alumiinin ekstruusiolinjat (500-5500 tonnia)<\/h3>\n<p><img decoding=\"async\" src=\"\/wp-content\/uploads\/factory-05.webp\"\/><\/p>\n<p><img decoding=\"async\" src=\"\/wp-content\/uploads\/factory-06.webp\"\/><\/p>\n<p><img decoding=\"async\" src=\"\/wp-content\/uploads\/factory-07.webp\"\/><\/p>\n<h3>Jauhemaalaus ty\u00f6paja<\/h3>\n<p><img decoding=\"async\" src=\"\/wp-content\/uploads\/factory-09.webp\"\/><\/p>\n<h3>Anodisointi ty\u00f6paja<\/h3>\n<p><img decoding=\"async\" src=\"\/wp-content\/uploads\/factory-10.webp\"\/><\/p>\n<h3>Syv\u00e4k\u00e4sittelyn ty\u00f6paja<\/h3>\n<p><img decoding=\"async\" src=\"\/wp-content\/uploads\/factory-11.webp\"\/><\/p>\n<h3>CNC-tarkkuuskoneistus ty\u00f6paja<\/h3>\n<p><img decoding=\"async\" src=\"\/wp-content\/uploads\/factory-11.5.webp\"\/><\/p>\n<h3>Valmiiden tuotteiden ja vientivarasto<\/h3>\n<p><img decoding=\"async\" src=\"\/wp-content\/uploads\/factory-12.webp\"\/><\/p>\n<p><img decoding=\"async\" src=\"\/wp-content\/uploads\/factory-13.webp\"\/><\/p>\n<p><img decoding=\"async\" src=\"\/wp-content\/uploads\/factory-14.webp\"\/><\/p>\n<h2>FAQ<\/h2>\n<p><p><b>1.Mik\u00e4 on l\u00e4\u00e4ketieteellisen instrumentin alumiiniprofiili?<\/b><\/p>\n<p>Se on l\u00e4\u00e4ketieteellisiin laitteisiin ja instrumentteihin suunniteltu erikoisalumiinipuristus, joka tarjoaa tarkkuutta, kest\u00e4vyytt\u00e4 ja korroosionkest\u00e4vyytt\u00e4.<br \/>\n<\/p><br \/>\n<br \/>\n<p><b>2.Mitk\u00e4 ovat l\u00e4\u00e4ketieteellisten instrumenttien alumiiniprofiilien t\u00e4rkeimm\u00e4t edut?<\/b><\/p>\n<p>Ne tarjoavat kevytt\u00e4 lujuutta, erinomaista korroosionkest\u00e4vyytt\u00e4, bioyhteensopivuutta, helppoa valmistusta ja sile\u00e4\u00e4 pintaa, joka soveltuu l\u00e4\u00e4ketieteellisiin sovelluksiin.<br \/>\n<\/p><br \/>\n<br \/>\n<p><b>3.Miksi valita alumiiniprofiilit l\u00e4\u00e4ketieteellisiin instrumentteihin?<\/b><\/p>\n<p>Alumiini on myrkyt\u00f6nt\u00e4, korroosionkest\u00e4v\u00e4\u00e4 ja helposti puhdistettavaa, ja se voidaan anodisoida parantamaan kest\u00e4vyytt\u00e4 ja esteettisyytt\u00e4 steriileiss\u00e4 ymp\u00e4rist\u00f6iss\u00e4.<br \/>\n<\/p><br \/>\n<br \/>\n<p><b>4.Can l\u00e4\u00e4ketieteellisen instrumentin alumiiniprofiilit voidaan r\u00e4\u00e4t\u00e4l\u00f6id\u00e4?<\/b><\/p>\n<p>Kyll\u00e4, ne voidaan r\u00e4\u00e4t\u00e4l\u00f6id\u00e4 muodoltaan, kooltaan, seoslaadultaan, pintak\u00e4sittelylt\u00e4\u00e4n ja toleransseiltaan l\u00e4\u00e4ketieteellisten laitteiden erityisvaatimusten mukaisiksi.<br \/>\n<\/p><br \/>\n<br \/>\n<p><b>5.Miten alumiiniprofiilit parantavat l\u00e4\u00e4ketieteellisten instrumenttien suorituskyky\u00e4?<\/b><\/p>\n<p>Ne tarjoavat rakenteellista eheytt\u00e4, kevytt\u00e4 suunnittelua siirrett\u00e4vyyden varmistamiseksi ja korroosionkest\u00e4vyytt\u00e4 sterilointiprosessien kest\u00e4miseksi.<br \/>\n<\/p><br \/>\n<br \/>\n<p><b>6.Soveltuvatko l\u00e4\u00e4ketieteellisten instrumenttien alumiiniprofiilit puhdastilaymp\u00e4rist\u00f6ihin?<\/b><\/p>\n<p>Kyll\u00e4, alumiinin sile\u00e4t pinnat ja anodisoidut pinnoitteet auttavat yll\u00e4pit\u00e4m\u00e4\u00e4n puhdastiloissa ja l\u00e4\u00e4ketieteellisiss\u00e4 tiloissa vaadittavia hygieniastandardeja.<br \/>\n<\/p><br \/>\n<br \/>\n<p><b>7.Mitk\u00e4 teollisuudenalat k\u00e4ytt\u00e4v\u00e4t yleisesti l\u00e4\u00e4ketieteellisten instrumenttien alumiiniprofiileja?<\/b><\/p>\n<p>Terveydenhuollon laitevalmistajat, l\u00e4\u00e4kinn\u00e4llisten laitteiden valmistajat ja sairaalalaitteiden toimittajat k\u00e4ytt\u00e4v\u00e4t n\u00e4it\u00e4 profiileja kest\u00e4viin ja turvallisiin l\u00e4\u00e4ketieteellisiin v\u00e4lineisiin.<br \/>\n<\/p><br \/>\n<br \/>\n<p><b>8.Miten l\u00e4\u00e4ketieteellisten instrumenttien alumiiniprofiilit tukevat kest\u00e4v\u00e4\u00e4 valmistusta?<\/b><\/p>\n<p>Alumiini on 100% kierr\u00e4tett\u00e4v\u00e4\u00e4, mik\u00e4 v\u00e4hent\u00e4\u00e4 j\u00e4tett\u00e4, ja sen kest\u00e4vyys pident\u00e4\u00e4 tuotteen k\u00e4ytt\u00f6ik\u00e4\u00e4, mik\u00e4 edist\u00e4\u00e4 ymp\u00e4rist\u00f6yst\u00e4v\u00e4llist\u00e4 l\u00e4\u00e4kinn\u00e4llisten laitteiden tuotantoa.<br \/>\n<\/p><br \/><\/p>","protected":false},"featured_media":6621,"template":"","categories":[64],"class_list":["post-6622","product","type-product","status-publish","has-post-thumbnail","hentry","category-new-trend-aluminium-products"],"meta_box":{"hilight_text_group":{"product_hilight_text":"<li>High-precision aluminum profiles meet strict medical industry standards<\/li>\r\r\n<li>Corrosion-resistant and easy to sterilize for hygienic applications<\/li>\r\r\n<li>Lightweight yet strong, ideal for durable medical instrument frames<\/li>\r\r\n<li>Custom sizes and complex shapes available to fit specialized equipment<\/li>\r\r\n<li>Supports bulk production with consistent quality and timely delivery<\/li>","product_chanpin_blog":"<ul>\r\r\n<li><a href=\"https:\/\/sinoextrud.com\/t-slot-v-slot-differences\/\" target=\"_blank\">t slot vs v slot<\/a><\/li>\r\r\n<li><a href=\"https:\/\/sinoextrud.com\/what-is-4040-aluminium-extrud\/\" target=\"_blank\">4040 aluminium extrusion<\/a><\/li>\r\r\n<li><a href=\"https:\/\/sinoextrud.com\/what-is-4040-aluminium-extrud\/\" target=\"_blank\">aluminum extrusions for industrial racks<\/a><\/li>\r\r\n<li><a href=\"https:\/\/sinoextrud.com\/powder-coating-aluminium-process\/\" target=\"_blank\">powder coating aluminium<\/a><\/li>\r\r\n<li><a href=\"https:\/\/sinoextrud.com\/what-is-an-aluminium-strip-ceiling\/\" target=\"_blank\">aluminium strip ceiling<\/a><\/li>\r\r\n<li><a href=\"https:\/\/sinoextrud.com\/what-is-a-heat-sink\/\" target=\"_blank\">what is a heat sink<\/a><\/li>\r\r\n<\/ul>","product_chanpin_chanpin":"<li><a href=\"https:\/\/sinoextrud.com\/product\/aluminum-shower-frame-parts\/\" target=\"_blank\">Aluminum Shower Frame Parts<\/a><\/li>\r\n<li><a href=\"https:\/\/sinoextrud.com\/product\/aluminum-skirting-board\/\" target=\"_blank\">Aluminum Skirting Board<\/a><\/li>\r\n<li><a href=\"https:\/\/sinoextrud.com\/product\/purification-workshop-aluminum-profiles\/\" target=\"_blank\">Purification Workshop Aluminum Profiles<\/a><\/li>\r\n<li><a href=\"https:\/\/sinoextrud.com\/product\/aluminium-cladding-wall-profile\/\" target=\"_blank\">Aluminium Cladding Wall Profile<\/a><\/li>\r\n<li><a href=\"https:\/\/sinoextrud.com\/product\/medical-instrument-aluminum-profile\/\" target=\"_blank\">Medical Instrument Aluminum Profile<\/a><\/li>\r\n<li><a href=\"https:\/\/sinoextrud.com\/product\/aluminum-t-shape-transition-tile-trim\/\" target=\"_blank\">Aluminum T Shape Transition Tile Trim<\/a><\/li>\r\n<li><a href=\"https:\/\/sinoextrud.com\/product\/wood-grain-aluminum-decking\/\" target=\"_blank\">Wood Grain Aluminum Decking<\/a><\/li>\r\n<li><a href=\"https:\/\/sinoextrud.com\/product\/weather-resistant-wood-grain-aluminum-profile\/\" target=\"_blank\">Weather Resistant Wood Grain Aluminum Profile<\/a><\/li>\r\n<li><a href=\"https:\/\/sinoextrud.com\/product\/aluminium-kitchen-cabinet-handles\/\" target=\"_blank\">Aluminium Kitchen Cabinet Handles<\/a><\/li>\r\n<li><a href=\"https:\/\/sinoextrud.com\/product\/precision-cnc-machining-industrial-profile\/\" target=\"_blank\">Precision CNC Machining Industrial Profile<\/a><\/li>\r\n<li><a href=\"https:\/\/sinoextrud.com\/product\/3003-round-aluminum-tube-extrusion-in-stock\/\" target=\"_blank\">3003 Round Aluminum Tube Extrusion In Stock<\/a><\/li>"},"feature_list":[]},"_links":{"self":[{"href":"https:\/\/sinoextrud.com\/fi\/wp-json\/wp\/v2\/product\/6622","targetHints":{"allow":["GET"]}}],"collection":[{"href":"https:\/\/sinoextrud.com\/fi\/wp-json\/wp\/v2\/product"}],"about":[{"href":"https:\/\/sinoextrud.com\/fi\/wp-json\/wp\/v2\/types\/product"}],"wp:featuredmedia":[{"embeddable":true,"href":"https:\/\/sinoextrud.com\/fi\/wp-json\/wp\/v2\/media\/6621"}],"wp:attachment":[{"href":"https:\/\/sinoextrud.com\/fi\/wp-json\/wp\/v2\/media?parent=6622"}],"wp:term":[{"taxonomy":"category","embeddable":true,"href":"https:\/\/sinoextrud.com\/fi\/wp-json\/wp\/v2\/categories?post=6622"}],"curies":[{"name":"wp","href":"https:\/\/api.w.org\/{rel}","templated":true}]}}