{"id":6573,"date":"2025-05-29T09:11:21","date_gmt":"2025-05-29T09:11:21","guid":{"rendered":"https:\/\/sinoextrud.com\/product\/wood-grain-finish-extruded-architectural-use-aluminium-profile\/"},"modified":"2025-06-24T06:11:11","modified_gmt":"2025-06-24T06:11:11","slug":"puunvarinen-viimeistely-suulakepuristettu-arkkitehtoniseen-kayttoon-tarkoitettu-alumiiniprofiili","status":"publish","type":"product","link":"https:\/\/sinoextrud.com\/fi\/product\/wood-grain-finish-extruded-architectural-use-aluminium-profile\/","title":{"rendered":"Puuviilupintainen suulakepuristettu arkkitehtoniseen k\u00e4ytt\u00f6\u00f6n tarkoitettu alumiiniprofiili"},"content":{"rendered":"<h2>Tuotteiden tiedot<\/h2>\n<table class=\"custom-table\">\n<tr>\n<td class=\"label\">Otsikko<\/td>\n<td>Puuviilupintainen suulakepuristettu arkkitehtoniseen k\u00e4ytt\u00f6\u00f6n tarkoitettu alumiiniprofiili<\/td>\n<\/tr>\n<\/table>\n<h2>Tuotantopohjamme<\/h2>\n<h3>Tehtaan panoraama<\/h3>\n<p><img decoding=\"async\" src=\"\/wp-content\/uploads\/factory-01.webp\"\/><\/p>\n<h3>Alumiini Bar Manufacturing Workshop<\/h3>\n<p><img decoding=\"async\" src=\"\/wp-content\/uploads\/factory-02.webp\"\/><\/p>\n<p><img decoding=\"async\" src=\"\/wp-content\/uploads\/factory-03.webp\"\/><\/p>\n<h3>Muotin varastointi Varasto<\/h3>\n<p><img decoding=\"async\" src=\"\/wp-content\/uploads\/factory-04.webp\"\/><\/p>\n<h3>43 alumiinin ekstruusiolinjat (500-5500 tonnia)<\/h3>\n<p><img decoding=\"async\" src=\"\/wp-content\/uploads\/factory-05.webp\"\/><\/p>\n<p><img decoding=\"async\" src=\"\/wp-content\/uploads\/factory-06.webp\"\/><\/p>\n<p><img decoding=\"async\" src=\"\/wp-content\/uploads\/factory-07.webp\"\/><\/p>\n<h3>Jauhemaalaus ty\u00f6paja<\/h3>\n<p><img decoding=\"async\" src=\"\/wp-content\/uploads\/factory-09.webp\"\/><\/p>\n<h3>Anodisointi ty\u00f6paja<\/h3>\n<p><img decoding=\"async\" src=\"\/wp-content\/uploads\/factory-10.webp\"\/><\/p>\n<h3>Syv\u00e4k\u00e4sittelyn ty\u00f6paja<\/h3>\n<p><img decoding=\"async\" src=\"\/wp-content\/uploads\/factory-11.webp\"\/><\/p>\n<h3>CNC-tarkkuuskoneistus ty\u00f6paja<\/h3>\n<p><img decoding=\"async\" src=\"\/wp-content\/uploads\/factory-11.5.webp\"\/><\/p>\n<h3>Valmiiden tuotteiden ja vientivarasto<\/h3>\n<p><img decoding=\"async\" src=\"\/wp-content\/uploads\/factory-12.webp\"\/><\/p>\n<p><img decoding=\"async\" src=\"\/wp-content\/uploads\/factory-13.webp\"\/><\/p>\n<p><img decoding=\"async\" src=\"\/wp-content\/uploads\/factory-14.webp\"\/><\/p>\n<h2>FAQ<\/h2>\n<p><p><b>1.Mik\u00e4 on puunjyv\u00e4pintainen viimeistelty suulakepuristettu arkkitehtoninen alumiiniprofiili?<\/b><\/p>\n<p>Se on arkkitehtonisiin sovelluksiin suunniteltu alumiiniprofiili, jossa on puunrakeinen viimeistely, jossa yhdistyv\u00e4t kest\u00e4vyys ja luonnollisen puun esteettisyys.<br \/>\n<\/p><br \/>\n<br \/>\n<p><b>2.Mitk\u00e4 ovat puupintaisten suulakepuristettujen alumiiniprofiilien t\u00e4rkeimm\u00e4t edut?<\/b><\/p>\n<p>Ne tarjoavat erinomaisen korroosionkest\u00e4vyyden, kevyen lujuuden, v\u00e4h\u00e4isen huollon ja realistisen puun rakenteen, joka sopii sek\u00e4 sis\u00e4- ett\u00e4 ulkok\u00e4ytt\u00f6\u00f6n.<br \/>\n<\/p><br \/>\n<br \/>\n<p><b>3.Miksi arkkitehtuurissa kannattaa valita alumiiniprofiilit aidon puun sijaan?<\/b><\/p>\n<p>Alumiiniprofiilit kest\u00e4v\u00e4t lahoa, hy\u00f6nteisi\u00e4, kosteutta ja v\u00e4\u00e4ntymist\u00e4, mik\u00e4 takaa pidemm\u00e4n k\u00e4ytt\u00f6i\u00e4n ja helpomman yll\u00e4pidon s\u00e4ilytt\u00e4en samalla luonnollisen puun estetiikan.<br \/>\n<\/p><br \/>\n<br \/>\n<p><b>4.Voiko puupintaisia suulakepuristettuja alumiiniprofiileja r\u00e4\u00e4t\u00e4l\u00f6id\u00e4?<\/b><\/p>\n<p>Kyll\u00e4, ne voidaan r\u00e4\u00e4t\u00e4l\u00f6id\u00e4 koon, muodon, puukuvion, v\u00e4rin ja viimeistelyn osalta vastaamaan arkkitehtonisia ja rakenteellisia vaatimuksia.<br \/>\n<\/p><br \/>\n<br \/>\n<p><b>5.Miten puukuvioinen viimeistely parantaa arkkitehtonisia alumiiniprofiileja?<\/b><\/p>\n<p>Pintak\u00e4sittely antaa aidon puun ulkon\u00e4\u00f6n ja rakenteen s\u00e4ilytt\u00e4en samalla alumiinin lujuuden, s\u00e4\u00e4nkest\u00e4vyyden ja keveyden.<br \/>\n<\/p><br \/>\n<br \/>\n<p><b>6.Soveltuvatko puupintaiset alumiiniprofiilit ulkotilojen arkkitehtonisiin sovelluksiin?<\/b><\/p>\n<p>Kyll\u00e4, ne kest\u00e4v\u00e4t UV-altistusta, kosteutta ja ankaraa s\u00e4\u00e4t\u00e4, joten ne sopivat erinomaisesti julkisivuihin, verhouksiin ja koriste-elementteihin.<br \/>\n<\/p><br \/>\n<br \/>\n<p><b>7.Mill\u00e4 teollisuudenaloilla k\u00e4ytet\u00e4\u00e4n yleisesti puupintaisia suulakepuristettuja alumiiniprofiileja?<\/b><\/p>\n<p>Rakennus-, arkkitehtuuri-, sisustus- ja liikerakennusteollisuudessa k\u00e4ytet\u00e4\u00e4n n\u00e4it\u00e4 profiileja niiden kest\u00e4vyyden ja esteettisyyden yhdistelm\u00e4n vuoksi.<br \/>\n<\/p><br \/>\n<br \/>\n<p><b>8.Miten puukuvioidut alumiiniprofiilit tukevat kest\u00e4v\u00e4\u00e4 arkkitehtuuria?<\/b><\/p>\n<p>Alumiini on t\u00e4ysin kierr\u00e4tett\u00e4viss\u00e4, ja puukuvioiset pinnoitteet tarjoavat ymp\u00e4rist\u00f6yst\u00e4v\u00e4llisen vaihtoehdon puulle, mik\u00e4 v\u00e4hent\u00e4\u00e4 ymp\u00e4rist\u00f6vaikutuksia ja mets\u00e4katoa.<br \/>\n<\/p><br \/><\/p>","protected":false},"featured_media":6572,"template":"","categories":[65],"class_list":["post-6573","product","type-product","status-publish","has-post-thumbnail","hentry","category-wooden-grained-aluminum-profile"],"meta_box":{"hilight_text_group":{"product_hilight_text":"<li>Wood grain finish combines natural aesthetics with durable aluminum strength<\/li>\r\r\n<li>Precision extrusion ensures consistent quality and dimensions<\/li>\r\r\n<li>Corrosion-resistant surface ideal for architectural applications<\/li>\r\r\n<li>Lightweight design reduces installation time and structural load<\/li>\r\r\n<li>Supports custom sizes, finishes, and bulk orders for large projects<\/li>","product_chanpin_blog":"<ul>\r\r\n<li><a href=\"https:\/\/sinoextrud.com\/t-slot-v-slot-differences\/\" target=\"_blank\">t slot vs v slot<\/a><\/li>\r\r\n<li><a href=\"https:\/\/sinoextrud.com\/what-is-4040-aluminium-extrud\/\" target=\"_blank\">4040 aluminium extrusion<\/a><\/li>\r\r\n<li><a href=\"https:\/\/sinoextrud.com\/what-is-4040-aluminium-extrud\/\" target=\"_blank\">aluminum extrusions for industrial racks<\/a><\/li>\r\r\n<li><a href=\"https:\/\/sinoextrud.com\/powder-coating-aluminium-process\/\" target=\"_blank\">powder coating aluminium<\/a><\/li>\r\r\n<li><a href=\"https:\/\/sinoextrud.com\/what-is-an-aluminium-strip-ceiling\/\" target=\"_blank\">aluminium strip ceiling<\/a><\/li>\r\r\n<li><a href=\"https:\/\/sinoextrud.com\/what-is-a-heat-sink\/\" target=\"_blank\">what is a heat sink<\/a><\/li>\r\r\n<\/ul>","product_chanpin_chanpin":"<li><a href=\"https:\/\/sinoextrud.com\/product\/commercial-handrail-systems\/\" target=\"_blank\">Commercial Handrail Systems<\/a><\/li>\r\n<li><a href=\"https:\/\/sinoextrud.com\/product\/extruded-aluminum-wood-grain-tube-profile\/\" target=\"_blank\">Extruded Aluminum Wood Grain Tube Profile<\/a><\/li>\r\n<li><a href=\"https:\/\/sinoextrud.com\/product\/wood-grain-aluminum-box-section\/\" target=\"_blank\">Wood Grain Aluminum Box Section<\/a><\/li>\r\n<li><a href=\"https:\/\/sinoextrud.com\/product\/wood-grain-false-ceiling-aluminium-profiles\/\" target=\"_blank\">Wood Grain False Ceiling Aluminium Profiles<\/a><\/li>\r\n<li><a href=\"https:\/\/sinoextrud.com\/product\/wood-grain-finish-extruded-architectural-use-aluminium-profile\/\" target=\"_blank\">Wood grain finish extruded architectural use aluminium profile<\/a><\/li>\r\n<li><a href=\"https:\/\/sinoextrud.com\/product\/wood-grain-aluminium-extrusion-profile-for-furnitures-decoration\/\" target=\"_blank\">Wood Grain Aluminium Extrusion Profile for Furnitures Decoration<\/a><\/li>\r\n<li><a href=\"https:\/\/sinoextrud.com\/product\/wood-grain-finish-aluminium-profiles\/\" target=\"_blank\">Wood Grain Finish Aluminium Profiles<\/a><\/li>\r\n<li><a href=\"https:\/\/sinoextrud.com\/product\/hot-selling-high-quality-powder-coating-wood-grain-single-sided-aluminum-plate\/\" target=\"_blank\">Hot Selling High-quality Powder Coating Wood Grain Single-sided Aluminum Plate<\/a><\/li>\r\n<li><a href=\"https:\/\/sinoextrud.com\/product\/anodized-extrusion-precise-round-square-aluminum-tube\/\" target=\"_blank\">Anodized Extrusion Precise Round Square Aluminum Tube<\/a><\/li>\r\n<li><a href=\"https:\/\/sinoextrud.com\/product\/sell-well-window-and-door-aluminium-profile\/\" target=\"_blank\">Sell Well Window And Door Aluminium Profile<\/a><\/li>\r\n<li><a href=\"https:\/\/sinoextrud.com\/product\/custom-aluminum-fluorocarbon-wood-grain-fence\/\" target=\"_blank\">Custom Aluminum Fluorocarbon Wood Grain Fence<\/a><\/li>"},"feature_list":[]},"_links":{"self":[{"href":"https:\/\/sinoextrud.com\/fi\/wp-json\/wp\/v2\/product\/6573","targetHints":{"allow":["GET"]}}],"collection":[{"href":"https:\/\/sinoextrud.com\/fi\/wp-json\/wp\/v2\/product"}],"about":[{"href":"https:\/\/sinoextrud.com\/fi\/wp-json\/wp\/v2\/types\/product"}],"wp:featuredmedia":[{"embeddable":true,"href":"https:\/\/sinoextrud.com\/fi\/wp-json\/wp\/v2\/media\/6572"}],"wp:attachment":[{"href":"https:\/\/sinoextrud.com\/fi\/wp-json\/wp\/v2\/media?parent=6573"}],"wp:term":[{"taxonomy":"category","embeddable":true,"href":"https:\/\/sinoextrud.com\/fi\/wp-json\/wp\/v2\/categories?post=6573"}],"curies":[{"name":"wp","href":"https:\/\/api.w.org\/{rel}","templated":true}]}}