{"id":6569,"date":"2025-05-29T09:06:46","date_gmt":"2025-05-29T09:06:46","guid":{"rendered":"https:\/\/sinoextrud.com\/product\/wood-grain-aluminum-box-section\/"},"modified":"2025-06-24T06:11:11","modified_gmt":"2025-06-24T06:11:11","slug":"puun-jyva-alumiini-laatikko-osa","status":"publish","type":"product","link":"https:\/\/sinoextrud.com\/fi\/product\/wood-grain-aluminum-box-section\/","title":{"rendered":"Wood Grain alumiini laatikko osa"},"content":{"rendered":"<h2>Tuotteiden tiedot<\/h2>\n<table class=\"custom-table\">\n<tr>\n<td class=\"label\">Tuotteen nimi<\/td>\n<td>Puuviilualumiininen laatikko-osa<\/td>\n<\/tr>\n<tr>\n<td class=\"label\">Materiaali<\/td>\n<td>6063, 6061, 6463, 6082 Alumiiniseos alumiiniseos<\/td>\n<\/tr>\n<tr>\n<td class=\"label\">Takuu<\/td>\n<td>Ulkona s\u00e4\u00e4nkest\u00e4vyys puunjyv\u00e4, Aksu ja Menphis puunjyv\u00e4, maahantuotu s\u00e4\u00e4nkest\u00e4v\u00e4 puunjyv\u00e4, 10 vuoden takuu, 15 vuoden takuu Ulkona puunjyv\u00e4, jolla on korkea s\u00e4\u00e4nkest\u00e4vyys.<\/td>\n<\/tr>\n<tr>\n<td class=\"label\">V\u00e4ri<\/td>\n<td>R\u00e4\u00e4t\u00e4l\u00f6ity<\/td>\n<\/tr>\n<tr>\n<td class=\"label\">Luokka<\/td>\n<td>6000-sarja<\/td>\n<\/tr>\n<tr>\n<td class=\"label\">Paksuus<\/td>\n<td>R\u00e4\u00e4t\u00e4l\u00f6ity<\/td>\n<\/tr>\n<tr>\n<td class=\"label\">K\u00e4ytt\u00f6<\/td>\n<td>Koristelu<\/td>\n<\/tr>\n<tr>\n<td class=\"label\">Temper<\/td>\n<td>T3-T8<\/td>\n<\/tr>\n<tr>\n<td class=\"label\">Pituus<\/td>\n<td>R\u00e4\u00e4t\u00e4l\u00f6ity<\/td>\n<\/tr>\n<tr>\n<td class=\"label\">Pintak\u00e4sittely<\/td>\n<td>Jauhemaalaus, Mill Finish, PVDF, anodisoitu, puunjyv\u00e4, kiillotettu, harjattu jne.<\/td>\n<\/tr>\n<tr>\n<td class=\"label\">Orgin<\/td>\n<td>KIINA<\/td>\n<\/tr>\n<tr>\n<td class=\"label\">Onko seos vai ei<\/td>\n<td>Onko seos<\/td>\n<\/tr>\n<tr>\n<td class=\"label\">Satama<\/td>\n<td>Guangzhou, Shenzhen, Foshan<\/td>\n<\/tr>\n<\/table>\n<h2>Tuotantopohjamme<\/h2>\n<h3>Tehtaan panoraama<\/h3>\n<p><img decoding=\"async\" src=\"\/wp-content\/uploads\/factory-01.webp\"\/><\/p>\n<h3>Alumiini Bar Manufacturing Workshop<\/h3>\n<p><img decoding=\"async\" src=\"\/wp-content\/uploads\/factory-02.webp\"\/><\/p>\n<p><img decoding=\"async\" src=\"\/wp-content\/uploads\/factory-03.webp\"\/><\/p>\n<h3>Muotin varastointi Varasto<\/h3>\n<p><img decoding=\"async\" src=\"\/wp-content\/uploads\/factory-04.webp\"\/><\/p>\n<h3>43 alumiinin ekstruusiolinjat (500-5500 tonnia)<\/h3>\n<p><img decoding=\"async\" src=\"\/wp-content\/uploads\/factory-05.webp\"\/><\/p>\n<p><img decoding=\"async\" src=\"\/wp-content\/uploads\/factory-06.webp\"\/><\/p>\n<p><img decoding=\"async\" src=\"\/wp-content\/uploads\/factory-07.webp\"\/><\/p>\n<h3>Jauhemaalaus ty\u00f6paja<\/h3>\n<p><img decoding=\"async\" src=\"\/wp-content\/uploads\/factory-09.webp\"\/><\/p>\n<h3>Anodisointi ty\u00f6paja<\/h3>\n<p><img decoding=\"async\" src=\"\/wp-content\/uploads\/factory-10.webp\"\/><\/p>\n<h3>Syv\u00e4k\u00e4sittelyn ty\u00f6paja<\/h3>\n<p><img decoding=\"async\" src=\"\/wp-content\/uploads\/factory-11.webp\"\/><\/p>\n<h3>CNC-tarkkuuskoneistus ty\u00f6paja<\/h3>\n<p><img decoding=\"async\" src=\"\/wp-content\/uploads\/factory-11.5.webp\"\/><\/p>\n<h3>Valmiiden tuotteiden ja vientivarasto<\/h3>\n<p><img decoding=\"async\" src=\"\/wp-content\/uploads\/factory-12.webp\"\/><\/p>\n<p><img decoding=\"async\" src=\"\/wp-content\/uploads\/factory-13.webp\"\/><\/p>\n<p><img decoding=\"async\" src=\"\/wp-content\/uploads\/factory-14.webp\"\/><\/p>\n<h2>FAQ<\/h2>\n<p><p><b>1.Mik\u00e4 on puunjyv\u00e4inen alumiinilaatikko-osa?<\/b><\/p>\n<p>Puurakenteinen alumiinilaatikkoprofiili on ontto alumiiniprofiili, jonka pintak\u00e4sittely j\u00e4ljittelee luonnollisen puun ulkon\u00e4k\u00f6\u00e4 ja rakennetta ja jossa yhdistyv\u00e4t lujuus ja estetiikka.<br \/>\n<\/p><br \/>\n<br \/>\n<p><b>2.What ovat t\u00e4rkeimm\u00e4t edut puun jyv\u00e4 alumiini laatikko profiilit?<\/b><\/p>\n<p>Ne tarjoavat erinomaisen korroosionkest\u00e4vyyden, kevyen lujuuden, v\u00e4h\u00e4isen huollon ja aidon puun ulkon\u00e4\u00f6n, joka soveltuu rakenteellisiin ja koristeellisiin k\u00e4ytt\u00f6tarkoituksiin.<br \/>\n<\/p><br \/>\n<br \/>\n<p><b>3.Miksi valita puumuoviset alumiinilaatikon osat luonnollisen puun sijaan?<\/b><\/p>\n<p>Alumiiniset laatikkoprofiilit kest\u00e4v\u00e4t lahoa, hy\u00f6nteisi\u00e4, kosteutta ja v\u00e4\u00e4ntymist\u00e4, mik\u00e4 takaa pidemm\u00e4n kest\u00e4vyyden ja helpomman yll\u00e4pidon samalla kun ne j\u00e4ljittelev\u00e4t puun luonnollista kauneutta.<br \/>\n<\/p><br \/>\n<br \/>\n<p><b>4.Can puun jyv\u00e4 alumiini laatikko osat voidaan r\u00e4\u00e4t\u00e4l\u00f6id\u00e4?<\/b><\/p>\n<p>Kyll\u00e4, ne voidaan r\u00e4\u00e4t\u00e4l\u00f6id\u00e4 koon, sein\u00e4m\u00e4n paksuuden, puun kuvioinnin, v\u00e4rin ja pituuden osalta vastaamaan erityisi\u00e4 arkkitehtonisia ja rakenteellisia vaatimuksia.<br \/>\n<\/p><br \/>\n<br \/>\n<p><b>5.Miten puunsuikaleiden viimeistely parantaa alumiinisia laatikkoprofiileja?<\/b><\/p>\n<p>Pintak\u00e4sittely antaa realistisen puun rakenteen ja v\u00e4rin s\u00e4ilytt\u00e4en samalla alumiinin kest\u00e4vyyden, ruostumattomuuden ja keveyden.<br \/>\n<\/p><br \/>\n<br \/>\n<p><b>6.Soveltuvatko puukuvioiset alumiinilaatikkoprofiilit ulkok\u00e4ytt\u00f6\u00f6n?<\/b><\/p>\n<p>Kyll\u00e4, ne kest\u00e4v\u00e4t UV-altistusta, kosteutta ja ankaraa s\u00e4\u00e4t\u00e4, joten ne sopivat erinomaisesti ulkoverhouksiin, aitauksiin ja rakenteellisiin sovelluksiin.<br \/>\n<\/p><br \/>\n<br \/>\n<p><b>7.Mill\u00e4 teollisuudenaloilla k\u00e4ytet\u00e4\u00e4n yleisesti puumateriaalia alumiinilaatikkoprofiileissa?<\/b><\/p>\n<p>Rakennus-, huonekalujen valmistus-, sisustus- ja maisemointiteollisuudessa n\u00e4it\u00e4 profiileja k\u00e4ytet\u00e4\u00e4n niiden esteettisyyden ja lujuuden yhdistelm\u00e4n vuoksi.<br \/>\n<\/p><br \/>\n<br \/>\n<p><b>8.Miten puukuitualumiiniprofiilit tukevat kest\u00e4v\u00e4\u00e4 rakentamista?<\/b><\/p>\n<p>Alumiini on t\u00e4ysin kierr\u00e4tett\u00e4viss\u00e4, ja puukuvioiset pinnoitteet ovat ymp\u00e4rist\u00f6yst\u00e4v\u00e4llinen vaihtoehto puulle, mik\u00e4 v\u00e4hent\u00e4\u00e4 ymp\u00e4rist\u00f6vaikutuksia ja mets\u00e4katoa.<br \/>\n<\/p><br \/><\/p>","protected":false},"featured_media":6568,"template":"","categories":[65],"class_list":["post-6569","product","type-product","status-publish","has-post-thumbnail","hentry","category-wooden-grained-aluminum-profile"],"meta_box":{"hilight_text_group":{"product_hilight_text":"<li>Wood grain finish delivers natural wood appearance with aluminum durability<\/li>\r\r\n<li>Box section design provides strong structural support and rigidity<\/li>\r\r\n<li>Lightweight and corrosion-resistant for long-lasting outdoor use<\/li>\r\r\n<li>Precision extrusion ensures consistent dimensions and surface quality<\/li>\r\r\n<li>Custom sizes and bulk orders available to meet project demands<\/li>","product_chanpin_blog":"<ul>\r\r\n<li><a href=\"https:\/\/sinoextrud.com\/t-slot-v-slot-differences\/\" target=\"_blank\">t slot vs v slot<\/a><\/li>\r\r\n<li><a href=\"https:\/\/sinoextrud.com\/what-is-4040-aluminium-extrud\/\" target=\"_blank\">4040 aluminium extrusion<\/a><\/li>\r\r\n<li><a href=\"https:\/\/sinoextrud.com\/what-is-4040-aluminium-extrud\/\" target=\"_blank\">aluminum extrusions for industrial racks<\/a><\/li>\r\r\n<li><a href=\"https:\/\/sinoextrud.com\/powder-coating-aluminium-process\/\" target=\"_blank\">powder coating aluminium<\/a><\/li>\r\r\n<li><a href=\"https:\/\/sinoextrud.com\/what-is-an-aluminium-strip-ceiling\/\" target=\"_blank\">aluminium strip ceiling<\/a><\/li>\r\r\n<li><a href=\"https:\/\/sinoextrud.com\/what-is-a-heat-sink\/\" target=\"_blank\">what is a heat sink<\/a><\/li>\r\r\n<\/ul>","product_chanpin_chanpin":"<li><a href=\"https:\/\/sinoextrud.com\/product\/wood-finish-aluminum-tube\/\" target=\"_blank\">Wood Finish Aluminum Tube<\/a><\/li>\r\n<li><a href=\"https:\/\/sinoextrud.com\/product\/3d-wood-grain-aluminium-battens\/\" target=\"_blank\">3D Wood Grain Aluminium Battens<\/a><\/li>\r\n<li><a href=\"https:\/\/sinoextrud.com\/product\/commercial-handrail-systems\/\" target=\"_blank\">Commercial Handrail Systems<\/a><\/li>\r\n<li><a href=\"https:\/\/sinoextrud.com\/product\/extruded-aluminum-wood-grain-tube-profile\/\" target=\"_blank\">Extruded Aluminum Wood Grain Tube Profile<\/a><\/li>\r\n<li><a href=\"https:\/\/sinoextrud.com\/product\/wood-grain-aluminum-box-section\/\" target=\"_blank\">Wood Grain Aluminum Box Section<\/a><\/li>\r\n<li><a href=\"https:\/\/sinoextrud.com\/product\/wood-grain-false-ceiling-aluminium-profiles\/\" target=\"_blank\">Wood Grain False Ceiling Aluminium Profiles<\/a><\/li>\r\n<li><a href=\"https:\/\/sinoextrud.com\/product\/wood-grain-finish-extruded-architectural-use-aluminium-profile\/\" target=\"_blank\">Wood grain finish extruded architectural use aluminium profile<\/a><\/li>\r\n<li><a href=\"https:\/\/sinoextrud.com\/product\/wood-grain-aluminium-extrusion-profile-for-furnitures-decoration\/\" target=\"_blank\">Wood Grain Aluminium Extrusion Profile for Furnitures Decoration<\/a><\/li>\r\n<li><a href=\"https:\/\/sinoextrud.com\/product\/wood-grain-finish-aluminium-profiles\/\" target=\"_blank\">Wood Grain Finish Aluminium Profiles<\/a><\/li>\r\n<li><a href=\"https:\/\/sinoextrud.com\/product\/extruded-aluminium-profile-for-triangle-and-rectangle-pipe-with-6063-alloy-anodized-mill-finish-surface\/\" target=\"_blank\">Extruded Aluminium Profile For Triangle And Rectangle Pipe With 6063 Alloy Anodized Mill Finish Surface<\/a><\/li>\r\n<li><a href=\"https:\/\/sinoextrud.com\/product\/led-aluminum-profile-strip-heatsink\/\" target=\"_blank\">Led Aluminum Profile Strip Heatsink<\/a><\/li>"},"feature_list":[]},"_links":{"self":[{"href":"https:\/\/sinoextrud.com\/fi\/wp-json\/wp\/v2\/product\/6569","targetHints":{"allow":["GET"]}}],"collection":[{"href":"https:\/\/sinoextrud.com\/fi\/wp-json\/wp\/v2\/product"}],"about":[{"href":"https:\/\/sinoextrud.com\/fi\/wp-json\/wp\/v2\/types\/product"}],"wp:featuredmedia":[{"embeddable":true,"href":"https:\/\/sinoextrud.com\/fi\/wp-json\/wp\/v2\/media\/6568"}],"wp:attachment":[{"href":"https:\/\/sinoextrud.com\/fi\/wp-json\/wp\/v2\/media?parent=6569"}],"wp:term":[{"taxonomy":"category","embeddable":true,"href":"https:\/\/sinoextrud.com\/fi\/wp-json\/wp\/v2\/categories?post=6569"}],"curies":[{"name":"wp","href":"https:\/\/api.w.org\/{rel}","templated":true}]}}