{"id":6553,"date":"2025-05-29T08:12:31","date_gmt":"2025-05-29T08:12:31","guid":{"rendered":"https:\/\/sinoextrud.com\/product\/wood-look-aluminium-slats\/"},"modified":"2025-06-24T06:11:09","modified_gmt":"2025-06-24T06:11:09","slug":"puun-nakoiset-alumiinilistat","status":"publish","type":"product","link":"https:\/\/sinoextrud.com\/fi\/product\/wood-look-aluminium-slats\/","title":{"rendered":"Puun n\u00e4k\u00f6iset alumiinilistat"},"content":{"rendered":"<h2>Tuotteiden tiedot<\/h2>\n<table class=\"custom-table\">\n<tr>\n<td class=\"label\">Materiaali<\/td>\n<td>korkealaatuinen alumiiniseos<\/td>\n<\/tr>\n<tr>\n<td class=\"label\">Pintak\u00e4sittely ja takuu<\/td>\n<td>tavallinen puupintamaaliruiskutus (10 vuotta), AKSU-erikoispintamaaliruiskutus (15 vuotta).<\/td>\n<\/tr>\n<tr>\n<td class=\"label\">Koko<\/td>\n<td>yleinen leveys on 2 tuumaa (noin 5 cm) tai 2,5 tuumaa (noin 6,3 cm). Mukauta pituus todellisten tarpeiden mukaan. Hyv\u00e4ksy mukautettuja tilauksia.<\/td>\n<\/tr>\n<tr>\n<td class=\"label\">Paksuus<\/td>\n<td>yleens\u00e4 0,008 tuumaa (noin 0,2 mm) - 0,02 tuumaa (noin 0,5 mm). Hyv\u00e4ksyt\u00e4\u00e4n tilaustilaukset.<\/td>\n<\/tr>\n<tr>\n<td class=\"label\">V\u00e4ri<\/td>\n<td>luonnollinen, selke\u00e4, realistinen puunj\u00e4ljitelm\u00e4, kuten puun ulkon\u00e4k\u00f6, mahongin ulkon\u00e4k\u00f6, kirsikkapuun ulkon\u00e4k\u00f6, saksanpuun ulkon\u00e4k\u00f6 jne.<\/td>\n<\/tr>\n<tr>\n<td class=\"label\">Avaamis- ja sulkemismenetelm\u00e4<\/td>\n<td>k\u00e4sik\u00e4ytt\u00f6 tai s\u00e4hk\u00f6inen ohjaus<\/td>\n<\/tr>\n<tr>\n<td class=\"label\">Ominaisuudet<\/td>\n<td>Kest\u00e4\u00e4 kemiallista korroosiota. Kest\u00e4\u00e4 fyysisi\u00e4 naarmuja. Hy\u00f6nteisten kest\u00e4v\u00e4. Vedenpit\u00e4v\u00e4. Helppo puhdistaa. Ei haalistu helposti. Ei tarvitse maalata s\u00e4\u00e4nn\u00f6llisesti.<\/td>\n<\/tr>\n<\/table>\n<h2>Tuotantopohjamme<\/h2>\n<h3>Tehtaan panoraama<\/h3>\n<p><img decoding=\"async\" src=\"\/wp-content\/uploads\/factory-01.webp\"\/><\/p>\n<h3>Alumiini Bar Manufacturing Workshop<\/h3>\n<p><img decoding=\"async\" src=\"\/wp-content\/uploads\/factory-02.webp\"\/><\/p>\n<p><img decoding=\"async\" src=\"\/wp-content\/uploads\/factory-03.webp\"\/><\/p>\n<h3>Muotin varastointi Varasto<\/h3>\n<p><img decoding=\"async\" src=\"\/wp-content\/uploads\/factory-04.webp\"\/><\/p>\n<h3>43 alumiinin ekstruusiolinjat (500-5500 tonnia)<\/h3>\n<p><img decoding=\"async\" src=\"\/wp-content\/uploads\/factory-05.webp\"\/><\/p>\n<p><img decoding=\"async\" src=\"\/wp-content\/uploads\/factory-06.webp\"\/><\/p>\n<p><img decoding=\"async\" src=\"\/wp-content\/uploads\/factory-07.webp\"\/><\/p>\n<h3>Jauhemaalaus ty\u00f6paja<\/h3>\n<p><img decoding=\"async\" src=\"\/wp-content\/uploads\/factory-09.webp\"\/><\/p>\n<h3>Anodisointi ty\u00f6paja<\/h3>\n<p><img decoding=\"async\" src=\"\/wp-content\/uploads\/factory-10.webp\"\/><\/p>\n<h3>Syv\u00e4k\u00e4sittelyn ty\u00f6paja<\/h3>\n<p><img decoding=\"async\" src=\"\/wp-content\/uploads\/factory-11.webp\"\/><\/p>\n<h3>CNC-tarkkuuskoneistus ty\u00f6paja<\/h3>\n<p><img decoding=\"async\" src=\"\/wp-content\/uploads\/factory-11.5.webp\"\/><\/p>\n<h3>Valmiiden tuotteiden ja vientivarasto<\/h3>\n<p><img decoding=\"async\" src=\"\/wp-content\/uploads\/factory-12.webp\"\/><\/p>\n<p><img decoding=\"async\" src=\"\/wp-content\/uploads\/factory-13.webp\"\/><\/p>\n<p><img decoding=\"async\" src=\"\/wp-content\/uploads\/factory-14.webp\"\/><\/p>\n<h2>FAQ<\/h2>\n<p><p><b>1.Mit\u00e4 ovat puun n\u00e4k\u00f6iset alumiinilistat?<\/b><\/p>\n<p>Puun n\u00e4k\u00f6iset alumiinilistat ovat alumiinipaneeleita, joiden pintak\u00e4sittely j\u00e4ljittelee luonnollista puun pintarakennetta ja joita k\u00e4ytet\u00e4\u00e4n koristeellisiin ja toiminnallisiin verhoiluihin tai aitauksiin.<br \/>\n<\/p><br \/>\n<br \/>\n<p><b>2.Mitk\u00e4 ovat puun n\u00e4k\u00f6isten alumiinilistojen t\u00e4rkeimm\u00e4t edut?<\/b><\/p>\n<p>Ne tarjoavat erinomaisen korroosionkest\u00e4vyyden, kevyen lujuuden, v\u00e4h\u00e4isen huoltotarpeen ja realistisen puun ulkon\u00e4\u00f6n, joka sopii sek\u00e4 sis\u00e4- ett\u00e4 ulkok\u00e4ytt\u00f6\u00f6n.<br \/>\n<\/p><br \/>\n<br \/>\n<p><b>3.Miksi valita puun n\u00e4k\u00f6iset alumiinilistat luonnollisen puun sijaan?<\/b><\/p>\n<p>Alumiinilistat kest\u00e4v\u00e4t lahoa, hy\u00f6nteisi\u00e4, v\u00e4\u00e4ntymist\u00e4 ja s\u00e4\u00e4olosuhteiden aiheuttamia vaurioita, ja niiden k\u00e4ytt\u00f6ik\u00e4 on pidempi ja niiden yll\u00e4pito on helpompaa kuin luonnonpuun.<br \/>\n<\/p><br \/>\n<br \/>\n<p><b>4.Voiko puun n\u00e4k\u00f6isi\u00e4 alumiinilistoja r\u00e4\u00e4t\u00e4l\u00f6id\u00e4?<\/b><\/p>\n<p>Kyll\u00e4, ne voidaan r\u00e4\u00e4t\u00e4l\u00f6id\u00e4 koon, v\u00e4rin, puun kuvioinnin ja viimeistelyn osalta erityisten suunnittelu- ja arkkitehtonisten vaatimusten mukaisesti.<br \/>\n<\/p><br \/>\n<br \/>\n<p><b>5.Miten puun n\u00e4k\u00f6inen viimeistely parantaa alumiinilistoja?<\/b><\/p>\n<p>Pintak\u00e4sittely antaa aidon puun estetiikan s\u00e4ilytt\u00e4en samalla alumiinin kest\u00e4vyyden, s\u00e4\u00e4nkest\u00e4vyyden ja helpon puhdistettavuuden.<br \/>\n<\/p><br \/>\n<br \/>\n<p><b>6.Soveltuvatko puun n\u00e4k\u00f6iset alumiinilistat ulkok\u00e4ytt\u00f6\u00f6n?<\/b><\/p>\n<p>Kyll\u00e4, ne on suunniteltu kest\u00e4m\u00e4\u00e4n UV-s\u00e4teily\u00e4, kosteutta ja l\u00e4mp\u00f6tilanvaihteluita, joten ne sopivat erinomaisesti ulkoverhoukseen, aitaukseen ja suojaukseen.<br \/>\n<\/p><br \/>\n<br \/>\n<p><b>7.Mill\u00e4 teollisuudenaloilla k\u00e4ytet\u00e4\u00e4n yleisesti puun n\u00e4k\u00f6isi\u00e4 alumiinilistoja?<\/b><\/p>\n<p>Rakennus-, maisemointi-, sisustus- ja arkkitehtitoimistot k\u00e4ytt\u00e4v\u00e4t n\u00e4it\u00e4 lamelleja niiden visuaalisen ilmeen ja kest\u00e4vyyden yhdistelm\u00e4n vuoksi.<br \/>\n<\/p><br \/>\n<br \/>\n<p><b>8.Miten puun n\u00e4k\u00f6iset alumiinilistat tukevat kest\u00e4v\u00e4\u00e4 suunnittelua?<\/b><\/p>\n<p>Alumiini on t\u00e4ysin kierr\u00e4tett\u00e4viss\u00e4, ja puun n\u00e4k\u00f6iset pinnoitteet tarjoavat ymp\u00e4rist\u00f6yst\u00e4v\u00e4llisen vaihtoehdon puulle, mik\u00e4 v\u00e4hent\u00e4\u00e4 ymp\u00e4rist\u00f6vaikutuksia ja mets\u00e4katoa.<br \/>\n<\/p><br \/><\/p>","protected":false},"featured_media":6552,"template":"","categories":[65],"class_list":["post-6553","product","type-product","status-publish","has-post-thumbnail","hentry","category-wooden-grained-aluminum-profile"],"meta_box":{"hilight_text_group":{"product_hilight_text":"<li>Wood look finish provides natural beauty with the durability of aluminum<\/li>\r\r\n<li>Resistant to rot, insects, and weathering for long-lasting performance<\/li>\r\r\n<li>Lightweight and easy to install for versatile architectural applications<\/li>\r\r\n<li>Low maintenance compared to traditional wood slats<\/li>\r\r\n<li>Available in custom sizes, colors, and finishes to fit design needs<\/li>","product_chanpin_blog":"<ul>\r\r\n<li><a href=\"https:\/\/sinoextrud.com\/t-slot-v-slot-differences\/\" target=\"_blank\">t slot vs v slot<\/a><\/li>\r\r\n<li><a href=\"https:\/\/sinoextrud.com\/what-is-4040-aluminium-extrud\/\" target=\"_blank\">4040 aluminium extrusion<\/a><\/li>\r\r\n<li><a href=\"https:\/\/sinoextrud.com\/what-is-4040-aluminium-extrud\/\" target=\"_blank\">aluminum extrusions for industrial racks<\/a><\/li>\r\r\n<li><a href=\"https:\/\/sinoextrud.com\/powder-coating-aluminium-process\/\" target=\"_blank\">powder coating aluminium<\/a><\/li>\r\r\n<li><a href=\"https:\/\/sinoextrud.com\/what-is-an-aluminium-strip-ceiling\/\" target=\"_blank\">aluminium strip ceiling<\/a><\/li>\r\r\n<li><a href=\"https:\/\/sinoextrud.com\/what-is-a-heat-sink\/\" target=\"_blank\">what is a heat sink<\/a><\/li>\r\r\n<\/ul>","product_chanpin_chanpin":"<li><a href=\"https:\/\/sinoextrud.com\/product\/pvdf-coating-aluminum-profile\/\" target=\"_blank\">PVDF Coating Aluminum Profile<\/a><\/li>\r\n<li><a href=\"https:\/\/sinoextrud.com\/product\/custom-wood-grain-aluminium-profiles\/\" target=\"_blank\">Custom Wood Grain Aluminium Profiles<\/a><\/li>\r\n<li><a href=\"https:\/\/sinoextrud.com\/product\/wood-grain-aluminum-square-hollow-profile\/\" target=\"_blank\">Wood Grain Aluminum Square Hollow Profile<\/a><\/li>\r\n<li><a href=\"https:\/\/sinoextrud.com\/product\/wood-look-aluminum-soffit\/\" target=\"_blank\">Wood Look Aluminum Soffit<\/a><\/li>\r\n<li><a href=\"https:\/\/sinoextrud.com\/product\/wood-look-aluminium-slats\/\" target=\"_blank\">Wood Look Aluminium Slats<\/a><\/li>\r\n<li><a href=\"https:\/\/sinoextrud.com\/product\/natural-wood-grain-aluminium-square-tube\/\" target=\"_blank\">Natural Wood Grain Aluminium Square Tube<\/a><\/li>\r\n<li><a href=\"https:\/\/sinoextrud.com\/product\/wood-look-aluminium-cladding\/\" target=\"_blank\">Wood Look Aluminium Cladding<\/a><\/li>\r\n<li><a href=\"https:\/\/sinoextrud.com\/product\/wood-look-aluminium-battens\/\" target=\"_blank\">Wood Look Aluminium Battens<\/a><\/li>\r\n<li><a href=\"https:\/\/sinoextrud.com\/product\/wood-finish-aluminum-tube\/\" target=\"_blank\">Wood Finish Aluminum Tube<\/a><\/li>\r\n<li><a href=\"https:\/\/sinoextrud.com\/product\/cabinet-aluminum-profile\/\" target=\"_blank\">Cabinet Aluminum Profile<\/a><\/li>\r\n<li><a href=\"https:\/\/sinoextrud.com\/product\/300mm-aluminium-louvre-extrusion\/\" target=\"_blank\">300mm Aluminium Louvre Extrusion<\/a><\/li>"},"feature_list":[]},"_links":{"self":[{"href":"https:\/\/sinoextrud.com\/fi\/wp-json\/wp\/v2\/product\/6553","targetHints":{"allow":["GET"]}}],"collection":[{"href":"https:\/\/sinoextrud.com\/fi\/wp-json\/wp\/v2\/product"}],"about":[{"href":"https:\/\/sinoextrud.com\/fi\/wp-json\/wp\/v2\/types\/product"}],"wp:featuredmedia":[{"embeddable":true,"href":"https:\/\/sinoextrud.com\/fi\/wp-json\/wp\/v2\/media\/6552"}],"wp:attachment":[{"href":"https:\/\/sinoextrud.com\/fi\/wp-json\/wp\/v2\/media?parent=6553"}],"wp:term":[{"taxonomy":"category","embeddable":true,"href":"https:\/\/sinoextrud.com\/fi\/wp-json\/wp\/v2\/categories?post=6553"}],"curies":[{"name":"wp","href":"https:\/\/api.w.org\/{rel}","templated":true}]}}