{"id":6545,"date":"2025-05-29T07:33:51","date_gmt":"2025-05-29T07:33:51","guid":{"rendered":"https:\/\/sinoextrud.com\/product\/pvdf-coating-aluminum-profile\/"},"modified":"2025-06-24T06:11:07","modified_gmt":"2025-06-24T06:11:07","slug":"pvdf-pinnoite-alumiiniprofiili","status":"publish","type":"product","link":"https:\/\/sinoextrud.com\/fi\/product\/pvdf-coating-aluminum-profile\/","title":{"rendered":"PVDF pinnoite alumiini profiili"},"content":{"rendered":"<h2>Tuotteiden tiedot<\/h2>\n<table class=\"custom-table\">\n<tr>\n<td class=\"label\">Kohde<\/td>\n<td>PVDF-pinnoite alumiiniprofiili<\/td>\n<\/tr>\n<tr>\n<td class=\"label\">Materiaali<\/td>\n<td>6063 T5\/T6, 6061 T5\/T6, 6463 T6, jne.<\/td>\n<\/tr>\n<tr>\n<td class=\"label\">Pinta Custom<\/td>\n<td>Anodisointi, elektroforeesi, jauhemaalaus, PVDF-pinnoite,<br \/>puunjyv\u00e4maalaus, harjattu<\/td>\n<\/tr>\n<tr>\n<td class=\"label\">V\u00e4ri<\/td>\n<td>Hopea valkoinen, pronssi, kulta, musta, samppanja, r\u00e4\u00e4t\u00e4l\u00f6ityj\u00e4<\/td>\n<\/tr>\n<tr>\n<td class=\"label\">Sein\u00e4m\u00e4n paksuus<\/td>\n<td>&gt;0,8 mm, 1,0, 1,2, 2,0, 4,0 jne.<\/td>\n<\/tr>\n<tr>\n<td class=\"label\">Muoto<\/td>\n<td>Cusomized<\/td>\n<\/tr>\n<tr>\n<td class=\"label\">Pituus<\/td>\n<td>Normaali 1-9 metri\u00e4 tai r\u00e4\u00e4t\u00e4l\u00f6ity<\/td>\n<\/tr>\n<tr>\n<td class=\"label\">MOQ<\/td>\n<td>1 tonni kutakin tuotetta kohti<\/td>\n<\/tr>\n<tr>\n<td class=\"label\">OEM-palvelu Tuotanto<\/td>\n<td>Asiakkaiden piirustukset \/ n\u00e4ytteet tai tarjottu suunnittelupalvelu<\/td>\n<\/tr>\n<tr>\n<td class=\"label\">Takuu<\/td>\n<td>Pinnan v\u00e4ri voi olla vakaa 10-20 vuotta sis\u00e4k\u00e4yt\u00f6ss\u00e4<\/td>\n<\/tr>\n<tr>\n<td class=\"label\">Valmistus<\/td>\n<td>Jyrsint\u00e4, poraus, leikkaus, CNC,Ikkunoiden ja ovien kehykset<\/td>\n<\/tr>\n<tr>\n<td class=\"label\">Edut Ominaisuudet<\/td>\n<td>1.Air todiste, vedenpit\u00e4v\u00e4, l\u00e4mm\u00f6neristys, l\u00e4mp\u00f6eristys, Anti-aging, Resist vaikutukset<br \/>2.Environmentally yst\u00e4v\u00e4llinen<br \/>3.Corrosion resistant, shinging<br \/>4.Moderni ulkon\u00e4k\u00f6<\/td>\n<\/tr>\n<tr>\n<td class=\"label\">Testausstandardi<\/td>\n<td>GB,JIS,AAMA,BS,EN,AS\/NZS,AA<\/td>\n<\/tr>\n<\/table>\n<h2>Tuotantopohjamme<\/h2>\n<h3>Tehtaan panoraama<\/h3>\n<p><img decoding=\"async\" src=\"\/wp-content\/uploads\/factory-01.webp\"\/><\/p>\n<h3>Alumiini Bar Manufacturing Workshop<\/h3>\n<p><img decoding=\"async\" src=\"\/wp-content\/uploads\/factory-02.webp\"\/><\/p>\n<p><img decoding=\"async\" src=\"\/wp-content\/uploads\/factory-03.webp\"\/><\/p>\n<h3>Muotin varastointi Varasto<\/h3>\n<p><img decoding=\"async\" src=\"\/wp-content\/uploads\/factory-04.webp\"\/><\/p>\n<h3>43 Alumiini ekstruusiolinjat (500\u00e2 5500 tonnia)<\/h3>\n<p><img decoding=\"async\" src=\"\/wp-content\/uploads\/factory-05.webp\"\/><\/p>\n<p><img decoding=\"async\" src=\"\/wp-content\/uploads\/factory-06.webp\"\/><\/p>\n<p><img decoding=\"async\" src=\"\/wp-content\/uploads\/factory-07.webp\"\/><\/p>\n<h3>Jauhemaalaus ty\u00f6paja<\/h3>\n<p><img decoding=\"async\" src=\"\/wp-content\/uploads\/factory-09.webp\"\/><\/p>\n<h3>Anodisointi ty\u00f6paja<\/h3>\n<p><img decoding=\"async\" src=\"\/wp-content\/uploads\/factory-10.webp\"\/><\/p>\n<h3>Syv\u00e4k\u00e4sittelyn ty\u00f6paja<\/h3>\n<p><img decoding=\"async\" src=\"\/wp-content\/uploads\/factory-11.webp\"\/><\/p>\n<h3>CNC-tarkkuuskoneistus ty\u00f6paja<\/h3>\n<p><img decoding=\"async\" src=\"\/wp-content\/uploads\/factory-11.5.webp\"\/><\/p>\n<h3>Valmiiden tuotteiden ja vientivarasto<\/h3>\n<p><img decoding=\"async\" src=\"\/wp-content\/uploads\/factory-12.webp\"\/><\/p>\n<p><img decoding=\"async\" src=\"\/wp-content\/uploads\/factory-13.webp\"\/><\/p>\n<p><img decoding=\"async\" src=\"\/wp-content\/uploads\/factory-14.webp\"\/><\/p>\n<h2>FAQ<\/h2>\n<p><p><b>1.Mik\u00e4 on PVDF-pinnoite alumiiniprofiili?<\/b><\/p>\n<p>PVDF-pinnoitettu alumiiniprofiili on alumiiniprofiili, joka on k\u00e4sitelty polyvinyylideenifluoridipinnoitteella (PVDF), joka tarjoaa erinomaisen s\u00e4\u00e4nkest\u00e4vyyden ja kest\u00e4vyyden arkkitehtonisiin sovelluksiin.<br \/>\n<\/p><br \/>\n<br \/>\n<p><b>2.Mitk\u00e4 ovat alumiiniprofiilien PVDF-pinnoitteen t\u00e4rkeimm\u00e4t edut?<\/b><\/p>\n<p>PVDF-pinnoitteet tarjoavat erinomaisen UV-kest\u00e4vyyden, korroosiosuojauksen, v\u00e4rin s\u00e4ilymisen, kemikaalien kest\u00e4vyyden ja sile\u00e4n, pitk\u00e4kestoisen pinnan.<br \/>\n<\/p><br \/>\n<br \/>\n<p><b>3.Miksi valita PVDF-pinnoite muiden alumiiniprofiilien viimeistelyjen sijaan?<\/b><\/p>\n<p>PVDF tarjoaa paremman s\u00e4\u00e4nkest\u00e4vyyden, kemiallisen kest\u00e4vyyden ja pitk\u00e4aikaisemman v\u00e4rin pysyvyyden kuin jauhemaalaus ja anodisointi.<br \/>\n<\/p><br \/>\n<br \/>\n<p><b>4.Can PVDF p\u00e4\u00e4llystetty alumiini profiileja voidaan r\u00e4\u00e4t\u00e4l\u00f6id\u00e4?<\/b><\/p>\n<p>Kyll\u00e4, ne voidaan r\u00e4\u00e4t\u00e4l\u00f6id\u00e4 metalliseoslaadun, profiilin muodon, koon ja pinnoitteen v\u00e4rin osalta vastaamaan erityisi\u00e4 arkkitehtonisia ja teollisia vaatimuksia.<br \/>\n<\/p><br \/>\n<br \/>\n<p><b>5.Miten PVDF-pinnoite parantaa alumiiniprofiilien suorituskyky\u00e4?<\/b><\/p>\n<p>PVDF muodostaa sitke\u00e4n, joustavan kalvon, joka kest\u00e4\u00e4 haalistumista, liituuntumista, halkeilua ja kuoriutumista, mik\u00e4 parantaa kest\u00e4vyytt\u00e4 ja esteettist\u00e4 ulkon\u00e4k\u00f6\u00e4.<br \/>\n<\/p><br \/>\n<br \/>\n<p><b>6.Soveltuvatko PVDF-pinnoitetut alumiiniprofiilit ulkok\u00e4ytt\u00f6\u00f6n?<\/b><\/p>\n<p>Kyll\u00e4, PVDF-pinnoitteet suojaavat erinomaisesti UV-s\u00e4teilt\u00e4, kosteudelta ja ep\u00e4puhtauksilta, joten ne ovat ihanteellisia ulkok\u00e4ytt\u00f6\u00f6n.<br \/>\n<\/p><br \/>\n<br \/>\n<p><b>7.Mitk\u00e4 teollisuudenalat k\u00e4ytt\u00e4v\u00e4t yleisesti PVDF-pinnoitettuja alumiiniprofiileja?<\/b><\/p>\n<p>Rakennus-, auto-, opaste-, ilmailu- ja avaruusteollisuus sek\u00e4 arkkitehtuuriteollisuus k\u00e4ytt\u00e4v\u00e4t n\u00e4it\u00e4 profiileja niiden kest\u00e4vyyden ja korkealaatuisen viimeistelyn vuoksi.<br \/>\n<\/p><br \/>\n<br \/>\n<p><b>8.Miten PVDF-pinnoite tukee kest\u00e4vi\u00e4 rakennusk\u00e4yt\u00e4nt\u00f6j\u00e4?<\/b><\/p>\n<p>PVDF-pinnoitteilla on v\u00e4h\u00e4iset ymp\u00e4rist\u00f6vaikutukset, ne pident\u00e4v\u00e4t tuotteen k\u00e4ytt\u00f6ik\u00e4\u00e4, ja alumiini on t\u00e4ysin kierr\u00e4tett\u00e4viss\u00e4, mik\u00e4 edist\u00e4\u00e4 ymp\u00e4rist\u00f6yst\u00e4v\u00e4llist\u00e4 rakentamista.<br \/>\n<\/p><br \/><\/p>","protected":false},"featured_media":6544,"template":"","categories":[63],"class_list":["post-6545","product","type-product","status-publish","has-post-thumbnail","hentry","category-fluorocarbon-coating-profile"],"meta_box":{"hilight_text_group":{"product_hilight_text":"<li>PVDF coating ensures excellent weather and UV resistance for outdoor use<\/li>\r\r\n<li>Maintains vibrant color and gloss for extended durability<\/li>\r\r\n<li>High-quality aluminum profiles with precise extrusion standards<\/li>\r\r\n<li>Ideal for architectural facades, windows, and decorative applications<\/li>\r\r\n<li>Supports custom sizes, colors, and bulk manufacturing orders<\/li>","product_chanpin_blog":"<ul>\r\r\n<li><a href=\"https:\/\/sinoextrud.com\/t-slot-v-slot-differences\/\" target=\"_blank\">t slot vs v slot<\/a><\/li>\r\r\n<li><a href=\"https:\/\/sinoextrud.com\/what-is-4040-aluminium-extrud\/\" target=\"_blank\">4040 aluminium extrusion<\/a><\/li>\r\r\n<li><a href=\"https:\/\/sinoextrud.com\/what-is-4040-aluminium-extrud\/\" target=\"_blank\">aluminum extrusions for industrial racks<\/a><\/li>\r\r\n<li><a href=\"https:\/\/sinoextrud.com\/powder-coating-aluminium-process\/\" target=\"_blank\">powder coating aluminium<\/a><\/li>\r\r\n<li><a href=\"https:\/\/sinoextrud.com\/what-is-an-aluminium-strip-ceiling\/\" target=\"_blank\">aluminium strip ceiling<\/a><\/li>\r\r\n<li><a href=\"https:\/\/sinoextrud.com\/what-is-a-heat-sink\/\" target=\"_blank\">what is a heat sink<\/a><\/li>\r\r\n<\/ul>","product_chanpin_chanpin":"<li><a href=\"https:\/\/sinoextrud.com\/product\/eco-friendly-water-borne-fluorocarbon-spraying-decorative-aluminum-profile-for-outdoor-project\/\" target=\"_blank\">ECO-Friendly Water-borne Fluorocarbon Spraying Decorative Aluminum Profile For Outdoor Project<\/a><\/li>\r\n<li><a href=\"https:\/\/sinoextrud.com\/product\/fluorocarbon-coated-aluminium-extrusions\/\" target=\"_blank\">Fluorocarbon Coated Aluminium Extrusions<\/a><\/li>\r\n<li><a href=\"https:\/\/sinoextrud.com\/product\/aluminum-rectangular-tubing-for-wooden-horizontal-aluminum-fence-panels-system\/\" target=\"_blank\">aluminum rectangular tubing for wooden horizontal aluminum fence panels system<\/a><\/li>\r\n<li><a href=\"https:\/\/sinoextrud.com\/product\/fluorocarbon-coating-aluminium-extrusions-anti-fluorite-pvdf-aluminium-profile\/\" target=\"_blank\">Fluorocarbon coating aluminium extrusions Anti fluorite PVDF aluminium profile<\/a><\/li>\r\n<li><a href=\"https:\/\/sinoextrud.com\/product\/pvdf-coating-aluminum-profile\/\" target=\"_blank\">PVDF Coating Aluminum Profile<\/a><\/li>\r\n<li><a href=\"https:\/\/sinoextrud.com\/product\/custom-wood-grain-aluminium-profiles\/\" target=\"_blank\">Custom Wood Grain Aluminium Profiles<\/a><\/li>\r\n<li><a href=\"https:\/\/sinoextrud.com\/product\/wood-grain-aluminum-square-hollow-profile\/\" target=\"_blank\">Wood Grain Aluminum Square Hollow Profile<\/a><\/li>\r\n<li><a href=\"https:\/\/sinoextrud.com\/product\/wood-look-aluminum-soffit\/\" target=\"_blank\">Wood Look Aluminum Soffit<\/a><\/li>\r\n<li><a href=\"https:\/\/sinoextrud.com\/product\/wood-look-aluminium-slats\/\" target=\"_blank\">Wood Look Aluminium Slats<\/a><\/li>\r\n<li><a href=\"https:\/\/sinoextrud.com\/product\/6063-multiple-size-extruded-aluminium-t-slot\/\" target=\"_blank\">6063 Multiple Size Extruded Aluminium T Slot<\/a><\/li>\r\n<li><a href=\"https:\/\/sinoextrud.com\/product\/led-strip-aluminum-profile\/\" target=\"_blank\">Led Strip Aluminum Profile<\/a><\/li>"},"feature_list":[]},"_links":{"self":[{"href":"https:\/\/sinoextrud.com\/fi\/wp-json\/wp\/v2\/product\/6545","targetHints":{"allow":["GET"]}}],"collection":[{"href":"https:\/\/sinoextrud.com\/fi\/wp-json\/wp\/v2\/product"}],"about":[{"href":"https:\/\/sinoextrud.com\/fi\/wp-json\/wp\/v2\/types\/product"}],"wp:featuredmedia":[{"embeddable":true,"href":"https:\/\/sinoextrud.com\/fi\/wp-json\/wp\/v2\/media\/6544"}],"wp:attachment":[{"href":"https:\/\/sinoextrud.com\/fi\/wp-json\/wp\/v2\/media?parent=6545"}],"wp:term":[{"taxonomy":"category","embeddable":true,"href":"https:\/\/sinoextrud.com\/fi\/wp-json\/wp\/v2\/categories?post=6545"}],"curies":[{"name":"wp","href":"https:\/\/api.w.org\/{rel}","templated":true}]}}