{"id":6543,"date":"2025-05-29T07:25:14","date_gmt":"2025-05-29T07:25:14","guid":{"rendered":"https:\/\/sinoextrud.com\/product\/fluorocarbon-coating-aluminium-extrusions-anti-fluorite-pvdf-aluminium-profile\/"},"modified":"2025-06-24T06:11:07","modified_gmt":"2025-06-24T06:11:07","slug":"fluorihiilipinnoite-alumiiniprofiilit-alumiiniprofiilit-antifluoriteetti-pvdf-alumiiniprofiili","status":"publish","type":"product","link":"https:\/\/sinoextrud.com\/fi\/product\/fluorocarbon-coating-aluminium-extrusions-anti-fluorite-pvdf-aluminium-profile\/","title":{"rendered":"Fluorihiilipinnoite alumiiniprofiilit Antifluorite PVDF alumiiniprofiili"},"content":{"rendered":"<h2>Tuotteiden tiedot<\/h2>\n<table class=\"custom-table\">\n<tr>\n<td class=\"label\">Malli NO.:<\/td>\n<td>Fluorihiilipinnoite alumiiniprofiilit Antifluorite PVDF alumiiniprofiili<\/td>\n<\/tr>\n<tr>\n<td class=\"label\">Pintak\u00e4sittely:<\/td>\n<td>PVDF<\/td>\n<\/tr>\n<tr>\n<td class=\"label\">Tuote:<\/td>\n<td>Fluorihiilipinnoite alumiiniprofiileille<\/td>\n<\/tr>\n<tr>\n<td class=\"label\">Seosaine:<\/td>\n<td>6063<\/td>\n<\/tr>\n<tr>\n<td class=\"label\">Tavaramerkki:<\/td>\n<td>Sinoextrud<\/td>\n<\/tr>\n<tr>\n<td class=\"label\">Alkuper\u00e4:<\/td>\n<td>Kiina<\/td>\n<\/tr>\n<tr>\n<td class=\"label\">Muoto:<\/td>\n<td>r\u00e4\u00e4t\u00e4l\u00f6ity<\/td>\n<\/tr>\n<tr>\n<td class=\"label\">Tyyppi:<\/td>\n<td>Kiinnitys ja s\u00e4\u00e4dett\u00e4v\u00e4 asennus<\/td>\n<\/tr>\n<tr>\n<td class=\"label\">Temperamentti:<\/td>\n<td>T3-T8<\/td>\n<\/tr>\n<tr>\n<td class=\"label\">Seos:<\/td>\n<td>Metalliseos<\/td>\n<\/tr>\n<tr>\n<td class=\"label\">Tekniset tiedot:<\/td>\n<td>ISO9001-2008<\/td>\n<\/tr>\n<tr>\n<td class=\"label\">HS-koodi:<\/td>\n<td>7604210000<\/td>\n<\/tr>\n<\/table>\n<h2>Tuotantopohjamme<\/h2>\n<h3>Tehtaan panoraama<\/h3>\n<p><img decoding=\"async\" src=\"\/wp-content\/uploads\/factory-01.webp\"\/><\/p>\n<h3>Alumiini Bar Manufacturing Workshop<\/h3>\n<p><img decoding=\"async\" src=\"\/wp-content\/uploads\/factory-02.webp\"\/><\/p>\n<p><img decoding=\"async\" src=\"\/wp-content\/uploads\/factory-03.webp\"\/><\/p>\n<h3>Muotin varastointi Varasto<\/h3>\n<p><img decoding=\"async\" src=\"\/wp-content\/uploads\/factory-04.webp\"\/><\/p>\n<h3>43 alumiinin ekstruusiolinjat (500-5500 tonnia)<\/h3>\n<p><img decoding=\"async\" src=\"\/wp-content\/uploads\/factory-05.webp\"\/><\/p>\n<p><img decoding=\"async\" src=\"\/wp-content\/uploads\/factory-06.webp\"\/><\/p>\n<p><img decoding=\"async\" src=\"\/wp-content\/uploads\/factory-07.webp\"\/><\/p>\n<h3>Jauhemaalaus ty\u00f6paja<\/h3>\n<p><img decoding=\"async\" src=\"\/wp-content\/uploads\/factory-09.webp\"\/><\/p>\n<h3>Anodisointi ty\u00f6paja<\/h3>\n<p><img decoding=\"async\" src=\"\/wp-content\/uploads\/factory-10.webp\"\/><\/p>\n<h3>Syv\u00e4k\u00e4sittelyn ty\u00f6paja<\/h3>\n<p><img decoding=\"async\" src=\"\/wp-content\/uploads\/factory-11.webp\"\/><\/p>\n<h3>CNC-tarkkuuskoneistus ty\u00f6paja<\/h3>\n<p><img decoding=\"async\" src=\"\/wp-content\/uploads\/factory-11.5.webp\"\/><\/p>\n<h3>Valmiiden tuotteiden ja vientivarasto<\/h3>\n<p><img decoding=\"async\" src=\"\/wp-content\/uploads\/factory-12.webp\"\/><\/p>\n<p><img decoding=\"async\" src=\"\/wp-content\/uploads\/factory-13.webp\"\/><\/p>\n<p><img decoding=\"async\" src=\"\/wp-content\/uploads\/factory-14.webp\"\/><\/p>\n<h2>FAQ<\/h2>\n<p><p><b>1.Mit\u00e4 ovat fluorihiilipinnoitteiset alumiiniprofiilit?<\/b><\/p>\n<p>Fluorihiilipinnoitteiset alumiiniprofiilit ovat alumiiniprofiileja, jotka on pinnoitettu fluorihiilipohjaisella pinnoitteella, joka takaa erinomaisen s\u00e4\u00e4nkest\u00e4vyyden ja kest\u00e4vyyden.<br \/>\n<\/p><br \/>\n<br \/>\n<p><b>2.Mik\u00e4 on fluoriittia ehk\u00e4isev\u00e4 PVDF-alumiiniprofiili?<\/b><\/p>\n<p>Fluoriittia kest\u00e4v\u00e4 PVDF-alumiiniprofiili on k\u00e4sitelty polyvinylideenifluoridipinnoitteella (PVDF), joka kest\u00e4\u00e4 fluoriittikorroosiota ja ymp\u00e4rist\u00f6n hajoamista.<br \/>\n<\/p><br \/>\n<br \/>\n<p><b>3.Mitk\u00e4 ovat alumiinipursotteiden fluorihiilipinnoitteen t\u00e4rkeimm\u00e4t edut?<\/b><\/p>\n<p>Ne tarjoavat erinomaisen UV-kest\u00e4vyyden, korroosiosuojauksen, v\u00e4rin s\u00e4ilymisen, kemikaalien kest\u00e4vyyden ja sile\u00e4n, pitk\u00e4kestoisen pinnan.<br \/>\n<\/p><br \/>\n<br \/>\n<p><b>4.Miksi valita alumiiniprofiileihin fluoriittia ehk\u00e4isev\u00e4 PVDF-pinnoite?<\/b><\/p>\n<p>Fluoriittia est\u00e4v\u00e4t PVDF-pinnoitteet suojaavat alumiinia happamalta fluoriittipilaantumiselta, parantavat pinnan kest\u00e4vyytt\u00e4 ja s\u00e4ilytt\u00e4v\u00e4t esteettisen ulkon\u00e4\u00f6n ankarissa ymp\u00e4rist\u00f6iss\u00e4.<br \/>\n<\/p><br \/>\n<br \/>\n<p><b>5.Voiko fluorihiilipinnoitettuja alumiinipursotteita r\u00e4\u00e4t\u00e4l\u00f6id\u00e4?<\/b><\/p>\n<p>Kyll\u00e4, ne voidaan r\u00e4\u00e4t\u00e4l\u00f6id\u00e4 metalliseoksen tyypin, profiilin muodon, koon, pinnoitteen v\u00e4rin ja viimeistelyn osalta arkkitehtonisten ja teollisten erityistarpeiden mukaan.<br \/>\n<\/p><br \/>\n<br \/>\n<p><b>6.Miten fluorihiilipinnoite parantaa alumiinin suulakepuristussuorituskyky\u00e4?<\/b><\/p>\n<p>Pinnoite muodostaa sitke\u00e4n, joustavan esteen, joka kest\u00e4\u00e4 haalistumista, liituuntumista, halkeilua, kuoriutumista ja ymp\u00e4rist\u00f6vahinkoja, mik\u00e4 pident\u00e4\u00e4 tuotteen k\u00e4ytt\u00f6ik\u00e4\u00e4.<br \/>\n<\/p><br \/>\n<br \/>\n<p><b>7.Soveltuvatko fluorihiili- ja antifluorihiilipitoiset PVDF-alumiiniprofiilit ulkok\u00e4ytt\u00f6\u00f6n?<\/b><\/p>\n<p>Kyll\u00e4, ne kest\u00e4v\u00e4t erinomaisesti UV-s\u00e4teit\u00e4, kosteutta, saastumista ja l\u00e4mp\u00f6tilan vaihteluita, ja ne ovat ihanteellisia ulkorakennusten sovelluksiin.<br \/>\n<\/p><br \/>\n<br \/>\n<p><b>8.Mitk\u00e4 teollisuudenalat k\u00e4ytt\u00e4v\u00e4t yleisesti fluorihiilipinnoitteita ja fluoriittipinnoitteita sis\u00e4lt\u00e4vi\u00e4 PVDF-alumiiniprofiileja?<\/b><\/p>\n<p>Rakennus-, auto-, ilmailu- ja avaruusteollisuuden, opasteiden ja arkkitehtuurin aloilla k\u00e4ytet\u00e4\u00e4n n\u00e4it\u00e4 profiileja niiden kest\u00e4vyyden ja ensiluokkaisten suojapintojen vuoksi.<br \/>\n<\/p><br \/>\n<br \/>\n<p><b>9.Miten fluorihiilipinnoitteet ja fluoriittipinnoitteet tukevat kest\u00e4v\u00e4\u00e4 valmistusta?<\/b><\/p>\n<p>N\u00e4m\u00e4 pinnoitteet pident\u00e4v\u00e4t alumiinituotteiden k\u00e4ytt\u00f6ik\u00e4\u00e4, v\u00e4hent\u00e4v\u00e4t huoltoa ja alumiinin kierr\u00e4tett\u00e4vyys edist\u00e4\u00e4 ymp\u00e4rist\u00f6yst\u00e4v\u00e4llisi\u00e4 rakennusk\u00e4yt\u00e4nt\u00f6j\u00e4.<br \/>\n<\/p><br \/><\/p>","protected":false},"featured_media":6542,"template":"","categories":[63],"class_list":["post-6543","product","type-product","status-publish","has-post-thumbnail","hentry","category-fluorocarbon-coating-profile"],"meta_box":{"hilight_text_group":{"product_hilight_text":"<li>Fluorocarbon coating provides superior weather and UV resistance<\/li>\r\r\n<li>Anti-fluorite PVDF finish enhances surface durability and corrosion protection<\/li>\r\r\n<li>High-quality aluminum extrusions with precise dimensional control<\/li>\r\r\n<li>Ideal for architectural applications requiring long-lasting aesthetic appeal<\/li>\r\r\n<li>Supports custom profiles, colors, and bulk order fulfillment<\/li>","product_chanpin_blog":"<ul>\r\r\n<li><a href=\"https:\/\/sinoextrud.com\/t-slot-v-slot-differences\/\" target=\"_blank\">t slot vs v slot<\/a><\/li>\r\r\n<li><a href=\"https:\/\/sinoextrud.com\/what-is-4040-aluminium-extrud\/\" target=\"_blank\">4040 aluminium extrusion<\/a><\/li>\r\r\n<li><a href=\"https:\/\/sinoextrud.com\/what-is-4040-aluminium-extrud\/\" target=\"_blank\">aluminum extrusions for industrial racks<\/a><\/li>\r\r\n<li><a href=\"https:\/\/sinoextrud.com\/powder-coating-aluminium-process\/\" target=\"_blank\">powder coating aluminium<\/a><\/li>\r\r\n<li><a href=\"https:\/\/sinoextrud.com\/what-is-an-aluminium-strip-ceiling\/\" target=\"_blank\">aluminium strip ceiling<\/a><\/li>\r\r\n<li><a href=\"https:\/\/sinoextrud.com\/what-is-a-heat-sink\/\" target=\"_blank\">what is a heat sink<\/a><\/li>\r\r\n<\/ul>","product_chanpin_chanpin":"<li><a href=\"https:\/\/sinoextrud.com\/product\/soundproofed-watertigh\/\" target=\"_blank\">Soundproofed Watertight Wind resistant occulting frame powder coated Facade Cladding and Glass wall aluminium profile<\/a><\/li>\r\n<li><a href=\"https:\/\/sinoextrud.com\/product\/eco-friendly-water-borne-fluorocarbon-spraying-decorative-aluminum-profile-for-outdoor-project\/\" target=\"_blank\">ECO-Friendly Water-borne Fluorocarbon Spraying Decorative Aluminum Profile For Outdoor Project<\/a><\/li>\r\n<li><a href=\"https:\/\/sinoextrud.com\/product\/fluorocarbon-coated-aluminium-extrusions\/\" target=\"_blank\">Fluorocarbon Coated Aluminium Extrusions<\/a><\/li>\r\n<li><a href=\"https:\/\/sinoextrud.com\/product\/aluminum-rectangular-tubing-for-wooden-horizontal-aluminum-fence-panels-system\/\" target=\"_blank\">aluminum rectangular tubing for wooden horizontal aluminum fence panels system<\/a><\/li>\r\n<li><a href=\"https:\/\/sinoextrud.com\/product\/fluorocarbon-coating-aluminium-extrusions-anti-fluorite-pvdf-aluminium-profile\/\" target=\"_blank\">Fluorocarbon coating aluminium extrusions Anti fluorite PVDF aluminium profile<\/a><\/li>\r\n<li><a href=\"https:\/\/sinoextrud.com\/product\/pvdf-coating-aluminum-profile\/\" target=\"_blank\">PVDF Coating Aluminum Profile<\/a><\/li>\r\n<li><a href=\"https:\/\/sinoextrud.com\/product\/custom-wood-grain-aluminium-profiles\/\" target=\"_blank\">Custom Wood Grain Aluminium Profiles<\/a><\/li>\r\n<li><a href=\"https:\/\/sinoextrud.com\/product\/wood-grain-aluminum-square-hollow-profile\/\" target=\"_blank\">Wood Grain Aluminum Square Hollow Profile<\/a><\/li>\r\n<li><a href=\"https:\/\/sinoextrud.com\/product\/wood-look-aluminum-soffit\/\" target=\"_blank\">Wood Look Aluminum Soffit<\/a><\/li>\r\n<li><a href=\"https:\/\/sinoextrud.com\/product\/extruded-aluminium-housing\/\" target=\"_blank\">Extruded Aluminium Housing<\/a><\/li>\r\n<li><a href=\"https:\/\/sinoextrud.com\/product\/aluminium-exrtrusion-slot\/\" target=\"_blank\">Aluminium Exrtrusion Slot<\/a><\/li>"},"feature_list":[]},"_links":{"self":[{"href":"https:\/\/sinoextrud.com\/fi\/wp-json\/wp\/v2\/product\/6543","targetHints":{"allow":["GET"]}}],"collection":[{"href":"https:\/\/sinoextrud.com\/fi\/wp-json\/wp\/v2\/product"}],"about":[{"href":"https:\/\/sinoextrud.com\/fi\/wp-json\/wp\/v2\/types\/product"}],"wp:featuredmedia":[{"embeddable":true,"href":"https:\/\/sinoextrud.com\/fi\/wp-json\/wp\/v2\/media\/6542"}],"wp:attachment":[{"href":"https:\/\/sinoextrud.com\/fi\/wp-json\/wp\/v2\/media?parent=6543"}],"wp:term":[{"taxonomy":"category","embeddable":true,"href":"https:\/\/sinoextrud.com\/fi\/wp-json\/wp\/v2\/categories?post=6543"}],"curies":[{"name":"wp","href":"https:\/\/api.w.org\/{rel}","templated":true}]}}