{"id":6541,"date":"2025-05-29T07:21:38","date_gmt":"2025-05-29T07:21:38","guid":{"rendered":"https:\/\/sinoextrud.com\/product\/aluminum-rectangular-tubing-for-wooden-horizontal-aluminum-fence-panels-system\/"},"modified":"2025-06-24T06:11:07","modified_gmt":"2025-06-24T06:11:07","slug":"alumiini-suorakulmainen-putki-puinen-vaakasuora-alumiini-aita-paneelit-jarjestelma","status":"publish","type":"product","link":"https:\/\/sinoextrud.com\/fi\/product\/aluminum-rectangular-tubing-for-wooden-horizontal-aluminum-fence-panels-system\/","title":{"rendered":"alumiini suorakulmainen putki puinen vaakasuora alumiini aita paneelit j\u00e4rjestelm\u00e4"},"content":{"rendered":"<h2>Tuotteiden tiedot<\/h2>\n<table class=\"custom-table\">\n<tr>\n<td class=\"label\">Kohde<\/td>\n<td>alumiini suorakulmainen putki puinen vaakasuora alumiini aita paneelit j\u00e4rjestelm\u00e4<\/td>\n<\/tr>\n<tr>\n<td class=\"label\">Materiaali<\/td>\n<td>6063Alumiiniseos<\/td>\n<\/tr>\n<tr>\n<td class=\"label\">Temper<\/td>\n<td>T5<\/td>\n<\/tr>\n<tr>\n<td class=\"label\">Muoto<\/td>\n<td>Suorakulmainen.Mukautettu saatavana<\/td>\n<\/tr>\n<tr>\n<td class=\"label\">ProfileThickness<\/td>\n<td>Yleiset profiilit paksuus 0,8 mm:st\u00e4 yl\u00f6sp\u00e4in.<\/td>\n<\/tr>\n<tr>\n<td class=\"label\">Pintak\u00e4sittely<\/td>\n<td>woodengrain<\/td>\n<\/tr>\n<tr>\n<td class=\"label\">V\u00e4rit<\/td>\n<td>Ruskea,r\u00e4\u00e4t\u00e4l\u00f6ity v\u00e4ri saatavana<\/td>\n<\/tr>\n<tr>\n<td class=\"label\">Pinnoitteen paksuus<\/td>\n<td>Puurakenteinen pinnoite80~120um.<\/td>\n<\/tr>\n<tr>\n<td class=\"label\">Hakemus<\/td>\n<td>Ikkunat&amp;ovet,koristeet,rakentaminen ja pian<\/td>\n<\/tr>\n<tr>\n<td class=\"label\">Deepprocess<\/td>\n<td>CNC, poraus, jyrsint\u00e4, leikkaus, hitsaus, taivutus, kokoonpano<\/td>\n<\/tr>\n<tr>\n<td class=\"label\">MOQ<\/td>\n<td>1000kg kutakin tuotetta kohti<\/td>\n<\/tr>\n<tr>\n<td class=\"label\">Todistus ja standardi<\/td>\n<td>CQM, SGS, CE, BV, SONCAP\/GB, ISO, JIS, AS, NZS, QUALICOAT, QUOLANODavailable (saatavana)<\/td>\n<\/tr>\n<tr>\n<td class=\"label\">Takuu<\/td>\n<td>Pintav\u00e4ri voi s\u00e4ily\u00e4 parhaiten 10 vuotta sis\u00e4k\u00e4yt\u00f6ss\u00e4.<\/td>\n<\/tr>\n<\/table>\n<h2>Tuotantopohjamme<\/h2>\n<h3>Tehtaan panoraama<\/h3>\n<p><img decoding=\"async\" src=\"\/wp-content\/uploads\/factory-01.webp\"\/><\/p>\n<h3>Alumiini Bar Manufacturing Workshop<\/h3>\n<p><img decoding=\"async\" src=\"\/wp-content\/uploads\/factory-02.webp\"\/><\/p>\n<p><img decoding=\"async\" src=\"\/wp-content\/uploads\/factory-03.webp\"\/><\/p>\n<h3>Muotin varastointi Varasto<\/h3>\n<p><img decoding=\"async\" src=\"\/wp-content\/uploads\/factory-04.webp\"\/><\/p>\n<h3>43 Alumiini ekstruusiolinjat (500\u00e2 5500 tonnia)<\/h3>\n<p><img decoding=\"async\" src=\"\/wp-content\/uploads\/factory-05.webp\"\/><\/p>\n<p><img decoding=\"async\" src=\"\/wp-content\/uploads\/factory-06.webp\"\/><\/p>\n<p><img decoding=\"async\" src=\"\/wp-content\/uploads\/factory-07.webp\"\/><\/p>\n<h3>Jauhemaalaus ty\u00f6paja<\/h3>\n<p><img decoding=\"async\" src=\"\/wp-content\/uploads\/factory-09.webp\"\/><\/p>\n<h3>Anodisointi ty\u00f6paja<\/h3>\n<p><img decoding=\"async\" src=\"\/wp-content\/uploads\/factory-10.webp\"\/><\/p>\n<h3>Syv\u00e4k\u00e4sittelyn ty\u00f6paja<\/h3>\n<p><img decoding=\"async\" src=\"\/wp-content\/uploads\/factory-11.webp\"\/><\/p>\n<h3>CNC-tarkkuuskoneistus ty\u00f6paja<\/h3>\n<p><img decoding=\"async\" src=\"\/wp-content\/uploads\/factory-11.5.webp\"\/><\/p>\n<h3>Valmiiden tuotteiden ja vientivarasto<\/h3>\n<p><img decoding=\"async\" src=\"\/wp-content\/uploads\/factory-12.webp\"\/><\/p>\n<p><img decoding=\"async\" src=\"\/wp-content\/uploads\/factory-13.webp\"\/><\/p>\n<p><img decoding=\"async\" src=\"\/wp-content\/uploads\/factory-14.webp\"\/><\/p>\n<h2>FAQ<\/h2>\n<p><p><b>1.What on alumiini suorakulmainen putki k\u00e4ytet\u00e4\u00e4n puinen vaakasuora alumiini aita paneelit j\u00e4rjestelm\u00e4t?<\/b><\/p>\n<p>Suorakulmainen alumiiniputki muodostaa puisten vaakasuuntaisten alumiiniaitapaneelien rakenteellisen rungon ja tuen, jossa yhdistyv\u00e4t lujuus ja kevyt rakenne.<br \/>\n<\/p><br \/>\n<br \/>\n<p><b>2.Mitk\u00e4 ovat alumiinisen suorakulmaisen putken t\u00e4rkeimm\u00e4t edut aidan paneelij\u00e4rjestelmiss\u00e4?<\/b><\/p>\n<p>Se tarjoaa erinomaisen korroosionkest\u00e4vyyden, korkean lujuus-painosuhteen, v\u00e4h\u00e4isen kunnossapidon ja pitk\u00e4aikaisen kest\u00e4vyyden ulkotilojen aitaussovelluksissa.<br \/>\n<\/p><br \/>\n<br \/>\n<p><b>3.Miksi valita alumiininen suorakulmainen putki yli ter\u00e4ksen tai puun aidan paneeleihin?<\/b><\/p>\n<p>Alumiiniputket ovat kevyempi\u00e4, ruostumattomia, vaativat v\u00e4hemm\u00e4n huoltoa ja kest\u00e4v\u00e4t s\u00e4\u00e4olosuhteita paremmin kuin ter\u00e4s tai puu, mik\u00e4 takaa pidemm\u00e4n k\u00e4ytt\u00f6i\u00e4n.<br \/>\n<\/p><br \/>\n<br \/>\n<p><b>4.Can alumiini suorakulmainen putki voidaan r\u00e4\u00e4t\u00e4l\u00f6id\u00e4 puinen vaakasuora aita paneelit?<\/b><\/p>\n<p>Kyll\u00e4, putket voidaan r\u00e4\u00e4t\u00e4l\u00f6id\u00e4 koon, sein\u00e4m\u00e4npaksuuden, viimeistelyn ja pituuden suhteen, jotta ne sopivat tiettyihin aitamalleihin ja asennusvaatimuksiin.<br \/>\n<\/p><br \/>\n<br \/>\n<p><b>5.What pintak\u00e4sittelyt ovat saatavilla alumiinin suorakulmainen putki aidat?<\/b><\/p>\n<p>Yleisi\u00e4 pintak\u00e4sittelyj\u00e4 ovat jauhemaalaus, anodisointi ja puunrunkomaalaus, jotka parantavat korroosionkest\u00e4vyytt\u00e4 ja esteettisyytt\u00e4.<br \/>\n<\/p><br \/>\n<br \/>\n<p><b>6.Ovatko alumiiniset suorakaiteen muotoiset putkesta valmistetut aidan paneelit sopivia ulkok\u00e4ytt\u00f6\u00f6n?<\/b><\/p>\n<p>Kyll\u00e4, alumiiniputket kest\u00e4v\u00e4t hyvin UV-s\u00e4teit\u00e4, kosteutta ja ankaraa s\u00e4\u00e4t\u00e4, joten ne sopivat erinomaisesti ulkoaitapaneelij\u00e4rjestelmiin.<br \/>\n<\/p><br \/>\n<br \/>\n<p><b>7.How alumiini suorakulmainen putki tukee kest\u00e4vi\u00e4 aitausratkaisuja?<\/b><\/p>\n<p>Alumiini on 100% kierr\u00e4tett\u00e4v\u00e4\u00e4, ja sen k\u00e4ytt\u00f6 v\u00e4hent\u00e4\u00e4 puun kysynt\u00e4\u00e4, mik\u00e4 edist\u00e4\u00e4 ymp\u00e4rist\u00f6yst\u00e4v\u00e4llisi\u00e4 ja kest\u00e4vi\u00e4 aitausvaihtoehtoja.<br \/>\n<\/p><br \/>\n<br \/>\n<p><b>8.Mitk\u00e4 teollisuudenalat tai sovellukset hy\u00f6tyv\u00e4t eniten alumiinisista suorakaiteen muotoisista putkista valmistetuista aitapaneelij\u00e4rjestelmist\u00e4?<\/b><\/p>\n<p>Asuin-, kauppa- ja maisemointihankkeissa k\u00e4ytet\u00e4\u00e4n alumiiniputkia kest\u00e4viin, houkutteleviin ja v\u00e4h\u00e4n huoltoa vaativiin aitaratkaisuihin.<br \/>\n<\/p><br \/><\/p>","protected":false},"featured_media":6540,"template":"","categories":[63],"class_list":["post-6541","product","type-product","status-publish","has-post-thumbnail","hentry","category-fluorocarbon-coating-profile"],"meta_box":{"hilight_text_group":{"product_hilight_text":"<li>Durable aluminum rectangular tubing provides strong structural support<\/li>\r\r\n<li>Corrosion-resistant for long-lasting performance in outdoor fence panels<\/li>\r\r\n<li>Lightweight design simplifies installation and reduces transportation costs<\/li>\r\r\n<li>Compatible with wooden horizontal panels for modern fence aesthetics<\/li>\r\r\n<li>Available in custom sizes and finishes to meet project specifications<\/li>","product_chanpin_blog":"<ul>\r\r\n<li><a href=\"https:\/\/sinoextrud.com\/t-slot-v-slot-differences\/\" target=\"_blank\">t slot vs v slot<\/a><\/li>\r\r\n<li><a href=\"https:\/\/sinoextrud.com\/what-is-4040-aluminium-extrud\/\" target=\"_blank\">4040 aluminium extrusion<\/a><\/li>\r\r\n<li><a href=\"https:\/\/sinoextrud.com\/what-is-4040-aluminium-extrud\/\" target=\"_blank\">aluminum extrusions for industrial racks<\/a><\/li>\r\r\n<li><a href=\"https:\/\/sinoextrud.com\/powder-coating-aluminium-process\/\" target=\"_blank\">powder coating aluminium<\/a><\/li>\r\r\n<li><a href=\"https:\/\/sinoextrud.com\/what-is-an-aluminium-strip-ceiling\/\" target=\"_blank\">aluminium strip ceiling<\/a><\/li>\r\r\n<li><a href=\"https:\/\/sinoextrud.com\/what-is-a-heat-sink\/\" target=\"_blank\">what is a heat sink<\/a><\/li>\r\r\n<\/ul>","product_chanpin_chanpin":"<li><a href=\"https:\/\/sinoextrud.com\/product\/pvdf-coating-aluminum-profile-curtain-wall\/\" target=\"_blank\">PVDF Coating Aluminum profile Curtain Wall<\/a><\/li>\r\n<li><a href=\"https:\/\/sinoextrud.com\/product\/soundproofed-watertigh\/\" target=\"_blank\">Soundproofed Watertight Wind resistant occulting frame powder coated Facade Cladding and Glass wall aluminium profile<\/a><\/li>\r\n<li><a href=\"https:\/\/sinoextrud.com\/product\/eco-friendly-water-borne-fluorocarbon-spraying-decorative-aluminum-profile-for-outdoor-project\/\" target=\"_blank\">ECO-Friendly Water-borne Fluorocarbon Spraying Decorative Aluminum Profile For Outdoor Project<\/a><\/li>\r\n<li><a href=\"https:\/\/sinoextrud.com\/product\/fluorocarbon-coated-aluminium-extrusions\/\" target=\"_blank\">Fluorocarbon Coated Aluminium Extrusions<\/a><\/li>\r\n<li><a href=\"https:\/\/sinoextrud.com\/product\/aluminum-rectangular-tubing-for-wooden-horizontal-aluminum-fence-panels-system\/\" target=\"_blank\">aluminum rectangular tubing for wooden horizontal aluminum fence panels system<\/a><\/li>\r\n<li><a href=\"https:\/\/sinoextrud.com\/product\/fluorocarbon-coating-aluminium-extrusions-anti-fluorite-pvdf-aluminium-profile\/\" target=\"_blank\">Fluorocarbon coating aluminium extrusions Anti fluorite PVDF aluminium profile<\/a><\/li>\r\n<li><a href=\"https:\/\/sinoextrud.com\/product\/pvdf-coating-aluminum-profile\/\" target=\"_blank\">PVDF Coating Aluminum Profile<\/a><\/li>\r\n<li><a href=\"https:\/\/sinoextrud.com\/product\/custom-wood-grain-aluminium-profiles\/\" target=\"_blank\">Custom Wood Grain Aluminium Profiles<\/a><\/li>\r\n<li><a href=\"https:\/\/sinoextrud.com\/product\/wood-grain-aluminum-square-hollow-profile\/\" target=\"_blank\">Wood Grain Aluminum Square Hollow Profile<\/a><\/li>\r\n<li><a href=\"https:\/\/sinoextrud.com\/product\/extruded-aluminum-framing-systems\/\" target=\"_blank\">Extruded Aluminum Framing Systems<\/a><\/li>\r\n<li><a href=\"https:\/\/sinoextrud.com\/product\/aluminum-industrial-profile-6082-alloy-with-precision-cnc-cutting-length-during-1-m-to-3-meter\/\" target=\"_blank\">aluminum industrial profile 6082 alloy with precision cnc cutting length during 1 m to 3 meter<\/a><\/li>"},"feature_list":[]},"_links":{"self":[{"href":"https:\/\/sinoextrud.com\/fi\/wp-json\/wp\/v2\/product\/6541","targetHints":{"allow":["GET"]}}],"collection":[{"href":"https:\/\/sinoextrud.com\/fi\/wp-json\/wp\/v2\/product"}],"about":[{"href":"https:\/\/sinoextrud.com\/fi\/wp-json\/wp\/v2\/types\/product"}],"wp:featuredmedia":[{"embeddable":true,"href":"https:\/\/sinoextrud.com\/fi\/wp-json\/wp\/v2\/media\/6540"}],"wp:attachment":[{"href":"https:\/\/sinoextrud.com\/fi\/wp-json\/wp\/v2\/media?parent=6541"}],"wp:term":[{"taxonomy":"category","embeddable":true,"href":"https:\/\/sinoextrud.com\/fi\/wp-json\/wp\/v2\/categories?post=6541"}],"curies":[{"name":"wp","href":"https:\/\/api.w.org\/{rel}","templated":true}]}}