{"id":6539,"date":"2025-05-29T07:19:45","date_gmt":"2025-05-29T07:19:45","guid":{"rendered":"https:\/\/sinoextrud.com\/product\/fluorocarbon-coated-aluminium-extrusions\/"},"modified":"2025-06-24T06:11:07","modified_gmt":"2025-06-24T06:11:07","slug":"fluorihiilipinnoitetut-alumiiniprofiilit","status":"publish","type":"product","link":"https:\/\/sinoextrud.com\/fi\/product\/fluorocarbon-coated-aluminium-extrusions\/","title":{"rendered":"Fluorihiilipinnoitetut alumiiniprofiilit"},"content":{"rendered":"<h2>Tuotteiden tiedot<\/h2>\n<table class=\"custom-table\">\n<tr>\n<td class=\"label\">Verhosein\u00e4-sarja<\/td>\n<td>Ovi ja ikkuna sarja<\/td>\n<\/tr>\n<tr>\n<td class=\"label\">80-200-sarjan lasiset verhosein\u00e4t<\/td>\n<td>GR50-, 508-, 55-, 65- ja 65A-sarjan rikkin\u00e4iset siltaprofiilit karmij\u00e4rjestelm\u00e4\u00e4 varten.<\/td>\n<\/tr>\n<tr>\n<td class=\"label\">Pistem\u00e4isesti tuetut verhosein\u00e4t<\/td>\n<td>GR85-, 958-, 90-, 95- ja 966-sarjan rikkin\u00e4iset siltaprofiilit liukuj\u00e4rjestelm\u00e4\u00e4n.<\/td>\n<\/tr>\n<tr>\n<td class=\"label\">L\u00e4mp\u00f6\u00e4 erist\u00e4v\u00e4t rikkin\u00e4iset siltaverhosein\u00e4t<\/td>\n<td>YG868, 968, 90A, 50B, 50C, 50E ja muut sarjat tavallisiin liuku- ja ikkunarunkoisiin j\u00e4rjestelmiin.<\/td>\n<\/tr>\n<tr>\n<td class=\"label\">Teollisuuden profiilit<\/td>\n<td>Alumiinilevy<\/td>\n<\/tr>\n<tr>\n<td class=\"label\">Autoteollisuuden profiilit<\/td>\n<td>CNC-k\u00e4sittely, PVDF-pinnoite, painaminen k\u00e4ytett\u00e4viss\u00e4 r\u00e4\u00e4t\u00e4l\u00f6ityyn suunnitteluun<\/td>\n<\/tr>\n<\/table>\n<h2>Tuotantopohjamme<\/h2>\n<h3>Tehtaan panoraama<\/h3>\n<p><img decoding=\"async\" src=\"\/wp-content\/uploads\/factory-01.webp\"\/><\/p>\n<h3>Alumiini Bar Manufacturing Workshop<\/h3>\n<p><img decoding=\"async\" src=\"\/wp-content\/uploads\/factory-02.webp\"\/><\/p>\n<p><img decoding=\"async\" src=\"\/wp-content\/uploads\/factory-03.webp\"\/><\/p>\n<h3>Muotin varastointi Varasto<\/h3>\n<p><img decoding=\"async\" src=\"\/wp-content\/uploads\/factory-04.webp\"\/><\/p>\n<h3>43 alumiinin ekstruusiolinjat (500-5500 tonnia)<\/h3>\n<p><img decoding=\"async\" src=\"\/wp-content\/uploads\/factory-05.webp\"\/><\/p>\n<p><img decoding=\"async\" src=\"\/wp-content\/uploads\/factory-06.webp\"\/><\/p>\n<p><img decoding=\"async\" src=\"\/wp-content\/uploads\/factory-07.webp\"\/><\/p>\n<h3>Jauhemaalaus ty\u00f6paja<\/h3>\n<p><img decoding=\"async\" src=\"\/wp-content\/uploads\/factory-09.webp\"\/><\/p>\n<h3>Anodisointi ty\u00f6paja<\/h3>\n<p><img decoding=\"async\" src=\"\/wp-content\/uploads\/factory-10.webp\"\/><\/p>\n<h3>Syv\u00e4k\u00e4sittelyn ty\u00f6paja<\/h3>\n<p><img decoding=\"async\" src=\"\/wp-content\/uploads\/factory-11.webp\"\/><\/p>\n<h3>CNC-tarkkuuskoneistus ty\u00f6paja<\/h3>\n<p><img decoding=\"async\" src=\"\/wp-content\/uploads\/factory-11.5.webp\"\/><\/p>\n<h3>Valmiiden tuotteiden ja vientivarasto<\/h3>\n<p><img decoding=\"async\" src=\"\/wp-content\/uploads\/factory-12.webp\"\/><\/p>\n<p><img decoding=\"async\" src=\"\/wp-content\/uploads\/factory-13.webp\"\/><\/p>\n<p><img decoding=\"async\" src=\"\/wp-content\/uploads\/factory-14.webp\"\/><\/p>\n<h2>FAQ<\/h2>\n<p><p><b>1.Mit\u00e4 ovat fluorihiilipinnoitetut alumiiniprofiilit?<\/b><\/p>\n<p>Fluorihiilipinnoitetut alumiiniprofiilit ovat alumiiniprofiileja, jotka on k\u00e4sitelty fluorihiilipinnoitteella, joka takaa erinomaisen kest\u00e4vyyden, korroosionkest\u00e4vyyden ja esteettisen ulkon\u00e4\u00f6n.<br \/>\n<\/p><br \/>\n<br \/>\n<p><b>2.Mitk\u00e4 ovat fluorihiilipinnoitettujen alumiiniprofiilien t\u00e4rkeimm\u00e4t edut?<\/b><\/p>\n<p>Ne tarjoavat erinomaisen UV-kest\u00e4vyyden, s\u00e4\u00e4nkest\u00e4vyyden, v\u00e4rin s\u00e4ilymisen, kemikaalien kest\u00e4vyyden ja sile\u00e4n, pitk\u00e4kestoisen pinnan, joka on ihanteellinen ulkok\u00e4ytt\u00f6\u00f6n.<br \/>\n<\/p><br \/>\n<br \/>\n<p><b>3.Miksi valita fluorihiilipinnoite alumiiniprofiileille?<\/b><\/p>\n<p>Fluorihiilipinnoitteet suojaavat erinomaisesti ymp\u00e4rist\u00f6tekij\u00f6ilt\u00e4, v\u00e4hent\u00e4v\u00e4t yll\u00e4pitokustannuksia ja s\u00e4ilytt\u00e4v\u00e4t eloisat v\u00e4rit vuosia verrattuna muihin pinnoitteisiin.<br \/>\n<\/p><br \/>\n<br \/>\n<p><b>4.Voiko fluorihiilipinnoitettuja alumiiniprofiileja r\u00e4\u00e4t\u00e4l\u00f6id\u00e4?<\/b><\/p>\n<p>Kyll\u00e4, ne voidaan r\u00e4\u00e4t\u00e4l\u00f6id\u00e4 metalliseoslaadun, profiilin muodon, koon, pinnoitteen v\u00e4rin ja viimeistelyn osalta vastaamaan erityisi\u00e4 arkkitehtonisia ja teollisia vaatimuksia.<br \/>\n<\/p><br \/>\n<br \/>\n<p><b>5.Miten fluorihiilipinnoitteet parantavat alumiinipuristettujen tuotteiden suorituskyky\u00e4?<\/b><\/p>\n<p>Pinnoite muodostaa sitke\u00e4n, joustavan kerroksen, joka kest\u00e4\u00e4 haalistumista, liituuntumista, halkeilua ja kuoriutumista, mik\u00e4 parantaa puristekappaleiden k\u00e4ytt\u00f6ik\u00e4\u00e4 ja ulkon\u00e4k\u00f6\u00e4.<br \/>\n<\/p><br \/>\n<br \/>\n<p><b>6.Soveltuvatko fluorihiilipinnoitetut alumiiniprofiilit ulkok\u00e4ytt\u00f6\u00f6n?<\/b><\/p>\n<p>Kyll\u00e4, ne kest\u00e4v\u00e4t hyvin UV-s\u00e4teit\u00e4, kosteutta, saastumista ja l\u00e4mp\u00f6tilan vaihteluita, joten ne sopivat erinomaisesti julkisivuihin, ikkunoihin ja oviin.<br \/>\n<\/p><br \/>\n<br \/>\n<p><b>7.Mill\u00e4 teollisuudenaloilla k\u00e4ytet\u00e4\u00e4n yleisesti fluorihiilipinnoitettuja alumiinipursotteita?<\/b><\/p>\n<p>Rakennus-, auto-, ilmailu- ja avaruusteollisuus, opasteet ja arkkitehtuuriteollisuus k\u00e4ytt\u00e4v\u00e4t n\u00e4it\u00e4 profiileja niiden kest\u00e4vyyden ja ensiluokkaisen viimeistelyn vuoksi.<br \/>\n<\/p><br \/>\n<br \/>\n<p><b>8.Miten fluorihiilipinnoite tukee kest\u00e4v\u00e4\u00e4 valmistusta?<\/b><\/p>\n<p>Fluorihiilipinnoitteet pident\u00e4v\u00e4t tuotteen k\u00e4ytt\u00f6ik\u00e4\u00e4, v\u00e4hent\u00e4v\u00e4t huoltoa ja alumiini on t\u00e4ysin kierr\u00e4tett\u00e4viss\u00e4, mik\u00e4 edist\u00e4\u00e4 ymp\u00e4rist\u00f6yst\u00e4v\u00e4llisi\u00e4 rakennusk\u00e4yt\u00e4nt\u00f6j\u00e4.<br \/>\n<\/p><br \/><\/p>","protected":false},"featured_media":6538,"template":"","categories":[63],"class_list":["post-6539","product","type-product","status-publish","has-post-thumbnail","hentry","category-fluorocarbon-coating-profile"],"meta_box":{"hilight_text_group":{"product_hilight_text":"<li>Fluorocarbon coating offers exceptional weather and UV resistance<\/li>\r\r\n<li>Durable finish maintains color and gloss for extended periods<\/li>\r\r\n<li>High-quality aluminum extrusions with precise dimensions<\/li>\r\r\n<li>Ideal for architectural and industrial applications requiring long-lasting surfaces<\/li>\r\r\n<li>Supports custom profiles, sizes, and bulk production orders<\/li>","product_chanpin_blog":"<ul>\r\r\n<li><a href=\"https:\/\/sinoextrud.com\/t-slot-v-slot-differences\/\" target=\"_blank\">t slot vs v slot<\/a><\/li>\r\r\n<li><a href=\"https:\/\/sinoextrud.com\/what-is-4040-aluminium-extrud\/\" target=\"_blank\">4040 aluminium extrusion<\/a><\/li>\r\r\n<li><a href=\"https:\/\/sinoextrud.com\/what-is-4040-aluminium-extrud\/\" target=\"_blank\">aluminum extrusions for industrial racks<\/a><\/li>\r\r\n<li><a href=\"https:\/\/sinoextrud.com\/powder-coating-aluminium-process\/\" target=\"_blank\">powder coating aluminium<\/a><\/li>\r\r\n<li><a href=\"https:\/\/sinoextrud.com\/what-is-an-aluminium-strip-ceiling\/\" target=\"_blank\">aluminium strip ceiling<\/a><\/li>\r\r\n<li><a href=\"https:\/\/sinoextrud.com\/what-is-a-heat-sink\/\" target=\"_blank\">what is a heat sink<\/a><\/li>\r\r\n<\/ul>","product_chanpin_chanpin":"<li><a href=\"https:\/\/sinoextrud.com\/product\/aluminium-extrusion-press-line-profile-wooden-grained-coating-color-oem\/\" target=\"_blank\">Aluminium Extrusion Press Line profile wooden grained coating color OEM for Door Curtain Wall Ceiling<\/a><\/li>\r\n<li><a href=\"https:\/\/sinoextrud.com\/product\/pvdf-coating-aluminum-profile-curtain-wall\/\" target=\"_blank\">PVDF Coating Aluminum profile Curtain Wall<\/a><\/li>\r\n<li><a href=\"https:\/\/sinoextrud.com\/product\/soundproofed-watertigh\/\" target=\"_blank\">Soundproofed Watertight Wind resistant occulting frame powder coated Facade Cladding and Glass wall aluminium profile<\/a><\/li>\r\n<li><a href=\"https:\/\/sinoextrud.com\/product\/eco-friendly-water-borne-fluorocarbon-spraying-decorative-aluminum-profile-for-outdoor-project\/\" target=\"_blank\">ECO-Friendly Water-borne Fluorocarbon Spraying Decorative Aluminum Profile For Outdoor Project<\/a><\/li>\r\n<li><a href=\"https:\/\/sinoextrud.com\/product\/fluorocarbon-coated-aluminium-extrusions\/\" target=\"_blank\">Fluorocarbon Coated Aluminium Extrusions<\/a><\/li>\r\n<li><a href=\"https:\/\/sinoextrud.com\/product\/aluminum-rectangular-tubing-for-wooden-horizontal-aluminum-fence-panels-system\/\" target=\"_blank\">aluminum rectangular tubing for wooden horizontal aluminum fence panels system<\/a><\/li>\r\n<li><a href=\"https:\/\/sinoextrud.com\/product\/fluorocarbon-coating-aluminium-extrusions-anti-fluorite-pvdf-aluminium-profile\/\" target=\"_blank\">Fluorocarbon coating aluminium extrusions Anti fluorite PVDF aluminium profile<\/a><\/li>\r\n<li><a href=\"https:\/\/sinoextrud.com\/product\/pvdf-coating-aluminum-profile\/\" target=\"_blank\">PVDF Coating Aluminum Profile<\/a><\/li>\r\n<li><a href=\"https:\/\/sinoextrud.com\/product\/custom-wood-grain-aluminium-profiles\/\" target=\"_blank\">Custom Wood Grain Aluminium Profiles<\/a><\/li>\r\n<li><a href=\"https:\/\/sinoextrud.com\/product\/aluminium-extrusion-tube\/\" target=\"_blank\">Aluminium Extrusion Tube<\/a><\/li>\r\n<li><a href=\"https:\/\/sinoextrud.com\/product\/l-aluminum-profile-for-glass-railing\/\" target=\"_blank\">L Aluminum Profile For Glass Railing<\/a><\/li>"},"feature_list":[]},"_links":{"self":[{"href":"https:\/\/sinoextrud.com\/fi\/wp-json\/wp\/v2\/product\/6539","targetHints":{"allow":["GET"]}}],"collection":[{"href":"https:\/\/sinoextrud.com\/fi\/wp-json\/wp\/v2\/product"}],"about":[{"href":"https:\/\/sinoextrud.com\/fi\/wp-json\/wp\/v2\/types\/product"}],"wp:featuredmedia":[{"embeddable":true,"href":"https:\/\/sinoextrud.com\/fi\/wp-json\/wp\/v2\/media\/6538"}],"wp:attachment":[{"href":"https:\/\/sinoextrud.com\/fi\/wp-json\/wp\/v2\/media?parent=6539"}],"wp:term":[{"taxonomy":"category","embeddable":true,"href":"https:\/\/sinoextrud.com\/fi\/wp-json\/wp\/v2\/categories?post=6539"}],"curies":[{"name":"wp","href":"https:\/\/api.w.org\/{rel}","templated":true}]}}