{"id":6535,"date":"2025-05-29T07:07:27","date_gmt":"2025-05-29T07:07:27","guid":{"rendered":"https:\/\/sinoextrud.com\/product\/soundproofed-watertight-wind-resistant-occulting-frame-powder-coated-facade-cladding-and-glass-wall-aluminium-profile\/"},"modified":"2025-06-24T06:11:05","modified_gmt":"2025-06-24T06:11:05","slug":"aanieristetty-vesitiivis","status":"publish","type":"product","link":"https:\/\/sinoextrud.com\/fi\/product\/soundproofed-watertigh\/","title":{"rendered":"\u00c4\u00e4nieristetty Vesitiivis Tuulenkest\u00e4v\u00e4 peitt\u00e4v\u00e4 runko jauhemaalattu julkisivupinnoite ja lasisein\u00e4 alumiiniprofiili"},"content":{"rendered":"<h2>Tuotteiden tiedot<\/h2>\n<table class=\"custom-table\">\n<tr>\n<td class=\"label\">Otsikko<\/td>\n<td>\u00c4\u00e4nieristetty Vesitiivis Tuulenkest\u00e4v\u00e4 peitt\u00e4v\u00e4 runko jauhemaalattu julkisivupinnoite ja lasisein\u00e4 alumiiniprofiili<\/td>\n<\/tr>\n<\/table>\n<h2>Tuotantopohjamme<\/h2>\n<h3>Tehtaan panoraama<\/h3>\n<p><img decoding=\"async\" src=\"\/wp-content\/uploads\/factory-01.webp\"\/><\/p>\n<h3>Alumiini Bar Manufacturing Workshop<\/h3>\n<p><img decoding=\"async\" src=\"\/wp-content\/uploads\/factory-02.webp\"\/><\/p>\n<\/p>\n<p><img decoding=\"async\" src=\"\/wp-content\/uploads\/factory-03.webp\"\/><\/p>\n<h3>Muotin varastointi Varasto<\/h3>\n<p><img decoding=\"async\" src=\"\/wp-content\/uploads\/factory-04.webp\"\/><\/p>\n<h3>43 Alumiini ekstruusiolinjat (500\u00e2 5500 tonnia)<\/h3>\n<p><img decoding=\"async\" src=\"\/wp-content\/uploads\/factory-05.webp\"\/><\/p>\n<p><img decoding=\"async\" src=\"\/wp-content\/uploads\/factory-06.webp\"\/><\/p>\n<p><img decoding=\"async\" src=\"\/wp-content\/uploads\/factory-07.webp\"\/><\/p>\n<h3>Jauhemaalaus ty\u00f6paja<\/h3>\n<p><img decoding=\"async\" src=\"\/wp-content\/uploads\/factory-09.webp\"\/><\/p>\n<h3>Anodisointi ty\u00f6paja<\/h3>\n<p><img decoding=\"async\" src=\"\/wp-content\/uploads\/factory-10.webp\"\/><\/p>\n<h3>Syv\u00e4k\u00e4sittelyn ty\u00f6paja<\/h3>\n<p><img decoding=\"async\" src=\"\/wp-content\/uploads\/factory-11.webp\"\/><\/p>\n<h3>CNC-tarkkuuskoneistus ty\u00f6paja<\/h3>\n<p><img decoding=\"async\" src=\"\/wp-content\/uploads\/factory-11.5.webp\"\/><\/p>\n<h3>Valmiiden tuotteiden ja vientivarasto<\/h3>\n<p><img decoding=\"async\" src=\"\/wp-content\/uploads\/factory-12.webp\"\/><\/p>\n<p><img decoding=\"async\" src=\"\/wp-content\/uploads\/factory-13.webp\"\/><\/p>\n<p><img decoding=\"async\" src=\"\/wp-content\/uploads\/factory-14.webp\"\/><\/p>\n<h2>FAQ<\/h2>\n<p><b>1.Mitk\u00e4 ovat \u00e4\u00e4nieristettyjen alumiinisten julkisivuverhousj\u00e4rjestelmien t\u00e4rkeimm\u00e4t edut?<\/b><\/p>\n<p>\u00c4\u00e4nieristetyt alumiiniset julkisivuverhousj\u00e4rjestelm\u00e4t v\u00e4hent\u00e4v\u00e4t merkitt\u00e4v\u00e4sti melusaastetta ja parantavat asuin- ja liikerakennusten sis\u00e4tilojen viihtyisyytt\u00e4.\n<\/p>\n<p><\/p>\n<p><b>2.Miten vesitiivis alumiiniprofiili parantaa rakennuksen suorituskyky\u00e4?<\/b><\/p>\n<p>Vesitiiviit alumiiniprofiilit est\u00e4v\u00e4t veden tunkeutumisen, suojaavat rakennuksen vaippaa ja parantavat rakenteiden pitk\u00e4ik\u00e4isyytt\u00e4 kaikissa s\u00e4\u00e4olosuhteissa.\n<\/p>\n<p><\/p>\n<p><b>3.Miksi valita tuulenkest\u00e4v\u00e4t alumiiniset lasisein\u00e4j\u00e4rjestelm\u00e4t korkeisiin rakennuksiin?<\/b><\/p>\n<p>Tuulenkest\u00e4v\u00e4t alumiiniset lasisein\u00e4j\u00e4rjestelm\u00e4t tarjoavat erinomaisen rakenteellisen eheyden ja turvallisuuden korkeissa rakennuksissa, jotka ovat alttiina voimakkaille tuulille.\n<\/p>\n<p><\/p>\n<p><b>4.Mik\u00e4 on peitt\u00e4v\u00e4n runkorakenteen etu julkisivuj\u00e4rjestelmiss\u00e4?<\/b><\/p>\n<p>Piiloutuva kehysmuotoilu tarjoaa tyylikk\u00e4\u00e4n, modernin ulkon\u00e4\u00f6n peitt\u00e4m\u00e4ll\u00e4 kehyksen, mik\u00e4 tukee minimalistista arkkitehtonista estetiikkaa.\n<\/p>\n<p><\/p>\n<p><b>5.Miten jauhemaalaus parantaa alumiiniprofiilin kest\u00e4vyytt\u00e4?<\/b><\/p>\n<p>Alumiiniprofiilien jauhemaalaus lis\u00e4\u00e4 korroosionkest\u00e4v\u00e4n pinnan, joka takaa v\u00e4rin pitk\u00e4aikaisen s\u00e4ilymisen ja kest\u00e4vyyden vaativissa ymp\u00e4rist\u00f6iss\u00e4.\n<\/p>\n<p><\/p>\n<p><b>6.Onko alumiininen julkisivuverhous ymp\u00e4rist\u00f6yst\u00e4v\u00e4llinen?<\/b><\/p>\n<p>Kyll\u00e4, alumiininen julkisivuverhous on kevyt, kierr\u00e4tett\u00e4v\u00e4 ja energiatehokas, joten se on kest\u00e4v\u00e4 valinta nykyaikaiseen rakentamiseen.\n<\/p>\n<p><\/p>\n<p><b>7.Mink\u00e4laisissa hankkeissa modulaariset alumiiniprofiilij\u00e4rjestelm\u00e4t ovat hy\u00f6dyllisi\u00e4?<\/b><\/p>\n<p>Modulaariset alumiiniprofiilij\u00e4rjestelm\u00e4t sopivat erinomaisesti kaupallisiin, asuin- ja teollisuushankkeisiin, joissa vaaditaan nopeaa ja tehokasta asennusta ja helppoa huoltoa.\n<\/p>\n<p><\/p>\n<p><b>8.Voidaanko n\u00e4it\u00e4 alumiiniprofiileja k\u00e4ytt\u00e4\u00e4 sek\u00e4 lasisten ett\u00e4 metallisten verhoseinien kanssa?<\/b><\/p>\n<p>Alumiiniprofiilit ovat yhteensopivia sek\u00e4 lasisten ett\u00e4 metallisten verhoseinien kanssa, ja ne tarjoavat joustavuutta erilaisiin arkkitehtonisiin sovelluksiin.\n<\/p>\n<p><\/p>","protected":false},"featured_media":6533,"template":"","categories":[63],"class_list":["post-6535","product","type-product","status-publish","has-post-thumbnail","hentry","category-fluorocarbon-coating-profile"],"meta_box":{"hilight_text_group":{"product_hilight_text":"<li>High sealing performance: soundproof and watertight for enhanced comfort and weather resistance<\/li>\r\r\n<li>Strong wind resistance: suitable for high-rise and extreme weather conditions<\/li>\r\r\n<li>Occulting frame design: delivers a modern, minimalist architectural aesthetic<\/li>\r\r\n<li>Powder-coated surface: corrosion-resistant and durable with long-lasting appearance<\/li>\r\r\n<li>Modular system: easy installation and maintenance for improved construction efficiency<\/li>\r\r\n<li>Compatible with glass and metal curtain walls: versatile for various building types<\/li>\r\r\n<li>Aluminum profile: lightweight, high-strength, and environmentally friendly<\/li>","product_chanpin_blog":"<ul>\r\r\n<li><a href=\"https:\/\/sinoextrud.com\/t-slot-v-slot-differences\/\" target=\"_blank\">t slot vs v slot<\/a><\/li>\r\r\n<li><a href=\"https:\/\/sinoextrud.com\/what-is-4040-aluminium-extrud\/\" target=\"_blank\">4040 aluminium extrusion<\/a><\/li>\r\r\n<li><a href=\"https:\/\/sinoextrud.com\/what-is-4040-aluminium-extrud\/\" target=\"_blank\">aluminum extrusions for industrial racks<\/a><\/li>\r\r\n<li><a href=\"https:\/\/sinoextrud.com\/powder-coating-aluminium-process\/\" target=\"_blank\">powder coating aluminium<\/a><\/li>\r\r\n<li><a href=\"https:\/\/sinoextrud.com\/what-is-an-aluminium-strip-ceiling\/\" target=\"_blank\">aluminium strip ceiling<\/a><\/li>\r\r\n<li><a href=\"https:\/\/sinoextrud.com\/what-is-a-heat-sink\/\" target=\"_blank\">what is a heat sink<\/a><\/li>\r\r\n<\/ul>","product_chanpin_chanpin":"<li><a href=\"https:\/\/sinoextrud.com\/product\/aluminum-square-tube-in-wooden-grain\/\" target=\"_blank\">Aluminum Square Tube In Wooden Grain<\/a><\/li>\r\n<li><a href=\"https:\/\/sinoextrud.com\/product\/alu-squ-tube-in-wood-grain-painting\/\" target=\"_blank\">Alu squ tube In Wood Grain Painting<\/a><\/li>\r\n<li><a href=\"https:\/\/sinoextrud.com\/product\/aluminium-extrusion-press-line-profile-wooden-grained-coating-color-oem\/\" target=\"_blank\">Aluminium Extrusion Press Line profile wooden grained coating color OEM for Door Curtain Wall Ceiling<\/a><\/li>\r\n<li><a href=\"https:\/\/sinoextrud.com\/product\/pvdf-coating-aluminum-profile-curtain-wall\/\" target=\"_blank\">PVDF Coating Aluminum profile Curtain Wall<\/a><\/li>\r\n<li><a href=\"https:\/\/sinoextrud.com\/product\/soundproofed-watertigh\/\" target=\"_blank\">Soundproofed Watertight Wind resistant occulting frame powder coated Facade Cladding and Glass wall aluminium profile<\/a><\/li>\r\n<li><a href=\"https:\/\/sinoextrud.com\/product\/eco-friendly-water-borne-fluorocarbon-spraying-decorative-aluminum-profile-for-outdoor-project\/\" target=\"_blank\">ECO-Friendly Water-borne Fluorocarbon Spraying Decorative Aluminum Profile For Outdoor Project<\/a><\/li>\r\n<li><a href=\"https:\/\/sinoextrud.com\/product\/fluorocarbon-coated-aluminium-extrusions\/\" target=\"_blank\">Fluorocarbon Coated Aluminium Extrusions<\/a><\/li>\r\n<li><a href=\"https:\/\/sinoextrud.com\/product\/aluminum-rectangular-tubing-for-wooden-horizontal-aluminum-fence-panels-system\/\" target=\"_blank\">aluminum rectangular tubing for wooden horizontal aluminum fence panels system<\/a><\/li>\r\n<li><a href=\"https:\/\/sinoextrud.com\/product\/fluorocarbon-coating-aluminium-extrusions-anti-fluorite-pvdf-aluminium-profile\/\" target=\"_blank\">Fluorocarbon coating aluminium extrusions Anti fluorite PVDF aluminium profile<\/a><\/li>\r\n<li><a href=\"https:\/\/sinoextrud.com\/product\/curved-extruded-aluminum-6063-alloy-anodizing\/\" target=\"_blank\">Curved Extruded Aluminum 6063 Alloy Anodizing<\/a><\/li>\r\n<li><a href=\"https:\/\/sinoextrud.com\/product\/aluminum-profile-solar-panel-structure\/\" target=\"_blank\">Aluminum Profile Solar Panel Structure<\/a><\/li>"},"feature_list":[]},"_links":{"self":[{"href":"https:\/\/sinoextrud.com\/fi\/wp-json\/wp\/v2\/product\/6535","targetHints":{"allow":["GET"]}}],"collection":[{"href":"https:\/\/sinoextrud.com\/fi\/wp-json\/wp\/v2\/product"}],"about":[{"href":"https:\/\/sinoextrud.com\/fi\/wp-json\/wp\/v2\/types\/product"}],"wp:featuredmedia":[{"embeddable":true,"href":"https:\/\/sinoextrud.com\/fi\/wp-json\/wp\/v2\/media\/6533"}],"wp:attachment":[{"href":"https:\/\/sinoextrud.com\/fi\/wp-json\/wp\/v2\/media?parent=6535"}],"wp:term":[{"taxonomy":"category","embeddable":true,"href":"https:\/\/sinoextrud.com\/fi\/wp-json\/wp\/v2\/categories?post=6535"}],"curies":[{"name":"wp","href":"https:\/\/api.w.org\/{rel}","templated":true}]}}