{"id":6530,"date":"2025-05-29T06:55:49","date_gmt":"2025-05-29T06:55:49","guid":{"rendered":"https:\/\/sinoextrud.com\/product\/aluminium-extrusion-press-line-profile-wooden-grained-coating-color-oem-for-door-curtain-wall-ceiling\/"},"modified":"2025-06-24T06:11:05","modified_gmt":"2025-06-24T06:11:05","slug":"alumiini-suulakepuristus-painolinjan-profiilin-puinen-rakeinen-pinnoite-vari-oem","status":"publish","type":"product","link":"https:\/\/sinoextrud.com\/fi\/product\/aluminium-extrusion-press-line-profile-wooden-grained-coating-color-oem\/","title":{"rendered":"Alumiini ekstruusiopuristus Press Line profiili puinen rakeinen pinnoite v\u00e4ri OEM oven verho sein\u00e4 katto"},"content":{"rendered":"<h2>Tuotteiden tiedot<\/h2>\n<table class=\"custom-table\">\n<tr>\n<td class=\"label\">Kohde<\/td>\n<td>Alumiini ekstruusiopuristus Press Line profiili puinen rakeinen pinnoite v\u00e4ri OEM oven verho sein\u00e4 katto<\/td>\n<\/tr>\n<tr>\n<td class=\"label\">Materiaali<\/td>\n<td>6000-sarjan alumiini<\/td>\n<\/tr>\n<tr>\n<td class=\"label\">Temper<\/td>\n<td>T4,T5,T6<\/td>\n<\/tr>\n<tr>\n<td class=\"label\">Koko\/paksuus<\/td>\n<td>Yleiset profiilit paksuus 0.8-5.0mm, pituus 1m-9m tai r\u00e4\u00e4t\u00e4l\u00f6ity saatavilla; Anodisoida suojakalvon paksuus 8 ~ 25 um, jauhemaalaus 40 ~ 120 um.<\/td>\n<\/tr>\n<tr>\n<td class=\"label\">Muoto<\/td>\n<td>Neli\u00f6, py\u00f6re\u00e4, suorakulmainen, r\u00e4\u00e4t\u00e4l\u00f6ityj\u00e4<\/td>\n<\/tr>\n<tr>\n<td class=\"label\">Hakemus<\/td>\n<td>Huonekaluissa, ikkunoissa ja ovissa, koristeissa, teollisuudessa, rakentamisessa ja niin edelleen.<\/td>\n<\/tr>\n<tr>\n<td class=\"label\">Pintak\u00e4sittely<\/td>\n<td>jauhemaalaus, elektroforeesi, puunjyv\u00e4, anodisoitu, harjattu, kiillotus<\/td>\n<\/tr>\n<tr>\n<td class=\"label\">V\u00e4rit<\/td>\n<td>Ref jauhemaalaus v\u00e4ri arkki ja r\u00e4\u00e4t\u00e4l\u00f6ity v\u00e4ri saatavilla<\/td>\n<\/tr>\n<tr>\n<td class=\"label\">Syv\u00e4 prosessi<\/td>\n<td>DCNC, poraus, jyrsint\u00e4, leikkaus, hitsaus, taivutus, kokoonpano<\/td>\n<\/tr>\n<tr>\n<td class=\"label\">Todistus<\/td>\n<td>CQM, SGS, CE, BV, SONCAP \/ GB, ISO, JIS, AS, NZS, QUALICOAT, QUOLANOD saatavana.<\/td>\n<\/tr>\n<\/table>\n<h2>Tuotantopohjamme<\/h2>\n<h3>Tehtaan panoraama<\/h3>\n<p><img decoding=\"async\" src=\"\/wp-content\/uploads\/factory-01.webp\"\/><\/p>\n<h3>Alumiini Bar Manufacturing Workshop<\/h3>\n<p><img decoding=\"async\" src=\"\/wp-content\/uploads\/factory-02.webp\"\/><\/p>\n<\/p>\n<p><img decoding=\"async\" src=\"\/wp-content\/uploads\/factory-03.webp\"\/><\/p>\n<h3>Muotin varastointi Varasto<\/h3>\n<p><img decoding=\"async\" src=\"\/wp-content\/uploads\/factory-04.webp\"\/><\/p>\n<h3>43 Alumiini ekstruusiolinjat (500\u00e2 5500 tonnia)<\/h3>\n<p><img decoding=\"async\" src=\"\/wp-content\/uploads\/factory-05.webp\"\/><\/p>\n<p><img decoding=\"async\" src=\"\/wp-content\/uploads\/factory-06.webp\"\/><\/p>\n<p><img decoding=\"async\" src=\"\/wp-content\/uploads\/factory-07.webp\"\/><\/p>\n<h3>Jauhemaalaus ty\u00f6paja<\/h3>\n<p><img decoding=\"async\" src=\"\/wp-content\/uploads\/factory-09.webp\"\/><\/p>\n<h3>Anodisointi ty\u00f6paja<\/h3>\n<p><img decoding=\"async\" src=\"\/wp-content\/uploads\/factory-10.webp\"\/><\/p>\n<h3>Syv\u00e4k\u00e4sittelyn ty\u00f6paja<\/h3>\n<p><img decoding=\"async\" src=\"\/wp-content\/uploads\/factory-11.webp\"\/><\/p>\n<h3>CNC-tarkkuuskoneistus ty\u00f6paja<\/h3>\n<p><img decoding=\"async\" src=\"\/wp-content\/uploads\/factory-11.5.webp\"\/><\/p>\n<h3>Valmiiden tuotteiden ja vientivarasto<\/h3>\n<p><img decoding=\"async\" src=\"\/wp-content\/uploads\/factory-12.webp\"\/><\/p>\n<p><img decoding=\"async\" src=\"\/wp-content\/uploads\/factory-13.webp\"\/><\/p>\n<p><img decoding=\"async\" src=\"\/wp-content\/uploads\/factory-14.webp\"\/><\/p>\n<h2>FAQ<\/h2>\n<p><b>1.Mik\u00e4 on alumiini ekstruusiopuristuslinjan profiili, jossa on puinen rakeinen p\u00e4\u00e4llysteen v\u00e4ri OEM, jota k\u00e4ytet\u00e4\u00e4n?<\/b><\/p>\n<p>Sit\u00e4 k\u00e4ytet\u00e4\u00e4n ovenkarmien, verhoseinien ja kattopaneelien valmistuksessa, joissa tarvitaan kest\u00e4v\u00e4\u00e4 alumiiniprofiilia, jossa on tyylik\u00e4s puunsuikaleiden viimeistely.\n<\/p>\n<p><\/p>\n<p><b>2.Mitk\u00e4 ovat alumiinipuristusprofiilien puukuvioisen pinnoitteen t\u00e4rkeimm\u00e4t edut?<\/b><\/p>\n<p>Puurakenteinen pinnoite tarjoaa luonnollisen puun ulkon\u00e4\u00f6n, parannetun korroosionkest\u00e4vyyden, UV-suojan, naarmunkest\u00e4vyyden ja v\u00e4h\u00e4isen huollon.\n<\/p>\n<p><\/p>\n<p><b>3.Miksi valita OEM-alumiiniprofiilit, joissa on puinen rakeinen pinnoite?<\/b><\/p>\n<p>OEM-profiilit takaavat r\u00e4\u00e4t\u00e4l\u00f6idyt mitat, v\u00e4rit ja viimeistelyt, jotka on r\u00e4\u00e4t\u00e4l\u00f6ity tiettyihin arkkitehtonisiin suunnitelmiin ja projektivaatimuksiin.\n<\/p>\n<p><\/p>\n<p><b>4.Miten puristuslinjaprosessi hy\u00f6dytt\u00e4\u00e4 alumiinipuristeprofiileja, joissa on puupinnoite?<\/b><\/p>\n<p>Puristuslinja mahdollistaa profiilien muotojen suuren tarkkuuden ja johdonmukaisuuden, mik\u00e4 takaa tasaisen pinnoitteen levityksen ja erinomaisen pinnanlaadun.\n<\/p>\n<p><\/p>\n<p><b>5.Soveltuvatko alumiiniprofiilit, joissa on puurakenteinen pinnoite, ulkok\u00e4ytt\u00f6\u00f6n?<\/b><\/p>\n<p>Kyll\u00e4, n\u00e4m\u00e4 profiilit kest\u00e4v\u00e4t kosteutta, UV-s\u00e4teit\u00e4 ja s\u00e4\u00e4n vaikutusta, joten ne sopivat erinomaisesti ulko-oviin, verhoseiniin ja kattoihin.\n<\/p>\n<p><\/p>\n<p><b>6.Voiko alumiiniprofiileja, joissa on puinen rakeinen pinnoite, r\u00e4\u00e4t\u00e4l\u00f6id\u00e4?<\/b><\/p>\n<p>Kyll\u00e4, ne voidaan r\u00e4\u00e4t\u00e4l\u00f6id\u00e4 profiilin muotoilun, pinnoitteen v\u00e4rin, puunjyv\u00e4kuvion, pituuden ja metalliseoslaadun osalta erilaisiin rakennustarpeisiin.\n<\/p>\n<p><\/p>\n<p><b>7.Mill\u00e4 teollisuudenaloilla k\u00e4ytet\u00e4\u00e4n yleisesti alumiiniprofiileja, joissa on puurakenteinen pinnoite?<\/b><\/p>\n<p>Rakennusteollisuus, arkkitehtisuunnittelu, sisustus ja kaupallinen rakentaminen k\u00e4ytt\u00e4v\u00e4t n\u00e4it\u00e4 profiileja niiden kest\u00e4vyyden ja esteettisyyden vuoksi.\n<\/p>\n<p><\/p>\n<p><b>8.Miten alumiiniprofiilien puukuvioinen pinnoite tukee kest\u00e4v\u00e4\u00e4 rakentamista?<\/b><\/p>\n<p>Alumiini on 100%-kierr\u00e4tett\u00e4v\u00e4\u00e4, ja pinnoitusprosessi on ymp\u00e4rist\u00f6yst\u00e4v\u00e4llinen, mik\u00e4 tarjoaa kest\u00e4v\u00e4n vaihtoehdon luonnonpuulle rakennushankkeissa.\n<\/p>\n<p><\/p>","protected":false},"featured_media":6529,"template":"","categories":[63],"class_list":["post-6530","product","type-product","status-publish","has-post-thumbnail","hentry","category-fluorocarbon-coating-profile"],"meta_box":{"hilight_text_group":{"product_hilight_text":"<li>Advanced extrusion press line ensures high precision and consistency<\/li>\r\r\n<li>Wood grain coating provides natural aesthetic with durable finish<\/li>\r\r\n<li>Custom color options available for OEM door, curtain wall, and ceiling profiles<\/li>\r\r\n<li>Corrosion-resistant aluminum ideal for indoor and outdoor architectural use<\/li>\r\r\n<li>Supports bulk production with reliable quality and timely delivery<\/li>","product_chanpin_blog":"<ul>\r\r\n<li><a href=\"https:\/\/sinoextrud.com\/t-slot-v-slot-differences\/\" target=\"_blank\">t slot vs v slot<\/a><\/li>\r\r\n<li><a href=\"https:\/\/sinoextrud.com\/what-is-4040-aluminium-extrud\/\" target=\"_blank\">4040 aluminium extrusion<\/a><\/li>\r\r\n<li><a href=\"https:\/\/sinoextrud.com\/what-is-4040-aluminium-extrud\/\" target=\"_blank\">aluminum extrusions for industrial racks<\/a><\/li>\r\r\n<li><a href=\"https:\/\/sinoextrud.com\/powder-coating-aluminium-process\/\" target=\"_blank\">powder coating aluminium<\/a><\/li>\r\r\n<li><a href=\"https:\/\/sinoextrud.com\/what-is-an-aluminium-strip-ceiling\/\" target=\"_blank\">aluminium strip ceiling<\/a><\/li>\r\r\n<li><a href=\"https:\/\/sinoextrud.com\/what-is-a-heat-sink\/\" target=\"_blank\">what is a heat sink<\/a><\/li>\r\r\n<\/ul>","product_chanpin_chanpin":"<li><a href=\"https:\/\/sinoextrud.com\/product\/elictrophoresis-matte-gold-aluminium-profile-cad\/\" target=\"_blank\">Elictrophoresis matte gold aluminium profile cad download section price per ton extrusions for windows and doors construction<\/a><\/li>\r\n<li><a href=\"https:\/\/sinoextrud.com\/product\/electrophoretic-wood-surface-aluminum-square-pipe\/\" target=\"_blank\">Electrophoretic wood surface-aluminum Square Pipe<\/a><\/li>\r\n<li><a href=\"https:\/\/sinoextrud.com\/product\/aluminum-square-tube-in-wooden-grain\/\" target=\"_blank\">Aluminum Square Tube In Wooden Grain<\/a><\/li>\r\n<li><a href=\"https:\/\/sinoextrud.com\/product\/alu-squ-tube-in-wood-grain-painting\/\" target=\"_blank\">Alu squ tube In Wood Grain Painting<\/a><\/li>\r\n<li><a href=\"https:\/\/sinoextrud.com\/product\/aluminium-extrusion-press-line-profile-wooden-grained-coating-color-oem\/\" target=\"_blank\">Aluminium Extrusion Press Line profile wooden grained coating color OEM for Door Curtain Wall Ceiling<\/a><\/li>\r\n<li><a href=\"https:\/\/sinoextrud.com\/product\/pvdf-coating-aluminum-profile-curtain-wall\/\" target=\"_blank\">PVDF Coating Aluminum profile Curtain Wall<\/a><\/li>\r\n<li><a href=\"https:\/\/sinoextrud.com\/product\/soundproofed-watertigh\/\" target=\"_blank\">Soundproofed Watertight Wind resistant occulting frame powder coated Facade Cladding and Glass wall aluminium profile<\/a><\/li>\r\n<li><a href=\"https:\/\/sinoextrud.com\/product\/eco-friendly-water-borne-fluorocarbon-spraying-decorative-aluminum-profile-for-outdoor-project\/\" target=\"_blank\">ECO-Friendly Water-borne Fluorocarbon Spraying Decorative Aluminum Profile For Outdoor Project<\/a><\/li>\r\n<li><a href=\"https:\/\/sinoextrud.com\/product\/fluorocarbon-coated-aluminium-extrusions\/\" target=\"_blank\">Fluorocarbon Coated Aluminium Extrusions<\/a><\/li>\r\n<li><a href=\"https:\/\/sinoextrud.com\/product\/industrial-t-slot-aluminum-profile\/\" target=\"_blank\">Industrial T Slot Aluminum Profile<\/a><\/li>\r\n<li><a href=\"https:\/\/sinoextrud.com\/product\/aluminum-t-bar-extrusion\/\" target=\"_blank\">Aluminum T Bar Extrusion<\/a><\/li>"},"feature_list":[]},"_links":{"self":[{"href":"https:\/\/sinoextrud.com\/fi\/wp-json\/wp\/v2\/product\/6530","targetHints":{"allow":["GET"]}}],"collection":[{"href":"https:\/\/sinoextrud.com\/fi\/wp-json\/wp\/v2\/product"}],"about":[{"href":"https:\/\/sinoextrud.com\/fi\/wp-json\/wp\/v2\/types\/product"}],"wp:featuredmedia":[{"embeddable":true,"href":"https:\/\/sinoextrud.com\/fi\/wp-json\/wp\/v2\/media\/6529"}],"wp:attachment":[{"href":"https:\/\/sinoextrud.com\/fi\/wp-json\/wp\/v2\/media?parent=6530"}],"wp:term":[{"taxonomy":"category","embeddable":true,"href":"https:\/\/sinoextrud.com\/fi\/wp-json\/wp\/v2\/categories?post=6530"}],"curies":[{"name":"wp","href":"https:\/\/api.w.org\/{rel}","templated":true}]}}