{"id":6526,"date":"2025-05-29T06:49:04","date_gmt":"2025-05-29T06:49:04","guid":{"rendered":"https:\/\/sinoextrud.com\/product\/aluminum-square-tube-in-wooden-grain\/"},"modified":"2025-06-24T06:11:05","modified_gmt":"2025-06-24T06:11:05","slug":"alumiini-nelio-putki-puinen-vilja","status":"publish","type":"product","link":"https:\/\/sinoextrud.com\/fi\/product\/aluminum-square-tube-in-wooden-grain\/","title":{"rendered":"Alumiini neli\u00f6 putki puinen jyv\u00e4"},"content":{"rendered":"<h2>Tuotteiden tiedot<\/h2>\n<table class=\"custom-table\">\n<tr>\n<td class=\"label\">Kohde<\/td>\n<td>Wood Grain alumiini neli\u00f6 putki - elektroforeettinen keltainen keltainen Palo puu \/ alumiini profiili neli\u00f6 putki Wood Grain maalaus<\/td>\n<\/tr>\n<tr>\n<td class=\"label\">Materiaali<\/td>\n<td>6000-sarjan alumiini<\/td>\n<\/tr>\n<tr>\n<td class=\"label\">Temper<\/td>\n<td>T4, T5, T6<\/td>\n<\/tr>\n<tr>\n<td class=\"label\">Muoto<\/td>\n<td>neli\u00f6, py\u00f6re\u00e4, suorakulmainen, yksil\u00f6llinen<\/td>\n<\/tr>\n<tr>\n<td class=\"label\">Hakemus<\/td>\n<td>Huonekaluissa, ikkunoissa ja ovissa, sisustuksessa, teollisuudessa, rakentamisessa jne.<\/td>\n<\/tr>\n<tr>\n<td class=\"label\">V\u00e4rit<\/td>\n<td>Ref jauhemaalaus v\u00e4riarkki ja mukautettu v\u00e4ri saatavilla<\/td>\n<\/tr>\n<tr>\n<td class=\"label\">syv\u00e4 prosessi<\/td>\n<td>CNC, poraus, jyrsint\u00e4, leikkaus, hitsaus, taivutus, kokoonpano<\/td>\n<\/tr>\n<tr>\n<td class=\"label\">MOQ<\/td>\n<td>200 kg kutakin tuotetta kohti<\/td>\n<\/tr>\n<tr>\n<td class=\"label\">Pakkaustiedot<\/td>\n<td>(1) Sis\u00e4ll\u00e4: pakattu suojamuovikalvolla jokaisen osan suojaamiseksi<\/td>\n<\/tr>\n<tr>\n<td class=\"label\">Toimitusaika<\/td>\n<td>(1) Muottien kehitt\u00e4minen ja n\u00e4ytteiden testaus: 12-18 p\u00e4iv\u00e4\u00e4.<\/td>\n<\/tr>\n<tr>\n<td class=\"label\">FOB-satama<\/td>\n<td>SHENZHEN \/ GUANGZHOU \/ FOSHAN<\/td>\n<\/tr>\n<tr>\n<td class=\"label\">maksuehdot<\/td>\n<td>T\/T 30% talletus, saldo ennen l\u00e4hetyst\u00e4.<\/td>\n<\/tr>\n<tr>\n<td class=\"label\">selvitysk\u00e4site<\/td>\n<td>Kuormitus todellisen loppupainon tai teoreettisen vetopainon mukaan.<\/td>\n<\/tr>\n<tr>\n<td class=\"label\">tuotantokapasiteetti<\/td>\n<td>5000 tonnia kuukaudessa, 60000 tonnia vuodessa.<\/td>\n<\/tr>\n<tr>\n<td class=\"label\">Sertifioitu ja standardi<\/td>\n<td>CQM, SGS, CE, BV, SONCAP\/GB, ISO, JIS, AS, NZS, QUALICOAT, QUOLANOD saatavana.<\/td>\n<\/tr>\n<tr>\n<td class=\"label\">Takuu<\/td>\n<td>Pinnan v\u00e4ri voi s\u00e4ily\u00e4 10~20 vuotta sis\u00e4tiloissa.<\/td>\n<\/tr>\n<\/table>\n<h2>Tuotantopohjamme<\/h2>\n<h3>Tehtaan panoraama<\/h3>\n<p><img decoding=\"async\" src=\"\/wp-content\/uploads\/factory-01.webp\"\/><\/p>\n<h3>Alumiini Bar Manufacturing Workshop<\/h3>\n<p><img decoding=\"async\" src=\"\/wp-content\/uploads\/factory-02.webp\"\/><\/p>\n<p><img decoding=\"async\" src=\"\/wp-content\/uploads\/factory-03.webp\"\/><\/p>\n<h3>Muotin varastointi Varasto<\/h3>\n<p><img decoding=\"async\" src=\"\/wp-content\/uploads\/factory-04.webp\"\/><\/p>\n<h3>43 alumiinin ekstruusiolinjat (500-5500 tonnia)<\/h3>\n<p><img decoding=\"async\" src=\"\/wp-content\/uploads\/factory-05.webp\"\/><\/p>\n<p><img decoding=\"async\" src=\"\/wp-content\/uploads\/factory-06.webp\"\/><\/p>\n<p><img decoding=\"async\" src=\"\/wp-content\/uploads\/factory-07.webp\"\/><\/p>\n<h3>Jauhemaalaus ty\u00f6paja<\/h3>\n<p><img decoding=\"async\" src=\"\/wp-content\/uploads\/factory-09.webp\"\/><\/p>\n<h3>Anodisointi ty\u00f6paja<\/h3>\n<p><img decoding=\"async\" src=\"\/wp-content\/uploads\/factory-10.webp\"\/><\/p>\n<h3>Syv\u00e4k\u00e4sittelyn ty\u00f6paja<\/h3>\n<p><img decoding=\"async\" src=\"\/wp-content\/uploads\/factory-11.webp\"\/><\/p>\n<h3>CNC-tarkkuuskoneistus ty\u00f6paja<\/h3>\n<p><img decoding=\"async\" src=\"\/wp-content\/uploads\/factory-11.5.webp\"\/><\/p>\n<h3>Valmiiden tuotteiden ja vientivarasto<\/h3>\n<p><img decoding=\"async\" src=\"\/wp-content\/uploads\/factory-12.webp\"\/><\/p>\n<p><img decoding=\"async\" src=\"\/wp-content\/uploads\/factory-13.webp\"\/><\/p>\n<p><img decoding=\"async\" src=\"\/wp-content\/uploads\/factory-14.webp\"\/><\/p>\n<h2>FAQ<\/h2>\n<p><p><b>1.Mik\u00e4 on alumiininen neli\u00f6putki puujyv\u00e4ss\u00e4?<\/b><\/p>\n<p>Alumiininen neli\u00f6putki puunjyv\u00e4ll\u00e4 on puristettu alumiini, jonka pintak\u00e4sittely j\u00e4ljittelee puunjyv\u00e4n luonnollista ulkon\u00e4k\u00f6\u00e4 ja yhdist\u00e4\u00e4 kest\u00e4vyyden ja esteettisyyden.<br \/>\n<\/p><br \/>\n<br \/>\n<p><b>2.Mitk\u00e4 ovat alumiinin neli\u00f6putken t\u00e4rkeimm\u00e4t edut puujyv\u00e4ss\u00e4?<\/b><\/p>\n<p>Se tarjoaa korroosionkest\u00e4vyytt\u00e4, kevytt\u00e4 lujuutta, naarmunkest\u00e4vyytt\u00e4 ja puun tyylikk\u00e4\u00e4n ulkon\u00e4\u00f6n ilman huolto-ongelmia.<br \/>\n<\/p><br \/>\n<br \/>\n<p><b>3.Miksi valita alumiininen neli\u00f6putki, jossa on puinen viimeistely aidon puun sijaan?<\/b><\/p>\n<p>Alumiini on s\u00e4\u00e4nkest\u00e4vyydelt\u00e4\u00e4n ja pitk\u00e4ik\u00e4isyytens\u00e4 puolesta ylivoimainen ja vaatii v\u00e4hemm\u00e4n huoltoa, mutta tarjoaa samalla saman l\u00e4mpim\u00e4n ja luonnollisen ulkon\u00e4\u00f6n kuin aito puu.<br \/>\n<\/p><br \/>\n<br \/>\n<p><b>4.Can alumiini neli\u00f6 putket puinen vilja voidaan r\u00e4\u00e4t\u00e4l\u00f6id\u00e4?<\/b><\/p>\n<p>Kyll\u00e4, ne voidaan r\u00e4\u00e4t\u00e4l\u00f6id\u00e4 koon, sein\u00e4m\u00e4paksuuden, raekuvion, v\u00e4rin ja pituuden osalta erityisten suunnittelu- ja rakennevaatimusten mukaisiksi.<br \/>\n<\/p><br \/>\n<br \/>\n<p><b>5.How puinen viljan viimeistely parantaa alumiinisia neli\u00f6putkia?<\/b><\/p>\n<p>Pintak\u00e4sittely antaa luonnollisen puun rakenteen ja ulkon\u00e4\u00f6n s\u00e4ilytt\u00e4en samalla alumiinin ruostumattomat, kest\u00e4v\u00e4t ja kevyet ominaisuudet.<br \/>\n<\/p><br \/>\n<br \/>\n<p><b>6.Ovatko alumiiniset neli\u00f6n muotoiset putket, joissa on puinen viimeistely, soveltuvat ulkok\u00e4ytt\u00f6\u00f6n?<\/b><\/p>\n<p>Kyll\u00e4, ne kest\u00e4v\u00e4t UV-s\u00e4teit\u00e4, kosteutta ja ankaraa s\u00e4\u00e4t\u00e4, joten ne sopivat erinomaisesti ulkohuonekaluihin, aitauksiin ja arkkitehtonisiin sovelluksiin.<br \/>\n<\/p><br \/>\n<br \/>\n<p><b>7.Mitk\u00e4 teollisuudenalat k\u00e4ytt\u00e4v\u00e4t yleisesti alumiinisia neli\u00f6putkia, joissa on puunjyv\u00e4pintainen viimeistely?<\/b><\/p>\n<p>Huonekalujen valmistuksessa, rakentamisessa, sisustuksessa ja maisemoinnissa k\u00e4ytet\u00e4\u00e4n n\u00e4it\u00e4 putkia niiden lujuuden ja luonnollisen estetiikan yhdistelm\u00e4n vuoksi.<br \/>\n<\/p><br \/>\n<br \/>\n<p><b>8.How alumiinin neli\u00f6 putki puun jyv\u00e4 tukee kest\u00e4v\u00e4\u00e4 suunnittelua?<\/b><\/p>\n<p>Alumiini on 100%-kierr\u00e4tett\u00e4v\u00e4\u00e4, ja puukuvioinen viimeistely on ymp\u00e4rist\u00f6yst\u00e4v\u00e4llinen vaihtoehto luonnolliselle puulle, mik\u00e4 v\u00e4hent\u00e4\u00e4 mets\u00e4katoa ja ymp\u00e4rist\u00f6vaikutuksia.<br \/>\n<\/p><br \/><\/p>","protected":false},"featured_media":6525,"template":"","categories":[62],"class_list":["post-6526","product","type-product","status-publish","has-post-thumbnail","hentry","category-electrophoresis-aluminum-profile"],"meta_box":{"hilight_text_group":{"product_hilight_text":"<li>Wood grain finish provides natural aesthetic with aluminum durability<\/li>\r\r\n<li>Lightweight aluminum square tube offers high strength and corrosion resistance<\/li>\r\r\n<li>Ideal for decorative and structural applications in interior and exterior spaces<\/li>\r\r\n<li>Precision extrusion ensures consistent size and quality<\/li>\r\r\n<li>Supports custom lengths and bulk orders for large projects<\/li>","product_chanpin_blog":"<ul>\r\r\n<li><a href=\"https:\/\/sinoextrud.com\/t-slot-v-slot-differences\/\" target=\"_blank\">t slot vs v slot<\/a><\/li>\r\r\n<li><a href=\"https:\/\/sinoextrud.com\/what-is-4040-aluminium-extrud\/\" target=\"_blank\">4040 aluminium extrusion<\/a><\/li>\r\r\n<li><a href=\"https:\/\/sinoextrud.com\/what-is-4040-aluminium-extrud\/\" target=\"_blank\">aluminum extrusions for industrial racks<\/a><\/li>\r\r\n<li><a href=\"https:\/\/sinoextrud.com\/powder-coating-aluminium-process\/\" target=\"_blank\">powder coating aluminium<\/a><\/li>\r\r\n<li><a href=\"https:\/\/sinoextrud.com\/what-is-an-aluminium-strip-ceiling\/\" target=\"_blank\">aluminium strip ceiling<\/a><\/li>\r\r\n<li><a href=\"https:\/\/sinoextrud.com\/what-is-a-heat-sink\/\" target=\"_blank\">what is a heat sink<\/a><\/li>\r\r\n<\/ul>","product_chanpin_chanpin":"<li><a href=\"https:\/\/sinoextrud.com\/product\/aluminum-profile-with-pvdf-coating\/\" target=\"_blank\">Aluminum Profile With PVDF Coating<\/a><\/li>\r\n<li><a href=\"https:\/\/sinoextrud.com\/product\/electrophoresis-aluminum-profile-wood-grain\/\" target=\"_blank\">Electrophoresis Aluminum Profile Wood Grain<\/a><\/li>\r\n<li><a href=\"https:\/\/sinoextrud.com\/product\/elictrophoresis-matte-gold-aluminium-profile-cad\/\" target=\"_blank\">Elictrophoresis matte gold aluminium profile cad download section price per ton extrusions for windows and doors construction<\/a><\/li>\r\n<li><a href=\"https:\/\/sinoextrud.com\/product\/electrophoretic-wood-surface-aluminum-square-pipe\/\" target=\"_blank\">Electrophoretic wood surface-aluminum Square Pipe<\/a><\/li>\r\n<li><a href=\"https:\/\/sinoextrud.com\/product\/aluminum-square-tube-in-wooden-grain\/\" target=\"_blank\">Aluminum Square Tube In Wooden Grain<\/a><\/li>\r\n<li><a href=\"https:\/\/sinoextrud.com\/product\/alu-squ-tube-in-wood-grain-painting\/\" target=\"_blank\">Alu squ tube In Wood Grain Painting<\/a><\/li>\r\n<li><a href=\"https:\/\/sinoextrud.com\/product\/aluminium-extrusion-press-line-profile-wooden-grained-coating-color-oem\/\" target=\"_blank\">Aluminium Extrusion Press Line profile wooden grained coating color OEM for Door Curtain Wall Ceiling<\/a><\/li>\r\n<li><a href=\"https:\/\/sinoextrud.com\/product\/pvdf-coating-aluminum-profile-curtain-wall\/\" target=\"_blank\">PVDF Coating Aluminum profile Curtain Wall<\/a><\/li>\r\n<li><a href=\"https:\/\/sinoextrud.com\/product\/soundproofed-watertigh\/\" target=\"_blank\">Soundproofed Watertight Wind resistant occulting frame powder coated Facade Cladding and Glass wall aluminium profile<\/a><\/li>\r\n<li><a href=\"https:\/\/sinoextrud.com\/product\/j-section-aluminum-extrusion\/\" target=\"_blank\">J Section Aluminum Extrusion<\/a><\/li>\r\n<li><a href=\"https:\/\/sinoextrud.com\/product\/aluminium-extrusion-press-line-profile-wooden-grained-coating-color-oem\/\" target=\"_blank\">Aluminium Extrusion Press Line profile wooden grained coating color OEM for Door Curtain Wall Ceiling<\/a><\/li>"},"feature_list":[]},"_links":{"self":[{"href":"https:\/\/sinoextrud.com\/fi\/wp-json\/wp\/v2\/product\/6526","targetHints":{"allow":["GET"]}}],"collection":[{"href":"https:\/\/sinoextrud.com\/fi\/wp-json\/wp\/v2\/product"}],"about":[{"href":"https:\/\/sinoextrud.com\/fi\/wp-json\/wp\/v2\/types\/product"}],"wp:featuredmedia":[{"embeddable":true,"href":"https:\/\/sinoextrud.com\/fi\/wp-json\/wp\/v2\/media\/6525"}],"wp:attachment":[{"href":"https:\/\/sinoextrud.com\/fi\/wp-json\/wp\/v2\/media?parent=6526"}],"wp:term":[{"taxonomy":"category","embeddable":true,"href":"https:\/\/sinoextrud.com\/fi\/wp-json\/wp\/v2\/categories?post=6526"}],"curies":[{"name":"wp","href":"https:\/\/api.w.org\/{rel}","templated":true}]}}