{"id":6524,"date":"2025-05-29T06:47:07","date_gmt":"2025-05-29T06:47:07","guid":{"rendered":"https:\/\/sinoextrud.com\/product\/electrophoretic-wood-surface-aluminum-square-pipe\/"},"modified":"2025-06-24T06:11:04","modified_gmt":"2025-06-24T06:11:04","slug":"elektroforeettinen-puupinta-alumiininen-nelioputki","status":"publish","type":"product","link":"https:\/\/sinoextrud.com\/fi\/product\/electrophoretic-wood-surface-aluminum-square-pipe\/","title":{"rendered":"Elektroforeettinen puupinta-alumiini neli\u00f6putki"},"content":{"rendered":"<h2>Tuotteiden tiedot<\/h2>\n<table class=\"custom-table\">\n<tr>\n<td class=\"label\">Kohde<\/td>\n<td>Elektroforeettinen Silkwood-alumiini neli\u00f6 putki<\/td>\n<\/tr>\n<tr>\n<td class=\"label\">Materiaali<\/td>\n<td>6000-sarjan alumiini<\/td>\n<\/tr>\n<tr>\n<td class=\"label\">Temper<\/td>\n<td>T4, T5, T6<\/td>\n<\/tr>\n<tr>\n<td class=\"label\">Muoto<\/td>\n<td>neli\u00f6, py\u00f6re\u00e4, suorakaiteen muotoinen, r\u00e4\u00e4t\u00e4l\u00f6ityj\u00e4<\/td>\n<\/tr>\n<tr>\n<td class=\"label\">Hakemus<\/td>\n<td>Huonekaluissa, ikkunoissa ja ovissa, koristeissa, teollisuudessa, rakentamisessa ja niin edelleen.<\/td>\n<\/tr>\n<tr>\n<td class=\"label\">V\u00e4rit<\/td>\n<td>Ref jauhemaalaus v\u00e4ri arkki ja r\u00e4\u00e4t\u00e4l\u00f6ity v\u00e4ri saatavilla<\/td>\n<\/tr>\n<tr>\n<td class=\"label\">Syv\u00e4 prosessi<\/td>\n<td>CNC, poraus, jyrsint\u00e4, leikkaus, hitsaus, taivutus, kokoonpano<\/td>\n<\/tr>\n<tr>\n<td class=\"label\">MOQ<\/td>\n<td>200 kg kutakin tuotetta kohti<\/td>\n<\/tr>\n<tr>\n<td class=\"label\">Pakkaustiedot<\/td>\n<td>(1) Sis\u00e4ll\u00e4: pakattu muovisella suojakalvolla jokaisen kappaleen suojaamiseksi.<br \/>(2) Ulkopuolella: Vedenpit\u00e4v\u00e4 k\u00e4sity\u00f6paperi<\/td>\n<\/tr>\n<tr>\n<td class=\"label\">Toimitusaika<\/td>\n<td>(1) Die Kehitt\u00e4minen ja n\u00e4ytteen testaus: 12-18 p\u00e4iv\u00e4\u00e4.<br \/>(2) Massatuotanto valmis: 20-30 p\u00e4iv\u00e4\u00e4 sen j\u00e4lkeen, kun ostaja on vahvistanut n\u00e4ytteen.<\/td>\n<\/tr>\n<tr>\n<td class=\"label\">FOB-satama<\/td>\n<td>SHENZHEN \/ GUANGZHOU \/ FOSHAN<\/td>\n<\/tr>\n<tr>\n<td class=\"label\">Maksuehdot<\/td>\n<td>T\/T 30% talletus, saldo ennen toimitusta.<\/td>\n<\/tr>\n<tr>\n<td class=\"label\">Maksuehto<\/td>\n<td>Veloitetaan lopullisen todellisen painon tai teoreettisen painon mukaan.<\/td>\n<\/tr>\n<tr>\n<td class=\"label\">Tuotantokapasiteetti<\/td>\n<td>5000 tonnia kuukaudessa, 60000 tonnia vuodessa.<\/td>\n<\/tr>\n<tr>\n<td class=\"label\">Todistus ja standardi<\/td>\n<td>CQM, SGS, CE, BV, SONCAP \/ GB, ISO, JIS, AS, NZS, QUALICOAT, QUOLANOD saatavana.<\/td>\n<\/tr>\n<tr>\n<td class=\"label\">Takuu<\/td>\n<td>Pinnan v\u00e4ri voi olla vakaa 10~20 vuotta sis\u00e4k\u00e4yt\u00f6ss\u00e4.<\/td>\n<\/tr>\n<\/table>\n<h2>Tuotantopohjamme<\/h2>\n<h3>Tehtaan panoraama<\/h3>\n<p><img decoding=\"async\" src=\"\/wp-content\/uploads\/factory-01.webp\"\/><\/p>\n<h3>Alumiini Bar Manufacturing Workshop<\/h3>\n<p><img decoding=\"async\" src=\"\/wp-content\/uploads\/factory-02.webp\"\/><\/p>\n<p><img decoding=\"async\" src=\"\/wp-content\/uploads\/factory-03.webp\"\/><\/p>\n<h3>Muotin varastointi Varasto<\/h3>\n<p><img decoding=\"async\" src=\"\/wp-content\/uploads\/factory-04.webp\"\/><\/p>\n<h3>43 alumiinin ekstruusiolinjat (500-5500 tonnia)<\/h3>\n<p><img decoding=\"async\" src=\"\/wp-content\/uploads\/factory-05.webp\"\/><\/p>\n<p><img decoding=\"async\" src=\"\/wp-content\/uploads\/factory-06.webp\"\/><\/p>\n<p><img decoding=\"async\" src=\"\/wp-content\/uploads\/factory-07.webp\"\/><\/p>\n<h3>Jauhemaalaus ty\u00f6paja<\/h3>\n<p><img decoding=\"async\" src=\"\/wp-content\/uploads\/factory-09.webp\"\/><\/p>\n<h3>Anodisointi ty\u00f6paja<\/h3>\n<p><img decoding=\"async\" src=\"\/wp-content\/uploads\/factory-10.webp\"\/><\/p>\n<h3>Syv\u00e4k\u00e4sittelyn ty\u00f6paja<\/h3>\n<p><img decoding=\"async\" src=\"\/wp-content\/uploads\/factory-11.webp\"\/><\/p>\n<h3>CNC-tarkkuuskoneistus ty\u00f6paja<\/h3>\n<p><img decoding=\"async\" src=\"\/wp-content\/uploads\/factory-11.5.webp\"\/><\/p>\n<h3>Valmiiden tuotteiden ja vientivarasto<\/h3>\n<p><img decoding=\"async\" src=\"\/wp-content\/uploads\/factory-12.webp\"\/><\/p>\n<p><img decoding=\"async\" src=\"\/wp-content\/uploads\/factory-13.webp\"\/><\/p>\n<p><img decoding=\"async\" src=\"\/wp-content\/uploads\/factory-14.webp\"\/><\/p>\n<h2>FAQ<\/h2>\n<p><p><b>1.Mik\u00e4 on elektroforeettinen puupinta-alumiininen neli\u00f6putki?<\/b><\/p>\n<p>Se on nelikulmainen alumiiniputki, joka on p\u00e4\u00e4llystetty elektroforeettisella puunrakeisella viimeistelyll\u00e4, jossa yhdistyv\u00e4t alumiinin kest\u00e4vyys ja luonnon puun esteettisyys.<br \/>\n<\/p><br \/>\n<br \/>\n<p><b>2.Mitk\u00e4 ovat elektroforeettisten puupinta-alumiini-neli\u00f6putkien t\u00e4rkeimm\u00e4t edut?<\/b><\/p>\n<p>Ne tarjoavat erinomaisen korroosionkest\u00e4vyyden, naarmunkest\u00e4vyyden, UV-suojan ja realistisen puunrakeisen ulkon\u00e4\u00f6n v\u00e4h\u00e4isell\u00e4 huollolla.<br \/>\n<\/p><br \/>\n<br \/>\n<p><b>3.Miksi valita elektroforeettinen pinnoite puupintaisille alumiinineli\u00f6putkille?<\/b><\/p>\n<p>Elektroforeettinen pinnoite tarjoaa tasaisen peitt\u00e4vyyden, vahvan tartunnan ja pitk\u00e4aikaisen suojan haalistumista ja kuoriutumista vastaan verrattuna perinteisiin puupinnoitteisiin.<br \/>\n<\/p><br \/>\n<br \/>\n<p><b>4.Can elektroforeettinen puupinta-alumiini-neli\u00f6putket voidaan r\u00e4\u00e4t\u00e4l\u00f6id\u00e4?<\/b><\/p>\n<p>Kyll\u00e4, ne voidaan r\u00e4\u00e4t\u00e4l\u00f6id\u00e4 koon, paksuuden, puun kuvioinnin ja v\u00e4rin voimakkuuden suhteen arkkitehtonisten ja suunnittelutarpeiden mukaan.<br \/>\n<\/p><br \/>\n<br \/>\n<p><b>5.Miten puun pintak\u00e4sittely parantaa alumiinisia neli\u00f6putkia?<\/b><\/p>\n<p>Viimeistely tarjoaa puun luonnollisen ulkon\u00e4\u00f6n ja l\u00e4mm\u00f6n s\u00e4ilytt\u00e4en alumiinin kevyet, ruostumattomat ja kest\u00e4v\u00e4t ominaisuudet.<br \/>\n<\/p><br \/>\n<br \/>\n<p><b>6.Ovatko elektroforeettiset puupinta-alumiini-neli\u00f6putket sopivia ulkok\u00e4ytt\u00f6\u00f6n?<\/b><\/p>\n<p>Kyll\u00e4, ne kest\u00e4v\u00e4t hyvin s\u00e4\u00e4t\u00e4, UV-s\u00e4teit\u00e4, kosteutta ja ymp\u00e4rist\u00f6n ep\u00e4puhtauksia, joten ne ovat ihanteellisia ulkok\u00e4ytt\u00f6\u00f6n.<br \/>\n<\/p><br \/>\n<br \/>\n<p><b>7.Mitk\u00e4 teollisuudenalat k\u00e4ytt\u00e4v\u00e4t yleisesti elektroforeettisia puupinta-alumiini-neli\u00f6putkia?<\/b><\/p>\n<p>Rakennus-, huonekalu-, sisustus- ja arkkitehtuuriteollisuudessa n\u00e4it\u00e4 putkia k\u00e4ytet\u00e4\u00e4n niiden lujuuden ja luonnollisen puun estetiikan yhdistelm\u00e4n vuoksi.<br \/>\n<\/p><br \/>\n<br \/>\n<p><b>8.Miten elektroforeettinen puupinta-alumiininen neli\u00f6putki tukee kest\u00e4v\u00e4\u00e4 suunnittelua?<\/b><\/p>\n<p>Alumiini on 100% kierr\u00e4tett\u00e4v\u00e4\u00e4, ja elektroforeettinen pinnoite on ymp\u00e4rist\u00f6yst\u00e4v\u00e4llinen prosessi, joka tarjoaa kest\u00e4v\u00e4n vaihtoehdon luonnonpuulle.<br \/>\n<\/p><br \/><\/p>","protected":false},"featured_media":6523,"template":"","categories":[62],"class_list":["post-6524","product","type-product","status-publish","has-post-thumbnail","hentry","category-electrophoresis-aluminum-profile"],"meta_box":{"hilight_text_group":{"product_hilight_text":"<li>Electrophoretic wood surface finish combines natural look with durability<\/li>\r\r\n<li>Aluminum square pipe offers strong structural support and lightweight design<\/li>\r\r\n<li>Excellent corrosion resistance for indoor and outdoor applications<\/li>\r\r\n<li>High-precision extrusion ensures consistent dimensions and quality<\/li>\r\r\n<li>Supports custom sizes and bulk orders for architectural and decorative projects<\/li>","product_chanpin_blog":"<ul>\r\r\n<li><a href=\"https:\/\/sinoextrud.com\/t-slot-v-slot-differences\/\" target=\"_blank\">t slot vs v slot<\/a><\/li>\r\r\n<li><a href=\"https:\/\/sinoextrud.com\/what-is-4040-aluminium-extrud\/\" target=\"_blank\">4040 aluminium extrusion<\/a><\/li>\r\r\n<li><a href=\"https:\/\/sinoextrud.com\/what-is-4040-aluminium-extrud\/\" target=\"_blank\">aluminum extrusions for industrial racks<\/a><\/li>\r\r\n<li><a href=\"https:\/\/sinoextrud.com\/powder-coating-aluminium-process\/\" target=\"_blank\">powder coating aluminium<\/a><\/li>\r\r\n<li><a href=\"https:\/\/sinoextrud.com\/what-is-an-aluminium-strip-ceiling\/\" target=\"_blank\">aluminium strip ceiling<\/a><\/li>\r\r\n<li><a href=\"https:\/\/sinoextrud.com\/what-is-a-heat-sink\/\" target=\"_blank\">what is a heat sink<\/a><\/li>\r\r\n<\/ul>","product_chanpin_chanpin":"<li><a href=\"https:\/\/sinoextrud.com\/product\/golden-electrophoresis-aluminum-profile\/\" target=\"_blank\">Golden Electrophoresis Aluminum Profile<\/a><\/li>\r\n<li><a href=\"https:\/\/sinoextrud.com\/product\/aluminum-profile-with-pvdf-coating\/\" target=\"_blank\">Aluminum Profile With PVDF Coating<\/a><\/li>\r\n<li><a href=\"https:\/\/sinoextrud.com\/product\/electrophoresis-aluminum-profile-wood-grain\/\" target=\"_blank\">Electrophoresis Aluminum Profile Wood Grain<\/a><\/li>\r\n<li><a href=\"https:\/\/sinoextrud.com\/product\/elictrophoresis-matte-gold-aluminium-profile-cad\/\" target=\"_blank\">Elictrophoresis matte gold aluminium profile cad download section price per ton extrusions for windows and doors construction<\/a><\/li>\r\n<li><a href=\"https:\/\/sinoextrud.com\/product\/electrophoretic-wood-surface-aluminum-square-pipe\/\" target=\"_blank\">Electrophoretic wood surface-aluminum Square Pipe<\/a><\/li>\r\n<li><a href=\"https:\/\/sinoextrud.com\/product\/aluminum-square-tube-in-wooden-grain\/\" target=\"_blank\">Aluminum Square Tube In Wooden Grain<\/a><\/li>\r\n<li><a href=\"https:\/\/sinoextrud.com\/product\/alu-squ-tube-in-wood-grain-painting\/\" target=\"_blank\">Alu squ tube In Wood Grain Painting<\/a><\/li>\r\n<li><a href=\"https:\/\/sinoextrud.com\/product\/aluminium-extrusion-press-line-profile-wooden-grained-coating-color-oem\/\" target=\"_blank\">Aluminium Extrusion Press Line profile wooden grained coating color OEM for Door Curtain Wall Ceiling<\/a><\/li>\r\n<li><a href=\"https:\/\/sinoextrud.com\/product\/pvdf-coating-aluminum-profile-curtain-wall\/\" target=\"_blank\">PVDF Coating Aluminum profile Curtain Wall<\/a><\/li>\r\n<li><a href=\"https:\/\/sinoextrud.com\/product\/aluminum-heat-sink-box-shapes-profiles\/\" target=\"_blank\">Aluminum Heat Sink Box  Shapes  Profiles<\/a><\/li>\r\n<li><a href=\"https:\/\/sinoextrud.com\/product\/customized-extruded-shaped-aluminum-profiles-6063-anodized-industrial-aluminum-profile\/\" target=\"_blank\">Customized Extruded Shaped Aluminum Profiles 6063 Anodized Industrial Aluminum Profile<\/a><\/li>"},"feature_list":[]},"_links":{"self":[{"href":"https:\/\/sinoextrud.com\/fi\/wp-json\/wp\/v2\/product\/6524","targetHints":{"allow":["GET"]}}],"collection":[{"href":"https:\/\/sinoextrud.com\/fi\/wp-json\/wp\/v2\/product"}],"about":[{"href":"https:\/\/sinoextrud.com\/fi\/wp-json\/wp\/v2\/types\/product"}],"wp:featuredmedia":[{"embeddable":true,"href":"https:\/\/sinoextrud.com\/fi\/wp-json\/wp\/v2\/media\/6523"}],"wp:attachment":[{"href":"https:\/\/sinoextrud.com\/fi\/wp-json\/wp\/v2\/media?parent=6524"}],"wp:term":[{"taxonomy":"category","embeddable":true,"href":"https:\/\/sinoextrud.com\/fi\/wp-json\/wp\/v2\/categories?post=6524"}],"curies":[{"name":"wp","href":"https:\/\/api.w.org\/{rel}","templated":true}]}}