{"id":6522,"date":"2025-05-29T06:41:52","date_gmt":"2025-05-29T06:41:52","guid":{"rendered":"https:\/\/sinoextrud.com\/product\/elictrophoresis-matte-gold-aluminium-profile-cad-download-section-price-per-ton-extrusions-for-windows-and-doors-construction\/"},"modified":"2025-06-24T06:11:04","modified_gmt":"2025-06-24T06:11:04","slug":"elictrophoresis-matta-kultainen-alumiiniprofiili-cad","status":"publish","type":"product","link":"https:\/\/sinoextrud.com\/fi\/product\/elictrophoresis-matte-gold-aluminium-profile-cad\/","title":{"rendered":"Elictrophoresis matta kultainen alumiiniprofiili cad download section hinta per tonni ekstrusioita ikkunoiden ja ovien rakentamiseen"},"content":{"rendered":"<h2>Tuotteiden tiedot<\/h2>\n<table class=\"custom-table\">\n<tr>\n<td class=\"label\">Kohde:<\/td>\n<td> Elictrophoresis matta kultainen alumiiniprofiili cad download section hinta per tonni ekstrusioita ikkunoiden ja ovien rakentamiseen<\/td>\n<\/tr>\n<tr>\n<td class=\"label\">Muoto:<\/td>\n<td> ikkunoiden ja ovien rakentaminen alumiiniprofiili<\/td>\n<\/tr>\n<tr>\n<td class=\"label\">Temperamentti:<\/td>\n<td> T3-T8<\/td>\n<\/tr>\n<tr>\n<td class=\"label\">Seos:<\/td>\n<td> Metalliseos<\/td>\n<\/tr>\n<tr>\n<td class=\"label\">Seosaine:<\/td>\n<td> 6063<\/td>\n<\/tr>\n<tr>\n<td class=\"label\">Kiillotettu alumiini Profiili:<\/td>\n<td> Elictrophoresis matta kulta<\/td>\n<\/tr>\n<tr>\n<td class=\"label\">Tavaramerkki:<\/td>\n<td> Sinoextrud<\/td>\n<\/tr>\n<tr>\n<td class=\"label\">Alkuper\u00e4:<\/td>\n<td> Kiina<\/td>\n<\/tr>\n<tr>\n<td class=\"label\">Tyyppi:<\/td>\n<td> ovien ja ikkunoiden alumiiniprofiili<\/td>\n<\/tr>\n<tr>\n<td class=\"label\">Luokka:<\/td>\n<td> 6000-sarja<\/td>\n<\/tr>\n<tr>\n<td class=\"label\">alumiiniprofiilit:<\/td>\n<td> 55-sarja<\/td>\n<\/tr>\n<tr>\n<td class=\"label\">Pintak\u00e4sittely:<\/td>\n<td> Anodinen hapetus<\/td>\n<\/tr>\n<tr>\n<td class=\"label\">Sertifiointi:<\/td>\n<td> CE, ISO<\/td>\n<\/tr>\n<tr>\n<td class=\"label\">Koko:<\/td>\n<td> Sama kuin Sinoextrud<\/td>\n<\/tr>\n<tr>\n<td class=\"label\">Tekniset tiedot:<\/td>\n<td> SGS<\/td>\n<\/tr>\n<tr>\n<td class=\"label\">HS-koodi:<\/td>\n<td> 76042900<\/td>\n<\/tr>\n<\/table>\n<h2>Tuotantopohjamme<\/h2>\n<h3>Tehtaan panoraama<\/h3>\n<p><img decoding=\"async\" src=\"\/wp-content\/uploads\/factory-01.webp\"\/><\/p>\n<h3>Alumiini Bar Manufacturing Workshop<\/h3>\n<p><img decoding=\"async\" src=\"\/wp-content\/uploads\/factory-02.webp\"\/><\/p>\n<\/p>\n<p><img decoding=\"async\" src=\"\/wp-content\/uploads\/factory-03.webp\"\/><\/p>\n<h3>Muotin varastointi Varasto<\/h3>\n<p><img decoding=\"async\" src=\"\/wp-content\/uploads\/factory-04.webp\"\/><\/p>\n<h3>43 alumiinin ekstruusiolinjat (500-5500 tonnia)<\/h3>\n<p><img decoding=\"async\" src=\"\/wp-content\/uploads\/factory-05.webp\"\/><\/p>\n<p><img decoding=\"async\" src=\"\/wp-content\/uploads\/factory-06.webp\"\/><\/p>\n<p><img decoding=\"async\" src=\"\/wp-content\/uploads\/factory-07.webp\"\/><\/p>\n<h3>Jauhemaalaus ty\u00f6paja<\/h3>\n<p><img decoding=\"async\" src=\"\/wp-content\/uploads\/factory-09.webp\"\/><\/p>\n<h3>Anodisointi ty\u00f6paja<\/h3>\n<p><img decoding=\"async\" src=\"\/wp-content\/uploads\/factory-10.webp\"\/><\/p>\n<h3>Syv\u00e4k\u00e4sittelyn ty\u00f6paja<\/h3>\n<p><img decoding=\"async\" src=\"\/wp-content\/uploads\/factory-11.webp\"\/><\/p>\n<h3>CNC-tarkkuuskoneistus ty\u00f6paja<\/h3>\n<p><img decoding=\"async\" src=\"\/wp-content\/uploads\/factory-11.5.webp\"\/><\/p>\n<h3>Valmiiden tuotteiden ja vientivarasto<\/h3>\n<p><img decoding=\"async\" src=\"\/wp-content\/uploads\/factory-12.webp\"\/><\/p>\n<p><img decoding=\"async\" src=\"\/wp-content\/uploads\/factory-13.webp\"\/><\/p>\n<p><img decoding=\"async\" src=\"\/wp-content\/uploads\/factory-14.webp\"\/><\/p>\n<h2>FAQ<\/h2>\n<p><b>1.Mihin elektroforeesin matta kultaista alumiiniprofiilia k\u00e4ytet\u00e4\u00e4n ikkunoiden ja ovien rakentamisessa?<\/b><\/p>\n<p>Sit\u00e4 k\u00e4ytet\u00e4\u00e4n kest\u00e4viin ja esteettisesti miellytt\u00e4viin ikkuna- ja ovenkarmeihin, ja se tarjoaa korroosionkest\u00e4vyyden ja tyylikk\u00e4\u00e4n mattaisen kultaisen pinnan.\n<\/p>\n<p><\/p>\n<p><b>2.Mitk\u00e4 ovat elektroforeesin matta kultaisten alumiiniprofiilien t\u00e4rkeimm\u00e4t edut?<\/b><\/p>\n<p>Ne tarjoavat erinomaisen korroosiosuojauksen, tasaisen pinnoitteen, naarmunkest\u00e4vyyden, UV-s\u00e4teilyn kest\u00e4vyyden ja ensiluokkaisen mattaisen kultaisen ulkon\u00e4\u00f6n.\n<\/p>\n<p><\/p>\n<p><b>3.Voinko ladata CAD-profiileja elektroforeesin matta kultaisia alumiiniprofiileja varten?<\/b><\/p>\n<p>Kyll\u00e4, monet toimittajat tarjoavat CAD-latauksia tarkkaa suunnittelua ja integrointia varten arkkitehtuuri- ja rakennusprojekteihin.\n<\/p>\n<p><\/p>\n<p><b>4.Mik\u00e4 on tyypillinen hinta per tonni elektroforeesin matta kulta alumiinipuristeita?<\/b><\/p>\n<p>Hinnat vaihtelevat toimittajan ja markkinaolosuhteiden mukaan, mutta ne ovat kilpailukykyisi\u00e4 tehokkaan tuotannon ja materiaalihankintojen ansiosta, mik\u00e4 tarjoaa kustannustehokkaita ratkaisuja suuriin hankkeisiin.\n<\/p>\n<p><\/p>\n<p><b>5.Miten elektroforeesipinnoite parantaa matta kultaisia alumiinipuristeita?<\/b><\/p>\n<p>Elektroforeesipinnoite takaa tasaisen peitt\u00e4vyyden, vahvan tarttuvuuden ja pitk\u00e4aikaisen kest\u00e4vyyden, joka est\u00e4\u00e4 kuoriutumisen ja haalistumisen ulkok\u00e4yt\u00f6ss\u00e4.\n<\/p>\n<p><\/p>\n<p><b>6.Soveltuvatko elektroforeesin matta kultaiset alumiiniprofiilit ulkok\u00e4ytt\u00f6\u00f6n?<\/b><\/p>\n<p>Korroosionkest\u00e4vyyden ja UV-suojan ansiosta ne ovat ihanteellisia ulkoikkunoihin ja -oviin, jotka altistuvat ankarille s\u00e4\u00e4olosuhteille.\n<\/p>\n<p><\/p>\n<p><b>7.Miten elektroforeesin matta kultaiset alumiiniprofiilit hy\u00f6dytt\u00e4v\u00e4t ikkunoiden ja ovien rakentamista?<\/b><\/p>\n<p>Ne parantavat rakenteellista eheytt\u00e4, v\u00e4hent\u00e4v\u00e4t huoltoa ja lis\u00e4\u00e4v\u00e4t rakennuksen arvoa parantavaa korkealuokkaista estetiikkaa.\n<\/p>\n<p><\/p>\n<p><b>8.Mist\u00e4 l\u00f6yd\u00e4n tarkat CAD-tiedostot elektroforeesin matta kultaisia alumiiniprofiileja varten?<\/b><\/p>\n<p>CAD-tiedostoja on yleens\u00e4 saatavilla valmistajan verkkosivuilta tai toimittajilta pyynn\u00f6st\u00e4 arkkitehtien ja insin\u00f6\u00f6rien avuksi hankesuunnittelussa.\n<\/p>\n<p><\/p>\n<p><b>9.How hinta per tonni vaikuttaa ostamiseen elektroforeesi matta kultainen alumiini puristeet?<\/b><\/p>\n<p>Tonnihinnan ymm\u00e4rt\u00e4minen auttaa ostajia budjetoimaan tehokkaasti, neuvottelemaan parempia sopimuksia ja suunnittelemaan ikkunoiden ja ovien materiaalitarpeita.\n<\/p>\n<p><\/p>\n<p><b>10.Mitk\u00e4 teollisuudenalat k\u00e4ytt\u00e4v\u00e4t elektroforeesin matta kultaisia alumiinipuristeita?<\/b><\/p>\n<p>Arkkitehtoninen rakentaminen, asuin- ja kaupallinen ikkuna- ja ovivalmistus sek\u00e4 sisustussuunnitteluala k\u00e4ytt\u00e4v\u00e4t yleisesti n\u00e4it\u00e4 profiileja niiden kest\u00e4vyyden ja tyylikk\u00e4\u00e4n viimeistelyn vuoksi.\n<\/p>\n<p><\/p>","protected":false},"featured_media":6521,"template":"","categories":[62],"class_list":["post-6522","product","type-product","status-publish","has-post-thumbnail","hentry","category-electrophoresis-aluminum-profile"],"meta_box":{"hilight_text_group":{"product_hilight_text":"<li>Matte gold electrophoresis finish offers elegant appearance and corrosion resistance<\/li>\r\r\n<li>High-quality aluminum extrusions tailored for windows and doors construction<\/li>\r\r\n<li>Accurate CAD files available for precise design and integration<\/li>\r\r\n<li>Competitive price per ton with reliable bulk supply<\/li>\r\r\n<li>Supports custom profiles and fast delivery for large-scale projects<\/li>","product_chanpin_blog":"<ul>\r\r\n<li><a href=\"https:\/\/sinoextrud.com\/t-slot-v-slot-differences\/\" target=\"_blank\">t slot vs v slot<\/a><\/li>\r\r\n<li><a href=\"https:\/\/sinoextrud.com\/what-is-4040-aluminium-extrud\/\" target=\"_blank\">4040 aluminium extrusion<\/a><\/li>\r\r\n<li><a href=\"https:\/\/sinoextrud.com\/what-is-4040-aluminium-extrud\/\" target=\"_blank\">aluminum extrusions for industrial racks<\/a><\/li>\r\r\n<li><a href=\"https:\/\/sinoextrud.com\/powder-coating-aluminium-process\/\" target=\"_blank\">powder coating aluminium<\/a><\/li>\r\r\n<li><a href=\"https:\/\/sinoextrud.com\/what-is-an-aluminium-strip-ceiling\/\" target=\"_blank\">aluminium strip ceiling<\/a><\/li>\r\r\n<li><a href=\"https:\/\/sinoextrud.com\/what-is-a-heat-sink\/\" target=\"_blank\">what is a heat sink<\/a><\/li>\r\r\n<\/ul>","product_chanpin_chanpin":"<li><a href=\"https:\/\/sinoextrud.com\/product\/electrophoresis-surface-aluminum-profiles\/\" target=\"_blank\">Electrophoresis Surface Aluminum Profiles<\/a><\/li>\r\n<li><a href=\"https:\/\/sinoextrud.com\/product\/golden-electrophoresis-aluminum-profile\/\" target=\"_blank\">Golden Electrophoresis Aluminum Profile<\/a><\/li>\r\n<li><a href=\"https:\/\/sinoextrud.com\/product\/aluminum-profile-with-pvdf-coating\/\" target=\"_blank\">Aluminum Profile With PVDF Coating<\/a><\/li>\r\n<li><a href=\"https:\/\/sinoextrud.com\/product\/electrophoresis-aluminum-profile-wood-grain\/\" target=\"_blank\">Electrophoresis Aluminum Profile Wood Grain<\/a><\/li>\r\n<li><a href=\"https:\/\/sinoextrud.com\/product\/elictrophoresis-matte-gold-aluminium-profile-cad\/\" target=\"_blank\">Elictrophoresis matte gold aluminium profile cad download section price per ton extrusions for windows and doors construction<\/a><\/li>\r\n<li><a href=\"https:\/\/sinoextrud.com\/product\/electrophoretic-wood-surface-aluminum-square-pipe\/\" target=\"_blank\">Electrophoretic wood surface-aluminum Square Pipe<\/a><\/li>\r\n<li><a href=\"https:\/\/sinoextrud.com\/product\/aluminum-square-tube-in-wooden-grain\/\" target=\"_blank\">Aluminum Square Tube In Wooden Grain<\/a><\/li>\r\n<li><a href=\"https:\/\/sinoextrud.com\/product\/alu-squ-tube-in-wood-grain-painting\/\" target=\"_blank\">Alu squ tube In Wood Grain Painting<\/a><\/li>\r\n<li><a href=\"https:\/\/sinoextrud.com\/product\/aluminium-extrusion-press-line-profile-wooden-grained-coating-color-oem\/\" target=\"_blank\">Aluminium Extrusion Press Line profile wooden grained coating color OEM for Door Curtain Wall Ceiling<\/a><\/li>\r\n<li><a href=\"https:\/\/sinoextrud.com\/product\/aluminium-6063\/\" target=\"_blank\">Aluminium 6063<\/a><\/li>\r\n<li><a href=\"https:\/\/sinoextrud.com\/product\/aluminum-alloy-profile\/\" target=\"_blank\">Aluminum Alloy Profile<\/a><\/li>"},"feature_list":[]},"_links":{"self":[{"href":"https:\/\/sinoextrud.com\/fi\/wp-json\/wp\/v2\/product\/6522","targetHints":{"allow":["GET"]}}],"collection":[{"href":"https:\/\/sinoextrud.com\/fi\/wp-json\/wp\/v2\/product"}],"about":[{"href":"https:\/\/sinoextrud.com\/fi\/wp-json\/wp\/v2\/types\/product"}],"wp:featuredmedia":[{"embeddable":true,"href":"https:\/\/sinoextrud.com\/fi\/wp-json\/wp\/v2\/media\/6521"}],"wp:attachment":[{"href":"https:\/\/sinoextrud.com\/fi\/wp-json\/wp\/v2\/media?parent=6522"}],"wp:term":[{"taxonomy":"category","embeddable":true,"href":"https:\/\/sinoextrud.com\/fi\/wp-json\/wp\/v2\/categories?post=6522"}],"curies":[{"name":"wp","href":"https:\/\/api.w.org\/{rel}","templated":true}]}}