{"id":6520,"date":"2025-05-29T06:39:15","date_gmt":"2025-05-29T06:39:15","guid":{"rendered":"https:\/\/sinoextrud.com\/product\/electrophoresis-aluminum-profile-wood-grain\/"},"modified":"2025-06-24T06:11:04","modified_gmt":"2025-06-24T06:11:04","slug":"elektroforeesi-alumiiniprofiili-puunjyva","status":"publish","type":"product","link":"https:\/\/sinoextrud.com\/fi\/product\/electrophoresis-aluminum-profile-wood-grain\/","title":{"rendered":"Elektroforeesi Alumiiniprofiili puun jyvitys"},"content":{"rendered":"<h2>Tuotteiden tiedot<\/h2>\n<table class=\"custom-table\">\n<tr>\n<td class=\"label\">Malli NO.:<\/td>\n<td>6000-sarja<\/td>\n<\/tr>\n<tr>\n<td class=\"label\">Pintak\u00e4sittely:<\/td>\n<td>Wood Grain, r\u00e4\u00e4t\u00e4l\u00f6ity<\/td>\n<\/tr>\n<tr>\n<td class=\"label\">Seosaine:<\/td>\n<td>6063<\/td>\n<\/tr>\n<tr>\n<td class=\"label\">Sertifiointi:<\/td>\n<td>CE, SONCAP, ISO, CIQ, ROHS, TUV,SGS<\/td>\n<\/tr>\n<tr>\n<td class=\"label\">Kiillotettu alumiini Profiili:<\/td>\n<td>Mekaaninen kiillotus<\/td>\n<\/tr>\n<tr>\n<td class=\"label\">Materiaali:<\/td>\n<td>6063-T5, 6061-T6, 6463-T5, 7075-T6, 6082<\/td>\n<\/tr>\n<tr>\n<td class=\"label\">Pintak\u00e4sittely:<\/td>\n<td>Elektroforeesi<\/td>\n<\/tr>\n<tr>\n<td class=\"label\">Syv\u00e4 prosessi:<\/td>\n<td>CNC, poraus, kierteitys, rei'itys, leikkaus, taivutus<\/td>\n<\/tr>\n<tr>\n<td class=\"label\">V\u00e4ri:<\/td>\n<td>puunjyv\u00e4 (eri v\u00e4rej\u00e4 on saatavilla)<\/td>\n<\/tr>\n<tr>\n<td class=\"label\">Takuu:<\/td>\n<td>10-20vuotta<\/td>\n<\/tr>\n<tr>\n<td class=\"label\">Tuote:<\/td>\n<td>Elektroforeesi Alumiiniprofiili puun jyvitys<\/td>\n<\/tr>\n<tr>\n<td class=\"label\">Lastaussatama:<\/td>\n<td>Foshan, Guangdong, Kiina<\/td>\n<\/tr>\n<tr>\n<td class=\"label\">Maksu:<\/td>\n<td>T \/ T 30% talletus, saldo ennen toimitusta<\/td>\n<\/tr>\n<tr>\n<td class=\"label\">Alkuper\u00e4:<\/td>\n<td>Kiina<\/td>\n<\/tr>\n<tr>\n<td class=\"label\">HS-koodi:<\/td>\n<td>7604210000<\/td>\n<\/tr>\n<\/table>\n<h2>Tuotantopohjamme<\/h2>\n<h3>Tehtaan panoraama<\/h3>\n<p><img decoding=\"async\" src=\"\/wp-content\/uploads\/factory-01.webp\"\/><\/p>\n<h3>Alumiini Bar Manufacturing Workshop<\/h3>\n<p><img decoding=\"async\" src=\"\/wp-content\/uploads\/factory-02.webp\"\/><\/p>\n<p><img decoding=\"async\" src=\"\/wp-content\/uploads\/factory-03.webp\"\/><\/p>\n<h3>Muotin varastointi Varasto<\/h3>\n<p><img decoding=\"async\" src=\"\/wp-content\/uploads\/factory-04.webp\"\/><\/p>\n<h3>43 alumiinin ekstruusiolinjat (500-5500 tonnia)<\/h3>\n<p><img decoding=\"async\" src=\"\/wp-content\/uploads\/factory-05.webp\"\/><\/p>\n<p><img decoding=\"async\" src=\"\/wp-content\/uploads\/factory-06.webp\"\/><\/p>\n<p><img decoding=\"async\" src=\"\/wp-content\/uploads\/factory-07.webp\"\/><\/p>\n<h3>Jauhemaalaus ty\u00f6paja<\/h3>\n<p><img decoding=\"async\" src=\"\/wp-content\/uploads\/factory-09.webp\"\/><\/p>\n<h3>Anodisointi ty\u00f6paja<\/h3>\n<p><img decoding=\"async\" src=\"\/wp-content\/uploads\/factory-10.webp\"\/><\/p>\n<h3>Syv\u00e4k\u00e4sittelyn ty\u00f6paja<\/h3>\n<p><img decoding=\"async\" src=\"\/wp-content\/uploads\/factory-11.webp\"\/><\/p>\n<h3>CNC-tarkkuuskoneistus ty\u00f6paja<\/h3>\n<p><img decoding=\"async\" src=\"\/wp-content\/uploads\/factory-11.5.webp\"\/><\/p>\n<h3>Valmiiden tuotteiden ja vientivarasto<\/h3>\n<p><img decoding=\"async\" src=\"\/wp-content\/uploads\/factory-12.webp\"\/><\/p>\n<p><img decoding=\"async\" src=\"\/wp-content\/uploads\/factory-13.webp\"\/><\/p>\n<p><img decoding=\"async\" src=\"\/wp-content\/uploads\/factory-14.webp\"\/><\/p>\n<h2>FAQ<\/h2>\n<p><p><b>1.Mik\u00e4 on elektroforeesi alumiiniprofiilin puunjyv\u00e4?<\/b><\/p>\n<p>Se on alumiinipuristepuristetta, joka on k\u00e4sitelty elektroforeettisella pinnoitteella, joka j\u00e4ljittelee luonnollisen puun jyv\u00e4n ulkon\u00e4k\u00f6\u00e4 ja tarjoaa samalla alumiinin kest\u00e4vyyden.<br \/>\n<\/p><br \/>\n<br \/>\n<p><b>2.Mitk\u00e4 ovat elektroforeesin t\u00e4rkeimm\u00e4t edut alumiiniprofiilin puunjyv\u00e4st\u00e4?<\/b><\/p>\n<p>N\u00e4iss\u00e4 profiileissa yhdistyv\u00e4t alumiinin korroosionkest\u00e4vyys ja lujuus sek\u00e4 realistinen puunrakeinen viimeistely, mik\u00e4 tarjoaa esteettist\u00e4 vetovoimaa ja pitk\u00e4kestoista suorituskyky\u00e4.<br \/>\n<\/p><br \/>\n<br \/>\n<p><b>3.Miksi valita elektroforeesipinnoite puukuvioisille alumiiniprofiileille?<\/b><\/p>\n<p>Elektroforeesipinnoite takaa tasaisen peitt\u00e4vyyden, vahvan tartunnan ja erinomaisen suojan haalistumista, kuoriutumista ja korroosiota vastaan verrattuna perinteisiin puupinnoitteisiin.<br \/>\n<\/p><br \/>\n<br \/>\n<p><b>4.Can elektroforeesi alumiiniprofiilit puunjyv\u00e4 voidaan r\u00e4\u00e4t\u00e4l\u00f6id\u00e4?<\/b><\/p>\n<p>Kyll\u00e4, ne voidaan r\u00e4\u00e4t\u00e4l\u00f6id\u00e4 koon, muodon, v\u00e4rin voimakkuuden ja raekuvion osalta erityisten suunnittelu- ja arkkitehtonisten vaatimusten mukaisesti.<br \/>\n<\/p><br \/>\n<br \/>\n<p><b>5.Miten puunsuikaleiden viimeistely parantaa alumiiniprofiileja?<\/b><\/p>\n<p>Pintak\u00e4sittely lis\u00e4\u00e4 puun luonnollista, l\u00e4mmint\u00e4 ulkon\u00e4k\u00f6\u00e4 s\u00e4ilytt\u00e4en alumiinin keveyden, ruostumattomuuden ja v\u00e4h\u00e4isen huollon edut.<br \/>\n<\/p><br \/>\n<br \/>\n<p><b>6.Ovatko elektroforeesin alumiiniprofiilin puunjyv\u00e4 tuotteet soveltuvat ulkok\u00e4ytt\u00f6\u00f6n?<\/b><\/p>\n<p>Kyll\u00e4, ne kest\u00e4v\u00e4t hyvin UV-s\u00e4teit\u00e4, kosteutta ja s\u00e4\u00e4olosuhteita, joten ne sopivat erinomaisesti arkkitehtonisiin ja koristeellisiin ulkosovelluksiin.<br \/>\n<\/p><br \/>\n<br \/>\n<p><b>7.Mitk\u00e4 teollisuudenalat k\u00e4ytt\u00e4v\u00e4t yleisesti elektroforeesia alumiiniprofiilin puunjyv\u00e4?<\/b><\/p>\n<p>Rakennus-, huonekalu-, sisustus- ja julkisivuteollisuus k\u00e4ytt\u00e4\u00e4 n\u00e4it\u00e4 profiileja, joissa kest\u00e4vyys yhdistyy tyylikk\u00e4\u00e4seen puun estetiikkaan.<br \/>\n<\/p><br \/>\n<br \/>\n<p><b>8.Miten elektroforeesi alumiiniprofiilin puunjyv\u00e4 tukee kest\u00e4v\u00e4\u00e4 suunnittelua?<\/b><\/p>\n<p>Alumiini on 100%-kierr\u00e4tett\u00e4v\u00e4\u00e4, ja elektroforeettinen pinnoitusprosessi on ymp\u00e4rist\u00f6yst\u00e4v\u00e4llinen ja tarjoaa kest\u00e4v\u00e4n vaihtoehdon luonnonpuulle.<br \/>\n<\/p><br \/><\/p>","protected":false},"featured_media":6519,"template":"","categories":[62],"class_list":["post-6520","product","type-product","status-publish","has-post-thumbnail","hentry","category-electrophoresis-aluminum-profile"],"meta_box":{"hilight_text_group":{"product_hilight_text":"<li>Electrophoresis coating provides durable corrosion and wear resistance<\/li>\r\r\n<li>Realistic wood grain finish adds natural aesthetic to aluminum profiles<\/li>\r\r\n<li>Lightweight yet strong, suitable for architectural and decorative use<\/li>\r\r\n<li>High-precision extrusion ensures consistent dimensions and quality<\/li>\r\r\n<li>Supports custom sizes, colors, and bulk orders for large projects<\/li>","product_chanpin_blog":"<ul>\r\r\n<li><a href=\"https:\/\/sinoextrud.com\/t-slot-v-slot-differences\/\" target=\"_blank\">t slot vs v slot<\/a><\/li>\r\r\n<li><a href=\"https:\/\/sinoextrud.com\/what-is-4040-aluminium-extrud\/\" target=\"_blank\">4040 aluminium extrusion<\/a><\/li>\r\r\n<li><a href=\"https:\/\/sinoextrud.com\/what-is-4040-aluminium-extrud\/\" target=\"_blank\">aluminum extrusions for industrial racks<\/a><\/li>\r\r\n<li><a href=\"https:\/\/sinoextrud.com\/powder-coating-aluminium-process\/\" target=\"_blank\">powder coating aluminium<\/a><\/li>\r\r\n<li><a href=\"https:\/\/sinoextrud.com\/what-is-an-aluminium-strip-ceiling\/\" target=\"_blank\">aluminium strip ceiling<\/a><\/li>\r\r\n<li><a href=\"https:\/\/sinoextrud.com\/what-is-a-heat-sink\/\" target=\"_blank\">what is a heat sink<\/a><\/li>\r\r\n<\/ul>","product_chanpin_chanpin":"<li><a href=\"https:\/\/sinoextrud.com\/product\/electrophoretic-grain-square-tube-rosewood\/\" target=\"_blank\">Electrophoretic Grain Square Tube Rosewood<\/a><\/li>\r\n<li><a href=\"https:\/\/sinoextrud.com\/product\/electrophoresis-surface-aluminum-profiles\/\" target=\"_blank\">Electrophoresis Surface Aluminum Profiles<\/a><\/li>\r\n<li><a href=\"https:\/\/sinoextrud.com\/product\/golden-electrophoresis-aluminum-profile\/\" target=\"_blank\">Golden Electrophoresis Aluminum Profile<\/a><\/li>\r\n<li><a href=\"https:\/\/sinoextrud.com\/product\/aluminum-profile-with-pvdf-coating\/\" target=\"_blank\">Aluminum Profile With PVDF Coating<\/a><\/li>\r\n<li><a href=\"https:\/\/sinoextrud.com\/product\/electrophoresis-aluminum-profile-wood-grain\/\" target=\"_blank\">Electrophoresis Aluminum Profile Wood Grain<\/a><\/li>\r\n<li><a href=\"https:\/\/sinoextrud.com\/product\/elictrophoresis-matte-gold-aluminium-profile-cad\/\" target=\"_blank\">Elictrophoresis matte gold aluminium profile cad download section price per ton extrusions for windows and doors construction<\/a><\/li>\r\n<li><a href=\"https:\/\/sinoextrud.com\/product\/electrophoretic-wood-surface-aluminum-square-pipe\/\" target=\"_blank\">Electrophoretic wood surface-aluminum Square Pipe<\/a><\/li>\r\n<li><a href=\"https:\/\/sinoextrud.com\/product\/aluminum-square-tube-in-wooden-grain\/\" target=\"_blank\">Aluminum Square Tube In Wooden Grain<\/a><\/li>\r\n<li><a href=\"https:\/\/sinoextrud.com\/product\/alu-squ-tube-in-wood-grain-painting\/\" target=\"_blank\">Alu squ tube In Wood Grain Painting<\/a><\/li>\r\n<li><a href=\"https:\/\/sinoextrud.com\/product\/the-hexagonal-type-ceiling-system\/\" target=\"_blank\">The Hexagonal Type Ceiling System (Hexagonal Ceiling)<\/a><\/li>\r\n<li><a href=\"https:\/\/sinoextrud.com\/product\/aluminum-extrusion-aluminum-cladding-profile-wood-look-grain-aluminum-panels\/\" target=\"_blank\">Aluminum Extrusion Aluminum Cladding Profile Wood Look Grain Aluminum Panels<\/a><\/li>"},"feature_list":[]},"_links":{"self":[{"href":"https:\/\/sinoextrud.com\/fi\/wp-json\/wp\/v2\/product\/6520","targetHints":{"allow":["GET"]}}],"collection":[{"href":"https:\/\/sinoextrud.com\/fi\/wp-json\/wp\/v2\/product"}],"about":[{"href":"https:\/\/sinoextrud.com\/fi\/wp-json\/wp\/v2\/types\/product"}],"wp:featuredmedia":[{"embeddable":true,"href":"https:\/\/sinoextrud.com\/fi\/wp-json\/wp\/v2\/media\/6519"}],"wp:attachment":[{"href":"https:\/\/sinoextrud.com\/fi\/wp-json\/wp\/v2\/media?parent=6520"}],"wp:term":[{"taxonomy":"category","embeddable":true,"href":"https:\/\/sinoextrud.com\/fi\/wp-json\/wp\/v2\/categories?post=6520"}],"curies":[{"name":"wp","href":"https:\/\/api.w.org\/{rel}","templated":true}]}}