{"id":6518,"date":"2025-05-29T06:35:55","date_gmt":"2025-05-29T06:35:55","guid":{"rendered":"https:\/\/sinoextrud.com\/product\/aluminum-profile-with-pvdf-coating\/"},"modified":"2025-06-24T06:11:04","modified_gmt":"2025-06-24T06:11:04","slug":"alumiiniprofiili-pvdf-pinnoitteella","status":"publish","type":"product","link":"https:\/\/sinoextrud.com\/fi\/product\/aluminum-profile-with-pvdf-coating\/","title":{"rendered":"Alumiiniprofiili PVDF-pinnoitteella"},"content":{"rendered":"<h2>Tuotteiden tiedot<\/h2>\n<table class=\"custom-table\">\n<tr>\n<td class=\"label\">Tekniset tiedot<\/td>\n<td>Alumiiniprofiili PVDF-pinnoitteella<\/td>\n<\/tr>\n<tr>\n<td class=\"label\">Yleinen alumiiniseos<\/td>\n<td>6063,6061,6060,6005,6082<\/td>\n<\/tr>\n<tr>\n<td class=\"label\">Erikoisalumiiniseos<\/td>\n<td>6063A,6061F,5050,5052<\/td>\n<\/tr>\n<tr>\n<td class=\"label\">Pintak\u00e4sittely<\/td>\n<td>Power coating\uff0cWhite, Musta, Ruskea, Punainen, Vihre\u00e4 ja kaikki muut v\u00e4rit, voi tehd\u00e4 v\u00e4rin\u00e4ytteen asiakkaan vaatimuksen mukaan.<\/td>\n<\/tr>\n<tr>\n<td class=\"label\">Anodisointi<\/td>\n<td>Hopea, ruskea, samppanja, musta, kulta jne., joissa on mikro 8-25.<br \/>Elektroforeesi ja puujyv\u00e4<\/td>\n<\/tr>\n<tr>\n<td class=\"label\">MOQ<\/td>\n<td>200KGS<\/td>\n<\/tr>\n<tr>\n<td class=\"label\">Paketti<\/td>\n<td>kutistepakkaus, muovipussi, voimapaperi, paperik\u00e4\u00e4re.Puinen kuormalava lis\u00e4maksusta jne.<\/td>\n<\/tr>\n<tr>\n<td class=\"label\">Maksu<\/td>\n<td>T\/T, L\/C, 30% ennakkomaksu<\/td>\n<\/tr>\n<tr>\n<td class=\"label\">Toimitus<\/td>\n<td>15-25 p\u00e4iv\u00e4\u00e4<\/td>\n<\/tr>\n<\/table>\n<h2>Tuotantopohjamme<\/h2>\n<h3>Tehtaan panoraama<\/h3>\n<p><img decoding=\"async\" src=\"\/wp-content\/uploads\/factory-01.webp\"\/><\/p>\n<h3>Alumiini Bar Manufacturing Workshop<\/h3>\n<p><img decoding=\"async\" src=\"\/wp-content\/uploads\/factory-02.webp\"\/><\/p>\n<\/p>\n<p><img decoding=\"async\" src=\"\/wp-content\/uploads\/factory-03.webp\"\/><\/p>\n<h3>Muotin varastointi Varasto<\/h3>\n<p><img decoding=\"async\" src=\"\/wp-content\/uploads\/factory-04.webp\"\/><\/p>\n<h3>43 Alumiini ekstruusiolinjat (500\u00e2 5500 tonnia)<\/h3>\n<p><img decoding=\"async\" src=\"\/wp-content\/uploads\/factory-05.webp\"\/><\/p>\n<p><img decoding=\"async\" src=\"\/wp-content\/uploads\/factory-06.webp\"\/><\/p>\n<p><img decoding=\"async\" src=\"\/wp-content\/uploads\/factory-07.webp\"\/><\/p>\n<h3>Jauhemaalaus ty\u00f6paja<\/h3>\n<p><img decoding=\"async\" src=\"\/wp-content\/uploads\/factory-09.webp\"\/><\/p>\n<h3>Anodisointi ty\u00f6paja<\/h3>\n<p><img decoding=\"async\" src=\"\/wp-content\/uploads\/factory-10.webp\"\/><\/p>\n<h3>Syv\u00e4k\u00e4sittelyn ty\u00f6paja<\/h3>\n<p><img decoding=\"async\" src=\"\/wp-content\/uploads\/factory-11.webp\"\/><\/p>\n<h3>CNC-tarkkuuskoneistus ty\u00f6paja<\/h3>\n<p><img decoding=\"async\" src=\"\/wp-content\/uploads\/factory-11.5.webp\"\/><\/p>\n<h3>Valmiiden tuotteiden ja vientivarasto<\/h3>\n<p><img decoding=\"async\" src=\"\/wp-content\/uploads\/factory-12.webp\"\/><\/p>\n<p><img decoding=\"async\" src=\"\/wp-content\/uploads\/factory-13.webp\"\/><\/p>\n<p><img decoding=\"async\" src=\"\/wp-content\/uploads\/factory-14.webp\"\/><\/p>\n<h2>FAQ<\/h2>\n<p><b>1.Mik\u00e4 on alumiiniprofiili, jossa on PVDF-pinnoite?<\/b><\/p>\n<p>Alumiiniprofiili, jossa on PVDF-pinnoite, on alumiiniprofiili, joka on k\u00e4sitelty polyvinyylideenifluoridipinnoitteella, joka tarjoaa erinomaisen s\u00e4\u00e4nkest\u00e4vyyden ja esteettisen kest\u00e4vyyden.\n<\/p>\n<p><\/p>\n<p><b>2.Mitk\u00e4 ovat PVDF-pinnoitteella varustettujen alumiiniprofiilien t\u00e4rkeimm\u00e4t edut?<\/b><\/p>\n<p>Ne tarjoavat erinomaisen UV-kest\u00e4vyyden, korroosiosuojauksen, v\u00e4rin s\u00e4ilymisen ja sile\u00e4n, kest\u00e4v\u00e4n pinnan, joka soveltuu vaativiin ulkoymp\u00e4rist\u00f6ihin.\n<\/p>\n<p><\/p>\n<p><b>3.Miksi valita PVDF-pinnoite muiden alumiiniprofiilien viimeistelyjen sijaan?<\/b><\/p>\n<p>PVDF-pinnoite tarjoaa paremman kemiallisen kest\u00e4vyyden, s\u00e4\u00e4nkest\u00e4vyyden ja pitk\u00e4aikaisemman v\u00e4rin pysyvyyden kuin jauhemaalaus ja anodisointi.\n<\/p>\n<p><\/p>\n<p><b>4.Can alumiiniprofiilit PVDF-pinnoitteella voidaan r\u00e4\u00e4t\u00e4l\u00f6id\u00e4?<\/b><\/p>\n<p>Kyll\u00e4, ne voidaan r\u00e4\u00e4t\u00e4l\u00f6id\u00e4 muodoltaan, kooltaan, seoslaadultaan ja pinnoitteen v\u00e4rilt\u00e4\u00e4n arkkitehtonisten ja teollisten erityisvaatimusten mukaisiksi.\n<\/p>\n<p><\/p>\n<p><b>5.Miten PVDF-pinnoite parantaa alumiiniprofiilin suorituskyky\u00e4?<\/b><\/p>\n<p>PVDF muodostaa sitke\u00e4n, joustavan kalvon, joka kest\u00e4\u00e4 liitua, haalistumista, halkeilua ja kuoriutumista, mik\u00e4 takaa pitk\u00e4aikaisen suojan ja visuaalisen ilmeen.\n<\/p>\n<p><\/p>\n<p><b>6.Soveltuvatko PVDF-pinnoitteella varustetut alumiiniprofiilit ulkok\u00e4ytt\u00f6\u00f6n?<\/b><\/p>\n<p>Kyll\u00e4, PVDF-pinnoitetut alumiiniprofiilit ovat erinomaisia ulkotiloissa, koska ne kest\u00e4v\u00e4t UV-s\u00e4teit\u00e4, kosteutta, ep\u00e4puhtauksia ja l\u00e4mp\u00f6tilan vaihteluita.\n<\/p>\n<p><\/p>\n<p><b>7.Mitk\u00e4 teollisuudenalat k\u00e4ytt\u00e4v\u00e4t yleisesti alumiiniprofiileja, joissa on PVDF-pinnoite?<\/b><\/p>\n<p>Rakennus-, auto-, opaste- ja ilmailuteollisuus k\u00e4ytt\u00e4v\u00e4t n\u00e4it\u00e4 profiileja niiden kest\u00e4vyyden, korroosionkest\u00e4vyyden ja esteettisten ominaisuuksien vuoksi.\n<\/p>\n<p><\/p>\n<p><b>8.Miten PVDF-pinnoitteella varustettujen alumiiniprofiilien k\u00e4ytt\u00f6 tukee kest\u00e4v\u00e4\u00e4 rakentamista?<\/b><\/p>\n<p>Alumiini on t\u00e4ysin kierr\u00e4tett\u00e4viss\u00e4, ja PVDF-pinnoitteilla on v\u00e4h\u00e4iset ymp\u00e4rist\u00f6vaikutukset ja pitk\u00e4 k\u00e4ytt\u00f6ik\u00e4, mik\u00e4 v\u00e4hent\u00e4\u00e4 huolto- ja vaihtotarvetta.\n<\/p>\n<p><\/p>","protected":false},"featured_media":6517,"template":"","categories":[62],"class_list":["post-6518","product","type-product","status-publish","has-post-thumbnail","hentry","category-electrophoresis-aluminum-profile"],"meta_box":{"hilight_text_group":{"product_hilight_text":"<li>PVDF coating offers exceptional weather and UV resistance<\/li>\r\r\n<li>Maintains vibrant color and finish for extended outdoor durability<\/li>\r\r\n<li>High-quality aluminum profile with precise extrusion standards<\/li>\r\r\n<li>Ideal for architectural facades, windows, and decorative applications<\/li>\r\r\n<li>Supports custom profiles, colors, and bulk manufacturing orders<\/li>","product_chanpin_blog":"<ul>\r\r\n<li><a href=\"https:\/\/sinoextrud.com\/t-slot-v-slot-differences\/\" target=\"_blank\">t slot vs v slot<\/a><\/li>\r\r\n<li><a href=\"https:\/\/sinoextrud.com\/what-is-4040-aluminium-extrud\/\" target=\"_blank\">4040 aluminium extrusion<\/a><\/li>\r\r\n<li><a href=\"https:\/\/sinoextrud.com\/what-is-4040-aluminium-extrud\/\" target=\"_blank\">aluminum extrusions for industrial racks<\/a><\/li>\r\r\n<li><a href=\"https:\/\/sinoextrud.com\/powder-coating-aluminium-process\/\" target=\"_blank\">powder coating aluminium<\/a><\/li>\r\r\n<li><a href=\"https:\/\/sinoextrud.com\/what-is-an-aluminium-strip-ceiling\/\" target=\"_blank\">aluminium strip ceiling<\/a><\/li>\r\r\n<li><a href=\"https:\/\/sinoextrud.com\/what-is-a-heat-sink\/\" target=\"_blank\">what is a heat sink<\/a><\/li>\r\r\n<\/ul>","product_chanpin_chanpin":"<li><a href=\"https:\/\/sinoextrud.com\/product\/extrusion-aluminum-profile-for-powder-coating-window-and-door-alloy-6063\/\" target=\"_blank\">Extrusion Aluminum Profile For Powder Coating Window and Door Alloy 6063<\/a><\/li>\r\n<li><a href=\"https:\/\/sinoextrud.com\/product\/electrophoretic-grain-square-tube-rosewood\/\" target=\"_blank\">Electrophoretic Grain Square Tube Rosewood<\/a><\/li>\r\n<li><a href=\"https:\/\/sinoextrud.com\/product\/electrophoresis-surface-aluminum-profiles\/\" target=\"_blank\">Electrophoresis Surface Aluminum Profiles<\/a><\/li>\r\n<li><a href=\"https:\/\/sinoextrud.com\/product\/golden-electrophoresis-aluminum-profile\/\" target=\"_blank\">Golden Electrophoresis Aluminum Profile<\/a><\/li>\r\n<li><a href=\"https:\/\/sinoextrud.com\/product\/aluminum-profile-with-pvdf-coating\/\" target=\"_blank\">Aluminum Profile With PVDF Coating<\/a><\/li>\r\n<li><a href=\"https:\/\/sinoextrud.com\/product\/electrophoresis-aluminum-profile-wood-grain\/\" target=\"_blank\">Electrophoresis Aluminum Profile Wood Grain<\/a><\/li>\r\n<li><a href=\"https:\/\/sinoextrud.com\/product\/elictrophoresis-matte-gold-aluminium-profile-cad\/\" target=\"_blank\">Elictrophoresis matte gold aluminium profile cad download section price per ton extrusions for windows and doors construction<\/a><\/li>\r\n<li><a href=\"https:\/\/sinoextrud.com\/product\/electrophoretic-wood-surface-aluminum-square-pipe\/\" target=\"_blank\">Electrophoretic wood surface-aluminum Square Pipe<\/a><\/li>\r\n<li><a href=\"https:\/\/sinoextrud.com\/product\/aluminum-square-tube-in-wooden-grain\/\" target=\"_blank\">Aluminum Square Tube In Wooden Grain<\/a><\/li>\r\n<li><a href=\"https:\/\/sinoextrud.com\/product\/aluminium-profile-for-clean-room\/\" target=\"_blank\">Aluminium Profile For Clean Room<\/a><\/li>\r\n<li><a href=\"https:\/\/sinoextrud.com\/product\/cnc-industrial-aluminum-profiler\/\" target=\"_blank\">CNC Industrial Aluminum Profiler<\/a><\/li>"},"feature_list":[]},"_links":{"self":[{"href":"https:\/\/sinoextrud.com\/fi\/wp-json\/wp\/v2\/product\/6518","targetHints":{"allow":["GET"]}}],"collection":[{"href":"https:\/\/sinoextrud.com\/fi\/wp-json\/wp\/v2\/product"}],"about":[{"href":"https:\/\/sinoextrud.com\/fi\/wp-json\/wp\/v2\/types\/product"}],"wp:featuredmedia":[{"embeddable":true,"href":"https:\/\/sinoextrud.com\/fi\/wp-json\/wp\/v2\/media\/6517"}],"wp:attachment":[{"href":"https:\/\/sinoextrud.com\/fi\/wp-json\/wp\/v2\/media?parent=6518"}],"wp:term":[{"taxonomy":"category","embeddable":true,"href":"https:\/\/sinoextrud.com\/fi\/wp-json\/wp\/v2\/categories?post=6518"}],"curies":[{"name":"wp","href":"https:\/\/api.w.org\/{rel}","templated":true}]}}