{"id":6516,"date":"2025-05-29T06:28:30","date_gmt":"2025-05-29T06:28:30","guid":{"rendered":"https:\/\/sinoextrud.com\/product\/golden-electrophoresis-aluminum-profile\/"},"modified":"2025-06-24T06:11:04","modified_gmt":"2025-06-24T06:11:04","slug":"kultainen-elektroforeesi-alumiiniprofiili","status":"publish","type":"product","link":"https:\/\/sinoextrud.com\/fi\/product\/golden-electrophoresis-aluminum-profile\/","title":{"rendered":"Kultainen elektroforeesi alumiiniprofiili"},"content":{"rendered":"<h2>Tuotteiden tiedot<\/h2>\n<table class=\"custom-table\">\n<tr>\n<td class=\"label\">Kohde<\/td>\n<td>Kultainen elektroforeesi alumiiniprofiili<\/td>\n<\/tr>\n<tr>\n<td class=\"label\">Materiaali<\/td>\n<td>6000-sarjan alumiini<\/td>\n<\/tr>\n<tr>\n<td class=\"label\">Temper<\/td>\n<td>T4, T5, T6<\/td>\n<\/tr>\n<tr>\n<td class=\"label\">Koko \/ paksuus<\/td>\n<td>Yleiset profiilit paksuus: 0.8-5.0mm, pituus: 3m-6m;<br \/>Anodisointisuojakalvon paksuus: 8 ~ 25 um, jauhemaalaus: 40 ~ 120 um.<\/td>\n<\/tr>\n<tr>\n<td class=\"label\">Muoto<\/td>\n<td>r\u00e4\u00e4t\u00e4l\u00f6ity<\/td>\n<\/tr>\n<tr>\n<td class=\"label\">Hakemus<\/td>\n<td>Huonekaluissa, ikkunoissa ja ovissa, koristeissa, teollisuudessa, rakentamisessa ja niin edelleen.<\/td>\n<\/tr>\n<tr>\n<td class=\"label\">Pintak\u00e4sittely<\/td>\n<td>Mylly, jauhemaalaus, anodisoitu, PVDF, puunjyv\u00e4, kiillotettu, harjattu jne.<\/td>\n<\/tr>\n<tr>\n<td class=\"label\">V\u00e4rit<\/td>\n<td>Ref jauhemaalaus v\u00e4ri arkki ja r\u00e4\u00e4t\u00e4l\u00f6ity v\u00e4ri saatavilla<\/td>\n<\/tr>\n<tr>\n<td class=\"label\">Syv\u00e4 prosessi<\/td>\n<td>CNC, poraus, jyrsint\u00e4, leikkaus, hitsaus, taivutus, kokoonpano<\/td>\n<\/tr>\n<tr>\n<td class=\"label\">MOQ<\/td>\n<td>200 kg kutakin tuotetta kohti<\/td>\n<\/tr>\n<tr>\n<td class=\"label\">PackingDetails<\/td>\n<td>(1) Sis\u00e4ll\u00e4: pakattu muovisella suojakalvolla, joka suojaa jokaista kappaletta.<\/td>\n<\/tr>\n<tr>\n<td class=\"label\"><\/td>\n<td>(2) Ulkopuolella: K\u00e4\u00e4ri niput vedenpit\u00e4v\u00e4ll\u00e4 k\u00e4sity\u00f6paperilla.<\/td>\n<\/tr>\n<tr>\n<td class=\"label\">Toimitusaika<\/td>\n<td>(1) DieDevelopingandSampletesting: 12-18 p\u00e4iv\u00e4\u00e4.<\/td>\n<\/tr>\n<tr>\n<td class=\"label\"><\/td>\n<td>(2) Massatuotanto valmis: 20-30 p\u00e4iv\u00e4\u00e4 sen j\u00e4lkeen, kun ostaja on vahvistanut n\u00e4ytteen.<\/td>\n<\/tr>\n<tr>\n<td class=\"label\">FOB-satama<\/td>\n<td>FOB SHENZHEN \/ GUANGZHOU \/ FOSHAN<\/td>\n<\/tr>\n<tr>\n<td class=\"label\">maksuehdot<\/td>\n<td>T \/ T 30% talletus, saldo ennen toimitusta.<\/td>\n<\/tr>\n<tr>\n<td class=\"label\">selvitysaika<\/td>\n<td>Maksu lopullisen todellisen painon tai teoreettisen painon mukaan.<\/td>\n<\/tr>\n<tr>\n<td class=\"label\">tuotantokapasiteetti<\/td>\n<td>5000 tonnia kuukaudessa, 60000 tonnia vuodessa.<\/td>\n<\/tr>\n<tr>\n<td class=\"label\">Todistus ja standardi<\/td>\n<td>CQM, SGS, CE, BV, SONCAP \/ GB, ISO, JIS, AS, NZS, QUALICOAT, QUOLANOD saatavana.<\/td>\n<\/tr>\n<\/table>\n<h2>Tuotantopohjamme<\/h2>\n<h3>Tehtaan panoraama<\/h3>\n<p><img decoding=\"async\" src=\"\/wp-content\/uploads\/factory-01.webp\"\/><\/p>\n<h3>Alumiini Bar Manufacturing Workshop<\/h3>\n<p><img decoding=\"async\" src=\"\/wp-content\/uploads\/factory-02.webp\"\/><\/p>\n<\/p>\n<p><img decoding=\"async\" src=\"\/wp-content\/uploads\/factory-03.webp\"\/><\/p>\n<h3>Muotin varastointi Varasto<\/h3>\n<p><img decoding=\"async\" src=\"\/wp-content\/uploads\/factory-04.webp\"\/><\/p>\n<h3>43 Alumiini ekstruusiolinjat (500\u00e2 5500 tonnia)<\/h3>\n<p><img decoding=\"async\" src=\"\/wp-content\/uploads\/factory-05.webp\"\/><\/p>\n<p><img decoding=\"async\" src=\"\/wp-content\/uploads\/factory-06.webp\"\/><\/p>\n<p><img decoding=\"async\" src=\"\/wp-content\/uploads\/factory-07.webp\"\/><\/p>\n<h3>Jauhemaalaus ty\u00f6paja<\/h3>\n<p><img decoding=\"async\" src=\"\/wp-content\/uploads\/factory-09.webp\"\/><\/p>\n<h3>Anodisointi ty\u00f6paja<\/h3>\n<p><img decoding=\"async\" src=\"\/wp-content\/uploads\/factory-10.webp\"\/><\/p>\n<h3>Syv\u00e4k\u00e4sittelyn ty\u00f6paja<\/h3>\n<p><img decoding=\"async\" src=\"\/wp-content\/uploads\/factory-11.webp\"\/><\/p>\n<h3>CNC-tarkkuuskoneistus ty\u00f6paja<\/h3>\n<p><img decoding=\"async\" src=\"\/wp-content\/uploads\/factory-11.5.webp\"\/><\/p>\n<h3>Valmiiden tuotteiden ja vientivarasto<\/h3>\n<p><img decoding=\"async\" src=\"\/wp-content\/uploads\/factory-12.webp\"\/><\/p>\n<p><img decoding=\"async\" src=\"\/wp-content\/uploads\/factory-13.webp\"\/><\/p>\n<p><img decoding=\"async\" src=\"\/wp-content\/uploads\/factory-14.webp\"\/><\/p>\n<h2>FAQ<\/h2>\n<p><b>1.Mik\u00e4 on kultainen elektroforeesin alumiiniprofiili?<\/b><\/p>\n<p>Kultainen elektroforeesialumiiniprofiili on alumiiniprofiili, joka on p\u00e4\u00e4llystetty kullanv\u00e4risell\u00e4 elektroforeesipinnoitteella, joka tarjoaa parannetun korroosionkest\u00e4vyyden ja ylellisen ulkon\u00e4\u00f6n.\n<\/p>\n<p><\/p>\n<p><b>2.Mitk\u00e4 ovat kultaisen elektroforeesin alumiiniprofiilien t\u00e4rkeimm\u00e4t edut?<\/b><\/p>\n<p>Ne tarjoavat erinomaisen korroosionkest\u00e4vyyden, tasaisen pinnoitteen, vahvan tartunnan, UV-suojan ja houkuttelevan kultaisen pinnan, joka kest\u00e4\u00e4 vuosia.\n<\/p>\n<p><\/p>\n<p><b>3.Miksi valita elektroforeesipinnoite alumiiniprofiileille?<\/b><\/p>\n<p>Elektroforeesipinnoite takaa tasaisen peitt\u00e4vyyden monimutkaisissa muodoissa, erinomaisen kest\u00e4vyyden ja kest\u00e4vyyden kuoriutumista ja haalistumista vastaan verrattuna perinteisiin pinnoitteisiin.\n<\/p>\n<p><\/p>\n<p><b>4.Can kultainen elektroforeesi alumiiniprofiilit voidaan r\u00e4\u00e4t\u00e4l\u00f6id\u00e4?<\/b><\/p>\n<p>Kyll\u00e4, n\u00e4it\u00e4 profiileja voidaan r\u00e4\u00e4t\u00e4l\u00f6id\u00e4 muodon, koon, metalliseostyypin ja elektroforeettisen v\u00e4rin voimakkuuden osalta erityisten suunnittelu- ja toiminnallisten vaatimusten mukaisesti.\n<\/p>\n<p><\/p>\n<p><b>5.Miten kultainen elektroforeesipinta parantaa alumiiniprofiilin suorituskyky\u00e4?<\/b><\/p>\n<p>Pinnoite muodostaa suojakerroksen, joka suojaa hapettumiselta, naarmuuntumiselta ja ymp\u00e4rist\u00f6vahingoilta s\u00e4ilytt\u00e4en samalla esteettisen houkuttelevuuden.\n<\/p>\n<p><\/p>\n<p><b>6.Soveltuvatko kultaiset elektroforeesin alumiiniprofiilit ulkok\u00e4ytt\u00f6\u00f6n?<\/b><\/p>\n<p>Kyll\u00e4, elektroforeettinen pinnoite tarjoaa erinomaisen s\u00e4\u00e4nkest\u00e4vyyden, UV-stabiilisuuden ja korroosiosuojauksen ulkok\u00e4ytt\u00f6\u00f6n.\n<\/p>\n<p><\/p>\n<p><b>7.Mitk\u00e4 teollisuudenalat k\u00e4ytt\u00e4v\u00e4t yleisesti kultaisia elektroforeesin alumiiniprofiileja?<\/b><\/p>\n<p>Arkkitehtuuri-, sisustus-, auto- ja elektroniikkateollisuudessa n\u00e4it\u00e4 profiileja k\u00e4ytet\u00e4\u00e4n niiden kest\u00e4vyyden ja tyylikk\u00e4\u00e4n kultaisen ulkon\u00e4\u00f6n yhdistelm\u00e4n vuoksi.\n<\/p>\n<p><\/p>\n<p><b>8.Miten kultainen elektroforeesin alumiiniprofiili tukee kest\u00e4v\u00e4\u00e4 valmistusta?<\/b><\/p>\n<p>Elektroforeettinen prosessi on ymp\u00e4rist\u00f6yst\u00e4v\u00e4llinen ja v\u00e4h\u00e4p\u00e4\u00e4st\u00f6inen, ja alumiini on t\u00e4ysin kierr\u00e4tett\u00e4viss\u00e4, mik\u00e4 edist\u00e4\u00e4 kest\u00e4v\u00e4\u00e4 tuotantoa ja v\u00e4hent\u00e4\u00e4 ymp\u00e4rist\u00f6vaikutuksia.\n<\/p>\n<p><\/p>","protected":false},"featured_media":6515,"template":"","categories":[62],"class_list":["post-6516","product","type-product","status-publish","has-post-thumbnail","hentry","category-electrophoresis-aluminum-profile"],"meta_box":{"hilight_text_group":{"product_hilight_text":"<li>Elegant golden electrophoresis finish enhances visual appeal and luxury<\/li>\r\r\n<li>Provides excellent corrosion resistance and surface durability<\/li>\r\r\n<li>High-quality aluminum profile with precise extrusion dimensions<\/li>\r\r\n<li>Ideal for premium architectural and decorative applications<\/li>\r\r\n<li>Supports custom sizes and bulk orders with consistent quality<\/li>","product_chanpin_blog":"<ul>\r\r\n<li><a href=\"https:\/\/sinoextrud.com\/t-slot-v-slot-differences\/\" target=\"_blank\">t slot vs v slot<\/a><\/li>\r\r\n<li><a href=\"https:\/\/sinoextrud.com\/what-is-4040-aluminium-extrud\/\" target=\"_blank\">4040 aluminium extrusion<\/a><\/li>\r\r\n<li><a href=\"https:\/\/sinoextrud.com\/what-is-4040-aluminium-extrud\/\" target=\"_blank\">aluminum extrusions for industrial racks<\/a><\/li>\r\r\n<li><a href=\"https:\/\/sinoextrud.com\/powder-coating-aluminium-process\/\" target=\"_blank\">powder coating aluminium<\/a><\/li>\r\r\n<li><a href=\"https:\/\/sinoextrud.com\/what-is-an-aluminium-strip-ceiling\/\" target=\"_blank\">aluminium strip ceiling<\/a><\/li>\r\r\n<li><a href=\"https:\/\/sinoextrud.com\/what-is-a-heat-sink\/\" target=\"_blank\">what is a heat sink<\/a><\/li>\r\r\n<\/ul>","product_chanpin_chanpin":"<li><a href=\"https:\/\/sinoextrud.com\/product\/aluminium-6063\/\" target=\"_blank\">Aluminium 6063<\/a><\/li>\r\n<li><a href=\"https:\/\/sinoextrud.com\/product\/extrusion-aluminum-profile-for-powder-coating-window-and-door-alloy-6063\/\" target=\"_blank\">Extrusion Aluminum Profile For Powder Coating Window and Door Alloy 6063<\/a><\/li>\r\n<li><a href=\"https:\/\/sinoextrud.com\/product\/electrophoretic-grain-square-tube-rosewood\/\" target=\"_blank\">Electrophoretic Grain Square Tube Rosewood<\/a><\/li>\r\n<li><a href=\"https:\/\/sinoextrud.com\/product\/electrophoresis-surface-aluminum-profiles\/\" target=\"_blank\">Electrophoresis Surface Aluminum Profiles<\/a><\/li>\r\n<li><a href=\"https:\/\/sinoextrud.com\/product\/golden-electrophoresis-aluminum-profile\/\" target=\"_blank\">Golden Electrophoresis Aluminum Profile<\/a><\/li>\r\n<li><a href=\"https:\/\/sinoextrud.com\/product\/aluminum-profile-with-pvdf-coating\/\" target=\"_blank\">Aluminum Profile With PVDF Coating<\/a><\/li>\r\n<li><a href=\"https:\/\/sinoextrud.com\/product\/electrophoresis-aluminum-profile-wood-grain\/\" target=\"_blank\">Electrophoresis Aluminum Profile Wood Grain<\/a><\/li>\r\n<li><a href=\"https:\/\/sinoextrud.com\/product\/elictrophoresis-matte-gold-aluminium-profile-cad\/\" target=\"_blank\">Elictrophoresis matte gold aluminium profile cad download section price per ton extrusions for windows and doors construction<\/a><\/li>\r\n<li><a href=\"https:\/\/sinoextrud.com\/product\/electrophoretic-wood-surface-aluminum-square-pipe\/\" target=\"_blank\">Electrophoretic wood surface-aluminum Square Pipe<\/a><\/li>\r\n<li><a href=\"https:\/\/sinoextrud.com\/product\/extrude-6000-series-aluminium-bar\/\" target=\"_blank\">Extrude 6000 Series Aluminium bar<\/a><\/li>\r\n<li><a href=\"https:\/\/sinoextrud.com\/product\/cnc-machining-aluminum-signal-plate\/\" target=\"_blank\">CNC Machining Aluminum Signal Plate<\/a><\/li>"},"feature_list":[]},"_links":{"self":[{"href":"https:\/\/sinoextrud.com\/fi\/wp-json\/wp\/v2\/product\/6516","targetHints":{"allow":["GET"]}}],"collection":[{"href":"https:\/\/sinoextrud.com\/fi\/wp-json\/wp\/v2\/product"}],"about":[{"href":"https:\/\/sinoextrud.com\/fi\/wp-json\/wp\/v2\/types\/product"}],"wp:featuredmedia":[{"embeddable":true,"href":"https:\/\/sinoextrud.com\/fi\/wp-json\/wp\/v2\/media\/6515"}],"wp:attachment":[{"href":"https:\/\/sinoextrud.com\/fi\/wp-json\/wp\/v2\/media?parent=6516"}],"wp:term":[{"taxonomy":"category","embeddable":true,"href":"https:\/\/sinoextrud.com\/fi\/wp-json\/wp\/v2\/categories?post=6516"}],"curies":[{"name":"wp","href":"https:\/\/api.w.org\/{rel}","templated":true}]}}