{"id":6510,"date":"2025-05-29T03:54:58","date_gmt":"2025-05-29T03:54:58","guid":{"rendered":"https:\/\/sinoextrud.com\/product\/extrusion-aluminum-profile-for-powder-coating-window-and-door-alloy-6063\/"},"modified":"2025-06-24T06:11:03","modified_gmt":"2025-06-24T06:11:03","slug":"suulakepuristus-alumiini-profiilin-jauhemaalaus-ikkuna-ja-ovi-metalliseos-6063","status":"publish","type":"product","link":"https:\/\/sinoextrud.com\/fi\/product\/extrusion-aluminum-profile-for-powder-coating-window-and-door-alloy-6063\/","title":{"rendered":"Puristamiseen alumiini profiili jauhemaalaus ikkuna ja ovi Alloy 6063"},"content":{"rendered":"<h2>Tuotteiden tiedot<\/h2>\n<table class=\"custom-table\">\n<tr>\n<td class=\"label\">Nimi:<\/td>\n<td>jauhemaalaus ikkuna ja ovi metalliseos, puristamiseen alumiiniprofiili jauhemaalaus ikkuna ja ovi Alloy 6063<\/td>\n<\/tr>\n<tr>\n<td class=\"label\">Materiaali:<\/td>\n<td>Seos-6063-T5, 6061-T6<\/td>\n<\/tr>\n<tr>\n<td class=\"label\">Pintak\u00e4sittely:<\/td>\n<td>Anodisointi, jauhemaalaus,<br \/>Tehdasviimeistelty,Puuviimeistelty<\/td>\n<\/tr>\n<tr>\n<td class=\"label\">V\u00e4rivaihtoehto:<\/td>\n<td>Hopea, Champage, pronssi, kultainen, musta, hiekkapinnoite, matta hopea tai r\u00e4\u00e4t\u00e4l\u00f6ityj\u00e4<\/td>\n<\/tr>\n<tr>\n<td class=\"label\">Elokuvan standardi:<\/td>\n<td>Anodisoitu: 7-23micron<br \/>Jauhemaalaus: 40-120micron<br \/>Elektroforeesikalvo :12-25mikronia<\/td>\n<\/tr>\n<tr>\n<td class=\"label\">MOQ:<\/td>\n<td>10-12Tons\/1*20\u2032, 20-23Tons\/1*40\u2032<\/td>\n<\/tr>\n<tr>\n<td class=\"label\">Pituus:<\/td>\n<td>5.8-6M tai r\u00e4\u00e4t\u00e4l\u00f6ity<\/td>\n<\/tr>\n<tr>\n<td class=\"label\">Kokoonpanot:<\/td>\n<td>Liukuikkunat\/liukuovet<br \/>Casement-ikkunat\/siipiovet<br \/>Markiisi-ikkunat.<br \/>Windowsin korjaaminen.<br \/>Taittuvat ovet<\/td>\n<\/tr>\n<\/table>\n<h2>Tuotantopohjamme<\/h2>\n<h3>Tehtaan panoraama<\/h3>\n<p><img decoding=\"async\" src=\"\/wp-content\/uploads\/factory-01.webp\"\/><\/p>\n<h3>Alumiini Bar Manufacturing Workshop<\/h3>\n<p><img decoding=\"async\" src=\"\/wp-content\/uploads\/factory-02.webp\"\/><\/p>\n<p><img decoding=\"async\" src=\"\/wp-content\/uploads\/factory-03.webp\"\/><\/p>\n<h3>Muotin varastointi Varasto<\/h3>\n<p><img decoding=\"async\" src=\"\/wp-content\/uploads\/factory-04.webp\"\/><\/p>\n<h3>43 Alumiini ekstruusiolinjat (500\u00e2 5500 tonnia)<\/h3>\n<p><img decoding=\"async\" src=\"\/wp-content\/uploads\/factory-05.webp\"\/><\/p>\n<p><img decoding=\"async\" src=\"\/wp-content\/uploads\/factory-06.webp\"\/><\/p>\n<p><img decoding=\"async\" src=\"\/wp-content\/uploads\/factory-07.webp\"\/><\/p>\n<h3>Jauhemaalaus ty\u00f6paja<\/h3>\n<p><img decoding=\"async\" src=\"\/wp-content\/uploads\/factory-09.webp\"\/><\/p>\n<h3>Anodisointi ty\u00f6paja<\/h3>\n<p><img decoding=\"async\" src=\"\/wp-content\/uploads\/factory-10.webp\"\/><\/p>\n<h3>Syv\u00e4k\u00e4sittelyn ty\u00f6paja<\/h3>\n<p><img decoding=\"async\" src=\"\/wp-content\/uploads\/factory-11.webp\"\/><\/p>\n<h3>CNC-tarkkuuskoneistus ty\u00f6paja<\/h3>\n<p><img decoding=\"async\" src=\"\/wp-content\/uploads\/factory-11.5.webp\"\/><\/p>\n<h3>Valmiiden tuotteiden ja vientivarasto<\/h3>\n<p><img decoding=\"async\" src=\"\/wp-content\/uploads\/factory-12.webp\"\/><\/p>\n<p><img decoding=\"async\" src=\"\/wp-content\/uploads\/factory-13.webp\"\/><\/p>\n<p><img decoding=\"async\" src=\"\/wp-content\/uploads\/factory-14.webp\"\/><\/p>\n<h2>FAQ<\/h2>\n<p><p><b>1.What on 6063 metalliseos alumiini puristamiseen profiileja?<\/b><\/p>\n<p>6063-seos on eritt\u00e4in luja, korroosionkest\u00e4v\u00e4 alumiinimateriaali, jota k\u00e4ytet\u00e4\u00e4n yleisesti ikkunoiden ja ovien suulakepuristusprofiileissa sen erinomaisen pintak\u00e4sittelyn ja kest\u00e4vyyden ansiosta.<br \/>\n<\/p><br \/>\n<br \/>\n<p><b>2.Miksi valita puristetut alumiiniprofiilit jauhemaalaukseen?<\/b><\/p>\n<p>Suulakepuristetut alumiiniprofiilit ovat ihanteellisia jauhemaalausaineita varten, koska ne tarjoavat sile\u00e4n ja tasaisen pinnan, joka parantaa pinnoitteen tarttuvuutta ja pitk\u00e4ik\u00e4isyytt\u00e4.<br \/>\n<\/p><br \/>\n<br \/>\n<p><b>3.Mitk\u00e4 ovat jauhemaalattujen alumiinisten ikkuna- ja ovenkarmien t\u00e4rkeimm\u00e4t edut?<\/b><\/p>\n<p>Jauhemaalattu alumiinirunko tarjoaa paremman s\u00e4\u00e4nkest\u00e4vyyden, v\u00e4rin pysyvyyden ja tyylikk\u00e4\u00e4n, modernin ulkon\u00e4\u00f6n, joka sopii arkkitehtonisiin sovelluksiin.<br \/>\n<\/p><br \/>\n<br \/>\n<p><b>4.Can 6063 alumiini profiilit voidaan r\u00e4\u00e4t\u00e4l\u00f6id\u00e4 ainutlaatuisia ikkuna- ja ovimalleja?<\/b><\/p>\n<p>Kyll\u00e4, 6063-alumiiniprofiilit voidaan suulakepuristaa mukautettuihin muotoihin ja kokoihin erityisten suunnittelu- ja projektivaatimusten t\u00e4ytt\u00e4miseksi.<br \/>\n<\/p><br \/>\n<br \/>\n<p><b>5.Miten 6063-alumiini parantaa ikkuna- ja ovij\u00e4rjestelmien suorituskyky\u00e4?<\/b><\/p>\n<p>6063-alumiini tarjoaa erinomaisen l\u00e4mm\u00f6njohtavuuden, rakenteellisen vakauden ja korroosionkest\u00e4vyyden, mik\u00e4 parantaa ikkuna- ja ovij\u00e4rjestelmien yleist\u00e4 suorituskyky\u00e4.<br \/>\n<\/p><br \/>\n<br \/>\n<p><b>6.Soveltuvatko alumiiniprofiilit sek\u00e4 asuin- ett\u00e4 kaupalliseen k\u00e4ytt\u00f6\u00f6n?<\/b><\/p>\n<p>6063-seoksesta valmistettuja alumiiniprofiileja k\u00e4ytet\u00e4\u00e4n laajalti sek\u00e4 asuin- ett\u00e4 kaupallisissa ikkunoissa ja ovissa niiden lujuuden ja monipuolisuuden ansiosta.<br \/>\n<\/p><br \/>\n<br \/>\n<p><b>7.Is 6063 alumiiniprofiili yhteensopiva modernin arkkitehtonisen suunnittelun kanssa?<\/b><\/p>\n<p>Kyll\u00e4, 6063-alumiiniprofiilit tukevat tyylikk\u00e4it\u00e4, minimaalisia malleja, ja ne voidaan pulverimaalata eri v\u00e4reill\u00e4 nykyaikaiseen arkkitehtuuriin sopiviksi.<br \/>\n<\/p><br \/>\n<br \/>\n<p><b>8.Kuinka kauan jauhemaalatut alumiiniset ikkuna- ja oviprofiilit kest\u00e4v\u00e4t?<\/b><\/p>\n<p>Jauhemaalatut alumiiniprofiilit ovat pitk\u00e4ik\u00e4isi\u00e4, kest\u00e4v\u00e4t ankaria s\u00e4\u00e4olosuhteita ja s\u00e4ilytt\u00e4v\u00e4t pintansa useita vuosia v\u00e4h\u00e4isell\u00e4 huollolla.<br \/>\n<\/p><br \/>\n<br \/>\n<p><b>9.Are 6063 alumiini suulakepuristus profiilit ymp\u00e4rist\u00f6yst\u00e4v\u00e4llisi\u00e4?<\/b><\/p>\n<p>Kyll\u00e4, ne ovat t\u00e4ysin kierr\u00e4tett\u00e4vi\u00e4, RoHS-standardin mukaisia ja edist\u00e4v\u00e4t kest\u00e4vi\u00e4 rakennusk\u00e4yt\u00e4nt\u00f6j\u00e4.<br \/>\n<\/p><br \/>\n<br \/>\n<p><b>10.Mik\u00e4 tekee alumiiniprofiileista helppoja asentaa ikkuna- ja ovij\u00e4rjestelmiin?<\/b><\/p>\n<p>Alumiiniprofiilien suuri mittatarkkuus ja keveys helpottavat niiden kuljetusta, k\u00e4sittely\u00e4 ja tehokasta asennusta ty\u00f6maalla.<br \/>\n<\/p><br \/><\/p>","protected":false},"featured_media":6509,"template":"","categories":[61],"class_list":["post-6510","product","type-product","status-publish","has-post-thumbnail","hentry","category-powder-coating-aluminum-profile"],"meta_box":{"hilight_text_group":{"product_hilight_text":"<li>Made of 6063 aluminum alloy with high strength and excellent corrosion resistance<\/li>\r\r\n<li>Designed for powder coating with uniform surface and strong adhesion<\/li>\r\r\n<li>Ideal for various high-end window and door systems with stable structure<\/li>\r\r\n<li>Custom mold design available to meet diverse project requirements<\/li>\r\r\n<li>High-precision extrusion process ensures accurate dimensions and easy installation<\/li>\r\r\n<li>Eco-friendly material compliant with RoHS, suitable for international markets<\/li>","product_chanpin_blog":"<ul>\r\r\n<li><a href=\"https:\/\/sinoextrud.com\/t-slot-v-slot-differences\/\" target=\"_blank\">t slot vs v slot<\/a><\/li>\r\r\n<li><a href=\"https:\/\/sinoextrud.com\/what-is-4040-aluminium-extrud\/\" target=\"_blank\">4040 aluminium extrusion<\/a><\/li>\r\r\n<li><a href=\"https:\/\/sinoextrud.com\/what-is-4040-aluminium-extrud\/\" target=\"_blank\">aluminum extrusions for industrial racks<\/a><\/li>\r\r\n<li><a href=\"https:\/\/sinoextrud.com\/powder-coating-aluminium-process\/\" target=\"_blank\">powder coating aluminium<\/a><\/li>\r\r\n<li><a href=\"https:\/\/sinoextrud.com\/what-is-an-aluminium-strip-ceiling\/\" target=\"_blank\">aluminium strip ceiling<\/a><\/li>\r\r\n<li><a href=\"https:\/\/sinoextrud.com\/what-is-a-heat-sink\/\" target=\"_blank\">what is a heat sink<\/a><\/li>\r\r\n<\/ul>","product_chanpin_chanpin":"<li><a href=\"https:\/\/sinoextrud.com\/product\/powder-coated-extrusions-aluminum-corrosion-resistant-for-10-years-in-door\/\" target=\"_blank\">Powder Coated Extrusions Aluminum Corrosion Resistant For 10 Years In Door<\/a><\/li>\r\n<li><a href=\"https:\/\/sinoextrud.com\/product\/powder-coating-surface-aluminum-profile\/\" target=\"_blank\">Powder Coating Surface Aluminum Profile<\/a><\/li>\r\n<li><a href=\"https:\/\/sinoextrud.com\/product\/customized-powder-coated-tube-decorative-anodized-aluminum-louver-fence-panel-for-modern-garden\/\" target=\"_blank\">Customized Powder Coated Tube Decorative Anodized Aluminum Louver Fence Panel For Modern Garden<\/a><\/li>\r\n<li><a href=\"https:\/\/sinoextrud.com\/product\/aluminium-6063\/\" target=\"_blank\">Aluminium 6063<\/a><\/li>\r\n<li><a href=\"https:\/\/sinoextrud.com\/product\/extrusion-aluminum-profile-for-powder-coating-window-and-door-alloy-6063\/\" target=\"_blank\">Extrusion Aluminum Profile For Powder Coating Window and Door Alloy 6063<\/a><\/li>\r\n<li><a href=\"https:\/\/sinoextrud.com\/product\/electrophoretic-grain-square-tube-rosewood\/\" target=\"_blank\">Electrophoretic Grain Square Tube Rosewood<\/a><\/li>\r\n<li><a href=\"https:\/\/sinoextrud.com\/product\/electrophoresis-surface-aluminum-profiles\/\" target=\"_blank\">Electrophoresis Surface Aluminum Profiles<\/a><\/li>\r\n<li><a href=\"https:\/\/sinoextrud.com\/product\/golden-electrophoresis-aluminum-profile\/\" target=\"_blank\">Golden Electrophoresis Aluminum Profile<\/a><\/li>\r\n<li><a href=\"https:\/\/sinoextrud.com\/product\/aluminum-profile-with-pvdf-coating\/\" target=\"_blank\">Aluminum Profile With PVDF Coating<\/a><\/li>\r\n<li><a href=\"https:\/\/sinoextrud.com\/product\/glazing-channels-extrusions\/\" target=\"_blank\">Glazing Channels Extrusions<\/a><\/li>\r\n<li><a href=\"https:\/\/sinoextrud.com\/product\/aluminum-triangle-tube-profile\/\" target=\"_blank\">Aluminum Triangle Tube Profile<\/a><\/li>"},"feature_list":[]},"_links":{"self":[{"href":"https:\/\/sinoextrud.com\/fi\/wp-json\/wp\/v2\/product\/6510","targetHints":{"allow":["GET"]}}],"collection":[{"href":"https:\/\/sinoextrud.com\/fi\/wp-json\/wp\/v2\/product"}],"about":[{"href":"https:\/\/sinoextrud.com\/fi\/wp-json\/wp\/v2\/types\/product"}],"wp:featuredmedia":[{"embeddable":true,"href":"https:\/\/sinoextrud.com\/fi\/wp-json\/wp\/v2\/media\/6509"}],"wp:attachment":[{"href":"https:\/\/sinoextrud.com\/fi\/wp-json\/wp\/v2\/media?parent=6510"}],"wp:term":[{"taxonomy":"category","embeddable":true,"href":"https:\/\/sinoextrud.com\/fi\/wp-json\/wp\/v2\/categories?post=6510"}],"curies":[{"name":"wp","href":"https:\/\/api.w.org\/{rel}","templated":true}]}}