{"id":6508,"date":"2025-05-29T03:51:22","date_gmt":"2025-05-29T03:51:22","guid":{"rendered":"https:\/\/sinoextrud.com\/product\/aluminium-6063\/"},"modified":"2025-06-24T06:11:03","modified_gmt":"2025-06-24T06:11:03","slug":"alumiini-6063","status":"publish","type":"product","link":"https:\/\/sinoextrud.com\/fi\/product\/aluminium-6063\/","title":{"rendered":"Alumiini 6063"},"content":{"rendered":"<h2>Tuotteiden tiedot<\/h2>\n<table class=\"custom-table\">\n<tr>\n<td class=\"label\">Malli NO.:<\/td>\n<td> kisko alumiini 6063<\/td>\n<\/tr>\n<tr>\n<td class=\"label\">Tyyppi:<\/td>\n<td> alumiininen verhokisko<\/td>\n<\/tr>\n<tr>\n<td class=\"label\">Pinnan kunto:<\/td>\n<td> jauhemaalaus valkoinen<\/td>\n<\/tr>\n<tr>\n<td class=\"label\">koko:<\/td>\n<td> 25*10mm, 1.0mm paksuus.<\/td>\n<\/tr>\n<tr>\n<td class=\"label\">Pituus:<\/td>\n<td> 5,8m\/kpl<\/td>\n<\/tr>\n<tr>\n<td class=\"label\">Pakkaus:<\/td>\n<td> yksi kerrallaan paikka PE yritys, 50 kpl yksi nippu, r\u00e4\u00e4t\u00e4l\u00f6ityj\u00e4<\/td>\n<\/tr>\n<tr>\n<td class=\"label\">Laivausportti:<\/td>\n<td> FOB Guangzhou<\/td>\n<\/tr>\n<tr>\n<td class=\"label\">Tekniset tiedot:<\/td>\n<td> SGS ISO GB-standardi<\/td>\n<\/tr>\n<tr>\n<td class=\"label\">HS-koodi:<\/td>\n<td> 76042990<\/td>\n<\/tr>\n<tr>\n<td class=\"label\">Alkuper\u00e4inen:<\/td>\n<td> Foshan Kiina<\/td>\n<\/tr>\n<tr>\n<td class=\"label\">Tuotantokyky:<\/td>\n<td> 3000,000 kg\/ kuukausi<\/td>\n<\/tr>\n<\/table>\n<h2>Tuotantopohjamme<\/h2>\n<h3>Tehtaan panoraama<\/h3>\n<p><img decoding=\"async\" src=\"\/wp-content\/uploads\/factory-01.webp\"\/><\/p>\n<h3>Alumiini Bar Manufacturing Workshop<\/h3>\n<p><img decoding=\"async\" src=\"\/wp-content\/uploads\/factory-02.webp\"\/><\/p>\n<p><img decoding=\"async\" src=\"\/wp-content\/uploads\/factory-03.webp\"\/><\/p>\n<h3>Muotin varastointi Varasto<\/h3>\n<p><img decoding=\"async\" src=\"\/wp-content\/uploads\/factory-04.webp\"\/><\/p>\n<h3>43 Alumiini ekstruusiolinjat (500\u00e2 5500 tonnia)<\/h3>\n<p><img decoding=\"async\" src=\"\/wp-content\/uploads\/factory-05.webp\"\/><\/p>\n<p><img decoding=\"async\" src=\"\/wp-content\/uploads\/factory-06.webp\"\/><\/p>\n<p><img decoding=\"async\" src=\"\/wp-content\/uploads\/factory-07.webp\"\/><\/p>\n<h3>Jauhemaalaus ty\u00f6paja<\/h3>\n<p><img decoding=\"async\" src=\"\/wp-content\/uploads\/factory-09.webp\"\/><\/p>\n<h3>Anodisointi ty\u00f6paja<\/h3>\n<p><img decoding=\"async\" src=\"\/wp-content\/uploads\/factory-10.webp\"\/><\/p>\n<h3>Syv\u00e4k\u00e4sittelyn ty\u00f6paja<\/h3>\n<p><img decoding=\"async\" src=\"\/wp-content\/uploads\/factory-11.webp\"\/><\/p>\n<h3>CNC-tarkkuuskoneistus ty\u00f6paja<\/h3>\n<p><img decoding=\"async\" src=\"\/wp-content\/uploads\/factory-11.5.webp\"\/><\/p>\n<h3>Valmiiden tuotteiden ja vientivarasto<\/h3>\n<p><img decoding=\"async\" src=\"\/wp-content\/uploads\/factory-12.webp\"\/><\/p>\n<p><img decoding=\"async\" src=\"\/wp-content\/uploads\/factory-13.webp\"\/><\/p>\n<p><img decoding=\"async\" src=\"\/wp-content\/uploads\/factory-14.webp\"\/><\/p>\n<h2>FAQ<\/h2>\n<p><p><b>1.What on alumiini 6063 k\u00e4ytet\u00e4\u00e4n?<\/b><\/p>\n<p>Alumiinia 6063 k\u00e4ytet\u00e4\u00e4n laajalti arkkitehtuurisovelluksissa, ikkunankehyksiss\u00e4, ovenkarmeissa ja autojen osissa sen erinomaisen korroosionkest\u00e4vyyden ja hyvien mekaanisten ominaisuuksien vuoksi.<br \/>\n<\/p><br \/>\n<br \/>\n<p><b>2.Mitk\u00e4 ovat alumiinin 6063 t\u00e4rkeimm\u00e4t edut?<\/b><\/p>\n<p>Alumiini 6063 tarjoaa korkean korroosionkest\u00e4vyyden, hyv\u00e4n pintak\u00e4sittelyn, erinomaiset suulakepuristusominaisuudet ja hyv\u00e4n lujuus-painosuhteen, joten se sopii erinomaisesti rakenteellisiin ja koristeellisiin k\u00e4ytt\u00f6tarkoituksiin.<br \/>\n<\/p><br \/>\n<br \/>\n<p><b>3.Miksi valita alumiini 6063 yli muiden alumiiniseosten?<\/b><\/p>\n<p>6063-seos tarjoaa paremman pintak\u00e4sittelyn ja anodisointimahdollisuudet, joten se sopii erinomaisesti esteettisiin sovelluksiin, ja se on my\u00f6s hyvin hitsattavissa ja kohtalaisen luja.<br \/>\n<\/p><br \/>\n<br \/>\n<p><b>4.Can alumiini 6063 voidaan r\u00e4\u00e4t\u00e4l\u00f6id\u00e4?<\/b><\/p>\n<p>Kyll\u00e4, alumiini 6063 voidaan suulakepuristaa eri muotoihin, kokoihin ja paksuuksiin, ja se voidaan anodisoida tai jauhemaalata eri viimeistelyj\u00e4 ja sovelluksia varten.<br \/>\n<\/p><br \/>\n<br \/>\n<p><b>5.Mit\u00e4 pintak\u00e4sittelyj\u00e4 alumiinille 6063 on saatavilla?<\/b><\/p>\n<p>Yleisi\u00e4 pintak\u00e4sittelyj\u00e4 ovat anodisointi, jauhemaalaus ja kiillotus, jotka parantavat korroosionkest\u00e4vyytt\u00e4, kest\u00e4vyytt\u00e4 ja esteettisyytt\u00e4.<br \/>\n<\/p><br \/>\n<br \/>\n<p><b>6.Onko alumiini 6063 sopiva ulkok\u00e4ytt\u00f6\u00f6n?<\/b><\/p>\n<p>Kyll\u00e4, alumiinilla 6063 on erinomainen s\u00e4\u00e4nkest\u00e4vyys, erityisesti anodisoituna tai jauhemaalattuna, joten se sopii erinomaisesti arkkitehtoniseen ja rakenteelliseen ulkok\u00e4ytt\u00f6\u00f6n.<br \/>\n<\/p><br \/>\n<br \/>\n<p><b>7.Miten alumiini 6063 tukee kest\u00e4v\u00e4\u00e4 valmistusta?<\/b><\/p>\n<p>Alumiini 6063 on 100%-kierr\u00e4tett\u00e4v\u00e4\u00e4 ja vaatii v\u00e4hemm\u00e4n energiaa kierr\u00e4tykseen, mik\u00e4 tukee ymp\u00e4rist\u00f6yst\u00e4v\u00e4llist\u00e4 tuotantoa ja v\u00e4hent\u00e4\u00e4 ymp\u00e4rist\u00f6vaikutuksia.<br \/>\n<\/p><br \/>\n<br \/>\n<p><b>8.Mitk\u00e4 teollisuudenalat k\u00e4ytt\u00e4v\u00e4t yleisesti alumiinia 6063?<\/b><\/p>\n<p>Alumiini 6063:n lujuutta, viimeistely\u00e4 ja monipuolisuutta hy\u00f6dynnet\u00e4\u00e4n esimerkiksi rakennus-, auto-, ilmailu-, avaruus-, elektroniikka- ja huonekaluteollisuudessa.<br \/>\n<\/p><br \/><\/p>","protected":false},"featured_media":6507,"template":"","categories":[61],"class_list":["post-6508","product","type-product","status-publish","has-post-thumbnail","hentry","category-powder-coating-aluminum-profile"],"meta_box":{"hilight_text_group":{"product_hilight_text":"<li>High-strength 6063 aluminum alloy suitable for structural applications<\/li>\r\r\n<li>Excellent corrosion resistance for indoor and outdoor use<\/li>\r\r\n<li>Good machinability and weldability for versatile fabrication<\/li>\r\r\n<li>Available in various profiles, sizes, and surface finishes<\/li>\r\r\n<li>Supports bulk orders with consistent quality and timely delivery<\/li>","product_chanpin_blog":"<ul>\r\r\n<li><a href=\"https:\/\/sinoextrud.com\/t-slot-v-slot-differences\/\" target=\"_blank\">t slot vs v slot<\/a><\/li>\r\r\n<li><a href=\"https:\/\/sinoextrud.com\/what-is-4040-aluminium-extrud\/\" target=\"_blank\">4040 aluminium extrusion<\/a><\/li>\r\r\n<li><a href=\"https:\/\/sinoextrud.com\/what-is-4040-aluminium-extrud\/\" target=\"_blank\">aluminum extrusions for industrial racks<\/a><\/li>\r\r\n<li><a href=\"https:\/\/sinoextrud.com\/powder-coating-aluminium-process\/\" target=\"_blank\">powder coating aluminium<\/a><\/li>\r\r\n<li><a href=\"https:\/\/sinoextrud.com\/what-is-an-aluminium-strip-ceiling\/\" target=\"_blank\">aluminium strip ceiling<\/a><\/li>\r\r\n<li><a href=\"https:\/\/sinoextrud.com\/what-is-a-heat-sink\/\" target=\"_blank\">what is a heat sink<\/a><\/li>\r\r\n<\/ul>","product_chanpin_chanpin":"<li><a href=\"https:\/\/sinoextrud.com\/product\/aluminium-extrusion-profile-with-pvdf-coating\/\" target=\"_blank\">Aluminium Extrusion Profile With PVDF Coating<\/a><\/li>\r\n<li><a href=\"https:\/\/sinoextrud.com\/product\/powder-coated-extrusions-aluminum-corrosion-resistant-for-10-years-in-door\/\" target=\"_blank\">Powder Coated Extrusions Aluminum Corrosion Resistant For 10 Years In Door<\/a><\/li>\r\n<li><a href=\"https:\/\/sinoextrud.com\/product\/powder-coating-surface-aluminum-profile\/\" target=\"_blank\">Powder Coating Surface Aluminum Profile<\/a><\/li>\r\n<li><a href=\"https:\/\/sinoextrud.com\/product\/customized-powder-coated-tube-decorative-anodized-aluminum-louver-fence-panel-for-modern-garden\/\" target=\"_blank\">Customized Powder Coated Tube Decorative Anodized Aluminum Louver Fence Panel For Modern Garden<\/a><\/li>\r\n<li><a href=\"https:\/\/sinoextrud.com\/product\/aluminium-6063\/\" target=\"_blank\">Aluminium 6063<\/a><\/li>\r\n<li><a href=\"https:\/\/sinoextrud.com\/product\/extrusion-aluminum-profile-for-powder-coating-window-and-door-alloy-6063\/\" target=\"_blank\">Extrusion Aluminum Profile For Powder Coating Window and Door Alloy 6063<\/a><\/li>\r\n<li><a href=\"https:\/\/sinoextrud.com\/product\/electrophoretic-grain-square-tube-rosewood\/\" target=\"_blank\">Electrophoretic Grain Square Tube Rosewood<\/a><\/li>\r\n<li><a href=\"https:\/\/sinoextrud.com\/product\/electrophoresis-surface-aluminum-profiles\/\" target=\"_blank\">Electrophoresis Surface Aluminum Profiles<\/a><\/li>\r\n<li><a href=\"https:\/\/sinoextrud.com\/product\/golden-electrophoresis-aluminum-profile\/\" target=\"_blank\">Golden Electrophoresis Aluminum Profile<\/a><\/li>\r\n<li><a href=\"https:\/\/sinoextrud.com\/product\/500-degree-brightness-polished-aluminum-profile\/\" target=\"_blank\">500 Degree Brightness Polished Aluminum Profile<\/a><\/li>\r\n<li><a href=\"https:\/\/sinoextrud.com\/product\/6463-electroplated-finish-shower-enclosure-aluminum-profile\/\" target=\"_blank\">6463 Electroplated Finish Shower Enclosure Aluminum Profile<\/a><\/li>"},"feature_list":[]},"_links":{"self":[{"href":"https:\/\/sinoextrud.com\/fi\/wp-json\/wp\/v2\/product\/6508","targetHints":{"allow":["GET"]}}],"collection":[{"href":"https:\/\/sinoextrud.com\/fi\/wp-json\/wp\/v2\/product"}],"about":[{"href":"https:\/\/sinoextrud.com\/fi\/wp-json\/wp\/v2\/types\/product"}],"wp:featuredmedia":[{"embeddable":true,"href":"https:\/\/sinoextrud.com\/fi\/wp-json\/wp\/v2\/media\/6507"}],"wp:attachment":[{"href":"https:\/\/sinoextrud.com\/fi\/wp-json\/wp\/v2\/media?parent=6508"}],"wp:term":[{"taxonomy":"category","embeddable":true,"href":"https:\/\/sinoextrud.com\/fi\/wp-json\/wp\/v2\/categories?post=6508"}],"curies":[{"name":"wp","href":"https:\/\/api.w.org\/{rel}","templated":true}]}}