{"id":6499,"date":"2025-05-29T03:44:09","date_gmt":"2025-05-29T03:44:09","guid":{"rendered":"https:\/\/sinoextrud.com\/product\/powder-coated-extrusions-aluminum-corrosion-resistant-for-10-years-in-door\/"},"modified":"2025-06-24T06:11:01","modified_gmt":"2025-06-24T06:11:01","slug":"jauhemaalattu-puristeet-alumiini-korroosionkestava-10-vuotta-ovessa","status":"publish","type":"product","link":"https:\/\/sinoextrud.com\/fi\/product\/powder-coated-extrusions-aluminum-corrosion-resistant-for-10-years-in-door\/","title":{"rendered":"Jauhemaalattu ekstruusiot Alumiini korroosionkest\u00e4v\u00e4 10 vuotta ovessa"},"content":{"rendered":"<h2>Tuotteiden tiedot<\/h2>\n<table class=\"custom-table\">\n<tr>\n<td class=\"label\">Otsikko<\/td>\n<td>Jauhemaalattu ekstruusiot Alumiini korroosionkest\u00e4v\u00e4 10 vuotta ovessa<\/td>\n<\/tr>\n<\/table>\n<h2>Tuotantopohjamme<\/h2>\n<h3>Tehtaan panoraama<\/h3>\n<p><img decoding=\"async\" src=\"\/wp-content\/uploads\/factory-01.webp\"\/><\/p>\n<h3>Alumiini Bar Manufacturing Workshop<\/h3>\n<p><img decoding=\"async\" src=\"\/wp-content\/uploads\/factory-02.webp\"\/><\/p>\n<p><img decoding=\"async\" src=\"\/wp-content\/uploads\/factory-03.webp\"\/><\/p>\n<h3>Muotin varastointi Varasto<\/h3>\n<p><img decoding=\"async\" src=\"\/wp-content\/uploads\/factory-04.webp\"\/><\/p>\n<h3>43 alumiinin ekstruusiolinjat (500-5500 tonnia)<\/h3>\n<p><img decoding=\"async\" src=\"\/wp-content\/uploads\/factory-05.webp\"\/><\/p>\n<p><img decoding=\"async\" src=\"\/wp-content\/uploads\/factory-06.webp\"\/><\/p>\n<p><img decoding=\"async\" src=\"\/wp-content\/uploads\/factory-07.webp\"\/><\/p>\n<h3>Jauhemaalaus ty\u00f6paja<\/h3>\n<p><img decoding=\"async\" src=\"\/wp-content\/uploads\/factory-09.webp\"\/><\/p>\n<h3>Anodisointi ty\u00f6paja<\/h3>\n<p><img decoding=\"async\" src=\"\/wp-content\/uploads\/factory-10.webp\"\/><\/p>\n<h3>Syv\u00e4k\u00e4sittelyn ty\u00f6paja<\/h3>\n<p><img decoding=\"async\" src=\"\/wp-content\/uploads\/factory-11.webp\"\/><\/p>\n<h3>CNC-tarkkuuskoneistus ty\u00f6paja<\/h3>\n<p><img decoding=\"async\" src=\"\/wp-content\/uploads\/factory-11.5.webp\"\/><\/p>\n<h3>Valmiiden tuotteiden ja vientivarasto<\/h3>\n<p><img decoding=\"async\" src=\"\/wp-content\/uploads\/factory-12.webp\"\/><\/p>\n<p><img decoding=\"async\" src=\"\/wp-content\/uploads\/factory-13.webp\"\/><\/p>\n<p><img decoding=\"async\" src=\"\/wp-content\/uploads\/factory-14.webp\"\/><\/p>\n<h2>FAQ<\/h2>\n<p><p><b>1.Mit\u00e4 jauhemaalattuja ekstrusioita alumiini korroosionkest\u00e4v\u00e4 10 vuotta k\u00e4ytet\u00e4\u00e4n ovissa?<\/b><\/p>\n<p>N\u00e4it\u00e4 jauhemaalattuja alumiiniprofiileja k\u00e4ytet\u00e4\u00e4n ovenkarmeissa, ikkunankarmeissa ja liukuovissa, ja ne tarjoavat pitk\u00e4aikaisen korroosionkest\u00e4vyyden ja esteettisyyden.<br \/>\n<\/p><br \/>\n<br \/>\n<p><b>2.Mitk\u00e4 ovat 10 vuoden korroosionkest\u00e4vyydell\u00e4 varustettujen jauhemaalattujen alumiiniprofiilien t\u00e4rkeimm\u00e4t edut?<\/b><\/p>\n<p>Ne ovat eritt\u00e4in kest\u00e4vi\u00e4, UV-suojattuja, naarmuuntumattomia ja s\u00e4ilytt\u00e4v\u00e4t pintansa haalistumatta tai kuoriutumatta v\u00e4hint\u00e4\u00e4n 10 vuoden ajan.<br \/>\n<\/p><br \/>\n<br \/>\n<p><b>3.Miksi valita jauhemaalattuja alumiiniprofiileja ovisovelluksiin?<\/b><\/p>\n<p>Jauhemaalaus parantaa korroosionkest\u00e4vyytt\u00e4, parantaa s\u00e4\u00e4nkest\u00e4vyytt\u00e4 ja antaa sile\u00e4n, yhten\u00e4isen pinnan, joka kest\u00e4\u00e4 vaativia ymp\u00e4rist\u00f6olosuhteita.<br \/>\n<\/p><br \/>\n<br \/>\n<p><b>4.Miten jauhemaalaus pident\u00e4\u00e4 ovissa k\u00e4ytett\u00e4vien alumiinipursotteiden k\u00e4ytt\u00f6ik\u00e4\u00e4?<\/b><\/p>\n<p>Jauhemaalaus muodostaa paksun suojakerroksen, joka est\u00e4\u00e4 hapettumista ja korroosiota, v\u00e4hent\u00e4\u00e4 huoltoa ja pident\u00e4\u00e4 oven k\u00e4ytt\u00f6ik\u00e4\u00e4.<br \/>\n<\/p><br \/>\n<br \/>\n<p><b>5.Can jauhemaalattu alumiini ekstrusioita voidaan r\u00e4\u00e4t\u00e4l\u00f6id\u00e4 ovi malleja?<\/b><\/p>\n<p>Kyll\u00e4, ne voidaan r\u00e4\u00e4t\u00e4l\u00f6id\u00e4 v\u00e4rin, rakenteen, paksuuden ja profiilimittojen osalta vastaamaan erityisi\u00e4 arkkitehtonisia ja toiminnallisia vaatimuksia.<br \/>\n<\/p><br \/>\n<br \/>\n<p><b>6.Soveltuvatko jauhemaalatut alumiiniprofiilit ulko-oviasennuksiin?<\/b><\/p>\n<p>Kyll\u00e4, n\u00e4m\u00e4 profiilit on suunniteltu kest\u00e4m\u00e4\u00e4n UV-s\u00e4teily\u00e4, kosteutta ja \u00e4\u00e4rimm\u00e4isi\u00e4 s\u00e4\u00e4olosuhteita, joten ne sopivat erinomaisesti ulko-oviin.<br \/>\n<\/p><br \/>\n<br \/>\n<p><b>7.Miten 10 vuoden korroosionkest\u00e4vyys hy\u00f6dytt\u00e4\u00e4 rakennusten omistajia?<\/b><\/p>\n<p>Pitk\u00e4kestoinen korroosionkest\u00e4vyys minimoi korjauskustannukset, s\u00e4ilytt\u00e4\u00e4 oven esteettisyyden ja varmistaa rakenteellisen eheyden, mik\u00e4 takaa erinomaisen tuoton investoinnille.<br \/>\n<\/p><br \/>\n<br \/>\n<p><b>8.Mitk\u00e4 teollisuudenalat hy\u00f6tyv\u00e4t jauhemaalatuista alumiiniprofiileista, joilla on 10 vuoden korroosionkest\u00e4vyys?<\/b><\/p>\n<p>Asuin-, liike- ja teollisuusrakentamisessa k\u00e4ytet\u00e4\u00e4n n\u00e4it\u00e4 kest\u00e4vi\u00e4 profiileja ovissa, ikkunoissa ja verhosein\u00e4j\u00e4rjestelmiss\u00e4.<br \/>\n<\/p><br \/><\/p>","protected":false},"featured_media":6498,"template":"","categories":[61],"class_list":["post-6499","product","type-product","status-publish","has-post-thumbnail","hentry","category-powder-coating-aluminum-profile"],"meta_box":{"hilight_text_group":{"product_hilight_text":"<li>Powder-coated aluminum extrusions offer corrosion resistance for up to 10 years indoors<\/li>\r\r\n<li>Durable finish maintains aesthetic appeal and structural integrity over time<\/li>\r\r\n<li>Lightweight yet strong, ideal for various indoor architectural applications<\/li>\r\r\n<li>Available in custom sizes, colors, and profiles to meet project needs<\/li>\r\r\n<li>Supports bulk orders with consistent quality and reliable supply<\/li>","product_chanpin_blog":"<ul>\r\r\n<li><a href=\"https:\/\/sinoextrud.com\/t-slot-v-slot-differences\/\" target=\"_blank\">t slot vs v slot<\/a><\/li>\r\r\n<li><a href=\"https:\/\/sinoextrud.com\/what-is-4040-aluminium-extrud\/\" target=\"_blank\">4040 aluminium extrusion<\/a><\/li>\r\r\n<li><a href=\"https:\/\/sinoextrud.com\/what-is-4040-aluminium-extrud\/\" target=\"_blank\">aluminum extrusions for industrial racks<\/a><\/li>\r\r\n<li><a href=\"https:\/\/sinoextrud.com\/powder-coating-aluminium-process\/\" target=\"_blank\">powder coating aluminium<\/a><\/li>\r\r\n<li><a href=\"https:\/\/sinoextrud.com\/what-is-an-aluminium-strip-ceiling\/\" target=\"_blank\">aluminium strip ceiling<\/a><\/li>\r\r\n<li><a href=\"https:\/\/sinoextrud.com\/what-is-a-heat-sink\/\" target=\"_blank\">what is a heat sink<\/a><\/li>\r\r\n<\/ul>","product_chanpin_chanpin":"<li><a href=\"https:\/\/sinoextrud.com\/product\/power-coating-standard-aluminium-profiles\/\" target=\"_blank\">Power Coating Standard Aluminium Profiles<\/a><\/li>\r\n<li><a href=\"https:\/\/sinoextrud.com\/product\/aluminum-tube-coated-powder-price-per-kg-for-lowes-aluminum-pipe-fence-china\/\" target=\"_blank\">aluminum tube coated powder price per kg for lowes aluminum pipe fence china<\/a><\/li>\r\n<li><a href=\"https:\/\/sinoextrud.com\/product\/powder-coated-aluminium-extrusion\/\" target=\"_blank\">Powder Coated Aluminium Extrusion<\/a><\/li>\r\n<li><a href=\"https:\/\/sinoextrud.com\/product\/aluminium-extrusion-profile-with-pvdf-coating\/\" target=\"_blank\">Aluminium Extrusion Profile With PVDF Coating<\/a><\/li>\r\n<li><a href=\"https:\/\/sinoextrud.com\/product\/powder-coated-extrusions-aluminum-corrosion-resistant-for-10-years-in-door\/\" target=\"_blank\">Powder Coated Extrusions Aluminum Corrosion Resistant For 10 Years In Door<\/a><\/li>\r\n<li><a href=\"https:\/\/sinoextrud.com\/product\/powder-coating-surface-aluminum-profile\/\" target=\"_blank\">Powder Coating Surface Aluminum Profile<\/a><\/li>\r\n<li><a href=\"https:\/\/sinoextrud.com\/product\/customized-powder-coated-tube-decorative-anodized-aluminum-louver-fence-panel-for-modern-garden\/\" target=\"_blank\">Customized Powder Coated Tube Decorative Anodized Aluminum Louver Fence Panel For Modern Garden<\/a><\/li>\r\n<li><a href=\"https:\/\/sinoextrud.com\/product\/aluminium-6063\/\" target=\"_blank\">Aluminium 6063<\/a><\/li>\r\n<li><a href=\"https:\/\/sinoextrud.com\/product\/extrusion-aluminum-profile-for-powder-coating-window-and-door-alloy-6063\/\" target=\"_blank\">Extrusion Aluminum Profile For Powder Coating Window and Door Alloy 6063<\/a><\/li>\r\n<li><a href=\"https:\/\/sinoextrud.com\/product\/extruded-aluminium-profile-with-sand-blasted-treatment\/\" target=\"_blank\">Extruded Aluminium Profile With Sand Blasted Treatment<\/a><\/li>\r\n<li><a href=\"https:\/\/sinoextrud.com\/product\/round-sunflower-led-light-aluminium-heat-sink\/\" target=\"_blank\">Round Sunflower LED Light Aluminium Heat Sink<\/a><\/li>"},"feature_list":[]},"_links":{"self":[{"href":"https:\/\/sinoextrud.com\/fi\/wp-json\/wp\/v2\/product\/6499","targetHints":{"allow":["GET"]}}],"collection":[{"href":"https:\/\/sinoextrud.com\/fi\/wp-json\/wp\/v2\/product"}],"about":[{"href":"https:\/\/sinoextrud.com\/fi\/wp-json\/wp\/v2\/types\/product"}],"wp:featuredmedia":[{"embeddable":true,"href":"https:\/\/sinoextrud.com\/fi\/wp-json\/wp\/v2\/media\/6498"}],"wp:attachment":[{"href":"https:\/\/sinoextrud.com\/fi\/wp-json\/wp\/v2\/media?parent=6499"}],"wp:term":[{"taxonomy":"category","embeddable":true,"href":"https:\/\/sinoextrud.com\/fi\/wp-json\/wp\/v2\/categories?post=6499"}],"curies":[{"name":"wp","href":"https:\/\/api.w.org\/{rel}","templated":true}]}}