{"id":6497,"date":"2025-05-29T03:41:10","date_gmt":"2025-05-29T03:41:10","guid":{"rendered":"https:\/\/sinoextrud.com\/product\/aluminium-extrusion-profile-with-pvdf-coating\/"},"modified":"2025-06-24T06:11:01","modified_gmt":"2025-06-24T06:11:01","slug":"pvdf-pinnoitteella-varustettu-alumiiniprofiili","status":"publish","type":"product","link":"https:\/\/sinoextrud.com\/fi\/product\/aluminium-extrusion-profile-with-pvdf-coating\/","title":{"rendered":"Alumiini ekstruusioprofiili PVDF-pinnoitteella"},"content":{"rendered":"<h2>Tuotteiden tiedot<\/h2>\n<table class=\"custom-table\">\n<tr>\n<td class=\"label\">Malli NO.:<\/td>\n<td>6061 6063 6082<\/td>\n<\/tr>\n<tr>\n<td class=\"label\">Temperamentti:<\/td>\n<td>T3 - T8<\/td>\n<\/tr>\n<tr>\n<td class=\"label\">Pintak\u00e4sittely:<\/td>\n<td>PVDF<\/td>\n<\/tr>\n<tr>\n<td class=\"label\">Seos:<\/td>\n<td>Metalliseos<\/td>\n<\/tr>\n<tr>\n<td class=\"label\">Pinta:<\/td>\n<td>PVDF<\/td>\n<\/tr>\n<tr>\n<td class=\"label\">Tyyppi:<\/td>\n<td>Alumiiniprofiilit ulkok\u00e4ytt\u00f6\u00f6n<\/td>\n<\/tr>\n<tr>\n<td class=\"label\">Tekniikka:<\/td>\n<td>Puristetut<\/td>\n<\/tr>\n<tr>\n<td class=\"label\">Tavaramerkki:<\/td>\n<td>OEM<\/td>\n<\/tr>\n<tr>\n<td class=\"label\">Alkuper\u00e4:<\/td>\n<td>Guangdong Kiina<\/td>\n<\/tr>\n<tr>\n<td class=\"label\">Muoto:<\/td>\n<td>Neli\u00f6, soikea, kouru, litte\u00e4<\/td>\n<\/tr>\n<tr>\n<td class=\"label\">Prosessi:<\/td>\n<td>Puristaminen<\/td>\n<\/tr>\n<tr>\n<td class=\"label\">Sovellus:<\/td>\n<td>Rakennusprofiilit<\/td>\n<\/tr>\n<tr>\n<td class=\"label\">Sertifiointi:<\/td>\n<td>EN, ASTM, GB\/T<\/td>\n<\/tr>\n<tr>\n<td class=\"label\">Koko:<\/td>\n<td>10mm - 300mm<\/td>\n<\/tr>\n<tr>\n<td class=\"label\">HS-koodi:<\/td>\n<td>7604299000<\/td>\n<\/tr>\n<tr>\n<td class=\"label\">Sein\u00e4m\u00e4n paksuus:<\/td>\n<td>1,0-1,4 mm. R\u00e4\u00e4t\u00e4l\u00f6ity saatavilla<\/td>\n<\/tr>\n<tr>\n<td class=\"label\">Pakkaus:<\/td>\n<td>Vientistandardi, joka on pakattu PE-yritykseen, joka sitten peitet\u00e4\u00e4n ruskealla paperilla ja muovikalvolla ja pakataan sitten puulavalle.<\/td>\n<\/tr>\n<tr>\n<td class=\"label\">L\u00e4pimenoaika:<\/td>\n<td>15-30 p\u00e4iv\u00e4n kuluessa talletuksen vastaanottamisesta.<\/td>\n<\/tr>\n<tr>\n<td class=\"label\">Huomautuksia:<\/td>\n<td>Seoksen, karkaisun tai spesifikaation erityisvaatimuksista voidaan keskustella pyynn\u00f6st\u00e4si.<\/td>\n<\/tr>\n<\/table>\n<h2>Tuotantopohjamme<\/h2>\n<h3>Tehtaan panoraama<\/h3>\n<p><img decoding=\"async\" src=\"\/wp-content\/uploads\/factory-01.webp\"\/><\/p>\n<h3>Alumiini Bar Manufacturing Workshop<\/h3>\n<p><img decoding=\"async\" src=\"\/wp-content\/uploads\/factory-02.webp\"\/><\/p>\n<p><img decoding=\"async\" src=\"\/wp-content\/uploads\/factory-03.webp\"\/><\/p>\n<h3>Muotin varastointi Varasto<\/h3>\n<p><img decoding=\"async\" src=\"\/wp-content\/uploads\/factory-04.webp\"\/><\/p>\n<h3>43 alumiinin ekstruusiolinjat (500-5500 tonnia)<\/h3>\n<p><img decoding=\"async\" src=\"\/wp-content\/uploads\/factory-05.webp\"\/><\/p>\n<p><img decoding=\"async\" src=\"\/wp-content\/uploads\/factory-06.webp\"\/><\/p>\n<p><img decoding=\"async\" src=\"\/wp-content\/uploads\/factory-07.webp\"\/><\/p>\n<h3>Jauhemaalaus ty\u00f6paja<\/h3>\n<p><img decoding=\"async\" src=\"\/wp-content\/uploads\/factory-09.webp\"\/><\/p>\n<h3>Anodisointi ty\u00f6paja<\/h3>\n<p><img decoding=\"async\" src=\"\/wp-content\/uploads\/factory-10.webp\"\/><\/p>\n<h3>Syv\u00e4k\u00e4sittelyn ty\u00f6paja<\/h3>\n<p><img decoding=\"async\" src=\"\/wp-content\/uploads\/factory-11.webp\"\/><\/p>\n<h3>CNC-tarkkuuskoneistus ty\u00f6paja<\/h3>\n<p><img decoding=\"async\" src=\"\/wp-content\/uploads\/factory-11.5.webp\"\/><\/p>\n<h3>Valmiiden tuotteiden ja vientivarasto<\/h3>\n<p><img decoding=\"async\" src=\"\/wp-content\/uploads\/factory-12.webp\"\/><\/p>\n<p><img decoding=\"async\" src=\"\/wp-content\/uploads\/factory-13.webp\"\/><\/p>\n<p><img decoding=\"async\" src=\"\/wp-content\/uploads\/factory-14.webp\"\/><\/p>\n<h2>FAQ<\/h2>\n<p><p><b>1.Mihin PVDF-pinnoitteella varustettua alumiiniprofiilia k\u00e4ytet\u00e4\u00e4n?<\/b><\/p>\n<p>PVDF-pinnoitteella varustettuja alumiiniprofiileja k\u00e4ytet\u00e4\u00e4n arkkitehtonisissa julkisivuissa, ikkunanpuitteissa, opasteissa ja teollisissa sovelluksissa, joissa vaaditaan suurta kest\u00e4vyytt\u00e4 ja s\u00e4\u00e4nkest\u00e4vyytt\u00e4.<br \/>\n<\/p><br \/>\n<br \/>\n<p><b>2.Mitk\u00e4 ovat PVDF-pinnoitteella varustettujen alumiinipuristusprofiilien t\u00e4rkeimm\u00e4t edut?<\/b><\/p>\n<p>Ne tarjoavat poikkeuksellisen hyv\u00e4n UV-kest\u00e4vyyden, erinomaisen korroosiosuojauksen, erinomaisen v\u00e4rin s\u00e4ilymisen ja sile\u00e4n, kiilt\u00e4v\u00e4n pinnan, joka kest\u00e4\u00e4 vuosikymmeni\u00e4.<br \/>\n<\/p><br \/>\n<br \/>\n<p><b>3.Miksi valita PVDF-pinnoite muiden alumiiniprofiilien pintak\u00e4sittelyjen sijaan?<\/b><\/p>\n<p>PVDF-pinnoitteet tarjoavat erinomaisen kemiallisen kest\u00e4vyyden, s\u00e4\u00e4nkest\u00e4vyyden ja haalistumattomuuden, ja ne p\u00e4ihitt\u00e4v\u00e4t jauhemaalauksen ja anodisoinnin ankarissa ymp\u00e4rist\u00f6iss\u00e4.<br \/>\n<\/p><br \/>\n<br \/>\n<p><b>4.Voiko PVDF-pinnoitteella varustettuja alumiiniprofiileja r\u00e4\u00e4t\u00e4l\u00f6id\u00e4?<\/b><\/p>\n<p>Kyll\u00e4, n\u00e4it\u00e4 profiileja voidaan r\u00e4\u00e4t\u00e4l\u00f6id\u00e4 muodon, koon, seoksen ja pinnoitteen v\u00e4rin osalta arkkitehtonisten ja teknisten erityisvaatimusten mukaisesti.<br \/>\n<\/p><br \/>\n<br \/>\n<p><b>5.Miten PVDF-pinnoite parantaa alumiinipuristusprofiilien suorituskyky\u00e4?<\/b><\/p>\n<p>PVDF muodostaa kest\u00e4v\u00e4n, joustavan kalvon, joka kest\u00e4\u00e4 liitua, halkeilua ja kuoriutumista ja s\u00e4ilytt\u00e4\u00e4 profiilin rakenteellisen eheyden ja ulkon\u00e4\u00f6n.<br \/>\n<\/p><br \/>\n<br \/>\n<p><b>6.Soveltuvatko PVDF-pinnoitteella varustetut alumiiniprofiilit ulkok\u00e4ytt\u00f6\u00f6n?<\/b><\/p>\n<p>Kyll\u00e4, PVDF-pinnoitetut alumiiniprofiilit ovat ihanteellisia ulkok\u00e4ytt\u00f6\u00f6n, koska ne kest\u00e4v\u00e4t erinomaisesti UV-s\u00e4teit\u00e4, kosteutta ja ep\u00e4puhtauksia.<br \/>\n<\/p><br \/>\n<br \/>\n<p><b>7.Miten PVDF-pinnoitteella varustettujen alumiiniprofiilien k\u00e4ytt\u00f6 tukee kest\u00e4v\u00e4\u00e4 rakentamista?<\/b><\/p>\n<p>Alumiini on t\u00e4ysin kierr\u00e4tett\u00e4viss\u00e4, ja PVDF-pinnoitteilla on v\u00e4h\u00e4iset ymp\u00e4rist\u00f6vaikutukset ja pitk\u00e4 k\u00e4ytt\u00f6ik\u00e4, mik\u00e4 v\u00e4hent\u00e4\u00e4 huolto- ja vaihtotarvetta.<br \/>\n<\/p><br \/>\n<br \/>\n<p><b>8.Mill\u00e4 teollisuudenaloilla k\u00e4ytet\u00e4\u00e4n yleisesti PVDF-pinnoitteella varustettuja alumiiniprofiileja?<\/b><\/p>\n<p>Rakennus-, auto-, opaste- ja ilmailuteollisuus sek\u00e4 ilmailu- ja avaruusteollisuus k\u00e4ytt\u00e4v\u00e4t PVDF-pinnoitettuja alumiiniprofiileja niiden kest\u00e4vyyden, esteettisyyden ja suojaavien ominaisuuksien vuoksi.<br \/>\n<\/p><br \/><\/p>","protected":false},"featured_media":6496,"template":"","categories":[61],"class_list":["post-6497","product","type-product","status-publish","has-post-thumbnail","hentry","category-powder-coating-aluminum-profile"],"meta_box":{"hilight_text_group":{"product_hilight_text":"<li>PVDF coating provides superior weather and UV resistance<\/li>\r\r\n<li>Enhanced durability and color retention for outdoor applications<\/li>\r\r\n<li>High-quality aluminum extrusion with precise dimensions<\/li>\r\r\n<li>Suitable for architectural facades, windows, and decorative panels<\/li>\r\r\n<li>Supports custom profiles, colors, and bulk supply<\/li>","product_chanpin_blog":"<ul>\r\r\n<li><a href=\"https:\/\/sinoextrud.com\/t-slot-v-slot-differences\/\" target=\"_blank\">t slot vs v slot<\/a><\/li>\r\r\n<li><a href=\"https:\/\/sinoextrud.com\/what-is-4040-aluminium-extrud\/\" target=\"_blank\">4040 aluminium extrusion<\/a><\/li>\r\r\n<li><a href=\"https:\/\/sinoextrud.com\/what-is-4040-aluminium-extrud\/\" target=\"_blank\">aluminum extrusions for industrial racks<\/a><\/li>\r\r\n<li><a href=\"https:\/\/sinoextrud.com\/powder-coating-aluminium-process\/\" target=\"_blank\">powder coating aluminium<\/a><\/li>\r\r\n<li><a href=\"https:\/\/sinoextrud.com\/what-is-an-aluminium-strip-ceiling\/\" target=\"_blank\">aluminium strip ceiling<\/a><\/li>\r\r\n<li><a href=\"https:\/\/sinoextrud.com\/what-is-a-heat-sink\/\" target=\"_blank\">what is a heat sink<\/a><\/li>\r\r\n<\/ul>","product_chanpin_chanpin":"<li><a href=\"https:\/\/sinoextrud.com\/product\/extruded-aluminum-rectangular-tubing\/\" target=\"_blank\">Extruded Aluminum Rectangular Tubing<\/a><\/li>\r\n<li><a href=\"https:\/\/sinoextrud.com\/product\/power-coating-standard-aluminium-profiles\/\" target=\"_blank\">Power Coating Standard Aluminium Profiles<\/a><\/li>\r\n<li><a href=\"https:\/\/sinoextrud.com\/product\/aluminum-tube-coated-powder-price-per-kg-for-lowes-aluminum-pipe-fence-china\/\" target=\"_blank\">aluminum tube coated powder price per kg for lowes aluminum pipe fence china<\/a><\/li>\r\n<li><a href=\"https:\/\/sinoextrud.com\/product\/powder-coated-aluminium-extrusion\/\" target=\"_blank\">Powder Coated Aluminium Extrusion<\/a><\/li>\r\n<li><a href=\"https:\/\/sinoextrud.com\/product\/aluminium-extrusion-profile-with-pvdf-coating\/\" target=\"_blank\">Aluminium Extrusion Profile With PVDF Coating<\/a><\/li>\r\n<li><a href=\"https:\/\/sinoextrud.com\/product\/powder-coated-extrusions-aluminum-corrosion-resistant-for-10-years-in-door\/\" target=\"_blank\">Powder Coated Extrusions Aluminum Corrosion Resistant For 10 Years In Door<\/a><\/li>\r\n<li><a href=\"https:\/\/sinoextrud.com\/product\/powder-coating-surface-aluminum-profile\/\" target=\"_blank\">Powder Coating Surface Aluminum Profile<\/a><\/li>\r\n<li><a href=\"https:\/\/sinoextrud.com\/product\/customized-powder-coated-tube-decorative-anodized-aluminum-louver-fence-panel-for-modern-garden\/\" target=\"_blank\">Customized Powder Coated Tube Decorative Anodized Aluminum Louver Fence Panel For Modern Garden<\/a><\/li>\r\n<li><a href=\"https:\/\/sinoextrud.com\/product\/aluminium-6063\/\" target=\"_blank\">Aluminium 6063<\/a><\/li>\r\n<li><a href=\"https:\/\/sinoextrud.com\/product\/wholesale-aluminium-extrusion-corner-profile\/\" target=\"_blank\">Wholesale Aluminium Extrusion Corner Profile<\/a><\/li>\r\n<li><a href=\"https:\/\/sinoextrud.com\/product\/aluminium-extrusion-cnc\/\" target=\"_blank\">Aluminium Extrusion CNC<\/a><\/li>"},"feature_list":[]},"_links":{"self":[{"href":"https:\/\/sinoextrud.com\/fi\/wp-json\/wp\/v2\/product\/6497","targetHints":{"allow":["GET"]}}],"collection":[{"href":"https:\/\/sinoextrud.com\/fi\/wp-json\/wp\/v2\/product"}],"about":[{"href":"https:\/\/sinoextrud.com\/fi\/wp-json\/wp\/v2\/types\/product"}],"wp:featuredmedia":[{"embeddable":true,"href":"https:\/\/sinoextrud.com\/fi\/wp-json\/wp\/v2\/media\/6496"}],"wp:attachment":[{"href":"https:\/\/sinoextrud.com\/fi\/wp-json\/wp\/v2\/media?parent=6497"}],"wp:term":[{"taxonomy":"category","embeddable":true,"href":"https:\/\/sinoextrud.com\/fi\/wp-json\/wp\/v2\/categories?post=6497"}],"curies":[{"name":"wp","href":"https:\/\/api.w.org\/{rel}","templated":true}]}}