{"id":6491,"date":"2025-05-29T03:32:56","date_gmt":"2025-05-29T03:32:56","guid":{"rendered":"https:\/\/sinoextrud.com\/product\/power-coating-standard-aluminium-profiles\/"},"modified":"2025-06-24T06:11:00","modified_gmt":"2025-06-24T06:11:00","slug":"vakioalumiiniprofiilien-voimapinnoitus","status":"publish","type":"product","link":"https:\/\/sinoextrud.com\/fi\/product\/power-coating-standard-aluminium-profiles\/","title":{"rendered":"Power Coating Standard Alumiiniprofiilit"},"content":{"rendered":"<h2>Tuotteiden tiedot<\/h2>\n<table class=\"custom-table\">\n<tr>\n<td class=\"label\">Nimi<\/td>\n<td>Alumiiniprofiilit, Alumiiniprofiilit<\/td>\n<\/tr>\n<tr>\n<td class=\"label\">Merkki<\/td>\n<td>Sinoextrud\/Sinoextrud<\/td>\n<\/tr>\n<tr>\n<td class=\"label\">Luokka<\/td>\n<td>Alumiini suulakepuristus<\/td>\n<\/tr>\n<tr>\n<td class=\"label\">Materiaali<\/td>\n<td>6061 on laajalti k\u00e4ytetty. 6063, 6463, 6005, 6082 on my\u00f6s saatavilla.<\/td>\n<\/tr>\n<tr>\n<td class=\"label\">Temper<\/td>\n<td>T5-T8<\/td>\n<\/tr>\n<tr>\n<td class=\"label\">Pituus<\/td>\n<td>5.8m 20ft , 5.9m \/6.0m 40'GP, tai r\u00e4\u00e4t\u00e4l\u00f6inti\u00e4 varten<\/td>\n<\/tr>\n<tr>\n<td class=\"label\">Koko (mm)<\/td>\n<td>Eri koko on saatavana, asiakkaan piirustus on saatavana<\/td>\n<\/tr>\n<tr>\n<td class=\"label\">Muoto<\/td>\n<td>Piirustuksen mukaan<\/td>\n<\/tr>\n<tr>\n<td class=\"label\">Pintak\u00e4sittely<\/td>\n<td>Tehopinnoitus; Myllyss\u00e4 viimeistelty, anodisoitu, hiekkapuhallus, elektroforeesi on my\u00f6s saatavana.<\/td>\n<\/tr>\n<tr>\n<td class=\"label\">V\u00e4ri<\/td>\n<td>Voimme muokata v\u00e4rej\u00e4 asiakkaiden n\u00e4ytteiden perusteella<\/td>\n<\/tr>\n<tr>\n<td class=\"label\">Takuu<\/td>\n<td>BV , TUV , ISO<\/td>\n<\/tr>\n<tr>\n<td class=\"label\">Standardi<\/td>\n<td>Keskitaso ja korkea laatu<\/td>\n<\/tr>\n<tr>\n<td class=\"label\">MOQ<\/td>\n<td>200KGS kutakin kohdetta kohti<\/td>\n<\/tr>\n<tr>\n<td class=\"label\">Osoitteesta<\/td>\n<td>Guangdong, Kiina<\/td>\n<\/tr>\n<tr>\n<td class=\"label\">Hakemus<\/td>\n<td>Valolaatikon alumiiniprofiilit, mainoskehys<\/td>\n<\/tr>\n<\/table>\n<h2>Tuotantopohjamme<\/h2>\n<h3>Tehtaan panoraama<\/h3>\n<p><img decoding=\"async\" src=\"\/wp-content\/uploads\/factory-01.webp\"\/><\/p>\n<h3>Alumiini Bar Manufacturing Workshop<\/h3>\n<p><img decoding=\"async\" src=\"\/wp-content\/uploads\/factory-02.webp\"\/><\/p>\n<p><img decoding=\"async\" src=\"\/wp-content\/uploads\/factory-03.webp\"\/><\/p>\n<h3>Muotin varastointi Varasto<\/h3>\n<p><img decoding=\"async\" src=\"\/wp-content\/uploads\/factory-04.webp\"\/><\/p>\n<h3>43 alumiinin ekstruusiolinjat (500-5500 tonnia)<\/h3>\n<p><img decoding=\"async\" src=\"\/wp-content\/uploads\/factory-05.webp\"\/><\/p>\n<p><img decoding=\"async\" src=\"\/wp-content\/uploads\/factory-06.webp\"\/><\/p>\n<p><img decoding=\"async\" src=\"\/wp-content\/uploads\/factory-07.webp\"\/><\/p>\n<h3>Jauhemaalaus ty\u00f6paja<\/h3>\n<p><img decoding=\"async\" src=\"\/wp-content\/uploads\/factory-09.webp\"\/><\/p>\n<h3>Anodisointi ty\u00f6paja<\/h3>\n<p><img decoding=\"async\" src=\"\/wp-content\/uploads\/factory-10.webp\"\/><\/p>\n<h3>Syv\u00e4k\u00e4sittelyn ty\u00f6paja<\/h3>\n<p><img decoding=\"async\" src=\"\/wp-content\/uploads\/factory-11.webp\"\/><\/p>\n<h3>CNC-tarkkuuskoneistus ty\u00f6paja<\/h3>\n<p><img decoding=\"async\" src=\"\/wp-content\/uploads\/factory-11.5.webp\"\/><\/p>\n<h3>Valmiiden tuotteiden ja vientivarasto<\/h3>\n<p><img decoding=\"async\" src=\"\/wp-content\/uploads\/factory-12.webp\"\/><\/p>\n<p><img decoding=\"async\" src=\"\/wp-content\/uploads\/factory-13.webp\"\/><\/p>\n<p><img decoding=\"async\" src=\"\/wp-content\/uploads\/factory-14.webp\"\/><\/p>\n<h2>FAQ<\/h2>\n<p><p><b>1.Mihin alumiiniprofiileja k\u00e4ytet\u00e4\u00e4n jauhemaalaukseen?<\/b><\/p>\n<p>Jauhemaalattuja alumiiniprofiileja k\u00e4ytet\u00e4\u00e4n rakennus-, auto-, huonekalu- ja arkkitehtuurisovelluksissa kest\u00e4vyyden ja esteettisyyden parantamiseksi.<br \/>\n<\/p><br \/>\n<br \/>\n<p><b>2.Mitk\u00e4 ovat jauhemaalauksen t\u00e4rkeimm\u00e4t edut tavallisissa alumiiniprofiileissa?<\/b><\/p>\n<p>Jauhemaalaus antaa sitke\u00e4n, yhten\u00e4isen pinnan, joka tarjoaa erinomaisen korroosionkest\u00e4vyyden, naarmunkest\u00e4vyyden ja UV-suojan.<br \/>\n<\/p><br \/>\n<br \/>\n<p><b>3.Miksi valita jauhemaalaus muiden alumiiniprofiilien viimeistelymenetelmien sijaan?<\/b><\/p>\n<p>Jauhemaalaus on ymp\u00e4rist\u00f6yst\u00e4v\u00e4llist\u00e4, tuottaa v\u00e4hemm\u00e4n j\u00e4tett\u00e4, tarjoaa paksumman ja tasaisemman pinnoitteen ja kest\u00e4\u00e4 paremmin kuin nestem\u00e4iset maalit.<br \/>\n<\/p><br \/>\n<br \/>\n<p><b>4.Voiko jauhemaalattuja alumiiniprofiileja r\u00e4\u00e4t\u00e4l\u00f6id\u00e4?<\/b><\/p>\n<p>Kyll\u00e4, jauhemaalattuja alumiiniprofiileja voidaan r\u00e4\u00e4t\u00e4l\u00f6id\u00e4 v\u00e4rin, rakenteen, kiiltotason ja paksuuden osalta erityisten suunnittelu- ja suorituskykyvaatimusten t\u00e4ytt\u00e4miseksi.<br \/>\n<\/p><br \/>\n<br \/>\n<p><b>5.Mit\u00e4 pintak\u00e4sittelyj\u00e4 alumiiniprofiilien jauhemaalaukseen on saatavana?<\/b><\/p>\n<p>Jauhemaalaus tarjoaa laajan valikoiman v\u00e4rej\u00e4, viimeistelyj\u00e4, kuten matta, kiilt\u00e4v\u00e4 ja kuvioitu pinta, jotka parantavat profiilin ulkon\u00e4k\u00f6\u00e4 ja suojausta.<br \/>\n<\/p><br \/>\n<br \/>\n<p><b>6.Soveltuvatko jauhemaalatut alumiiniprofiilit ulkok\u00e4ytt\u00f6\u00f6n?<\/b><\/p>\n<p>Kyll\u00e4, jauhemaalatut alumiiniprofiilit kest\u00e4v\u00e4t erinomaisesti s\u00e4\u00e4t\u00e4 ja suojaavat UV-s\u00e4teilt\u00e4, kosteudelta ja korroosiolta ulkotiloissa.<br \/>\n<\/p><br \/>\n<br \/>\n<p><b>7.Miten jauhemaalaus parantaa alumiiniprofiilien kest\u00e4vyytt\u00e4?<\/b><\/p>\n<p>Jauhemaalaus on v\u00e4h\u00e4hiilihappoinen ja energiatehokas prosessi, ja alumiini on 100%-kierr\u00e4tett\u00e4v\u00e4\u00e4, mik\u00e4 tekee jauhemaalatuista profiileista ymp\u00e4rist\u00f6yst\u00e4v\u00e4llisen rakennusmateriaalin.<br \/>\n<\/p><br \/>\n<br \/>\n<p><b>8.Mill\u00e4 teollisuudenaloilla k\u00e4ytet\u00e4\u00e4n yleisesti jauhemaalattuja alumiiniprofiileja?<\/b><\/p>\n<p>Rakennus-, auto-, huonekalu- ja elektroniikkateollisuudessa k\u00e4ytet\u00e4\u00e4n jauhemaalattuja alumiiniprofiileja niiden kest\u00e4vyyden, esteettisyyden ja korroosionkest\u00e4vyyden vuoksi.<br \/>\n<\/p><br \/><\/p>","protected":false},"featured_media":6490,"template":"","categories":[61],"class_list":["post-6491","product","type-product","status-publish","has-post-thumbnail","hentry","category-powder-coating-aluminum-profile"],"meta_box":{"hilight_text_group":{"product_hilight_text":"<li>High-quality powder coating provides excellent corrosion and wear resistance<\/li>\r\r\n<li>Available in standard aluminum profile shapes and sizes<\/li>\r\r\n<li>Durable finish with vibrant colors for aesthetic appeal<\/li>\r\r\n<li>Lightweight and strong, suitable for construction and industrial use<\/li>\r\r\n<li>Supports bulk supply with consistent quality and timely delivery<\/li>","product_chanpin_blog":"<ul>\r\r\n<li><a href=\"https:\/\/sinoextrud.com\/t-slot-v-slot-differences\/\" target=\"_blank\">t slot vs v slot<\/a><\/li>\r\r\n<li><a href=\"https:\/\/sinoextrud.com\/what-is-4040-aluminium-extrud\/\" target=\"_blank\">4040 aluminium extrusion<\/a><\/li>\r\r\n<li><a href=\"https:\/\/sinoextrud.com\/what-is-4040-aluminium-extrud\/\" target=\"_blank\">aluminum extrusions for industrial racks<\/a><\/li>\r\r\n<li><a href=\"https:\/\/sinoextrud.com\/powder-coating-aluminium-process\/\" target=\"_blank\">powder coating aluminium<\/a><\/li>\r\r\n<li><a href=\"https:\/\/sinoextrud.com\/what-is-an-aluminium-strip-ceiling\/\" target=\"_blank\">aluminium strip ceiling<\/a><\/li>\r\r\n<li><a href=\"https:\/\/sinoextrud.com\/what-is-a-heat-sink\/\" target=\"_blank\">what is a heat sink<\/a><\/li>\r\r\n<\/ul>","product_chanpin_chanpin":"<li><a href=\"https:\/\/sinoextrud.com\/product\/china-aluminum-extrusion-6061-6063-anodized-aluminum-pipe\/\" target=\"_blank\">China Aluminum Extrusion 6061 6063 Anodized Aluminum Pipe<\/a><\/li>\r\n<li><a href=\"https:\/\/sinoextrud.com\/product\/anodized-aluminum-tubes\/\" target=\"_blank\">Anodized Aluminum Tubes<\/a><\/li>\r\n<li><a href=\"https:\/\/sinoextrud.com\/product\/6061-oval-aluminum-tubing\/\" target=\"_blank\">6061 Oval Aluminum Tubing<\/a><\/li>\r\n<li><a href=\"https:\/\/sinoextrud.com\/product\/extruded-aluminum-rectangular-tubing\/\" target=\"_blank\">Extruded Aluminum Rectangular Tubing<\/a><\/li>\r\n<li><a href=\"https:\/\/sinoextrud.com\/product\/power-coating-standard-aluminium-profiles\/\" target=\"_blank\">Power Coating Standard Aluminium Profiles<\/a><\/li>\r\n<li><a href=\"https:\/\/sinoextrud.com\/product\/aluminum-tube-coated-powder-price-per-kg-for-lowes-aluminum-pipe-fence-china\/\" target=\"_blank\">aluminum tube coated powder price per kg for lowes aluminum pipe fence china<\/a><\/li>\r\n<li><a href=\"https:\/\/sinoextrud.com\/product\/powder-coated-aluminium-extrusion\/\" target=\"_blank\">Powder Coated Aluminium Extrusion<\/a><\/li>\r\n<li><a href=\"https:\/\/sinoextrud.com\/product\/aluminium-extrusion-profile-with-pvdf-coating\/\" target=\"_blank\">Aluminium Extrusion Profile With PVDF Coating<\/a><\/li>\r\n<li><a href=\"https:\/\/sinoextrud.com\/product\/powder-coated-extrusions-aluminum-corrosion-resistant-for-10-years-in-door\/\" target=\"_blank\">Powder Coated Extrusions Aluminum Corrosion Resistant For 10 Years In Door<\/a><\/li>\r\n<li><a href=\"https:\/\/sinoextrud.com\/product\/wood-grain-aluminum-square-tube\/\" target=\"_blank\">Wood Grain Aluminum Square Tube<\/a><\/li>\r\n<li><a href=\"https:\/\/sinoextrud.com\/product\/cutting-aluminum-extrusion\/\" target=\"_blank\">Cutting Aluminum Extrusion<\/a><\/li>"},"feature_list":[]},"_links":{"self":[{"href":"https:\/\/sinoextrud.com\/fi\/wp-json\/wp\/v2\/product\/6491","targetHints":{"allow":["GET"]}}],"collection":[{"href":"https:\/\/sinoextrud.com\/fi\/wp-json\/wp\/v2\/product"}],"about":[{"href":"https:\/\/sinoextrud.com\/fi\/wp-json\/wp\/v2\/types\/product"}],"wp:featuredmedia":[{"embeddable":true,"href":"https:\/\/sinoextrud.com\/fi\/wp-json\/wp\/v2\/media\/6490"}],"wp:attachment":[{"href":"https:\/\/sinoextrud.com\/fi\/wp-json\/wp\/v2\/media?parent=6491"}],"wp:term":[{"taxonomy":"category","embeddable":true,"href":"https:\/\/sinoextrud.com\/fi\/wp-json\/wp\/v2\/categories?post=6491"}],"curies":[{"name":"wp","href":"https:\/\/api.w.org\/{rel}","templated":true}]}}