{"id":6478,"date":"2025-05-29T02:56:35","date_gmt":"2025-05-29T02:56:35","guid":{"rendered":"https:\/\/sinoextrud.com\/product\/china-aluminum-extrusion-6061-6063-anodized-aluminum-pipe\/"},"modified":"2025-06-24T06:10:59","modified_gmt":"2025-06-24T06:10:59","slug":"kiina-alumiini-suulakepuristus-6061-6063-anodisoitu-alumiini-putki","status":"publish","type":"product","link":"https:\/\/sinoextrud.com\/fi\/product\/china-aluminum-extrusion-6061-6063-anodized-aluminum-pipe\/","title":{"rendered":"Kiina alumiini suulakepuristus 6061 6063 anodisoitu alumiini putki"},"content":{"rendered":"<h2>Tuotteiden tiedot<\/h2>\n<table class=\"custom-table\">\n<tr>\n<td class=\"label\">Kohde<\/td>\n<td>Kiina alumiini suulakepuristus 6061 6063 anodisoitu alumiini putki toimittaja<\/td>\n<\/tr>\n<tr>\n<td class=\"label\">Alumiiniseos nro.<\/td>\n<td>6061, 6063 jne.<\/td>\n<\/tr>\n<tr>\n<td class=\"label\">L\u00e4mp\u00f6k\u00e4sittely<\/td>\n<td>T4, T5, T6<\/td>\n<\/tr>\n<tr>\n<td class=\"label\">Muoto<\/td>\n<td>Nelikulmainen putki \/ Suorakulmainen putki \/ Py\u00f6re\u00e4 putki \/ Soikea putki \/ Kolmion putki \/ Puolisuunnikas putki \/ Puolipy\u00f6re\u00e4 putki \/ Erikoisvalmisteinen putki<\/td>\n<\/tr>\n<tr>\n<td class=\"label\">Pinnan viimeistely<\/td>\n<td>viimeistelty, anodisoitu, puukuvioitu, tehopinnoitus, hiekkapuhallus, elektroforeesi, harjaus, kiillotus jne.<\/td>\n<\/tr>\n<tr>\n<td class=\"label\">CNC-syv\u00e4k\u00e4sittely<\/td>\n<td>leikkaaminen, poraaminen, koneistaminen, l\u00e4vist\u00e4minen, taivuttaminen, napauttaminen jne.<\/td>\n<\/tr>\n<tr>\n<td class=\"label\">Home<\/td>\n<td>Tuhansia saatavilla olevia muotteja varastossa<\/td>\n<\/tr>\n<tr>\n<td class=\"label\">Muoto<\/td>\n<td>py\u00f6re\u00e4, neli\u00f6, suorakulmio, soikea<\/td>\n<\/tr>\n<tr>\n<td class=\"label\">Pituus<\/td>\n<td>r\u00e4\u00e4t\u00e4l\u00f6ity<\/td>\n<\/tr>\n<tr>\n<td class=\"label\">Pakkaus<\/td>\n<td>r\u00e4\u00e4t\u00e4l\u00f6ity<\/td>\n<\/tr>\n<\/table>\n<h2>Tuotantopohjamme<\/h2>\n<h3>Tehtaan panoraama<\/h3>\n<p><img decoding=\"async\" src=\"\/wp-content\/uploads\/factory-01.webp\"\/><\/p>\n<h3>Alumiini Bar Manufacturing Workshop<\/h3>\n<p><img decoding=\"async\" src=\"\/wp-content\/uploads\/factory-02.webp\"\/><\/p>\n<p><img decoding=\"async\" src=\"\/wp-content\/uploads\/factory-03.webp\"\/><\/p>\n<h3>Muotin varastointi Varasto<\/h3>\n<p><img decoding=\"async\" src=\"\/wp-content\/uploads\/factory-04.webp\"\/><\/p>\n<h3>43 Alumiini ekstruusiolinjat (500\u00e2 5500 tonnia)<\/h3>\n<p><img decoding=\"async\" src=\"\/wp-content\/uploads\/factory-05.webp\"\/><\/p>\n<p><img decoding=\"async\" src=\"\/wp-content\/uploads\/factory-06.webp\"\/><\/p>\n<p><img decoding=\"async\" src=\"\/wp-content\/uploads\/factory-07.webp\"\/><\/p>\n<h3>Jauhemaalaus ty\u00f6paja<\/h3>\n<p><img decoding=\"async\" src=\"\/wp-content\/uploads\/factory-09.webp\"\/><\/p>\n<h3>Anodisointi ty\u00f6paja<\/h3>\n<p><img decoding=\"async\" src=\"\/wp-content\/uploads\/factory-10.webp\"\/><\/p>\n<h3>Syv\u00e4k\u00e4sittelyn ty\u00f6paja<\/h3>\n<p><img decoding=\"async\" src=\"\/wp-content\/uploads\/factory-11.webp\"\/><\/p>\n<h3>CNC-tarkkuuskoneistus ty\u00f6paja<\/h3>\n<p><img decoding=\"async\" src=\"\/wp-content\/uploads\/factory-11.5.webp\"\/><\/p>\n<h3>Valmiiden tuotteiden ja vientivarasto<\/h3>\n<p><img decoding=\"async\" src=\"\/wp-content\/uploads\/factory-12.webp\"\/><\/p>\n<p><img decoding=\"async\" src=\"\/wp-content\/uploads\/factory-13.webp\"\/><\/p>\n<p><img decoding=\"async\" src=\"\/wp-content\/uploads\/factory-14.webp\"\/><\/p>\n<h2>FAQ<\/h2>\n<p><p><b>1.Mit\u00e4 tuotteita Kiina alumiini suulakepuristus 6061 6063 anodisoitu alumiini Pipe toimittaja tarjoaa?<\/b><\/p>\n<p>Ne tarjoavat korkealaatuisia 6061- ja 6063-alumiiniputkia, joissa on anodisoidut pinnoitteet ja jotka soveltuvat rakennus-, auto-, meri- ja teollisuussovelluksiin.<br \/>\n<\/p><br \/>\n<br \/>\n<p><b>2.Mitk\u00e4 ovat 6061- ja 6063-anodisoitujen alumiiniputkien edut?<\/b><\/p>\n<p>6061- ja 6063-seokset tarjoavat erinomaisen korroosionkest\u00e4vyyden ja hyv\u00e4n mekaanisen lujuuden, ja anodisoitu pinta parantaa kest\u00e4vyytt\u00e4 ja esteettisyytt\u00e4.<br \/>\n<\/p><br \/>\n<br \/>\n<p><b>3.Miksi valita Kiinan alumiini suulakepuristus toimittaja 6061 ja 6063 anodisoitu alumiini putket?<\/b><\/p>\n<p>Kiinalaiset toimittajat tarjoavat kilpailukykyist\u00e4 hinnoittelua, kehittynytt\u00e4 valmistustekniikkaa ja nopeaa tuotantokapasiteettia s\u00e4ilytt\u00e4en samalla kansainv\u00e4liset laatustandardit.<br \/>\n<\/p><br \/>\n<br \/>\n<p><b>4.Can 6061 ja 6063 anodisoidut alumiiniputket voidaan r\u00e4\u00e4t\u00e4l\u00f6id\u00e4?<\/b><\/p>\n<p>Kyll\u00e4, toimittajat tarjoavat r\u00e4\u00e4t\u00e4l\u00f6inti\u00e4 putken halkaisijan, sein\u00e4m\u00e4n paksuuden, pituuden ja anodisoidun v\u00e4rin osalta projektin erityisvaatimusten t\u00e4ytt\u00e4miseksi.<br \/>\n<\/p><br \/>\n<br \/>\n<p><b>5.Mit\u00e4 pintak\u00e4sittelyj\u00e4 on saatavana alumiiniputkille kiinalaisilta toimittajilta?<\/b><\/p>\n<p>Anodisoinnin lis\u00e4ksi toimittajat voivat tarjota jauhemaalausta, kiillotusta ja jyrsint\u00e4\u00e4 korroosionkest\u00e4vyyden ja visuaalisen laadun parantamiseksi.<br \/>\n<\/p><br \/>\n<br \/>\n<p><b>6.Ovatko 6061 ja 6063 anodisoidut alumiiniputket sopivia ulkok\u00e4ytt\u00f6\u00f6n?<\/b><\/p>\n<p>Kyll\u00e4, anodisoidut pinnoitteet suojaavat erinomaisesti UV-s\u00e4teilylt\u00e4, kosteudelta ja ankarilta s\u00e4\u00e4olosuhteilta, joten n\u00e4m\u00e4 putket soveltuvat erinomaisesti ulkok\u00e4ytt\u00f6\u00f6n.<br \/>\n<\/p><br \/>\n<br \/>\n<p><b>7.Miten hankkiminen kiinalaiselta alumiinipuristemateriaalin toimittajalta tukee kest\u00e4v\u00e4\u00e4 valmistusta?<\/b><\/p>\n<p>Kiinalaiset toimittajat k\u00e4ytt\u00e4v\u00e4t kierr\u00e4tett\u00e4v\u00e4\u00e4 alumiinia ja kehittyneit\u00e4 suulakepuristusprosesseja j\u00e4tteen minimoimiseksi, mik\u00e4 tukee ymp\u00e4rist\u00f6yst\u00e4v\u00e4llist\u00e4 tuotantoa.<br \/>\n<\/p><br \/>\n<br \/>\n<p><b>8.Mitk\u00e4 teollisuudenalat k\u00e4ytt\u00e4v\u00e4t yleisesti 6061 ja 6063 anodisoituja alumiiniputkia Kiinan toimittajilta?<\/b><\/p>\n<p>Rakennus-, auto-, merenkulku-, elektroniikka- ja huonekaluteollisuus luottaa n\u00e4ihin putkiin niiden lujuuden, kest\u00e4vyyden ja korroosionkest\u00e4vyyden vuoksi.<br \/>\n<\/p><br \/><\/p>","protected":false},"featured_media":6477,"template":"","categories":[60],"class_list":["post-6478","product","type-product","status-publish","has-post-thumbnail","hentry","category-general-tubes-and-bars"],"meta_box":{"hilight_text_group":{"product_hilight_text":"<li>Leading China supplier of 6061 and 6063 anodized aluminum pipes<\/li>\r\r\n<li>High-quality anodizing process enhances corrosion resistance and surface durability<\/li>\r\r\n<li>Wide range of sizes and custom specifications available<\/li>\r\r\n<li>Competitive pricing with reliable bulk supply and timely delivery<\/li>\r\r\n<li>Supports OEM services and customized extrusion solutions<\/li>","product_chanpin_blog":"<ul>\r\r\n<li><a href=\"https:\/\/sinoextrud.com\/t-slot-v-slot-differences\/\" target=\"_blank\">t slot vs v slot<\/a><\/li>\r\r\n<li><a href=\"https:\/\/sinoextrud.com\/what-is-4040-aluminium-extrud\/\" target=\"_blank\">4040 aluminium extrusion<\/a><\/li>\r\r\n<li><a href=\"https:\/\/sinoextrud.com\/what-is-4040-aluminium-extrud\/\" target=\"_blank\">aluminum extrusions for industrial racks<\/a><\/li>\r\r\n<li><a href=\"https:\/\/sinoextrud.com\/powder-coating-aluminium-process\/\" target=\"_blank\">powder coating aluminium<\/a><\/li>\r\r\n<li><a href=\"https:\/\/sinoextrud.com\/what-is-an-aluminium-strip-ceiling\/\" target=\"_blank\">aluminium strip ceiling<\/a><\/li>\r\r\n<li><a href=\"https:\/\/sinoextrud.com\/what-is-a-heat-sink\/\" target=\"_blank\">what is a heat sink<\/a><\/li>\r\r\n<\/ul>","product_chanpin_chanpin":"<li><a href=\"https:\/\/sinoextrud.com\/product\/6063-aluminum-pipe-fire-hydrant-aluminum-profile\/\" target=\"_blank\">6063 Aluminum Pipe Fire Hydrant Aluminum Profile<\/a><\/li>\r\n<li><a href=\"https:\/\/sinoextrud.com\/product\/aluminum-extrusion-electrophoresis-aluminum-tube\/\" target=\"_blank\">Aluminum Extrusion Electrophoresis Aluminum Tube<\/a><\/li>\r\n<li><a href=\"https:\/\/sinoextrud.com\/product\/aluminum-square-tube-powder-coating-6063-t5-extruded-profiles\/\" target=\"_blank\">aluminum square tube powder coating 6063 t5 extruded profiles<\/a><\/li>\r\n<li><a href=\"https:\/\/sinoextrud.com\/product\/custom-large-diameter-extruded-aluminum-pipe\/\" target=\"_blank\">Custom Large Diameter Extruded Aluminum Pipe<\/a><\/li>\r\n<li><a href=\"https:\/\/sinoextrud.com\/product\/china-aluminum-extrusion-6061-6063-anodized-aluminum-pipe\/\" target=\"_blank\">China Aluminum Extrusion 6061 6063 Anodized Aluminum Pipe<\/a><\/li>\r\n<li><a href=\"https:\/\/sinoextrud.com\/product\/anodized-aluminum-tubes\/\" target=\"_blank\">Anodized Aluminum Tubes<\/a><\/li>\r\n<li><a href=\"https:\/\/sinoextrud.com\/product\/6061-oval-aluminum-tubing\/\" target=\"_blank\">6061 Oval Aluminum Tubing<\/a><\/li>\r\n<li><a href=\"https:\/\/sinoextrud.com\/product\/extruded-aluminum-rectangular-tubing\/\" target=\"_blank\">Extruded Aluminum Rectangular Tubing<\/a><\/li>\r\n<li><a href=\"https:\/\/sinoextrud.com\/product\/power-coating-standard-aluminium-profiles\/\" target=\"_blank\">Power Coating Standard Aluminium Profiles<\/a><\/li>\r\n<li><a href=\"https:\/\/sinoextrud.com\/product\/aluminum-glazing-extrusions\/\" target=\"_blank\">Aluminum Glazing Extrusions<\/a><\/li>\r\n<li><a href=\"https:\/\/sinoextrud.com\/product\/10-series-golden-aluminum-extrusion-profiles\/\" target=\"_blank\">10 Series Golden Aluminum Extrusion Profiles<\/a><\/li>"},"feature_list":[]},"_links":{"self":[{"href":"https:\/\/sinoextrud.com\/fi\/wp-json\/wp\/v2\/product\/6478","targetHints":{"allow":["GET"]}}],"collection":[{"href":"https:\/\/sinoextrud.com\/fi\/wp-json\/wp\/v2\/product"}],"about":[{"href":"https:\/\/sinoextrud.com\/fi\/wp-json\/wp\/v2\/types\/product"}],"wp:featuredmedia":[{"embeddable":true,"href":"https:\/\/sinoextrud.com\/fi\/wp-json\/wp\/v2\/media\/6477"}],"wp:attachment":[{"href":"https:\/\/sinoextrud.com\/fi\/wp-json\/wp\/v2\/media?parent=6478"}],"wp:term":[{"taxonomy":"category","embeddable":true,"href":"https:\/\/sinoextrud.com\/fi\/wp-json\/wp\/v2\/categories?post=6478"}],"curies":[{"name":"wp","href":"https:\/\/api.w.org\/{rel}","templated":true}]}}