{"id":6476,"date":"2025-05-29T02:54:41","date_gmt":"2025-05-29T02:54:41","guid":{"rendered":"https:\/\/sinoextrud.com\/product\/custom-large-diameter-extruded-aluminum-pipe\/"},"modified":"2025-06-24T06:10:59","modified_gmt":"2025-06-24T06:10:59","slug":"mukautettu-suuri-halkaisija-suulakepuristettua-alumiiniputkea","status":"publish","type":"product","link":"https:\/\/sinoextrud.com\/fi\/product\/custom-large-diameter-extruded-aluminum-pipe\/","title":{"rendered":"Custom suuri halkaisija suulakepuristettu alumiini putki"},"content":{"rendered":"<h2>Tuotteiden tiedot<\/h2>\n<table class=\"custom-table\">\n<tr>\n<td class=\"label\">Tuotteen nimi<\/td>\n<td>Custom suuri halkaisija suulakepuristettua alumiiniputkea valmistaja<\/td>\n<\/tr>\n<tr>\n<td class=\"label\">Tuotevalikoima<\/td>\n<td>Alumiinipuristeet suurelle halkaisijaltaan alumiiniputki, suuri halkaisija alumiiniputki, suuri halkaisija alumiiniputki, suuret alumiiniputket, suuri alumiiniputki, alumiiniputki suuri halkaisija, suuri alumiiniputki, suuri alumiiniputki, jne.<\/td>\n<\/tr>\n<tr>\n<td class=\"label\">Sopivat j\u00e4rjestelm\u00e4t Tyypit<\/td>\n<td>hitsattujen putkien, \u00f6ljy- ja kaasuputkien, vesiputkien ja korkeapaineastioiden jne. valmistukseen.<\/td>\n<\/tr>\n<tr>\n<td class=\"label\">Materiaali<\/td>\n<td>alumiiniseos 6061, 6063, 3003, 7003, 7075<\/td>\n<\/tr>\n<tr>\n<td class=\"label\">Pintak\u00e4sittely<\/td>\n<td>viimeistelty, anodisoitu, puukuvioitu, tehopinnoitus, hiekkapuhallus, elektroforeesi, harjaus, kiillotus jne.<\/td>\n<\/tr>\n<tr>\n<td class=\"label\">CNC-syv\u00e4k\u00e4sittely<\/td>\n<td>leikkaaminen, poraaminen, koneistaminen, l\u00e4vist\u00e4minen, taivuttaminen, kierteitt\u00e4minen jne.<\/td>\n<\/tr>\n<tr>\n<td class=\"label\">Halkaisija<\/td>\n<td>Jopa 300mm<\/td>\n<\/tr>\n<tr>\n<td class=\"label\">Pituus<\/td>\n<td>1-9 metri\u00e4 tai CNC-leikkaus pyydett\u00e4ess\u00e4.<\/td>\n<\/tr>\n<tr>\n<td class=\"label\">Takuu<\/td>\n<td>20 vuotta<\/td>\n<\/tr>\n<tr>\n<td class=\"label\">Toimitusaika<\/td>\n<td>Normaalisti 15-25 p\u00e4iv\u00e4\u00e4<\/td>\n<\/tr>\n<tr>\n<td class=\"label\">Maksuehdot<\/td>\n<td>30% talletus ennen tuotantoa ja saldo ennen l\u00e4hetyst\u00e4.<\/td>\n<\/tr>\n<\/table>\n<h2>Tuotantopohjamme<\/h2>\n<h3>Tehtaan panoraama<\/h3>\n<p><img decoding=\"async\" src=\"\/wp-content\/uploads\/factory-01.webp\"\/><\/p>\n<h3>Alumiini Bar Manufacturing Workshop<\/h3>\n<p><img decoding=\"async\" src=\"\/wp-content\/uploads\/factory-02.webp\"\/><\/p>\n<p><img decoding=\"async\" src=\"\/wp-content\/uploads\/factory-03.webp\"\/><\/p>\n<h3>Muotin varastointi Varasto<\/h3>\n<p><img decoding=\"async\" src=\"\/wp-content\/uploads\/factory-04.webp\"\/><\/p>\n<h3>43 Alumiini ekstruusiolinjat (500\u00e2 5500 tonnia)<\/h3>\n<p><img decoding=\"async\" src=\"\/wp-content\/uploads\/factory-05.webp\"\/><\/p>\n<p><img decoding=\"async\" src=\"\/wp-content\/uploads\/factory-06.webp\"\/><\/p>\n<p><img decoding=\"async\" src=\"\/wp-content\/uploads\/factory-07.webp\"\/><\/p>\n<h3>Jauhemaalaus ty\u00f6paja<\/h3>\n<p><img decoding=\"async\" src=\"\/wp-content\/uploads\/factory-09.webp\"\/><\/p>\n<h3>Anodisointi ty\u00f6paja<\/h3>\n<p><img decoding=\"async\" src=\"\/wp-content\/uploads\/factory-10.webp\"\/><\/p>\n<h3>Syv\u00e4k\u00e4sittelyn ty\u00f6paja<\/h3>\n<p><img decoding=\"async\" src=\"\/wp-content\/uploads\/factory-11.webp\"\/><\/p>\n<h3>CNC-tarkkuuskoneistus ty\u00f6paja<\/h3>\n<p><img decoding=\"async\" src=\"\/wp-content\/uploads\/factory-11.5.webp\"\/><\/p>\n<h3>Valmiiden tuotteiden ja vientivarasto<\/h3>\n<p><img decoding=\"async\" src=\"\/wp-content\/uploads\/factory-12.webp\"\/><\/p>\n<p><img decoding=\"async\" src=\"\/wp-content\/uploads\/factory-13.webp\"\/><\/p>\n<p><img decoding=\"async\" src=\"\/wp-content\/uploads\/factory-14.webp\"\/><\/p>\n<h2>FAQ<\/h2>\n<p><p><b>1.What palvelut ei mukautetun suuren halkaisijan suulakepuristetun alumiiniputken valmistaja tarjoaa?<\/b><\/p>\n<p>Ne tarjoavat r\u00e4\u00e4t\u00e4l\u00f6ityj\u00e4 suuril\u00e4pimittaisia alumiiniputkia, joiden halkaisijat, sein\u00e4m\u00e4paksuudet, seokset ja pituudet vastaavat ainutlaatuisia projektivaatimuksia.<br \/>\n<\/p><br \/>\n<br \/>\n<p><b>2.Mitk\u00e4 ovat t\u00e4rkeimm\u00e4t edut, kun k\u00e4ytet\u00e4\u00e4n r\u00e4\u00e4t\u00e4l\u00f6ityj\u00e4 suurihalkaisijaisia suulakepuristettuja alumiiniputkia?<\/b><\/p>\n<p>R\u00e4\u00e4t\u00e4l\u00f6idyt putket tarjoavat tarkat mitat, erinomaisen lujuus-painosuhteen, erinomaisen korroosionkest\u00e4vyyden ja paremman kest\u00e4vyyden vaativiin sovelluksiin.<br \/>\n<\/p><br \/>\n<br \/>\n<p><b>3.Miksi valita r\u00e4\u00e4t\u00e4l\u00f6ity valmistaja suurille halkaisijaltaan suulakepuristetuille alumiiniputkille?<\/b><\/p>\n<p>R\u00e4\u00e4t\u00e4l\u00f6idyt valmistajat takaavat laadunvalvonnan, suunnittelun joustavuuden ja kyvyn t\u00e4ytt\u00e4\u00e4 tiukat teollisuusstandardit ja ainutlaatuiset tekniset vaatimukset.<br \/>\n<\/p><br \/>\n<br \/>\n<p><b>4.Can mukautetun suuren halkaisijan suulakepuristetut alumiiniputket voidaan viimeistell\u00e4 pintak\u00e4sittelyill\u00e4?<\/b><\/p>\n<p>Kyll\u00e4, vaihtoehtoja ovat anodisointi, jauhemaalaus ja kiillotus korroosionkest\u00e4vyyden, estetiikan ja kulumissuojan parantamiseksi.<br \/>\n<\/p><br \/>\n<br \/>\n<p><b>5.Mitk\u00e4 teollisuudenalat hy\u00f6tyv\u00e4t r\u00e4\u00e4t\u00e4l\u00f6idyist\u00e4 suurista halkaisijaltaan suulakepuristetuista alumiiniputkista?<\/b><\/p>\n<p>Teollisuudenalat, kuten ilmailu- ja avaruusteollisuus, \u00f6ljy- ja kaasuteollisuus, merenkulku, rakentaminen ja kuljetusala, luottavat alumiiniputkiin kriittisiss\u00e4 rakenne- ja nestekuljetussovelluksissa.<br \/>\n<\/p><br \/>\n<br \/>\n<p><b>6.Miten mukautettu puristaminen parantaa halkaisijaltaan suurten alumiiniputkien suorituskyky\u00e4?<\/b><\/p>\n<p>R\u00e4\u00e4t\u00e4l\u00f6ity suulakepuristus mahdollistaa tasaisen sein\u00e4m\u00e4paksuuden, optimoidun seosvalinnan ja tarkat toleranssit, jotka parantavat mekaanisia ominaisuuksia ja pitk\u00e4ik\u00e4isyytt\u00e4.<br \/>\n<\/p><br \/>\n<br \/>\n<p><b>7.Ovatko r\u00e4\u00e4t\u00e4l\u00f6idyt halkaisijaltaan suuret suulakepuristetut alumiiniputket kustannustehokkaita?<\/b><\/p>\n<p>Vaikka alkukustannukset voivat olla korkeammat kuin vakioputkien, r\u00e4\u00e4t\u00e4l\u00f6inti v\u00e4hent\u00e4\u00e4 j\u00e4tett\u00e4, parantaa istuvuutta ja v\u00e4hent\u00e4\u00e4 huoltoa, mik\u00e4 johtaa kustannuss\u00e4\u00e4st\u00f6ihin pitk\u00e4ll\u00e4 aikav\u00e4lill\u00e4.<br \/>\n<\/p><br \/>\n<br \/>\n<p><b>8.How r\u00e4\u00e4t\u00e4l\u00f6idyt suuril\u00e4pimittaiset suulakepuristetut alumiiniputket tukevat kest\u00e4v\u00e4\u00e4 valmistusta?<\/b><\/p>\n<p>N\u00e4m\u00e4 putket on valmistettu kierr\u00e4tett\u00e4v\u00e4st\u00e4 alumiinista, ja ne minimoivat materiaalih\u00e4vikin tarkan puristamisen avulla, mik\u00e4 edist\u00e4\u00e4 ymp\u00e4rist\u00f6yst\u00e4v\u00e4llisi\u00e4 tuotantok\u00e4yt\u00e4nt\u00f6j\u00e4.<br \/>\n<\/p><br \/><\/p>","protected":false},"featured_media":6475,"template":"","categories":[60],"class_list":["post-6476","product","type-product","status-publish","has-post-thumbnail","hentry","category-general-tubes-and-bars"],"meta_box":{"hilight_text_group":{"product_hilight_text":"<li>Specializes in custom large diameter aluminum pipes tailored to project needs<\/li>\r\r\n<li>Uses high-quality alloys for superior strength and corrosion resistance<\/li>\r\r\n<li>Advanced extrusion technology ensures precise dimensions and surface finish<\/li>\r\r\n<li>Supports bulk orders with consistent quality and timely delivery<\/li>\r\r\n<li>Offers flexible customization including sizes, wall thicknesses, and finishes<\/li>","product_chanpin_blog":"<ul>\r\r\n<li><a href=\"https:\/\/sinoextrud.com\/t-slot-v-slot-differences\/\" target=\"_blank\">t slot vs v slot<\/a><\/li>\r\r\n<li><a href=\"https:\/\/sinoextrud.com\/what-is-4040-aluminium-extrud\/\" target=\"_blank\">4040 aluminium extrusion<\/a><\/li>\r\r\n<li><a href=\"https:\/\/sinoextrud.com\/what-is-4040-aluminium-extrud\/\" target=\"_blank\">aluminum extrusions for industrial racks<\/a><\/li>\r\r\n<li><a href=\"https:\/\/sinoextrud.com\/powder-coating-aluminium-process\/\" target=\"_blank\">powder coating aluminium<\/a><\/li>\r\r\n<li><a href=\"https:\/\/sinoextrud.com\/what-is-an-aluminium-strip-ceiling\/\" target=\"_blank\">aluminium strip ceiling<\/a><\/li>\r\r\n<li><a href=\"https:\/\/sinoextrud.com\/what-is-a-heat-sink\/\" target=\"_blank\">what is a heat sink<\/a><\/li>\r\r\n<\/ul>","product_chanpin_chanpin":"<li><a href=\"https:\/\/sinoextrud.com\/product\/triangle-champagne-aluminum-extruded-tube\/\" target=\"_blank\">Triangle Champagne Aluminum Extruded Tube<\/a><\/li>\r\n<li><a href=\"https:\/\/sinoextrud.com\/product\/6063-aluminum-pipe-fire-hydrant-aluminum-profile\/\" target=\"_blank\">6063 Aluminum Pipe Fire Hydrant Aluminum Profile<\/a><\/li>\r\n<li><a href=\"https:\/\/sinoextrud.com\/product\/aluminum-extrusion-electrophoresis-aluminum-tube\/\" target=\"_blank\">Aluminum Extrusion Electrophoresis Aluminum Tube<\/a><\/li>\r\n<li><a href=\"https:\/\/sinoextrud.com\/product\/aluminum-square-tube-powder-coating-6063-t5-extruded-profiles\/\" target=\"_blank\">aluminum square tube powder coating 6063 t5 extruded profiles<\/a><\/li>\r\n<li><a href=\"https:\/\/sinoextrud.com\/product\/custom-large-diameter-extruded-aluminum-pipe\/\" target=\"_blank\">Custom Large Diameter Extruded Aluminum Pipe<\/a><\/li>\r\n<li><a href=\"https:\/\/sinoextrud.com\/product\/china-aluminum-extrusion-6061-6063-anodized-aluminum-pipe\/\" target=\"_blank\">China Aluminum Extrusion 6061 6063 Anodized Aluminum Pipe<\/a><\/li>\r\n<li><a href=\"https:\/\/sinoextrud.com\/product\/anodized-aluminum-tubes\/\" target=\"_blank\">Anodized Aluminum Tubes<\/a><\/li>\r\n<li><a href=\"https:\/\/sinoextrud.com\/product\/6061-oval-aluminum-tubing\/\" target=\"_blank\">6061 Oval Aluminum Tubing<\/a><\/li>\r\n<li><a href=\"https:\/\/sinoextrud.com\/product\/extruded-aluminum-rectangular-tubing\/\" target=\"_blank\">Extruded Aluminum Rectangular Tubing<\/a><\/li>\r\n<li><a href=\"https:\/\/sinoextrud.com\/product\/aluminium-picture-frame-extrusions\/\" target=\"_blank\">Aluminium Picture Frame Extrusions<\/a><\/li>\r\n<li><a href=\"https:\/\/sinoextrud.com\/product\/custom-industrial-aluminum-profiles\/\" target=\"_blank\">Custom Industrial Aluminum Profiles<\/a><\/li>"},"feature_list":[]},"_links":{"self":[{"href":"https:\/\/sinoextrud.com\/fi\/wp-json\/wp\/v2\/product\/6476","targetHints":{"allow":["GET"]}}],"collection":[{"href":"https:\/\/sinoextrud.com\/fi\/wp-json\/wp\/v2\/product"}],"about":[{"href":"https:\/\/sinoextrud.com\/fi\/wp-json\/wp\/v2\/types\/product"}],"wp:featuredmedia":[{"embeddable":true,"href":"https:\/\/sinoextrud.com\/fi\/wp-json\/wp\/v2\/media\/6475"}],"wp:attachment":[{"href":"https:\/\/sinoextrud.com\/fi\/wp-json\/wp\/v2\/media?parent=6476"}],"wp:term":[{"taxonomy":"category","embeddable":true,"href":"https:\/\/sinoextrud.com\/fi\/wp-json\/wp\/v2\/categories?post=6476"}],"curies":[{"name":"wp","href":"https:\/\/api.w.org\/{rel}","templated":true}]}}