{"id":6472,"date":"2025-05-29T02:48:17","date_gmt":"2025-05-29T02:48:17","guid":{"rendered":"https:\/\/sinoextrud.com\/product\/aluminum-extrusion-electrophoresis-aluminum-tube\/"},"modified":"2025-06-24T06:10:59","modified_gmt":"2025-06-24T06:10:59","slug":"alumiini-suulakepuristus-elektroforeesi-alumiiniputki","status":"publish","type":"product","link":"https:\/\/sinoextrud.com\/fi\/product\/aluminum-extrusion-electrophoresis-aluminum-tube\/","title":{"rendered":"Alumiini ekstruusio elektroforeesi alumiini putki"},"content":{"rendered":"<h2>Tuotteiden tiedot<\/h2>\n<table class=\"custom-table\">\n<tr>\n<td class=\"label\">Kohde\uff1a<\/td>\n<td>Alumiini ekstruusio elektroforeesi alumiini putki<\/td>\n<\/tr>\n<tr>\n<td class=\"label\">Materiaali:<\/td>\n<td>Alumiiniseos 6063\/6061<\/td>\n<\/tr>\n<tr>\n<td class=\"label\">Ulkohalkaisija:<\/td>\n<td>Voidaan r\u00e4\u00e4t\u00e4l\u00f6id\u00e4 asiakkaan tarpeiden mukaan<\/td>\n<\/tr>\n<tr>\n<td class=\"label\">Sein\u00e4m\u00e4n paksuus:<\/td>\n<td>Voidaan r\u00e4\u00e4t\u00e4l\u00f6id\u00e4 asiakkaan tarpeiden mukaan<\/td>\n<\/tr>\n<tr>\n<td class=\"label\">Pituus:<\/td>\n<td>Vakiopituus on 6 metri\u00e4, voidaan my\u00f6s r\u00e4\u00e4t\u00e4l\u00f6id\u00e4 tarpeiden mukaan.<\/td>\n<\/tr>\n<tr>\n<td class=\"label\">V\u00e4ri:<\/td>\n<td>Saatavana erilaisia elektroforeettisen pinnoitteen v\u00e4rej\u00e4<\/td>\n<\/tr>\n<tr>\n<td class=\"label\">Pintak\u00e4sittely:<\/td>\n<td>Elektroforeettinen pinnoitusk\u00e4sittely, joka tarjoaa erinomaisen korroosionkest\u00e4vyyden ja esteettisyyden.<\/td>\n<\/tr>\n<tr>\n<td class=\"label\">T\u00e4rkeimm\u00e4t ominaisuudet:<\/td>\n<td>- Korroosionkest\u00e4vyys<br \/>- Kevyt<br \/>- Korkea lujuus<br \/>- Estetiikka<\/td>\n<\/tr>\n<tr>\n<td class=\"label\">Sovellus:<\/td>\n<td>Rakentaminen, autoteollisuus, elektroniikka, koneet ja muut teollisuuden alat<\/td>\n<\/tr>\n<tr>\n<td class=\"label\">Pakkaus:<\/td>\n<td>Suojamateriaalik\u00e4\u00e4re, tukeva kartonki tai puulaatikkopakkaus.<\/td>\n<\/tr>\n<tr>\n<td class=\"label\">Laaduntarkastusstandardit:<\/td>\n<td>kansainv\u00e4listen laatustandardien noudattaminen ja laatutarkastusraporttien toimittaminen.<\/td>\n<\/tr>\n<tr>\n<td class=\"label\">CNC-syv\u00e4k\u00e4sittelypalvelut:<\/td>\n<td>Leikkaus-, poraus-, kierteitys-, jyrsint\u00e4- ja muut r\u00e4\u00e4t\u00e4l\u00f6idyt k\u00e4sittelypalvelut<\/td>\n<\/tr>\n<tr>\n<td class=\"label\">R\u00e4\u00e4t\u00e4l\u00f6ity palvelu:<\/td>\n<td>Tuki ODM \/ OEM vastaamaan asiakkaiden yksil\u00f6llisi\u00e4 tarpeita varten<\/td>\n<\/tr>\n<tr>\n<td class=\"label\">Yrityksen kokemus:<\/td>\n<td>30 vuoden kokemus alumiiniprofiilien tuotannosta<\/td>\n<\/tr>\n<tr>\n<td class=\"label\">Laadunvarmistus:<\/td>\n<td>Laadunvarmistuspalvelujen tarjoaminen ja aktiivinen reagointi asiakkaiden ongelmiin.<\/td>\n<\/tr>\n<tr>\n<td class=\"label\">Toimitusaika:<\/td>\n<td>15-25 p\u00e4iv\u00e4\u00e4<\/td>\n<\/tr>\n<\/table>\n<h2>Tuotantopohjamme<\/h2>\n<h3>Tehtaan panoraama<\/h3>\n<p><img decoding=\"async\" src=\"\/wp-content\/uploads\/factory-01.webp\"\/><\/p>\n<h3>Alumiini Bar Manufacturing Workshop<\/h3>\n<p><img decoding=\"async\" src=\"\/wp-content\/uploads\/factory-02.webp\"\/><\/p>\n<p><img decoding=\"async\" src=\"\/wp-content\/uploads\/factory-03.webp\"\/><\/p>\n<h3>Muotin varastointi Varasto<\/h3>\n<p><img decoding=\"async\" src=\"\/wp-content\/uploads\/factory-04.webp\"\/><\/p>\n<h3>43 alumiinin ekstruusiolinjat (500-5500 tonnia)<\/h3>\n<p><img decoding=\"async\" src=\"\/wp-content\/uploads\/factory-05.webp\"\/><\/p>\n<p><img decoding=\"async\" src=\"\/wp-content\/uploads\/factory-06.webp\"\/><\/p>\n<p><img decoding=\"async\" src=\"\/wp-content\/uploads\/factory-07.webp\"\/><\/p>\n<h3>Jauhemaalaus ty\u00f6paja<\/h3>\n<p><img decoding=\"async\" src=\"\/wp-content\/uploads\/factory-09.webp\"\/><\/p>\n<h3>Anodisointi ty\u00f6paja<\/h3>\n<p><img decoding=\"async\" src=\"\/wp-content\/uploads\/factory-10.webp\"\/><\/p>\n<h3>Syv\u00e4k\u00e4sittelyn ty\u00f6paja<\/h3>\n<p><img decoding=\"async\" src=\"\/wp-content\/uploads\/factory-11.webp\"\/><\/p>\n<h3>CNC-tarkkuuskoneistus ty\u00f6paja<\/h3>\n<p><img decoding=\"async\" src=\"\/wp-content\/uploads\/factory-11.5.webp\"\/><\/p>\n<h3>Valmiiden tuotteiden ja vientivarasto<\/h3>\n<p><img decoding=\"async\" src=\"\/wp-content\/uploads\/factory-12.webp\"\/><\/p>\n<p><img decoding=\"async\" src=\"\/wp-content\/uploads\/factory-13.webp\"\/><\/p>\n<p><img decoding=\"async\" src=\"\/wp-content\/uploads\/factory-14.webp\"\/><\/p>\n<h2>FAQ<\/h2>\n<p><p><b>1.Mik\u00e4 on elektroforeesi alumiiniputki alumiinipuristuksessa?<\/b><\/p>\n<p>Elektroforeesialumiiniputki on alumiinipursotus, joka on k\u00e4sitelty elektroforeesipinnoitteella, joka antaa tasaisen, hyvin pit\u00e4v\u00e4n pintasuojan ja viimeistelyn.<br \/>\n<\/p><br \/>\n<br \/>\n<p><b>2.Mitk\u00e4 ovat elektroforeesipinnoitteen edut alumiiniputkissa?<\/b><\/p>\n<p>Elektroforeesialumiiniputket tarjoavat erinomaisen korroosionkest\u00e4vyyden, tasaisen peitt\u00e4vyyden monimutkaisissa profiileissa ja paremman maalin tarttuvuuden verrattuna perinteisiin pinnoitteisiin.<br \/>\n<\/p><br \/>\n<br \/>\n<p><b>3.Miksi valita elektroforeesin alumiiniputki yli jauhemaalattu puristus?<\/b><\/p>\n<p>Elektroforeesin alumiiniputket tuottavat ohuemman ja tasaisemman pinnoitteen, joka tunkeutuu uriin ja syvennyksiin ja takaa t\u00e4ydellisen suojan ja yhten\u00e4isen ulkon\u00e4\u00f6n.<br \/>\n<\/p><br \/>\n<br \/>\n<p><b>4.Can elektroforeesin alumiini suulakeputket voidaan r\u00e4\u00e4t\u00e4l\u00f6id\u00e4?<\/b><\/p>\n<p>Kyll\u00e4, elektroforeesin alumiiniputkia voidaan r\u00e4\u00e4t\u00e4l\u00f6id\u00e4 metalliseoslaadun, putken mittojen, sein\u00e4m\u00e4n paksuuden ja elektroforeesin v\u00e4rin osalta erityisten suunnitteluvaatimusten t\u00e4ytt\u00e4miseksi.<br \/>\n<\/p><br \/>\n<br \/>\n<p><b>5.How elektroforeesik\u00e4sittely parantaa alumiinin suulakepuristusputken suorituskyky\u00e4?<\/b><\/p>\n<p>Elektroforeesiprosessi sulkee alumiinipinnan, lis\u00e4\u00e4 kemikaalien kest\u00e4vyytt\u00e4 ja est\u00e4\u00e4 kalvonalaisen korroosion, mik\u00e4 pident\u00e4\u00e4 putken k\u00e4ytt\u00f6ik\u00e4\u00e4.<br \/>\n<\/p><br \/>\n<br \/>\n<p><b>6.Ovatko elektroforeesin alumiiniputket sopivia ulko- ja merik\u00e4ytt\u00f6\u00f6n?<\/b><\/p>\n<p>Kyll\u00e4, elektroforeesin alumiiniputket kest\u00e4v\u00e4t hyvin kosteutta, suolasuihkua ja UV-altistusta, joten ne soveltuvat erinomaisesti vaativiin ulko- ja meriymp\u00e4rist\u00f6ihin.<br \/>\n<\/p><br \/>\n<br \/>\n<p><b>7.Mitk\u00e4 teollisuudenalat k\u00e4ytt\u00e4v\u00e4t elektroforeesin alumiinipuristusputkia?<\/b><\/p>\n<p>Teollisuudenalat, kuten autoteollisuus, elektroniikkakotelot, arkkitehtoniset verhosein\u00e4t ja l\u00e4\u00e4kinn\u00e4lliset laitteet, hy\u00f6dynt\u00e4v\u00e4t elektroforeesialumiiniputkia kest\u00e4vyyden ja esteettisen laadun vuoksi.<br \/>\n<\/p><br \/><\/p>","protected":false},"featured_media":6471,"template":"","categories":[60],"class_list":["post-6472","product","type-product","status-publish","has-post-thumbnail","hentry","category-general-tubes-and-bars"],"meta_box":{"hilight_text_group":{"product_hilight_text":"<li>Electrophoresis surface treatment enhances corrosion resistance and aesthetics<\/li>\r\r\n<li>High-quality aluminum extrusion ensures strength and dimensional accuracy<\/li>\r\r\n<li>Lightweight and durable, suitable for industrial and architectural use<\/li>\r\r\n<li>Available in custom sizes, finishes, and bulk quantities<\/li>\r\r\n<li>Provides smooth, uniform coating for improved product lifespan<\/li>","product_chanpin_blog":"<ul>\r\r\n<li><a href=\"https:\/\/sinoextrud.com\/t-slot-v-slot-differences\/\" target=\"_blank\">t slot vs v slot<\/a><\/li>\r\r\n<li><a href=\"https:\/\/sinoextrud.com\/what-is-4040-aluminium-extrud\/\" target=\"_blank\">4040 aluminium extrusion<\/a><\/li>\r\r\n<li><a href=\"https:\/\/sinoextrud.com\/what-is-4040-aluminium-extrud\/\" target=\"_blank\">aluminum extrusions for industrial racks<\/a><\/li>\r\r\n<li><a href=\"https:\/\/sinoextrud.com\/powder-coating-aluminium-process\/\" target=\"_blank\">powder coating aluminium<\/a><\/li>\r\r\n<li><a href=\"https:\/\/sinoextrud.com\/what-is-an-aluminium-strip-ceiling\/\" target=\"_blank\">aluminium strip ceiling<\/a><\/li>\r\r\n<li><a href=\"https:\/\/sinoextrud.com\/what-is-a-heat-sink\/\" target=\"_blank\">what is a heat sink<\/a><\/li>\r\r\n<\/ul>","product_chanpin_chanpin":"<li><a href=\"https:\/\/sinoextrud.com\/product\/aluminium-bars\/\" target=\"_blank\">Aluminium Bars<\/a><\/li>\r\n<li><a href=\"https:\/\/sinoextrud.com\/product\/3003-aluminum-tube-and-pipe\/\" target=\"_blank\">3003 Aluminum Tube And Pipe<\/a><\/li>\r\n<li><a href=\"https:\/\/sinoextrud.com\/product\/triangle-champagne-aluminum-extruded-tube\/\" target=\"_blank\">Triangle Champagne Aluminum Extruded Tube<\/a><\/li>\r\n<li><a href=\"https:\/\/sinoextrud.com\/product\/6063-aluminum-pipe-fire-hydrant-aluminum-profile\/\" target=\"_blank\">6063 Aluminum Pipe Fire Hydrant Aluminum Profile<\/a><\/li>\r\n<li><a href=\"https:\/\/sinoextrud.com\/product\/aluminum-extrusion-electrophoresis-aluminum-tube\/\" target=\"_blank\">Aluminum Extrusion Electrophoresis Aluminum Tube<\/a><\/li>\r\n<li><a href=\"https:\/\/sinoextrud.com\/product\/aluminum-square-tube-powder-coating-6063-t5-extruded-profiles\/\" target=\"_blank\">aluminum square tube powder coating 6063 t5 extruded profiles<\/a><\/li>\r\n<li><a href=\"https:\/\/sinoextrud.com\/product\/custom-large-diameter-extruded-aluminum-pipe\/\" target=\"_blank\">Custom Large Diameter Extruded Aluminum Pipe<\/a><\/li>\r\n<li><a href=\"https:\/\/sinoextrud.com\/product\/china-aluminum-extrusion-6061-6063-anodized-aluminum-pipe\/\" target=\"_blank\">China Aluminum Extrusion 6061 6063 Anodized Aluminum Pipe<\/a><\/li>\r\n<li><a href=\"https:\/\/sinoextrud.com\/product\/anodized-aluminum-tubes\/\" target=\"_blank\">Anodized Aluminum Tubes<\/a><\/li>\r\n<li><a href=\"https:\/\/sinoextrud.com\/product\/aluminum-extrusion-material-t-slot\/\" target=\"_blank\">Aluminum Extrusion Material T Slot<\/a><\/li>\r\n<li><a href=\"https:\/\/sinoextrud.com\/product\/aluminium-architectural-sections-profiles6063\/\" target=\"_blank\">Aluminium Architectural Sections Profiles6063<\/a><\/li>"},"feature_list":[]},"_links":{"self":[{"href":"https:\/\/sinoextrud.com\/fi\/wp-json\/wp\/v2\/product\/6472","targetHints":{"allow":["GET"]}}],"collection":[{"href":"https:\/\/sinoextrud.com\/fi\/wp-json\/wp\/v2\/product"}],"about":[{"href":"https:\/\/sinoextrud.com\/fi\/wp-json\/wp\/v2\/types\/product"}],"wp:featuredmedia":[{"embeddable":true,"href":"https:\/\/sinoextrud.com\/fi\/wp-json\/wp\/v2\/media\/6471"}],"wp:attachment":[{"href":"https:\/\/sinoextrud.com\/fi\/wp-json\/wp\/v2\/media?parent=6472"}],"wp:term":[{"taxonomy":"category","embeddable":true,"href":"https:\/\/sinoextrud.com\/fi\/wp-json\/wp\/v2\/categories?post=6472"}],"curies":[{"name":"wp","href":"https:\/\/api.w.org\/{rel}","templated":true}]}}