{"id":6466,"date":"2025-05-29T02:37:40","date_gmt":"2025-05-29T02:37:40","guid":{"rendered":"https:\/\/sinoextrud.com\/product\/3003-aluminum-tube-and-pipe\/"},"modified":"2025-06-24T06:10:57","modified_gmt":"2025-06-24T06:10:57","slug":"3003-alumiiniputket","status":"publish","type":"product","link":"https:\/\/sinoextrud.com\/fi\/product\/3003-aluminum-tube-and-pipe\/","title":{"rendered":"3003 alumiini putki ja putki"},"content":{"rendered":"<h2>Tuotteiden tiedot<\/h2>\n<table class=\"custom-table\">\n<tr>\n<td class=\"label\">Nimi:<\/td>\n<td>3003 Alumiiniputket ja -putket<\/td>\n<\/tr>\n<tr>\n<td class=\"label\">Tuotemerkki:<\/td>\n<td>Sinoextrud \/ Sinoextrud<\/td>\n<\/tr>\n<tr>\n<td class=\"label\">Materiaali:<\/td>\n<td>3000-sarja<\/td>\n<\/tr>\n<tr>\n<td class=\"label\">Temperamentti:<\/td>\n<td>T5-T8<\/td>\n<\/tr>\n<tr>\n<td class=\"label\">Pituus:<\/td>\n<td>Mukauttaminen<\/td>\n<\/tr>\n<tr>\n<td class=\"label\">Pintak\u00e4sittely:<\/td>\n<td>Anodisoitu, puun jyv\u00e4, PVDF-pinnoite jne.<\/td>\n<\/tr>\n<tr>\n<td class=\"label\">K\u00e4ytt\u00f6:<\/td>\n<td>Teollisuus,arkkitehtuuri<\/td>\n<\/tr>\n<tr>\n<td class=\"label\">V\u00e4ri:<\/td>\n<td>R\u00e4\u00e4t\u00e4l\u00f6ity<\/td>\n<\/tr>\n<tr>\n<td class=\"label\">Sertifiointi:<\/td>\n<td>ISO9001-2008, CE, BV, JIS, AS, NZS, QUALICOAT<\/td>\n<\/tr>\n<tr>\n<td class=\"label\">Valmistus:<\/td>\n<td>Leikkaus, jyrsint\u00e4, poraus, l\u00e4vistys jne.<\/td>\n<\/tr>\n<tr>\n<td class=\"label\">From:<\/td>\n<td>Foshan, Guangdong, Kiina<\/td>\n<\/tr>\n<\/table>\n<h2>Tuotantopohjamme<\/h2>\n<h3>Tehtaan panoraama<\/h3>\n<p><img decoding=\"async\" src=\"\/wp-content\/uploads\/factory-01.webp\"\/><\/p>\n<h3>Alumiini Bar Manufacturing Workshop<\/h3>\n<p><img decoding=\"async\" src=\"\/wp-content\/uploads\/factory-02.webp\"\/><\/p>\n<p><img decoding=\"async\" src=\"\/wp-content\/uploads\/factory-03.webp\"\/><\/p>\n<h3>Muotin varastointi Varasto<\/h3>\n<p><img decoding=\"async\" src=\"\/wp-content\/uploads\/factory-04.webp\"\/><\/p>\n<h3>43 Alumiini ekstruusiolinjat (500\u00e2 5500 tonnia)<\/h3>\n<p><img decoding=\"async\" src=\"\/wp-content\/uploads\/factory-05.webp\"\/><\/p>\n<p><img decoding=\"async\" src=\"\/wp-content\/uploads\/factory-06.webp\"\/><\/p>\n<p><img decoding=\"async\" src=\"\/wp-content\/uploads\/factory-07.webp\"\/><\/p>\n<h3>Jauhemaalaus ty\u00f6paja<\/h3>\n<p><img decoding=\"async\" src=\"\/wp-content\/uploads\/factory-09.webp\"\/><\/p>\n<h3>Anodisointi ty\u00f6paja<\/h3>\n<p><img decoding=\"async\" src=\"\/wp-content\/uploads\/factory-10.webp\"\/><\/p>\n<h3>Syv\u00e4k\u00e4sittelyn ty\u00f6paja<\/h3>\n<p><img decoding=\"async\" src=\"\/wp-content\/uploads\/factory-11.webp\"\/><\/p>\n<h3>CNC-tarkkuuskoneistus ty\u00f6paja<\/h3>\n<p><img decoding=\"async\" src=\"\/wp-content\/uploads\/factory-11.5.webp\"\/><\/p>\n<h3>Valmiiden tuotteiden ja vientivarasto<\/h3>\n<p><img decoding=\"async\" src=\"\/wp-content\/uploads\/factory-12.webp\"\/><\/p>\n<p><img decoding=\"async\" src=\"\/wp-content\/uploads\/factory-13.webp\"\/><\/p>\n<p><img decoding=\"async\" src=\"\/wp-content\/uploads\/factory-14.webp\"\/><\/p>\n<h2>FAQ<\/h2>\n<p><p><b>1.What on 3003 alumiini putki ja putki k\u00e4ytet\u00e4\u00e4n?<\/b><\/p>\n<p>3003-alumiiniputkia k\u00e4ytet\u00e4\u00e4n LVI-j\u00e4rjestelmiss\u00e4, nesteiden kuljetuksessa, koristeellisissa kaiteissa ja rakenteellisissa sovelluksissa niiden muokattavuuden ja korroosionkest\u00e4vyyden ansiosta.<br \/>\n<\/p><br \/>\n<br \/>\n<p><b>2.Mitk\u00e4 ovat 3003-alumiiniputken t\u00e4rkeimm\u00e4t edut?<\/b><\/p>\n<p>3003-alumiiniputket tarjoavat erinomaisen korroosionkest\u00e4vyyden, hyv\u00e4n hitsattavuuden ja hyv\u00e4n ty\u00f6stett\u00e4vyyden, joten ne soveltuvat erinomaisesti sek\u00e4 sis\u00e4- ett\u00e4 ulkok\u00e4ytt\u00f6\u00f6n.<br \/>\n<\/p><br \/>\n<br \/>\n<p><b>3.Miksi valita 3003 metalliseos alumiiniputkea varten?<\/b><\/p>\n<p>Seos 3003 kest\u00e4\u00e4 erinomaisesti kosteutta ja kemiallista altistumista, ja sen lujuus ja sitkeys ovat hyv\u00e4t taivutuksessa ja muotoilussa.<br \/>\n<\/p><br \/>\n<br \/>\n<p><b>4.Can 3003 alumiini putket ja putket voidaan r\u00e4\u00e4t\u00e4l\u00f6id\u00e4?<\/b><\/p>\n<p>Kyll\u00e4, 3003-alumiiniputkia voidaan r\u00e4\u00e4t\u00e4l\u00f6id\u00e4 halkaisijaltaan, sein\u00e4m\u00e4n paksuudeltaan, pituudeltaan ja pintak\u00e4sittelylt\u00e4\u00e4n projektin erityistarpeiden mukaan.<br \/>\n<\/p><br \/>\n<br \/>\n<p><b>5.Mit\u00e4 pintak\u00e4sittelyj\u00e4 on saatavana 3003-alumiiniputkille?<\/b><\/p>\n<p>3003-alumiiniputkien ja -putkien viimeistelyyn kuuluvat myllyk\u00e4sittely, anodisointi ja jauhemaalaus korroosiosuojauksen ja ulkon\u00e4\u00f6n parantamiseksi.<br \/>\n<\/p><br \/>\n<br \/>\n<p><b>6.Ovatko 3003-alumiiniputket ja -putket soveltuvat ulkoymp\u00e4rist\u00f6ihin?<\/b><\/p>\n<p>Kyll\u00e4, 3003-alumiiniputket kest\u00e4v\u00e4t ruostetta ja UV-s\u00e4teily\u00e4, joten ne soveltuvat ulko-, meri- ja kosteisiin sovelluksiin.<br \/>\n<\/p><br \/>\n<br \/>\n<p><b>7.How 3003 alumiini putki ja putki tukee kest\u00e4v\u00e4\u00e4 rakentamista?<\/b><\/p>\n<p>3003 alumiiniputket ovat 100% kierr\u00e4tett\u00e4vi\u00e4 ja energiatehokkaita valmistaa, mik\u00e4 v\u00e4hent\u00e4\u00e4 ymp\u00e4rist\u00f6vaikutuksia ja materiaalij\u00e4tett\u00e4.<br \/>\n<\/p><br \/>\n<br \/>\n<p><b>8.Mitk\u00e4 teollisuudenalat hy\u00f6tyv\u00e4t eniten 3003-alumiiniputkista?<\/b><\/p>\n<p>Teollisuudenalat, kuten LVI-, meri- ja elintarviketeollisuus sek\u00e4 arkkitehtuurisuunnittelu, hy\u00f6dynt\u00e4v\u00e4t 3003-alumiiniputkia niiden kest\u00e4vyyden ja korroosionkest\u00e4vyyden vuoksi.<br \/>\n<\/p><br \/><\/p>","protected":false},"featured_media":6465,"template":"","categories":[60],"class_list":["post-6466","product","type-product","status-publish","has-post-thumbnail","hentry","category-general-tubes-and-bars"],"meta_box":{"hilight_text_group":{"product_hilight_text":"<li>Made from 3003 aluminum alloy with excellent corrosion resistance<\/li>\r\r\n<li>Lightweight and easy to fabricate for various industrial applications<\/li>\r\r\n<li>Suitable for HVAC, marine, and general structural use<\/li>\r\r\n<li>Available in multiple diameters, wall thicknesses, and lengths<\/li>\r\r\n<li>Supports bulk supply with consistent quality and timely delivery<\/li>","product_chanpin_blog":"<ul>\r\r\n<li><a href=\"https:\/\/sinoextrud.com\/t-slot-v-slot-differences\/\" target=\"_blank\">t slot vs v slot<\/a><\/li>\r\r\n<li><a href=\"https:\/\/sinoextrud.com\/what-is-4040-aluminium-extrud\/\" target=\"_blank\">4040 aluminium extrusion<\/a><\/li>\r\r\n<li><a href=\"https:\/\/sinoextrud.com\/what-is-4040-aluminium-extrud\/\" target=\"_blank\">aluminum extrusions for industrial racks<\/a><\/li>\r\r\n<li><a href=\"https:\/\/sinoextrud.com\/powder-coating-aluminium-process\/\" target=\"_blank\">powder coating aluminium<\/a><\/li>\r\r\n<li><a href=\"https:\/\/sinoextrud.com\/what-is-an-aluminium-strip-ceiling\/\" target=\"_blank\">aluminium strip ceiling<\/a><\/li>\r\r\n<li><a href=\"https:\/\/sinoextrud.com\/what-is-a-heat-sink\/\" target=\"_blank\">what is a heat sink<\/a><\/li>\r\r\n<\/ul>","product_chanpin_chanpin":"<li><a href=\"https:\/\/sinoextrud.com\/product\/extruded-aluminium-round-tube\/\" target=\"_blank\">Extruded Aluminium Round Tube<\/a><\/li>\r\n<li><a href=\"https:\/\/sinoextrud.com\/product\/u-shaped-aluminum-extrusion\/\" target=\"_blank\">U Shaped Aluminum Extrusion<\/a><\/li>\r\n<li><a href=\"https:\/\/sinoextrud.com\/product\/40-x-40-aluminium-extrusion\/\" target=\"_blank\">40 X 40 Aluminium Extrusion<\/a><\/li>\r\n<li><a href=\"https:\/\/sinoextrud.com\/product\/aluminium-bars\/\" target=\"_blank\">Aluminium Bars<\/a><\/li>\r\n<li><a href=\"https:\/\/sinoextrud.com\/product\/3003-aluminum-tube-and-pipe\/\" target=\"_blank\">3003 Aluminum Tube And Pipe<\/a><\/li>\r\n<li><a href=\"https:\/\/sinoextrud.com\/product\/triangle-champagne-aluminum-extruded-tube\/\" target=\"_blank\">Triangle Champagne Aluminum Extruded Tube<\/a><\/li>\r\n<li><a href=\"https:\/\/sinoextrud.com\/product\/6063-aluminum-pipe-fire-hydrant-aluminum-profile\/\" target=\"_blank\">6063 Aluminum Pipe Fire Hydrant Aluminum Profile<\/a><\/li>\r\n<li><a href=\"https:\/\/sinoextrud.com\/product\/aluminum-extrusion-electrophoresis-aluminum-tube\/\" target=\"_blank\">Aluminum Extrusion Electrophoresis Aluminum Tube<\/a><\/li>\r\n<li><a href=\"https:\/\/sinoextrud.com\/product\/aluminum-square-tube-powder-coating-6063-t5-extruded-profiles\/\" target=\"_blank\">aluminum square tube powder coating 6063 t5 extruded profiles<\/a><\/li>\r\n<li><a href=\"https:\/\/sinoextrud.com\/product\/customized-aluminum-alloy-housing-grow-light\/\" target=\"_blank\">Customized Aluminum Alloy Housing Grow Light<\/a><\/li>\r\n<li><a href=\"https:\/\/sinoextrud.com\/product\/short-run-custom-aluminum-extrusions\/\" target=\"_blank\">Short Run Custom Aluminum Extrusions<\/a><\/li>"},"feature_list":[]},"_links":{"self":[{"href":"https:\/\/sinoextrud.com\/fi\/wp-json\/wp\/v2\/product\/6466","targetHints":{"allow":["GET"]}}],"collection":[{"href":"https:\/\/sinoextrud.com\/fi\/wp-json\/wp\/v2\/product"}],"about":[{"href":"https:\/\/sinoextrud.com\/fi\/wp-json\/wp\/v2\/types\/product"}],"wp:featuredmedia":[{"embeddable":true,"href":"https:\/\/sinoextrud.com\/fi\/wp-json\/wp\/v2\/media\/6465"}],"wp:attachment":[{"href":"https:\/\/sinoextrud.com\/fi\/wp-json\/wp\/v2\/media?parent=6466"}],"wp:term":[{"taxonomy":"category","embeddable":true,"href":"https:\/\/sinoextrud.com\/fi\/wp-json\/wp\/v2\/categories?post=6466"}],"curies":[{"name":"wp","href":"https:\/\/api.w.org\/{rel}","templated":true}]}}