{"id":6460,"date":"2025-05-29T02:26:58","date_gmt":"2025-05-29T02:26:58","guid":{"rendered":"https:\/\/sinoextrud.com\/product\/u-shaped-aluminum-extrusion\/"},"modified":"2025-06-24T06:10:56","modified_gmt":"2025-06-24T06:10:56","slug":"u-muotoinen-suulakepuristettu-alumiini","status":"publish","type":"product","link":"https:\/\/sinoextrud.com\/fi\/product\/u-shaped-aluminum-extrusion\/","title":{"rendered":"U-muotoinen alumiini suulakepuristus"},"content":{"rendered":"<h2>Tuotteiden tiedot<\/h2>\n<table class=\"custom-table\">\n<tr>\n<td class=\"label\">Nimi<\/td>\n<td>U-muotoinen alumiiniprofiili<\/td>\n<\/tr>\n<tr>\n<td class=\"label\">Merkki<\/td>\n<td>Sinoextrud<\/td>\n<\/tr>\n<tr>\n<td class=\"label\">Luokka<\/td>\n<td>Alumiini suulakepuristus<\/td>\n<\/tr>\n<tr>\n<td class=\"label\">Tyyppi<\/td>\n<td>Saatavana on raskas tai kevyt tyyppi<\/td>\n<\/tr>\n<tr>\n<td class=\"label\">Materiaali<\/td>\n<td>6061 on laajalti k\u00e4ytetty. 6063, 6463, 6005, 6082 on my\u00f6s saatavilla.<\/td>\n<\/tr>\n<tr>\n<td class=\"label\">Temper<\/td>\n<td>T5-T8<\/td>\n<\/tr>\n<tr>\n<td class=\"label\">Pituus<\/td>\n<td>5.8m 20ft:lle , 5.9m \/6.0m 40'GP:lle.<\/td>\n<\/tr>\n<tr>\n<td class=\"label\">Koko (mm)<\/td>\n<td>Eri koko on saatavilla<\/td>\n<\/tr>\n<tr>\n<td class=\"label\">Muoto<\/td>\n<td>U-muoto\/r\u00e4\u00e4t\u00e4l\u00f6inti<\/td>\n<\/tr>\n<tr>\n<td class=\"label\">Pintak\u00e4sittely<\/td>\n<td>Myllyss\u00e4 viimeistelty, anodisoitu, hiekkapuhallus, elektroforeesi, tehopinnoitus, puunjyv\u00e4, jne.<\/td>\n<\/tr>\n<tr>\n<td class=\"label\">V\u00e4ri<\/td>\n<td>Hopea tai r\u00e4\u00e4t\u00e4l\u00f6ity v\u00e4ri<\/td>\n<\/tr>\n<tr>\n<td class=\"label\">Takuu<\/td>\n<td>BV , Soncap ,ISO<\/td>\n<\/tr>\n<tr>\n<td class=\"label\">Standardi<\/td>\n<td>Keskitaso ja korkea laatu<\/td>\n<\/tr>\n<tr>\n<td class=\"label\">MOQ<\/td>\n<td>200KGS kutakin kohdetta kohti<\/td>\n<\/tr>\n<tr>\n<td class=\"label\">Osoitteesta<\/td>\n<td>Guangdong, Kiina<\/td>\n<\/tr>\n<tr>\n<td class=\"label\">Hakemus<\/td>\n<td>Toimiala Profiili, rakentaminen, koristelu<\/td>\n<\/tr>\n<\/table>\n<h2>Tuotantopohjamme<\/h2>\n<h3>Tehtaan panoraama<\/h3>\n<p><img decoding=\"async\" src=\"\/wp-content\/uploads\/factory-01.webp\"\/><\/p>\n<h3>Alumiini Bar Manufacturing Workshop<\/h3>\n<p><img decoding=\"async\" src=\"\/wp-content\/uploads\/factory-02.webp\"\/><\/p>\n<p><img decoding=\"async\" src=\"\/wp-content\/uploads\/factory-03.webp\"\/><\/p>\n<h3>Muotin varastointi Varasto<\/h3>\n<p><img decoding=\"async\" src=\"\/wp-content\/uploads\/factory-04.webp\"\/><\/p>\n<h3>43 alumiinin ekstruusiolinjat (500-5500 tonnia)<\/h3>\n<p><img decoding=\"async\" src=\"\/wp-content\/uploads\/factory-05.webp\"\/><\/p>\n<p><img decoding=\"async\" src=\"\/wp-content\/uploads\/factory-06.webp\"\/><\/p>\n<p><img decoding=\"async\" src=\"\/wp-content\/uploads\/factory-07.webp\"\/><\/p>\n<h3>Jauhemaalaus ty\u00f6paja<\/h3>\n<p><img decoding=\"async\" src=\"\/wp-content\/uploads\/factory-09.webp\"\/><\/p>\n<h3>Anodisointi ty\u00f6paja<\/h3>\n<p><img decoding=\"async\" src=\"\/wp-content\/uploads\/factory-10.webp\"\/><\/p>\n<h3>Syv\u00e4k\u00e4sittelyn ty\u00f6paja<\/h3>\n<p><img decoding=\"async\" src=\"\/wp-content\/uploads\/factory-11.webp\"\/><\/p>\n<h3>CNC-tarkkuuskoneistus ty\u00f6paja<\/h3>\n<p><img decoding=\"async\" src=\"\/wp-content\/uploads\/factory-11.5.webp\"\/><\/p>\n<h3>Valmiiden tuotteiden ja vientivarasto<\/h3>\n<p><img decoding=\"async\" src=\"\/wp-content\/uploads\/factory-12.webp\"\/><\/p>\n<p><img decoding=\"async\" src=\"\/wp-content\/uploads\/factory-13.webp\"\/><\/p>\n<p><img decoding=\"async\" src=\"\/wp-content\/uploads\/factory-14.webp\"\/><\/p>\n<h2>FAQ<\/h2>\n<p><p><b>1.Mit\u00e4 U-muotoista alumiinipuristetta k\u00e4ytet\u00e4\u00e4n?<\/b><\/p>\n<p>U-muotoisia alumiiniprofiileja k\u00e4ytet\u00e4\u00e4n kehyst\u00e4miseen, reunasuojaukseen, kaapelinhallintaan ja kiinnityskiskoihin rakennus-, huonekalu- ja teollisuussovelluksissa.<br \/>\n<\/p><br \/>\n<br \/>\n<p><b>2.Mitk\u00e4 ovat U-muotoisten alumiiniprofiilien t\u00e4rkeimm\u00e4t edut?<\/b><\/p>\n<p>U-muotoiset alumiiniprofiilit tarjoavat korkean lujuus-painosuhteen, korroosionkest\u00e4vyyden ja tarkan kanavageometrian luotettavan tuen ja kohdistuksen varmistamiseksi.<br \/>\n<\/p><br \/>\n<br \/>\n<p><b>3.Miksi valita U-muotoinen suulakepuristus litteiden tankojen tai L-profiilien sijaan?<\/b><\/p>\n<p>U-muotoiset alumiiniprofiilit tarjoavat integroidun kanavatuen, puhtaamman estetiikan ja helpomman paneelien, tiivisteiden tai johdotusten asennuksen verrattuna litteisiin tai kulmikkaisiin profiileihin.<br \/>\n<\/p><br \/>\n<br \/>\n<p><b>4.Can U-muotoiset alumiiniprofiilit voidaan r\u00e4\u00e4t\u00e4l\u00f6id\u00e4?<\/b><\/p>\n<p>Kyll\u00e4, U-muotoiset alumiiniprofiilit voidaan r\u00e4\u00e4t\u00e4l\u00f6id\u00e4 kanavan leveyden, jalkojen korkeuden, sein\u00e4m\u00e4npaksuuden, seoslaadun ja pituuden osalta vastaamaan erityisi\u00e4 suunnittelu- ja rakennevaatimuksia.<br \/>\n<\/p><br \/>\n<br \/>\n<p><b>5.Mit\u00e4 pintak\u00e4sittelyj\u00e4 on saatavana U-muotoisille alumiiniprofiileille?<\/b><\/p>\n<p>Yleisi\u00e4 pintak\u00e4sittelyj\u00e4 ovat anodisointi, jauhemaalaus ja jyrsint\u00e4k\u00e4sittely, jotka parantavat korroosiosuojaa, kulutuskest\u00e4vyytt\u00e4 ja ulkon\u00e4k\u00f6\u00e4.<br \/>\n<\/p><br \/>\n<br \/>\n<p><b>6.Soveltuvatko U-muotoiset alumiiniprofiilit ulkok\u00e4ytt\u00f6\u00f6n?<\/b><\/p>\n<p>Kyll\u00e4, anodisoidut tai pulverimaalattujen pinnoitteiden ansiosta U-muotoiset alumiiniprofiilit kest\u00e4v\u00e4t UV-altistusta, kosteutta ja ankaraa s\u00e4\u00e4t\u00e4, joten ne sopivat erinomaisesti ulkoasennuksiin.<br \/>\n<\/p><br \/>\n<br \/>\n<p><b>7.Miten U-muotoiset alumiiniprofiilit parantavat asennuksen tehokkuutta?<\/b><\/p>\n<p>U-muotoisten alumiiniprofiilien yhten\u00e4inen kanavasuunnittelu ja tiukat toleranssit mahdollistavat paneelien, kiinnikkeiden ja lis\u00e4varusteiden nopean, ty\u00f6kaluttoman asennuksen, mik\u00e4 v\u00e4hent\u00e4\u00e4 ty\u00f6aikaa.<br \/>\n<\/p><br \/>\n<br \/>\n<p><b>8.Miten U-muotoiset alumiiniprofiilit tukevat kest\u00e4v\u00e4\u00e4 suunnittelua?<\/b><\/p>\n<p>Alumiini on 100% kierr\u00e4tett\u00e4v\u00e4\u00e4 ja energiatehokasta valmistaa, ja U-muotoiset puristeet minimoivat materiaalih\u00e4vikin tarkan puristamisen ja modulaarisen uudelleenk\u00e4yt\u00f6n avulla.<br \/>\n<\/p><br \/><\/p>","protected":false},"featured_media":6459,"template":"","categories":[60],"class_list":["post-6460","product","type-product","status-publish","has-post-thumbnail","hentry","category-general-tubes-and-bars"],"meta_box":{"hilight_text_group":{"product_hilight_text":"<li>U-shaped design offers strong support and easy integration<\/li>\r\r\n<li>Made from durable, corrosion-resistant aluminum alloy<\/li>\r\r\n<li>Precision extrusion ensures consistent dimensions and smooth finish<\/li>\r\r\n<li>Available in various sizes and thicknesses to meet project needs<\/li>\r\r\n<li>Ideal for construction, framing, and industrial applications<\/li>","product_chanpin_blog":"<ul>\r\r\n<li><a href=\"https:\/\/sinoextrud.com\/t-slot-v-slot-differences\/\" target=\"_blank\">t slot vs v slot<\/a><\/li>\r\r\n<li><a href=\"https:\/\/sinoextrud.com\/what-is-4040-aluminium-extrud\/\" target=\"_blank\">4040 aluminium extrusion<\/a><\/li>\r\r\n<li><a href=\"https:\/\/sinoextrud.com\/what-is-4040-aluminium-extrud\/\" target=\"_blank\">aluminum extrusions for industrial racks<\/a><\/li>\r\r\n<li><a href=\"https:\/\/sinoextrud.com\/powder-coating-aluminium-process\/\" target=\"_blank\">powder coating aluminium<\/a><\/li>\r\r\n<li><a href=\"https:\/\/sinoextrud.com\/what-is-an-aluminium-strip-ceiling\/\" target=\"_blank\">aluminium strip ceiling<\/a><\/li>\r\r\n<li><a href=\"https:\/\/sinoextrud.com\/what-is-a-heat-sink\/\" target=\"_blank\">what is a heat sink<\/a><\/li>\r\r\n<\/ul>","product_chanpin_chanpin":"<li><a href=\"https:\/\/sinoextrud.com\/product\/triangle-aluminium-tube-factory-price\/\" target=\"_blank\">Triangle Aluminium Tube Factory Price<\/a><\/li>\r\n<li><a href=\"https:\/\/sinoextrud.com\/product\/oval-aluminum-tube\/\" target=\"_blank\">Oval Aluminum Tube<\/a><\/li>\r\n<li><a href=\"https:\/\/sinoextrud.com\/product\/triangle-aluminum-profile\/\" target=\"_blank\">Triangle Aluminum Profile<\/a><\/li>\r\n<li><a href=\"https:\/\/sinoextrud.com\/product\/extruded-aluminium-round-tube\/\" target=\"_blank\">Extruded Aluminium Round Tube<\/a><\/li>\r\n<li><a href=\"https:\/\/sinoextrud.com\/product\/u-shaped-aluminum-extrusion\/\" target=\"_blank\">U Shaped Aluminum Extrusion<\/a><\/li>\r\n<li><a href=\"https:\/\/sinoextrud.com\/product\/40-x-40-aluminium-extrusion\/\" target=\"_blank\">40 X 40 Aluminium Extrusion<\/a><\/li>\r\n<li><a href=\"https:\/\/sinoextrud.com\/product\/aluminium-bars\/\" target=\"_blank\">Aluminium Bars<\/a><\/li>\r\n<li><a href=\"https:\/\/sinoextrud.com\/product\/3003-aluminum-tube-and-pipe\/\" target=\"_blank\">3003 Aluminum Tube And Pipe<\/a><\/li>\r\n<li><a href=\"https:\/\/sinoextrud.com\/product\/triangle-champagne-aluminum-extruded-tube\/\" target=\"_blank\">Triangle Champagne Aluminum Extruded Tube<\/a><\/li>\r\n<li><a href=\"https:\/\/sinoextrud.com\/product\/customized-6063-extruded-aluminum-flat-bar\/\" target=\"_blank\">Customized 6063 Extruded Aluminum Flat Bar<\/a><\/li>\r\n<li><a href=\"https:\/\/sinoextrud.com\/product\/aluminium-sections-for-glazing\/\" target=\"_blank\">Aluminium Sections For Glazing<\/a><\/li>"},"feature_list":[]},"_links":{"self":[{"href":"https:\/\/sinoextrud.com\/fi\/wp-json\/wp\/v2\/product\/6460","targetHints":{"allow":["GET"]}}],"collection":[{"href":"https:\/\/sinoextrud.com\/fi\/wp-json\/wp\/v2\/product"}],"about":[{"href":"https:\/\/sinoextrud.com\/fi\/wp-json\/wp\/v2\/types\/product"}],"wp:featuredmedia":[{"embeddable":true,"href":"https:\/\/sinoextrud.com\/fi\/wp-json\/wp\/v2\/media\/6459"}],"wp:attachment":[{"href":"https:\/\/sinoextrud.com\/fi\/wp-json\/wp\/v2\/media?parent=6460"}],"wp:term":[{"taxonomy":"category","embeddable":true,"href":"https:\/\/sinoextrud.com\/fi\/wp-json\/wp\/v2\/categories?post=6460"}],"curies":[{"name":"wp","href":"https:\/\/api.w.org\/{rel}","templated":true}]}}