{"id":6456,"date":"2025-05-29T02:15:50","date_gmt":"2025-05-29T02:15:50","guid":{"rendered":"https:\/\/sinoextrud.com\/product\/triangle-aluminum-profile\/"},"modified":"2025-06-24T06:10:56","modified_gmt":"2025-06-24T06:10:56","slug":"kolmio-alumiiniprofiili","status":"publish","type":"product","link":"https:\/\/sinoextrud.com\/fi\/product\/triangle-aluminum-profile\/","title":{"rendered":"Kolmio alumiiniprofiili"},"content":{"rendered":"<h2>Tuotteiden tiedot<\/h2>\n<table class=\"custom-table\">\n<tr>\n<td class=\"label\">1. Kohde<\/td>\n<td>Kolmion alumiiniprofiili<\/td>\n<\/tr>\n<tr>\n<td class=\"label\">2. Leikkausmuodot<\/td>\n<td>Kolmio<\/td>\n<\/tr>\n<tr>\n<td class=\"label\">3. Pintak\u00e4sittely<\/td>\n<td>Jyrsint\u00e4k\u00e4sittely \/ anodisoitu \/ hiekkapuhallus \/ jauhemaalaus \/ elektroforeesi \/ puunjyv\u00e4 \/ kiillotus<\/td>\n<\/tr>\n<tr>\n<td class=\"label\">4. MOQ<\/td>\n<td>200KG kutakin kohdetta kohti<\/td>\n<\/tr>\n<tr>\n<td class=\"label\">5. Materiaali<\/td>\n<td>100% seos: 6063 T5 \/ 6061 T6<\/td>\n<\/tr>\n<tr>\n<td class=\"label\">6. Pituus<\/td>\n<td>Normaali = 6m, 1-9metri\u00e4 tai r\u00e4\u00e4t\u00e4l\u00f6ityj\u00e4<\/td>\n<\/tr>\n<tr>\n<td class=\"label\">7. Laadunvalvonta<\/td>\n<td>K\u00e4yt\u00e4mme tiukinta laadunvalvontaj\u00e4rjestelm\u00e4\u00e4, 100%-tarkastusta ennen l\u00e4hetyst\u00e4.<\/td>\n<\/tr>\n<tr>\n<td class=\"label\">8. Prosessi<\/td>\n<td>Kysely - N\u00e4yte tai CAD-piirustus (asiakkaiden toimittama) - CAD-piirustus (yrityksemme) - Piirustuksen vahvistus - Muotin valmistus - N\u00e4ytteen mukauttaminen - Massatuotanto - Tarkastus<\/td>\n<\/tr>\n<tr>\n<td class=\"label\">9. Satama<\/td>\n<td>Shenzhen, Guangzhou, Foshan<\/td>\n<\/tr>\n<tr>\n<td class=\"label\">10. Maksu<\/td>\n<td>T \/ T: 30% talletus, saldo maksetaan ennen tai j\u00e4lkeen l\u00e4hetyksen (tai kaikki riippuu).<\/td>\n<\/tr>\n<tr>\n<td class=\"label\">11. Pakkaus yksityiskohdat<\/td>\n<td>Sis\u00e4ll\u00e4: Pakattu muovikalvolla jokaisen kappaleen suojaamiseksi<br \/>Ulkona: K\u00e4\u00e4ri niput vedenpit\u00e4v\u00e4ll\u00e4 askartelupaperilla tai EPE-kalvolla. R\u00e4\u00e4t\u00e4l\u00f6ity pyynt\u00f6 saatavilla<\/td>\n<\/tr>\n<tr>\n<td class=\"label\">12. L\u00e4pimenoaika<\/td>\n<td>Die Kehitt\u00e4minen ja n\u00e4ytteen testaus: 8-15 p\u00e4iv\u00e4\u00e4<br \/>Massatuotanto: 20-25 p\u00e4iv\u00e4\u00e4<\/td>\n<\/tr>\n<\/table>\n<h2>Tuotantopohjamme<\/h2>\n<h3>Tehtaan panoraama<\/h3>\n<p><img decoding=\"async\" src=\"\/wp-content\/uploads\/factory-01.webp\"\/><\/p>\n<h3>Alumiini Bar Manufacturing Workshop<\/h3>\n<p><img decoding=\"async\" src=\"\/wp-content\/uploads\/factory-02.webp\"\/><\/p>\n<\/p>\n<p><img decoding=\"async\" src=\"\/wp-content\/uploads\/factory-03.webp\"\/><\/p>\n<h3>Muotin varastointi Varasto<\/h3>\n<p><img decoding=\"async\" src=\"\/wp-content\/uploads\/factory-04.webp\"\/><\/p>\n<h3>43 Alumiini ekstruusiolinjat (500\u00e2 5500 tonnia)<\/h3>\n<p><img decoding=\"async\" src=\"\/wp-content\/uploads\/factory-05.webp\"\/><\/p>\n<p><img decoding=\"async\" src=\"\/wp-content\/uploads\/factory-06.webp\"\/><\/p>\n<p><img decoding=\"async\" src=\"\/wp-content\/uploads\/factory-07.webp\"\/><\/p>\n<h3>Jauhemaalaus ty\u00f6paja<\/h3>\n<p><img decoding=\"async\" src=\"\/wp-content\/uploads\/factory-09.webp\"\/><\/p>\n<h3>Anodisointi ty\u00f6paja<\/h3>\n<p><img decoding=\"async\" src=\"\/wp-content\/uploads\/factory-10.webp\"\/><\/p>\n<h3>Syv\u00e4k\u00e4sittelyn ty\u00f6paja<\/h3>\n<p><img decoding=\"async\" src=\"\/wp-content\/uploads\/factory-11.webp\"\/><\/p>\n<h3>CNC-tarkkuuskoneistus ty\u00f6paja<\/h3>\n<p><img decoding=\"async\" src=\"\/wp-content\/uploads\/factory-11.5.webp\"\/><\/p>\n<h3>Valmiiden tuotteiden ja vientivarasto<\/h3>\n<p><img decoding=\"async\" src=\"\/wp-content\/uploads\/factory-12.webp\"\/><\/p>\n<p><img decoding=\"async\" src=\"\/wp-content\/uploads\/factory-13.webp\"\/><\/p>\n<p><img decoding=\"async\" src=\"\/wp-content\/uploads\/factory-14.webp\"\/><\/p>\n<h2>FAQ<\/h2>\n<p><b>1.Mihin alumiinikolmioprofiilia k\u00e4ytet\u00e4\u00e4n?<\/b><\/p>\n<p>Triangle-alumiiniprofiileja k\u00e4ytet\u00e4\u00e4n rakenteellisissa kehyksiss\u00e4, koristeissa, valaisimissa ja opasteissa niiden ainutlaatuisen geometrian ja lujuuden ansiosta.\n<\/p>\n<p><\/p>\n<p><b>2.Mitk\u00e4 ovat kolmion alumiiniprofiilien t\u00e4rkeimm\u00e4t edut?<\/b><\/p>\n<p>Triangle-alumiiniprofiilit tarjoavat erinomaisen lujuus-painosuhteen, korroosionkest\u00e4vyyden ja modernin esteettisyyden monipuolisiin sovelluksiin.\n<\/p>\n<p><\/p>\n<p><b>3.Miksi valita kolmio alumiiniprofiilit tavallisten neli\u00f6- tai py\u00f6reiden profiilien sijaan?<\/b><\/p>\n<p>Kolmion alumiiniprofiilit tarjoavat parempaa kuormituksen jakautumista, erottuvia suunnitteluvaihtoehtoja ja tehokasta materiaalink\u00e4ytt\u00f6\u00e4 verrattuna perinteisiin muotoihin.\n<\/p>\n<p><\/p>\n<p><b>4.Can kolmio alumiiniprofiilit voidaan r\u00e4\u00e4t\u00e4l\u00f6id\u00e4?<\/b><\/p>\n<p>Kyll\u00e4, kolmion alumiiniprofiilit voidaan r\u00e4\u00e4t\u00e4l\u00f6id\u00e4 mitoiltaan, seoslaadultaan, sein\u00e4m\u00e4n paksuudeltaan ja pintak\u00e4sittelylt\u00e4\u00e4n projektin erityisvaatimusten mukaisiksi.\n<\/p>\n<p><\/p>\n<p><b>5.Mit\u00e4 pintak\u00e4sittelyj\u00e4 on saatavana triangle-alumiiniprofiileihin?<\/b><\/p>\n<p>Yleisi\u00e4 pintak\u00e4sittelyj\u00e4 ovat anodisointi, jauhemaalaus ja jyrsint\u00e4k\u00e4sittely, jotka parantavat korroosiosuojaa, kest\u00e4vyytt\u00e4 ja visuaalista laatua.\n<\/p>\n<p><\/p>\n<p><b>6.Soveltuvatko kolmiomaiset alumiiniprofiilit ulkok\u00e4ytt\u00f6\u00f6n?<\/b><\/p>\n<p>Kyll\u00e4, asianmukaisella pintak\u00e4sittelyll\u00e4 kolmioalumiiniprofiilit kest\u00e4v\u00e4t UV-altistusta, kosteutta ja ankaraa s\u00e4\u00e4t\u00e4, joten ne soveltuvat erinomaisesti ulkotiloihin.\n<\/p>\n<p><\/p>\n<p><b>7.Miten kolmion alumiiniprofiilit tukevat kest\u00e4v\u00e4\u00e4 suunnittelua?<\/b><\/p>\n<p>Triangle-alumiiniprofiilit ovat 100% kierr\u00e4tett\u00e4vi\u00e4 ja kevyit\u00e4, mik\u00e4 v\u00e4hent\u00e4\u00e4 materiaalij\u00e4tett\u00e4 ja kuljetusp\u00e4\u00e4st\u00f6j\u00e4 ymp\u00e4rist\u00f6yst\u00e4v\u00e4llisess\u00e4 rakentamisessa.\n<\/p>\n<p><\/p>\n<p><b>8.Mitk\u00e4 teollisuudenalat k\u00e4ytt\u00e4v\u00e4t yleisesti kolmiomaisia alumiiniprofiileja?<\/b><\/p>\n<p>Arkkitehtuurin, opasteiden, huonekalujen ja LED-valaistuksen kaltaiset teollisuudenalat hy\u00f6dynt\u00e4v\u00e4t alumiiniprofiileja niiden rakenteellisten etujen ja ainutlaatuisen estetiikan vuoksi.\n<\/p>\n<p><\/p>","protected":false},"featured_media":6455,"template":"","categories":[60],"class_list":["post-6456","product","type-product","status-publish","has-post-thumbnail","hentry","category-general-tubes-and-bars"],"meta_box":{"hilight_text_group":{"product_hilight_text":"<li>Unique triangle shape provides excellent strength and design flexibility<\/li>\r\r\n<li>Made from high-quality aluminum with superior corrosion resistance<\/li>\r\r\n<li>Lightweight and easy to machine for various industrial applications<\/li>\r\r\n<li>Available in custom sizes and surface finishes<\/li>\r\r\n<li>Supports bulk orders with reliable supply and competitive pricing<\/li>","product_chanpin_blog":"<ul>\r\r\n<li><a href=\"https:\/\/sinoextrud.com\/t-slot-v-slot-differences\/\" target=\"_blank\">t slot vs v slot<\/a><\/li>\r\r\n<li><a href=\"https:\/\/sinoextrud.com\/what-is-4040-aluminium-extrud\/\" target=\"_blank\">4040 aluminium extrusion<\/a><\/li>\r\r\n<li><a href=\"https:\/\/sinoextrud.com\/what-is-4040-aluminium-extrud\/\" target=\"_blank\">aluminum extrusions for industrial racks<\/a><\/li>\r\r\n<li><a href=\"https:\/\/sinoextrud.com\/powder-coating-aluminium-process\/\" target=\"_blank\">powder coating aluminium<\/a><\/li>\r\r\n<li><a href=\"https:\/\/sinoextrud.com\/what-is-an-aluminium-strip-ceiling\/\" target=\"_blank\">aluminium strip ceiling<\/a><\/li>\r\r\n<li><a href=\"https:\/\/sinoextrud.com\/what-is-a-heat-sink\/\" target=\"_blank\">what is a heat sink<\/a><\/li>\r\r\n<\/ul>","product_chanpin_chanpin":"<li><a href=\"https:\/\/sinoextrud.com\/product\/short-run-custom-aluminum-extrusions\/\" target=\"_blank\">Short Run Custom Aluminum Extrusions<\/a><\/li>\r\n<li><a href=\"https:\/\/sinoextrud.com\/product\/thick-wall-large-diameter-aluminium-pipe\/\" target=\"_blank\">Thick Wall Large Diameter Aluminium Pipe<\/a><\/li>\r\n<li><a href=\"https:\/\/sinoextrud.com\/product\/triangle-aluminium-tube-factory-price\/\" target=\"_blank\">Triangle Aluminium Tube Factory Price<\/a><\/li>\r\n<li><a href=\"https:\/\/sinoextrud.com\/product\/oval-aluminum-tube\/\" target=\"_blank\">Oval Aluminum Tube<\/a><\/li>\r\n<li><a href=\"https:\/\/sinoextrud.com\/product\/triangle-aluminum-profile\/\" target=\"_blank\">Triangle Aluminum Profile<\/a><\/li>\r\n<li><a href=\"https:\/\/sinoextrud.com\/product\/extruded-aluminium-round-tube\/\" target=\"_blank\">Extruded Aluminium Round Tube<\/a><\/li>\r\n<li><a href=\"https:\/\/sinoextrud.com\/product\/u-shaped-aluminum-extrusion\/\" target=\"_blank\">U Shaped Aluminum Extrusion<\/a><\/li>\r\n<li><a href=\"https:\/\/sinoextrud.com\/product\/40-x-40-aluminium-extrusion\/\" target=\"_blank\">40 X 40 Aluminium Extrusion<\/a><\/li>\r\n<li><a href=\"https:\/\/sinoextrud.com\/product\/aluminium-bars\/\" target=\"_blank\">Aluminium Bars<\/a><\/li>\r\n<li><a href=\"https:\/\/sinoextrud.com\/product\/aluminium-sliding-door-pictures-new-update-sliding-wardrobe-doors-profile-manufacturers-oem-value-frame-extrusion\/\" target=\"_blank\">aluminium sliding door pictures new update sliding wardrobe doors profile manufacturers OEM value frame extrusion<\/a><\/li>\r\n<li><a href=\"https:\/\/sinoextrud.com\/product\/3d-wood-grain-aluminium-battens\/\" target=\"_blank\">3D Wood Grain Aluminium Battens<\/a><\/li>"},"feature_list":[]},"_links":{"self":[{"href":"https:\/\/sinoextrud.com\/fi\/wp-json\/wp\/v2\/product\/6456","targetHints":{"allow":["GET"]}}],"collection":[{"href":"https:\/\/sinoextrud.com\/fi\/wp-json\/wp\/v2\/product"}],"about":[{"href":"https:\/\/sinoextrud.com\/fi\/wp-json\/wp\/v2\/types\/product"}],"wp:featuredmedia":[{"embeddable":true,"href":"https:\/\/sinoextrud.com\/fi\/wp-json\/wp\/v2\/media\/6455"}],"wp:attachment":[{"href":"https:\/\/sinoextrud.com\/fi\/wp-json\/wp\/v2\/media?parent=6456"}],"wp:term":[{"taxonomy":"category","embeddable":true,"href":"https:\/\/sinoextrud.com\/fi\/wp-json\/wp\/v2\/categories?post=6456"}],"curies":[{"name":"wp","href":"https:\/\/api.w.org\/{rel}","templated":true}]}}