{"id":6454,"date":"2025-05-29T02:12:00","date_gmt":"2025-05-29T02:12:00","guid":{"rendered":"https:\/\/sinoextrud.com\/product\/oval-aluminum-tube\/"},"modified":"2025-06-24T06:10:56","modified_gmt":"2025-06-24T06:10:56","slug":"soikea-alumiiniputki","status":"publish","type":"product","link":"https:\/\/sinoextrud.com\/fi\/product\/oval-aluminum-tube\/","title":{"rendered":"Soikea alumiiniputki"},"content":{"rendered":"<h2>Tuotteiden tiedot<\/h2>\n<table class=\"custom-table\">\n<tr>\n<td class=\"label\">Kohde:<\/td>\n<td>Soikea alumiiniputki, soikea alumiiniputki<\/td>\n<\/tr>\n<tr>\n<td class=\"label\">Materiaali:<\/td>\n<td>100% alumiiniprofiiliseos: 6063-T5, 6061-T6, 6463-T5, 6082<\/td>\n<\/tr>\n<tr>\n<td class=\"label\">Tuotemerkki:<\/td>\n<td>Sinoextrud<\/td>\n<\/tr>\n<tr>\n<td class=\"label\">Koko:<\/td>\n<td>1m-9m tai mukautettu koko<\/td>\n<\/tr>\n<tr>\n<td class=\"label\">V\u00e4rit:<\/td>\n<td>Anodisoitu, woodgrain, jauhemaalaus, anodisoitu kiillotettu ja harjattu, elektroforeesi, flurocarbon jauhemaalattu jne.<\/td>\n<\/tr>\n<tr>\n<td class=\"label\">MOQ:<\/td>\n<td>200 kg kutakin profiilia kohti<\/td>\n<\/tr>\n<tr>\n<td class=\"label\">OEM-palvelu:<\/td>\n<td>asiakkaan suunnittelemien piirustusten tai n\u00e4ytteiden perusteella<\/td>\n<\/tr>\n<tr>\n<td class=\"label\">Sertifioitavissa:<\/td>\n<td>ISO, TUV, SGS<\/td>\n<\/tr>\n<tr>\n<td class=\"label\">Pakkaustiedot:<\/td>\n<td>(1) Sis\u00e4ll\u00e4: pakattu muovisella suojakalvolla, joka suojaa jokaista profiilia.<br \/>(2) Ulkopuolella: pakattu vedenpit\u00e4v\u00e4ll\u00e4 paperilla<\/td>\n<\/tr>\n<tr>\n<td class=\"label\">Toimitusaika:<\/td>\n<td>(1) DieDevelopingandSampletest: 12-18 p\u00e4iv\u00e4\u00e4.<br \/>(2) Tuotannon kesto: 25-30 p\u00e4iv\u00e4\u00e4 sen j\u00e4lkeen, kun ostaja on vahvistanut n\u00e4ytteen.<\/td>\n<\/tr>\n<tr>\n<td class=\"label\">Maksuehdot:<\/td>\n<td>T\/T, 30%down-maksu, kun taas saldo maksetaan ennen toimitusta.<\/td>\n<\/tr>\n<tr>\n<td class=\"label\">Selvitystermi:<\/td>\n<td>Lopullinen maksu perustuu lopulliseen tosiasialliseen fyysiseen punnitukseen.<\/td>\n<\/tr>\n<tr>\n<td class=\"label\">Tuotantokapasiteetti:<\/td>\n<td>2400-3000 metrikonetta kuukaudessa.<\/td>\n<\/tr>\n<tr>\n<td class=\"label\">Tuotantotakuu:<\/td>\n<td>Pintav\u00e4ri kest\u00e4\u00e4 10-20 vuotta sis\u00e4k\u00e4yt\u00f6ss\u00e4.<\/td>\n<\/tr>\n<tr>\n<td class=\"label\">Satama:<\/td>\n<td>Shenzhen, Guangzhou, Foshan<\/td>\n<\/tr>\n<\/table>\n<h2>Tuotantopohjamme<\/h2>\n<h3>Tehtaan panoraama<\/h3>\n<p><img decoding=\"async\" src=\"\/wp-content\/uploads\/factory-01.webp\"\/><\/p>\n<h3>Alumiini Bar Manufacturing Workshop<\/h3>\n<p><img decoding=\"async\" src=\"\/wp-content\/uploads\/factory-02.webp\"\/><\/p>\n<\/p>\n<p><img decoding=\"async\" src=\"\/wp-content\/uploads\/factory-03.webp\"\/><\/p>\n<h3>Muotin varastointi Varasto<\/h3>\n<p><img decoding=\"async\" src=\"\/wp-content\/uploads\/factory-04.webp\"\/><\/p>\n<h3>43 Alumiini ekstruusiolinjat (500\u00e2 5500 tonnia)<\/h3>\n<p><img decoding=\"async\" src=\"\/wp-content\/uploads\/factory-05.webp\"\/><\/p>\n<p><img decoding=\"async\" src=\"\/wp-content\/uploads\/factory-06.webp\"\/><\/p>\n<p><img decoding=\"async\" src=\"\/wp-content\/uploads\/factory-07.webp\"\/><\/p>\n<h3>Jauhemaalaus ty\u00f6paja<\/h3>\n<p><img decoding=\"async\" src=\"\/wp-content\/uploads\/factory-09.webp\"\/><\/p>\n<h3>Anodisointi ty\u00f6paja<\/h3>\n<p><img decoding=\"async\" src=\"\/wp-content\/uploads\/factory-10.webp\"\/><\/p>\n<h3>Syv\u00e4k\u00e4sittelyn ty\u00f6paja<\/h3>\n<p><img decoding=\"async\" src=\"\/wp-content\/uploads\/factory-11.webp\"\/><\/p>\n<h3>CNC-tarkkuuskoneistus ty\u00f6paja<\/h3>\n<p><img decoding=\"async\" src=\"\/wp-content\/uploads\/factory-11.5.webp\"\/><\/p>\n<h3>Valmiiden tuotteiden ja vientivarasto<\/h3>\n<p><img decoding=\"async\" src=\"\/wp-content\/uploads\/factory-12.webp\"\/><\/p>\n<p><img decoding=\"async\" src=\"\/wp-content\/uploads\/factory-13.webp\"\/><\/p>\n<p><img decoding=\"async\" src=\"\/wp-content\/uploads\/factory-14.webp\"\/><\/p>\n<h2>FAQ<\/h2>\n<p><b>1.Mihin soikeaa alumiiniputkea k\u00e4ytet\u00e4\u00e4n?<\/b><\/p>\n<p>Soikeita alumiiniputkia k\u00e4ytet\u00e4\u00e4n huonekalujen kehyksiss\u00e4, autojen verhoilussa, laivakaiteissa ja arkkitehtonisissa korostuksissa niiden ainutlaatuisen muodon ja kevyen lujuuden ansiosta.\n<\/p>\n<p><\/p>\n<p><b>2.Mitk\u00e4 ovat soikeiden alumiiniputkien edut?<\/b><\/p>\n<p>Soikeat alumiiniputket tarjoavat erinomaisen lujuus-painosuhteen, korroosionkest\u00e4vyyden ja tyylikk\u00e4\u00e4n ulkon\u00e4\u00f6n, joten ne soveltuvat erinomaisesti sek\u00e4 rakenteellisiin ett\u00e4 koristeellisiin k\u00e4ytt\u00f6tarkoituksiin.\n<\/p>\n<p><\/p>\n<p><b>3.Miksi valita soikea alumiiniputki py\u00f6reiden tai neli\u00f6profiilien sijaan?<\/b><\/p>\n<p>Soikeat alumiiniputket tarjoavat virtaviivaisen ulkon\u00e4\u00f6n, paremman aerodynamiikan ja monipuoliset kiinnitysmahdollisuudet, jotka parantavat sek\u00e4 muotoilua ett\u00e4 suorituskyky\u00e4.\n<\/p>\n<p><\/p>\n<p><b>4.Can soikea alumiiniputket voidaan r\u00e4\u00e4t\u00e4l\u00f6id\u00e4?<\/b><\/p>\n<p>Kyll\u00e4, soikeat alumiiniputket voidaan r\u00e4\u00e4t\u00e4l\u00f6id\u00e4 mittojen, sein\u00e4m\u00e4n paksuuden, seoslaadun ja pintak\u00e4sittelyn osalta vastaamaan erityisi\u00e4 teknisi\u00e4 ja esteettisi\u00e4 vaatimuksia.\n<\/p>\n<p><\/p>\n<p><b>5.Mit\u00e4 pintak\u00e4sittelyj\u00e4 on saatavana soikeille alumiiniputkille?<\/b><\/p>\n<p>Ovaalien alumiiniputkien yleisi\u00e4 viimeistelyj\u00e4 ovat anodisointi, jauhemaalaus ja jyrsint\u00e4k\u00e4sittely, jotka parantavat kest\u00e4vyytt\u00e4, korroosiosuojaa ja visuaalista houkuttelevuutta.\n<\/p>\n<p><\/p>\n<p><b>6.Ovatko soikeat alumiiniputket soveltuvat ulkok\u00e4ytt\u00f6\u00f6n?<\/b><\/p>\n<p>Kyll\u00e4, soikeat alumiiniputket, joissa on anodisoitu tai pulverimaalattu pinta, kest\u00e4v\u00e4t UV-altistusta, kosteutta ja ankaraa s\u00e4\u00e4t\u00e4, joten ne soveltuvat erinomaisesti ulko- ja meriymp\u00e4rist\u00f6ihin.\n<\/p>\n<p><\/p>\n<p><b>7.Miten soikeat alumiiniputket tukevat kest\u00e4v\u00e4\u00e4 suunnittelua?<\/b><\/p>\n<p>Soikeat alumiiniputket ovat 100% kierr\u00e4tett\u00e4vi\u00e4, energiatehokkaita valmistaa, ja niiden keveys v\u00e4hent\u00e4\u00e4 materiaalin k\u00e4ytt\u00f6\u00e4 ja kuljetusp\u00e4\u00e4st\u00f6j\u00e4.\n<\/p>\n<p><\/p>\n<p><b>8.Mitk\u00e4 teollisuudenalat k\u00e4ytt\u00e4v\u00e4t yleisesti soikeita alumiiniputkia?<\/b><\/p>\n<p>Teollisuudenalat, kuten autoteollisuus, merenkulku, huonekalut ja rakentaminen, hy\u00f6dynt\u00e4v\u00e4t soikeita alumiiniputkia niiden lujuuden, esteettisyyden ja korroosionkest\u00e4vyyden yhdistelm\u00e4n vuoksi.\n<\/p>\n<p><\/p>","protected":false},"featured_media":6453,"template":"","categories":[60],"class_list":["post-6454","product","type-product","status-publish","has-post-thumbnail","hentry","category-general-tubes-and-bars"],"meta_box":{"hilight_text_group":{"product_hilight_text":"<li>Sleek oval design ideal for aesthetic and functional applications<\/li>\r\r\n<li>Lightweight yet strong aluminum construction with excellent corrosion resistance<\/li>\r\r\n<li>Available in various sizes, wall thicknesses, and finishes<\/li>\r\r\n<li>Easy to fabricate, cut, and weld for custom projects<\/li>\r\r\n<li>Supports bulk orders and OEM customization<\/li>","product_chanpin_blog":"<ul>\r\r\n<li><a href=\"https:\/\/sinoextrud.com\/t-slot-v-slot-differences\/\" target=\"_blank\">t slot vs v slot<\/a><\/li>\r\r\n<li><a href=\"https:\/\/sinoextrud.com\/what-is-4040-aluminium-extrud\/\" target=\"_blank\">4040 aluminium extrusion<\/a><\/li>\r\r\n<li><a href=\"https:\/\/sinoextrud.com\/what-is-4040-aluminium-extrud\/\" target=\"_blank\">aluminum extrusions for industrial racks<\/a><\/li>\r\r\n<li><a href=\"https:\/\/sinoextrud.com\/powder-coating-aluminium-process\/\" target=\"_blank\">powder coating aluminium<\/a><\/li>\r\r\n<li><a href=\"https:\/\/sinoextrud.com\/what-is-an-aluminium-strip-ceiling\/\" target=\"_blank\">aluminium strip ceiling<\/a><\/li>\r\r\n<li><a href=\"https:\/\/sinoextrud.com\/what-is-a-heat-sink\/\" target=\"_blank\">what is a heat sink<\/a><\/li>\r\r\n<\/ul>","product_chanpin_chanpin":"<li><a href=\"https:\/\/sinoextrud.com\/product\/aluminum-u-profile\/\" target=\"_blank\">Aluminum U Profile<\/a><\/li>\r\n<li><a href=\"https:\/\/sinoextrud.com\/product\/short-run-custom-aluminum-extrusions\/\" target=\"_blank\">Short Run Custom Aluminum Extrusions<\/a><\/li>\r\n<li><a href=\"https:\/\/sinoextrud.com\/product\/thick-wall-large-diameter-aluminium-pipe\/\" target=\"_blank\">Thick Wall Large Diameter Aluminium Pipe<\/a><\/li>\r\n<li><a href=\"https:\/\/sinoextrud.com\/product\/triangle-aluminium-tube-factory-price\/\" target=\"_blank\">Triangle Aluminium Tube Factory Price<\/a><\/li>\r\n<li><a href=\"https:\/\/sinoextrud.com\/product\/oval-aluminum-tube\/\" target=\"_blank\">Oval Aluminum Tube<\/a><\/li>\r\n<li><a href=\"https:\/\/sinoextrud.com\/product\/triangle-aluminum-profile\/\" target=\"_blank\">Triangle Aluminum Profile<\/a><\/li>\r\n<li><a href=\"https:\/\/sinoextrud.com\/product\/extruded-aluminium-round-tube\/\" target=\"_blank\">Extruded Aluminium Round Tube<\/a><\/li>\r\n<li><a href=\"https:\/\/sinoextrud.com\/product\/u-shaped-aluminum-extrusion\/\" target=\"_blank\">U Shaped Aluminum Extrusion<\/a><\/li>\r\n<li><a href=\"https:\/\/sinoextrud.com\/product\/40-x-40-aluminium-extrusion\/\" target=\"_blank\">40 X 40 Aluminium Extrusion<\/a><\/li>\r\n<li><a href=\"https:\/\/sinoextrud.com\/product\/aluminium-profile\/\" target=\"_blank\">Aluminium profile<\/a><\/li>\r\n<li><a href=\"https:\/\/sinoextrud.com\/product\/custom-made-modern-wood-grain-color-kitchen-cabinet-aluminium-extrusion-profile\/\" target=\"_blank\">Custom made modern wood grain color kitchen cabinet aluminium extrusion profile<\/a><\/li>"},"feature_list":[]},"_links":{"self":[{"href":"https:\/\/sinoextrud.com\/fi\/wp-json\/wp\/v2\/product\/6454","targetHints":{"allow":["GET"]}}],"collection":[{"href":"https:\/\/sinoextrud.com\/fi\/wp-json\/wp\/v2\/product"}],"about":[{"href":"https:\/\/sinoextrud.com\/fi\/wp-json\/wp\/v2\/types\/product"}],"wp:featuredmedia":[{"embeddable":true,"href":"https:\/\/sinoextrud.com\/fi\/wp-json\/wp\/v2\/media\/6453"}],"wp:attachment":[{"href":"https:\/\/sinoextrud.com\/fi\/wp-json\/wp\/v2\/media?parent=6454"}],"wp:term":[{"taxonomy":"category","embeddable":true,"href":"https:\/\/sinoextrud.com\/fi\/wp-json\/wp\/v2\/categories?post=6454"}],"curies":[{"name":"wp","href":"https:\/\/api.w.org\/{rel}","templated":true}]}}