{"id":6444,"date":"2025-05-29T01:57:14","date_gmt":"2025-05-29T01:57:14","guid":{"rendered":"https:\/\/sinoextrud.com\/product\/aluminum-u-profile\/"},"modified":"2025-06-24T06:10:54","modified_gmt":"2025-06-24T06:10:54","slug":"alumiininen-u-profiili","status":"publish","type":"product","link":"https:\/\/sinoextrud.com\/fi\/product\/aluminum-u-profile\/","title":{"rendered":"Alumiini U-profiili"},"content":{"rendered":"<h2>Tuotteiden tiedot<\/h2>\n<table class=\"custom-table\">\n<tr>\n<td class=\"label\">Tuotteen nimi<\/td>\n<td>Puristamalla alumiini neli\u00f6 putki<\/td>\n<\/tr>\n<tr>\n<td class=\"label\">Materiaali<\/td>\n<td>6000\/7000-sarja<\/td>\n<\/tr>\n<tr>\n<td class=\"label\">Luokka<\/td>\n<td>6063T3-T8<\/td>\n<\/tr>\n<tr>\n<td class=\"label\">Ulkohalkaisija<\/td>\n<td>R\u00e4\u00e4t\u00e4l\u00f6ity<\/td>\n<\/tr>\n<tr>\n<td class=\"label\">Pituus<\/td>\n<td>vaatimuksen mukaan, standar: 1m-9m<\/td>\n<\/tr>\n<tr>\n<td class=\"label\">Paksuus<\/td>\n<td>r\u00e4\u00e4t\u00e4l\u00f6ity<\/td>\n<\/tr>\n<tr>\n<td class=\"label\">Muoto<\/td>\n<td>Py\u00f6re\u00e4, neli\u00f6, suorakulmainen jne.<\/td>\n<\/tr>\n<tr>\n<td class=\"label\">Standardi<\/td>\n<td>DIN GB ISO JIS BA ANSI<\/td>\n<\/tr>\n<tr>\n<td class=\"label\">Pintak\u00e4sittelyt<\/td>\n<td>Anodisointi, kiillotus, jauhemaalattu, elektroforeesi, hiekkapuhallus, pinnoitekalvo jne.<\/td>\n<\/tr>\n<tr>\n<td class=\"label\">Toimitus<\/td>\n<td>20-25 p\u00e4iv\u00e4\u00e4<\/td>\n<\/tr>\n<\/table>\n<h2>Tuotantopohjamme<\/h2>\n<h3>Tehtaan panoraama<\/h3>\n<p><img decoding=\"async\" src=\"\/wp-content\/uploads\/factory-01.webp\"\/><\/p>\n<h3>Alumiini Bar Manufacturing Workshop<\/h3>\n<p><img decoding=\"async\" src=\"\/wp-content\/uploads\/factory-02.webp\"\/><\/p>\n<p><img decoding=\"async\" src=\"\/wp-content\/uploads\/factory-03.webp\"\/><\/p>\n<h3>Muotin varastointi Varasto<\/h3>\n<p><img decoding=\"async\" src=\"\/wp-content\/uploads\/factory-04.webp\"\/><\/p>\n<h3>43 Alumiini ekstruusiolinjat (500\u00e2 5500 tonnia)<\/h3>\n<p><img decoding=\"async\" src=\"\/wp-content\/uploads\/factory-05.webp\"\/><\/p>\n<p><img decoding=\"async\" src=\"\/wp-content\/uploads\/factory-06.webp\"\/><\/p>\n<p><img decoding=\"async\" src=\"\/wp-content\/uploads\/factory-07.webp\"\/><\/p>\n<h3>Jauhemaalaus ty\u00f6paja<\/h3>\n<p><img decoding=\"async\" src=\"\/wp-content\/uploads\/factory-09.webp\"\/><\/p>\n<h3>Anodisointi ty\u00f6paja<\/h3>\n<p><img decoding=\"async\" src=\"\/wp-content\/uploads\/factory-10.webp\"\/><\/p>\n<h3>Syv\u00e4k\u00e4sittelyn ty\u00f6paja<\/h3>\n<p><img decoding=\"async\" src=\"\/wp-content\/uploads\/factory-11.webp\"\/><\/p>\n<h3>CNC-tarkkuuskoneistus ty\u00f6paja<\/h3>\n<p><img decoding=\"async\" src=\"\/wp-content\/uploads\/factory-11.5.webp\"\/><\/p>\n<h3>Valmiiden tuotteiden ja vientivarasto<\/h3>\n<p><img decoding=\"async\" src=\"\/wp-content\/uploads\/factory-12.webp\"\/><\/p>\n<p><img decoding=\"async\" src=\"\/wp-content\/uploads\/factory-13.webp\"\/><\/p>\n<p><img decoding=\"async\" src=\"\/wp-content\/uploads\/factory-14.webp\"\/><\/p>\n<h2>FAQ<\/h2>\n<p><p><b>1.What on alumiini U-profiili k\u00e4ytet\u00e4\u00e4n?<\/b><\/p>\n<p>Alumiini U-profiilia k\u00e4ytet\u00e4\u00e4n reunasuojaukseen, kehyst\u00e4miseen, liukukiskoihin ja koristeellisiin reunalistoihin rakentamisessa, huonekaluissa ja arkkitehtonisissa sovelluksissa.<br \/>\n<\/p><br \/>\n<br \/>\n<p><b>2.Mitk\u00e4 ovat alumiinisen U-profiilin t\u00e4rkeimm\u00e4t edut?<\/b><\/p>\n<p>Alumiininen U-profiili tarjoaa korkean lujuus-painosuhteen, erinomaisen korroosionkest\u00e4vyyden ja tarkat mitat, jotka takaavat luotettavan suorituskyvyn ja pitk\u00e4ik\u00e4isyyden.<br \/>\n<\/p><br \/>\n<br \/>\n<p><b>3.Miksi valita alumiininen U-profiili muiden suulakepuristusmuotojen sijaan?<\/b><\/p>\n<p>Alumiininen U-profiili tarjoaa erinomaisen kanavatuen, helpon kokoonpanon ja tyylikk\u00e4\u00e4n estetiikan verrattuna lattatankoihin tai L-profiileihin.<br \/>\n<\/p><br \/>\n<br \/>\n<p><b>4.Can alumiini U-profiilit voidaan r\u00e4\u00e4t\u00e4l\u00f6id\u00e4?<\/b><\/p>\n<p>Kyll\u00e4, alumiiniset U-profiilit voidaan r\u00e4\u00e4t\u00e4l\u00f6id\u00e4 kanavan leveyden, jalkojen korkeuden, sein\u00e4m\u00e4n paksuuden, seoslaadun ja pintak\u00e4sittelyn osalta vastaamaan erityisi\u00e4 suunnittelu- ja rakenteellisia vaatimuksia.<br \/>\n<\/p><br \/>\n<br \/>\n<p><b>5.Mit\u00e4 pintak\u00e4sittelyj\u00e4 on saatavana alumiinisille U-profiileille?<\/b><\/p>\n<p>Alumiini U-profiilin yleisi\u00e4 viimeistelyj\u00e4 ovat anodisointi, jauhemaalaus ja jyrsint\u00e4k\u00e4sittely, jotka parantavat korroosiosuojaa, kest\u00e4vyytt\u00e4 ja visuaalista houkuttelevuutta.<br \/>\n<\/p><br \/>\n<br \/>\n<p><b>6.Ovatko alumiiniset U-profiilit sopivia ulkok\u00e4ytt\u00f6\u00f6n?<\/b><\/p>\n<p>Kyll\u00e4, anodisoitu tai jauhemaalattu viimeistely, alumiini U-profiili kest\u00e4\u00e4 hyvin UV-altistusta, kosteutta ja ankaria s\u00e4\u00e4olosuhteita.<br \/>\n<\/p><br \/>\n<br \/>\n<p><b>7.Miten alumiininen U-profiili parantaa asennuksen tehokkuutta?<\/b><\/p>\n<p>Alumiinisen U-profiilin yhten\u00e4inen kanava ja tarkat toleranssit mahdollistavat paneelien, tiivisteiden ja lis\u00e4varusteiden nopean, ty\u00f6kaluttoman asentamisen, mik\u00e4 v\u00e4hent\u00e4\u00e4 ty\u00f6aikaa.<br \/>\n<\/p><br \/>\n<br \/>\n<p><b>8.Miten alumiiniset U-profiilit tukevat kest\u00e4v\u00e4\u00e4 suunnittelua?<\/b><\/p>\n<p>Alumiini U-profiili on 100% kierr\u00e4tett\u00e4viss\u00e4 ja energiatehokas tuottaa, v\u00e4hent\u00e4\u00e4 materiaalij\u00e4tett\u00e4 ja ymp\u00e4rist\u00f6vaikutuksia vihreiss\u00e4 rakennushankkeissa.<br \/>\n<\/p><br \/><\/p>","protected":false},"featured_media":6443,"template":"","categories":[60],"class_list":["post-6444","product","type-product","status-publish","has-post-thumbnail","hentry","category-general-tubes-and-bars"],"meta_box":{"hilight_text_group":{"product_hilight_text":"<li>U-shaped profile offers strong structural support and versatility<\/li>\r\r\n<li>Made from corrosion-resistant aluminum alloy for durability<\/li>\r\r\n<li>Precision extrusion ensures consistent dimensions and smooth finish<\/li>\r\r\n<li>Available in various sizes and thicknesses to suit different applications<\/li>\r\r\n<li>Ideal for construction, framing, and industrial fabrication projects<\/li>","product_chanpin_blog":"<ul>\r\r\n<li><a href=\"https:\/\/sinoextrud.com\/t-slot-v-slot-differences\/\" target=\"_blank\">t slot vs v slot<\/a><\/li>\r\r\n<li><a href=\"https:\/\/sinoextrud.com\/what-is-4040-aluminium-extrud\/\" target=\"_blank\">4040 aluminium extrusion<\/a><\/li>\r\r\n<li><a href=\"https:\/\/sinoextrud.com\/what-is-4040-aluminium-extrud\/\" target=\"_blank\">aluminum extrusions for industrial racks<\/a><\/li>\r\r\n<li><a href=\"https:\/\/sinoextrud.com\/powder-coating-aluminium-process\/\" target=\"_blank\">powder coating aluminium<\/a><\/li>\r\r\n<li><a href=\"https:\/\/sinoextrud.com\/what-is-an-aluminium-strip-ceiling\/\" target=\"_blank\">aluminium strip ceiling<\/a><\/li>\r\r\n<li><a href=\"https:\/\/sinoextrud.com\/what-is-a-heat-sink\/\" target=\"_blank\">what is a heat sink<\/a><\/li>\r\r\n<\/ul>","product_chanpin_chanpin":"<li><a href=\"https:\/\/sinoextrud.com\/product\/extruded-aluminum-z-bar\/\" target=\"_blank\">Extruded Aluminum Z Bar<\/a><\/li>\r\n<li><a href=\"https:\/\/sinoextrud.com\/product\/aluminium-extrusion-pipe\/\" target=\"_blank\">Aluminium Extrusion Pipe<\/a><\/li>\r\n<li><a href=\"https:\/\/sinoextrud.com\/product\/alloy-aluminium\/\" target=\"_blank\">Alloy Aluminium<\/a><\/li>\r\n<li><a href=\"https:\/\/sinoextrud.com\/product\/aluminium-piping\/\" target=\"_blank\">Aluminium Piping<\/a><\/li>\r\n<li><a href=\"https:\/\/sinoextrud.com\/product\/aluminum-u-profile\/\" target=\"_blank\">Aluminum U Profile<\/a><\/li>\r\n<li><a href=\"https:\/\/sinoextrud.com\/product\/short-run-custom-aluminum-extrusions\/\" target=\"_blank\">Short Run Custom Aluminum Extrusions<\/a><\/li>\r\n<li><a href=\"https:\/\/sinoextrud.com\/product\/thick-wall-large-diameter-aluminium-pipe\/\" target=\"_blank\">Thick Wall Large Diameter Aluminium Pipe<\/a><\/li>\r\n<li><a href=\"https:\/\/sinoextrud.com\/product\/triangle-aluminium-tube-factory-price\/\" target=\"_blank\">Triangle Aluminium Tube Factory Price<\/a><\/li>\r\n<li><a href=\"https:\/\/sinoextrud.com\/product\/oval-aluminum-tube\/\" target=\"_blank\">Oval Aluminum Tube<\/a><\/li>\r\n<li><a href=\"https:\/\/sinoextrud.com\/product\/aluminum-profile-led-light-strip-bar\/\" target=\"_blank\">Aluminum Profile LED Light Strip Bar<\/a><\/li>\r\n<li><a href=\"https:\/\/sinoextrud.com\/product\/aluminum-z-section-extrusions\/\" target=\"_blank\">Aluminum Z Section Extrusions<\/a><\/li>"},"feature_list":[]},"_links":{"self":[{"href":"https:\/\/sinoextrud.com\/fi\/wp-json\/wp\/v2\/product\/6444","targetHints":{"allow":["GET"]}}],"collection":[{"href":"https:\/\/sinoextrud.com\/fi\/wp-json\/wp\/v2\/product"}],"about":[{"href":"https:\/\/sinoextrud.com\/fi\/wp-json\/wp\/v2\/types\/product"}],"wp:featuredmedia":[{"embeddable":true,"href":"https:\/\/sinoextrud.com\/fi\/wp-json\/wp\/v2\/media\/6443"}],"wp:attachment":[{"href":"https:\/\/sinoextrud.com\/fi\/wp-json\/wp\/v2\/media?parent=6444"}],"wp:term":[{"taxonomy":"category","embeddable":true,"href":"https:\/\/sinoextrud.com\/fi\/wp-json\/wp\/v2\/categories?post=6444"}],"curies":[{"name":"wp","href":"https:\/\/api.w.org\/{rel}","templated":true}]}}