{"id":6430,"date":"2025-05-28T09:01:25","date_gmt":"2025-05-28T09:01:25","guid":{"rendered":"https:\/\/sinoextrud.com\/product\/thin-wall-extruded-aluminum-tubing\/"},"modified":"2025-06-24T06:10:53","modified_gmt":"2025-06-24T06:10:53","slug":"ohutseinainen-suulakepuristettu-alumiiniputki","status":"publish","type":"product","link":"https:\/\/sinoextrud.com\/fi\/product\/thin-wall-extruded-aluminum-tubing\/","title":{"rendered":"Ohutsein\u00e4inen suulakepuristettu alumiiniputki"},"content":{"rendered":"<h2>Tuotteiden tiedot<\/h2>\n<table class=\"custom-table\">\n<tr>\n<td class=\"label\">Nimi<\/td>\n<td>Ohutsein\u00e4inen suulakepuristettu alumiiniputki<\/td>\n<\/tr>\n<tr>\n<td class=\"label\">Luokka<\/td>\n<td>Alumiinirunko<\/td>\n<\/tr>\n<tr>\n<td class=\"label\">Materiaali<\/td>\n<td>6063 on laajalti k\u00e4ytetty. 6061, 6463, 6005, 6082 on my\u00f6s saatavilla.<\/td>\n<\/tr>\n<tr>\n<td class=\"label\">Temper<\/td>\n<td>T5-T8<\/td>\n<\/tr>\n<tr>\n<td class=\"label\">Pituus<\/td>\n<td>5.8m 20ft , 5.9m \/6.0m 40'GP, tai r\u00e4\u00e4t\u00e4l\u00f6inti\u00e4 varten<\/td>\n<\/tr>\n<tr>\n<td class=\"label\">Koko (mm)<\/td>\n<td>Eri kokoa, voit ottaa yhteytt\u00e4 yksityiskohtiin.<\/td>\n<\/tr>\n<tr>\n<td class=\"label\">Paksuus<\/td>\n<td>Pyynt\u00f6nne mukaisesti<\/td>\n<\/tr>\n<tr>\n<td class=\"label\">Muoto<\/td>\n<td>Mukauttaminen<\/td>\n<\/tr>\n<tr>\n<td class=\"label\">Pintak\u00e4sittely<\/td>\n<td>Myllyvalmis, anodisoitu, hiekkapuhallus, elektroforeesi, tehopinnoitus jne.<\/td>\n<\/tr>\n<tr>\n<td class=\"label\">V\u00e4ri<\/td>\n<td>Hopea, musta, valkoinen, punainen, keltainen, samppanja tai r\u00e4\u00e4t\u00e4l\u00f6ity v\u00e4ri.<\/td>\n<\/tr>\n<tr>\n<td class=\"label\">Standardi<\/td>\n<td>ASTM, GB, DIN<\/td>\n<\/tr>\n<tr>\n<td class=\"label\">Osoitteesta<\/td>\n<td>Guangdong, Kiina<\/td>\n<\/tr>\n<tr>\n<td class=\"label\">Hakemus<\/td>\n<td>Sisustus, Teollisuus, Rakentaminen<\/td>\n<\/tr>\n<\/table>\n<h2>Tuotantopohjamme<\/h2>\n<h3>Tehtaan panoraama<\/h3>\n<p><img decoding=\"async\" src=\"\/wp-content\/uploads\/factory-01.webp\"\/><\/p>\n<h3>Alumiini Bar Manufacturing Workshop<\/h3>\n<p><img decoding=\"async\" src=\"\/wp-content\/uploads\/factory-02.webp\"\/><\/p>\n<p><img decoding=\"async\" src=\"\/wp-content\/uploads\/factory-03.webp\"\/><\/p>\n<h3>Muotin varastointi Varasto<\/h3>\n<p><img decoding=\"async\" src=\"\/wp-content\/uploads\/factory-04.webp\"\/><\/p>\n<h3>43 alumiinin ekstruusiolinjat (500-5500 tonnia)<\/h3>\n<p><img decoding=\"async\" src=\"\/wp-content\/uploads\/factory-05.webp\"\/><\/p>\n<p><img decoding=\"async\" src=\"\/wp-content\/uploads\/factory-06.webp\"\/><\/p>\n<p><img decoding=\"async\" src=\"\/wp-content\/uploads\/factory-07.webp\"\/><\/p>\n<h3>Jauhemaalaus ty\u00f6paja<\/h3>\n<p><img decoding=\"async\" src=\"\/wp-content\/uploads\/factory-09.webp\"\/><\/p>\n<h3>Anodisointi ty\u00f6paja<\/h3>\n<p><img decoding=\"async\" src=\"\/wp-content\/uploads\/factory-10.webp\"\/><\/p>\n<h3>Syv\u00e4k\u00e4sittelyn ty\u00f6paja<\/h3>\n<p><img decoding=\"async\" src=\"\/wp-content\/uploads\/factory-11.webp\"\/><\/p>\n<h3>CNC-tarkkuuskoneistus ty\u00f6paja<\/h3>\n<p><img decoding=\"async\" src=\"\/wp-content\/uploads\/factory-11.5.webp\"\/><\/p>\n<h3>Valmiiden tuotteiden ja vientivarasto<\/h3>\n<p><img decoding=\"async\" src=\"\/wp-content\/uploads\/factory-12.webp\"\/><\/p>\n<p><img decoding=\"async\" src=\"\/wp-content\/uploads\/factory-13.webp\"\/><\/p>\n<p><img decoding=\"async\" src=\"\/wp-content\/uploads\/factory-14.webp\"\/><\/p>\n<h2>FAQ<\/h2>\n<p><p><b>1.What on ohutsein\u00e4inen suulakepuristettu alumiiniputki, jota k\u00e4ytet\u00e4\u00e4n?<\/b><\/p>\n<p>Ohutsein\u00e4ist\u00e4 suulakepuristettua alumiiniputkea k\u00e4ytet\u00e4\u00e4n sovelluksissa, jotka vaativat kevytt\u00e4 rakenteellista tukea, kuten ilmailu- ja avaruusalan komponentit, autojen kehykset, elektroniikkakotelot ja LED-valaisimet.<br \/>\n<\/p><br \/>\n<br \/>\n<p><b>2.Mitk\u00e4 ovat ohutsein\u00e4isten suulakepuristettujen alumiiniputkien t\u00e4rkeimm\u00e4t edut?<\/b><\/p>\n<p>Ohutsein\u00e4iset suulakepuristetut alumiiniputket tarjoavat korkean lujuus-painosuhteen, erinomaisen l\u00e4mm\u00f6nsiirron ja materiaalis\u00e4\u00e4st\u00f6j\u00e4 kustannustehokkaiden ja kevyiden mallien aikaansaamiseksi.<br \/>\n<\/p><br \/>\n<br \/>\n<p><b>3.Miksi valita ohutsein\u00e4inen suulakepuristettu alumiiniputki tavalliseen putkeen verrattuna?<\/b><\/p>\n<p>Ohutsein\u00e4iset suulakepuristetut alumiiniputket v\u00e4hent\u00e4v\u00e4t kokonaispainoa ja materiaalikustannuksia s\u00e4ilytt\u00e4en samalla rakenteellisen eheyden paksusein\u00e4isiin vaihtoehtoihin verrattuna.<br \/>\n<\/p><br \/>\n<br \/>\n<p><b>4.Can ohutsein\u00e4inen suulakepuristettu alumiiniputki voidaan r\u00e4\u00e4t\u00e4l\u00f6id\u00e4?<\/b><\/p>\n<p>Kyll\u00e4, ohutsein\u00e4iset suulakepuristetut alumiiniputket voidaan r\u00e4\u00e4t\u00e4l\u00f6id\u00e4 halkaisijaltaan, sein\u00e4m\u00e4n paksuudeltaan, seoslaadultaan ja pintak\u00e4sittelylt\u00e4\u00e4n tarkkojen suunnittelu- ja suunnitteluvaatimusten t\u00e4ytt\u00e4miseksi.<br \/>\n<\/p><br \/>\n<br \/>\n<p><b>5.Mit\u00e4 pintak\u00e4sittelyj\u00e4 on saatavana ohutsein\u00e4isille suulakepuristetuille alumiiniputkille?<\/b><\/p>\n<p>Yleisi\u00e4 pintak\u00e4sittelyj\u00e4 ovat anodisointi, jauhemaalaus ja jyrsint\u00e4k\u00e4sittely, jotka kaikki parantavat korroosionkest\u00e4vyytt\u00e4, kest\u00e4vyytt\u00e4 ja ulkon\u00e4k\u00f6\u00e4.<br \/>\n<\/p><br \/>\n<br \/>\n<p><b>6.Ovatko ohutsein\u00e4iset suulakepuristetut alumiiniputket soveltuvat ulkok\u00e4ytt\u00f6\u00f6n?<\/b><\/p>\n<p>Kyll\u00e4, asianmukaisilla pintak\u00e4sittelyill\u00e4 ohutsein\u00e4iset suulakepuristetut alumiiniputket kest\u00e4v\u00e4t UV-altistusta, kosteutta ja kovia ymp\u00e4rist\u00f6olosuhteita ulko- ja merisovelluksissa.<br \/>\n<\/p><br \/>\n<br \/>\n<p><b>7.Miten ohutsein\u00e4inen suulakepuristettu alumiiniputki tukee l\u00e4mm\u00f6nhallintaa?<\/b><\/p>\n<p>Ohutsein\u00e4m\u00e4inen rakenne yhdistettyn\u00e4 alumiinin korkeaan l\u00e4mm\u00f6njohtavuuteen mahdollistaa tehokkaan l\u00e4mm\u00f6nsiirron elektroniikassa, valaistuksessa ja l\u00e4mm\u00f6nvaihdinj\u00e4rjestelmiss\u00e4.<br \/>\n<\/p><br \/>\n<br \/>\n<p><b>8.Miten ohutsein\u00e4iset suulakepuristetut alumiiniputket edist\u00e4v\u00e4t kest\u00e4v\u00e4\u00e4 suunnittelua?<\/b><\/p>\n<p>Alumiini on 100% kierr\u00e4tett\u00e4v\u00e4\u00e4, ja ohutsein\u00e4isten suulakepuristettujen alumiiniputkien k\u00e4ytt\u00f6 v\u00e4hent\u00e4\u00e4 materiaalin k\u00e4ytt\u00f6\u00e4 ja energiankulutusta, mik\u00e4 tukee ymp\u00e4rist\u00f6yst\u00e4v\u00e4llisi\u00e4 ja vihreit\u00e4 rakennushankkeita.<br \/>\n<\/p><br \/><\/p>","protected":false},"featured_media":6429,"template":"","categories":[60],"class_list":["post-6430","product","type-product","status-publish","has-post-thumbnail","hentry","category-general-tubes-and-bars"],"meta_box":{"hilight_text_group":{"product_hilight_text":"<li>Lightweight thin-wall design reduces material usage without compromising strength<\/li>\r\r\n<li>Precision extrusion ensures consistent wall thickness and dimensional accuracy<\/li>\r\r\n<li>High-quality aluminum alloy offers excellent corrosion resistance<\/li>\r\r\n<li>Ideal for automotive, aerospace, and lightweight structural applications<\/li>\r\r\n<li>Supports custom sizes, finishes, and bulk orders with reliable supply<\/li>","product_chanpin_blog":"<ul>\r\r\n<li><a href=\"https:\/\/sinoextrud.com\/t-slot-v-slot-differences\/\" target=\"_blank\">t slot vs v slot<\/a><\/li>\r\r\n<li><a href=\"https:\/\/sinoextrud.com\/what-is-4040-aluminium-extrud\/\" target=\"_blank\">4040 aluminium extrusion<\/a><\/li>\r\r\n<li><a href=\"https:\/\/sinoextrud.com\/what-is-4040-aluminium-extrud\/\" target=\"_blank\">aluminum extrusions for industrial racks<\/a><\/li>\r\r\n<li><a href=\"https:\/\/sinoextrud.com\/powder-coating-aluminium-process\/\" target=\"_blank\">powder coating aluminium<\/a><\/li>\r\r\n<li><a href=\"https:\/\/sinoextrud.com\/what-is-an-aluminium-strip-ceiling\/\" target=\"_blank\">aluminium strip ceiling<\/a><\/li>\r\r\n<li><a href=\"https:\/\/sinoextrud.com\/what-is-a-heat-sink\/\" target=\"_blank\">what is a heat sink<\/a><\/li>\r\r\n<\/ul>","product_chanpin_chanpin":"<li><a href=\"https:\/\/sinoextrud.com\/product\/40x40-aluminium-profile\/\" target=\"_blank\">40\u00c3\u201440 Aluminium Profile<\/a><\/li>\r\n<li><a href=\"https:\/\/sinoextrud.com\/product\/aluminium-profile-channel\/\" target=\"_blank\">Aluminium Profile Channel<\/a><\/li>\r\n<li><a href=\"https:\/\/sinoextrud.com\/product\/rectangular-aluminum-tube\/\" target=\"_blank\">Rectangular Aluminum Tube<\/a><\/li>\r\n<li><a href=\"https:\/\/sinoextrud.com\/product\/aluminium-angles\/\" target=\"_blank\">Aluminium Angles<\/a><\/li>\r\n<li><a href=\"https:\/\/sinoextrud.com\/product\/thin-wall-extruded-aluminum-tubing\/\" target=\"_blank\">Thin Wall Extruded Aluminum Tubing<\/a><\/li>\r\n<li><a href=\"https:\/\/sinoextrud.com\/product\/extruded-aluminum-z-bar\/\" target=\"_blank\">Extruded Aluminum Z Bar<\/a><\/li>\r\n<li><a href=\"https:\/\/sinoextrud.com\/product\/aluminium-extrusion-pipe\/\" target=\"_blank\">Aluminium Extrusion Pipe<\/a><\/li>\r\n<li><a href=\"https:\/\/sinoextrud.com\/product\/alloy-aluminium\/\" target=\"_blank\">Alloy Aluminium<\/a><\/li>\r\n<li><a href=\"https:\/\/sinoextrud.com\/product\/aluminium-piping\/\" target=\"_blank\">Aluminium Piping<\/a><\/li>\r\n<li><a href=\"https:\/\/sinoextrud.com\/product\/round-extruded-aluminum\/\" target=\"_blank\">Round Extruded Aluminum<\/a><\/li>\r\n<li><a href=\"https:\/\/sinoextrud.com\/product\/t-shaped-aluminium-profile\/\" target=\"_blank\">T Shaped Aluminium Profile<\/a><\/li>"},"feature_list":[]},"_links":{"self":[{"href":"https:\/\/sinoextrud.com\/fi\/wp-json\/wp\/v2\/product\/6430","targetHints":{"allow":["GET"]}}],"collection":[{"href":"https:\/\/sinoextrud.com\/fi\/wp-json\/wp\/v2\/product"}],"about":[{"href":"https:\/\/sinoextrud.com\/fi\/wp-json\/wp\/v2\/types\/product"}],"wp:featuredmedia":[{"embeddable":true,"href":"https:\/\/sinoextrud.com\/fi\/wp-json\/wp\/v2\/media\/6429"}],"wp:attachment":[{"href":"https:\/\/sinoextrud.com\/fi\/wp-json\/wp\/v2\/media?parent=6430"}],"wp:term":[{"taxonomy":"category","embeddable":true,"href":"https:\/\/sinoextrud.com\/fi\/wp-json\/wp\/v2\/categories?post=6430"}],"curies":[{"name":"wp","href":"https:\/\/api.w.org\/{rel}","templated":true}]}}