{"id":6424,"date":"2025-05-28T08:51:07","date_gmt":"2025-05-28T08:51:07","guid":{"rendered":"https:\/\/sinoextrud.com\/product\/aluminium-profile-channel\/"},"modified":"2025-06-24T06:10:52","modified_gmt":"2025-06-24T06:10:52","slug":"alumiiniprofiilikanava","status":"publish","type":"product","link":"https:\/\/sinoextrud.com\/fi\/product\/aluminium-profile-channel\/","title":{"rendered":"Alumiiniprofiilin kanava"},"content":{"rendered":"<h2>Tuotteiden tiedot<\/h2>\n<table class=\"custom-table\">\n<tr>\n<td class=\"label\">Kanavan paksuus:<\/td>\n<td> 1mm-10mm<\/td>\n<\/tr>\n<tr>\n<td class=\"label\">Toiminto:<\/td>\n<td> Palosuojaus, antistaattinen, antibakteerinen, homeenpit\u00e4v\u00e4, antimyrkkyllinen<\/td>\n<\/tr>\n<tr>\n<td class=\"label\">Sertifiointi:<\/td>\n<td> SGS, ISO, ROHS<\/td>\n<\/tr>\n<tr>\n<td class=\"label\">Tuota kokemusta:<\/td>\n<td> Kaakkois-Aasia, Amerikka, Afrikka, Australia.<\/td>\n<\/tr>\n<tr>\n<td class=\"label\">Pituus:<\/td>\n<td> 5.8m vakiona, maksimi voi olla 6.8m.<\/td>\n<\/tr>\n<tr>\n<td class=\"label\">Takuu:<\/td>\n<td> PE 10 vuotta \/ PVDF 15 vuotta<\/td>\n<\/tr>\n<tr>\n<td class=\"label\">Paino:<\/td>\n<td> 0,3-3kgs\/m<\/td>\n<\/tr>\n<tr>\n<td class=\"label\">Alumiini Paksuus:<\/td>\n<td> 0.8mm-10mm<\/td>\n<\/tr>\n<tr>\n<td class=\"label\">Kuljetuspaketti:<\/td>\n<td> Vedenpit\u00e4v\u00e4 paperi tai irtotavarana<\/td>\n<\/tr>\n<tr>\n<td class=\"label\">Alkuper\u00e4:<\/td>\n<td> Kiina<\/td>\n<\/tr>\n<tr>\n<td class=\"label\">Pintak\u00e4sittely:<\/td>\n<td> Pinnoite<\/td>\n<\/tr>\n<tr>\n<td class=\"label\">Alumiini Paksuus:<\/td>\n<td> 0.8mm-10mm<\/td>\n<\/tr>\n<tr>\n<td class=\"label\">K\u00e4ytt\u00f6:<\/td>\n<td> Ulkosein\u00e4, Verhosein\u00e4, Sisustus, Mainonta, Mainonta<\/td>\n<\/tr>\n<tr>\n<td class=\"label\">Koko:<\/td>\n<td> 51.6*25 vakiona<\/td>\n<\/tr>\n<tr>\n<td class=\"label\">Kanavan paksuus:<\/td>\n<td> 1.0mm<\/td>\n<\/tr>\n<tr>\n<td class=\"label\">Alumiiniseos:<\/td>\n<td> Luokka 6063\/6061\/6082<\/td>\n<\/tr>\n<tr>\n<td class=\"label\">V\u00e4ri:<\/td>\n<td> Metallinen, massiivinen, kivi, puu, harja, peili<\/td>\n<\/tr>\n<tr>\n<td class=\"label\">Tavaramerkki:<\/td>\n<td> Sinoextrud<\/td>\n<\/tr>\n<tr>\n<td class=\"label\">Tekniset tiedot:<\/td>\n<td> 51.6*25*1.0 mm<\/td>\n<\/tr>\n<tr>\n<td class=\"label\">HS-koodi:<\/td>\n<td> 76042100<\/td>\n<\/tr>\n<\/table>\n<h2>Tuotantopohjamme<\/h2>\n<h3>Tehtaan panoraama<\/h3>\n<p><img decoding=\"async\" src=\"\/wp-content\/uploads\/factory-01.webp\"\/><\/p>\n<h3>Alumiini Bar Manufacturing Workshop<\/h3>\n<p><img decoding=\"async\" src=\"\/wp-content\/uploads\/factory-02.webp\"\/><\/p>\n<\/p>\n<p><img decoding=\"async\" src=\"\/wp-content\/uploads\/factory-03.webp\"\/><\/p>\n<h3>Muotin varastointi Varasto<\/h3>\n<p><img decoding=\"async\" src=\"\/wp-content\/uploads\/factory-04.webp\"\/><\/p>\n<h3>43 Alumiini ekstruusiolinjat (500\u00e2 5500 tonnia)<\/h3>\n<p><img decoding=\"async\" src=\"\/wp-content\/uploads\/factory-05.webp\"\/><\/p>\n<p><img decoding=\"async\" src=\"\/wp-content\/uploads\/factory-06.webp\"\/><\/p>\n<p><img decoding=\"async\" src=\"\/wp-content\/uploads\/factory-07.webp\"\/><\/p>\n<h3>Jauhemaalaus ty\u00f6paja<\/h3>\n<p><img decoding=\"async\" src=\"\/wp-content\/uploads\/factory-09.webp\"\/><\/p>\n<h3>Anodisointi ty\u00f6paja<\/h3>\n<p><img decoding=\"async\" src=\"\/wp-content\/uploads\/factory-10.webp\"\/><\/p>\n<h3>Syv\u00e4k\u00e4sittelyn ty\u00f6paja<\/h3>\n<p><img decoding=\"async\" src=\"\/wp-content\/uploads\/factory-11.webp\"\/><\/p>\n<h3>CNC-tarkkuuskoneistus ty\u00f6paja<\/h3>\n<p><img decoding=\"async\" src=\"\/wp-content\/uploads\/factory-11.5.webp\"\/><\/p>\n<h3>Valmiiden tuotteiden ja vientivarasto<\/h3>\n<p><img decoding=\"async\" src=\"\/wp-content\/uploads\/factory-12.webp\"\/><\/p>\n<p><img decoding=\"async\" src=\"\/wp-content\/uploads\/factory-13.webp\"\/><\/p>\n<p><img decoding=\"async\" src=\"\/wp-content\/uploads\/factory-14.webp\"\/><\/p>\n<h2>FAQ<\/h2>\n<p><b>1.Mitk\u00e4 ovat alumiiniprofiilikanavien t\u00e4rkeimm\u00e4t edut? <\/b><\/p>\n<p> Alumiiniprofiilikanavat ovat eritt\u00e4in lujia, korroosionkest\u00e4vi\u00e4, kevyit\u00e4 ja helposti modulaarisesti koottavia, joten ne soveltuvat erinomaisesti teollisuus- ja rakennesovelluksiin.\n<\/p>\n<p><\/p>\n<p><b>2.Soveltuvatko alumiiniprofiilikanavat r\u00e4\u00e4t\u00e4l\u00f6ityihin sovelluksiin? <\/b><\/p>\n<p> Kyll\u00e4, alumiiniprofiilikanavia on saatavana eri kokoisina ja muotoisina, mik\u00e4 mahdollistaa joustavan r\u00e4\u00e4t\u00e4l\u00f6innin projektin erityistarpeiden mukaan.\n<\/p>\n<p><\/p>\n<p><b>3.Miten alumiiniprofiilikanavat parantavat asennuksen tehokkuutta? <\/b><\/p>\n<p> Niiden modulaarinen rakenne ja yhteensopivuus vakiovarusteiden kanssa mahdollistavat nopean ja tehokkaan asennuksen, mik\u00e4 v\u00e4hent\u00e4\u00e4 ty\u00f6aikaa ja kustannuksia.\n<\/p>\n<p><\/p>\n<p><b>4.Miksi valita alumiiniprofiilikanavat ter\u00e4ksen sijaan? <\/b><\/p>\n<p> Alumiiniprofiilikanavat ovat kevyempi\u00e4, korroosionkest\u00e4v\u00e4mpi\u00e4 ja helpommin ty\u00f6stett\u00e4vi\u00e4 kuin ter\u00e4s, ja ne tarjoavat pitk\u00e4aikaisen kest\u00e4vyyden ja alhaisemmat yll\u00e4pitokustannukset.\n<\/p>\n<p><\/p>\n<p><b>5.Voidaanko alumiiniprofiilikanavia k\u00e4ytt\u00e4\u00e4 ulkotiloissa? <\/b><\/p>\n<p> Kyll\u00e4, anodisoidun tai pulveripinnoitetun pintak\u00e4sittelyn ansiosta alumiiniprofiilikanavat kest\u00e4v\u00e4t hyvin s\u00e4\u00e4t\u00e4 ja korroosiota, joten ne ovat ihanteellisia ulkok\u00e4ytt\u00f6\u00f6n.\n<\/p>\n<p><\/p>\n<p><b>6.Ovatko alumiiniprofiilikanavat yhteensopivia automaatioj\u00e4rjestelmien kanssa? <\/b><\/p>\n<p> Tarkka muotoilu ja vakioliit\u00e4nn\u00e4t tekev\u00e4t alumiiniprofiilikanavista t\u00e4ydellisesti sopivia automaatio- ja konekehysj\u00e4rjestelmiin.\n<\/p>\n<p><\/p>\n<p><b>7.Kest\u00e4v\u00e4tk\u00f6 alumiiniprofiilikanavat raskaita kuormia? <\/b><\/p>\n<p> Alumiiniprofiilikanavat on valmistettu lujasta alumiiniseoksesta, ja ne kest\u00e4v\u00e4t huomattavia kuormia s\u00e4ilytt\u00e4en samalla rakenteellisen eheyden.\n<\/p>\n<p><\/p>\n<p><b>8.Mitk\u00e4 teollisuudenalat k\u00e4ytt\u00e4v\u00e4t yleisesti alumiiniprofiilikanavia? <\/b><\/p>\n<p> Teollisuus, kuten teollisuus, rakentaminen, robotiikka ja autoteollisuus, k\u00e4ytt\u00e4v\u00e4t alumiiniprofiilikanavia laajalti kehyst\u00e4miseen, kotelointiin ja rakenteelliseen tukemiseen.\n<\/p>\n<p><\/p>","protected":false},"featured_media":6423,"template":"","categories":[60],"class_list":["post-6424","product","type-product","status-publish","has-post-thumbnail","hentry","category-general-tubes-and-bars"],"meta_box":{"hilight_text_group":{"product_hilight_text":"<li>High-strength aluminum alloy for superior load-bearing performance in industrial applications<\/li>\r\r\n<li>Modular design enables quick installation and flexible assembly, reducing labor costs<\/li>\r\r\n<li>Corrosion-resistant surface treatment ensures durability in various environments<\/li>\r\r\n<li>Available in multiple sizes and cross-section shapes to meet customized requirements<\/li>\r\r\n<li>Compatible with a wide range of accessories for automation and equipment framing systems<\/li>","product_chanpin_blog":"<ul>\r\r\n<li><a href=\"https:\/\/sinoextrud.com\/t-slot-v-slot-differences\/\" target=\"_blank\">t slot vs v slot<\/a><\/li>\r\r\n<li><a href=\"https:\/\/sinoextrud.com\/what-is-4040-aluminium-extrud\/\" target=\"_blank\">4040 aluminium extrusion<\/a><\/li>\r\r\n<li><a href=\"https:\/\/sinoextrud.com\/what-is-4040-aluminium-extrud\/\" target=\"_blank\">aluminum extrusions for industrial racks<\/a><\/li>\r\r\n<li><a href=\"https:\/\/sinoextrud.com\/powder-coating-aluminium-process\/\" target=\"_blank\">powder coating aluminium<\/a><\/li>\r\r\n<li><a href=\"https:\/\/sinoextrud.com\/what-is-an-aluminium-strip-ceiling\/\" target=\"_blank\">aluminium strip ceiling<\/a><\/li>\r\r\n<li><a href=\"https:\/\/sinoextrud.com\/what-is-a-heat-sink\/\" target=\"_blank\">what is a heat sink<\/a><\/li>\r\r\n<\/ul>","product_chanpin_chanpin":"<li><a href=\"https:\/\/sinoextrud.com\/product\/aluminium-pipes-tubes\/\" target=\"_blank\">Aluminium Pipes Tubes<\/a><\/li>\r\n<li><a href=\"https:\/\/sinoextrud.com\/product\/extruded-aluminum-t-bar\/\" target=\"_blank\">Extruded Aluminum T Bar<\/a><\/li>\r\n<li><a href=\"https:\/\/sinoextrud.com\/product\/round-aluminum-tube\/\" target=\"_blank\">Round Aluminum Tube<\/a><\/li>\r\n<li><a href=\"https:\/\/sinoextrud.com\/product\/40x40-aluminium-profile\/\" target=\"_blank\">40\u00c3\u201440 Aluminium Profile<\/a><\/li>\r\n<li><a href=\"https:\/\/sinoextrud.com\/product\/aluminium-profile-channel\/\" target=\"_blank\">Aluminium Profile Channel<\/a><\/li>\r\n<li><a href=\"https:\/\/sinoextrud.com\/product\/rectangular-aluminum-tube\/\" target=\"_blank\">Rectangular Aluminum Tube<\/a><\/li>\r\n<li><a href=\"https:\/\/sinoextrud.com\/product\/aluminium-angles\/\" target=\"_blank\">Aluminium Angles<\/a><\/li>\r\n<li><a href=\"https:\/\/sinoextrud.com\/product\/thin-wall-extruded-aluminum-tubing\/\" target=\"_blank\">Thin Wall Extruded Aluminum Tubing<\/a><\/li>\r\n<li><a href=\"https:\/\/sinoextrud.com\/product\/extruded-aluminum-z-bar\/\" target=\"_blank\">Extruded Aluminum Z Bar<\/a><\/li>\r\n<li><a href=\"https:\/\/sinoextrud.com\/product\/aluminum-alloy-section\/\" target=\"_blank\">Aluminum Alloy Section<\/a><\/li>\r\n<li><a href=\"https:\/\/sinoextrud.com\/product\/aluminium-aerofoil-extrusion-oxidation-scrub-black\/\" target=\"_blank\">Aluminium Aerofoil Extrusion Oxidation Scrub Black<\/a><\/li>"},"feature_list":[]},"_links":{"self":[{"href":"https:\/\/sinoextrud.com\/fi\/wp-json\/wp\/v2\/product\/6424","targetHints":{"allow":["GET"]}}],"collection":[{"href":"https:\/\/sinoextrud.com\/fi\/wp-json\/wp\/v2\/product"}],"about":[{"href":"https:\/\/sinoextrud.com\/fi\/wp-json\/wp\/v2\/types\/product"}],"wp:featuredmedia":[{"embeddable":true,"href":"https:\/\/sinoextrud.com\/fi\/wp-json\/wp\/v2\/media\/6423"}],"wp:attachment":[{"href":"https:\/\/sinoextrud.com\/fi\/wp-json\/wp\/v2\/media?parent=6424"}],"wp:term":[{"taxonomy":"category","embeddable":true,"href":"https:\/\/sinoextrud.com\/fi\/wp-json\/wp\/v2\/categories?post=6424"}],"curies":[{"name":"wp","href":"https:\/\/api.w.org\/{rel}","templated":true}]}}