{"id":6375,"date":"2025-05-27T06:34:36","date_gmt":"2025-05-27T06:34:36","guid":{"rendered":"https:\/\/sinoextrud.com\/product\/40x40-aluminium-profile\/"},"modified":"2025-06-24T06:10:52","modified_gmt":"2025-06-24T06:10:52","slug":"40x40-alumiiniprofiili","status":"publish","type":"product","link":"https:\/\/sinoextrud.com\/fi\/product\/40x40-aluminium-profile\/","title":{"rendered":"40\u00d740 Alumiiniprofiili"},"content":{"rendered":"<h2>Tuotteiden tiedot<\/h2>\n<table class=\"custom-table\">\n<tr>\n<td class=\"label\">Malli NO.:<\/td>\n<td> 40\u00d740 Alumiiniprofiili<\/td>\n<\/tr>\n<tr>\n<td class=\"label\">Muoto:<\/td>\n<td> Neli\u00f6<\/td>\n<\/tr>\n<tr>\n<td class=\"label\">Temperamentti:<\/td>\n<td> T351-T851<\/td>\n<\/tr>\n<tr>\n<td class=\"label\">V\u00e4ri:<\/td>\n<td> Luonnollinen, kermanvalkoinen, anodisoitu<\/td>\n<\/tr>\n<tr>\n<td class=\"label\">Tavaramerkki:<\/td>\n<td> Sinoextrud<\/td>\n<\/tr>\n<tr>\n<td class=\"label\">Alkuper\u00e4:<\/td>\n<td> Foshan, Guangdong<\/td>\n<\/tr>\n<tr>\n<td class=\"label\">Tyyppi:<\/td>\n<td> Ikkuna- ja oviprofiili, alumiiniprofiili, alumiiniprofiili, alumiiniprofiili, alumiiniprofiili, kuljetusprofiili<\/td>\n<\/tr>\n<tr>\n<td class=\"label\">Luokka:<\/td>\n<td> 6000-sarja<\/td>\n<\/tr>\n<tr>\n<td class=\"label\">Seos:<\/td>\n<td> Metalliseos<\/td>\n<\/tr>\n<tr>\n<td class=\"label\">Materiaali:<\/td>\n<td> A6063, A3003 ja muut sarjan seokset asiakkaan mukaan<\/td>\n<\/tr>\n<tr>\n<td class=\"label\">Tekniset tiedot:<\/td>\n<td> GMP<\/td>\n<\/tr>\n<tr>\n<td class=\"label\">HS-koodi:<\/td>\n<td> 7604299000<\/td>\n<\/tr>\n<\/table>\n<h2>Tuotantopohjamme<\/h2>\n<h3>Tehtaan panoraama<\/h3>\n<p><img decoding=\"async\" src=\"\/wp-content\/uploads\/factory-01.webp\"\/><\/p>\n<h3>Alumiini Bar Manufacturing Workshop<\/h3>\n<p><img decoding=\"async\" src=\"\/wp-content\/uploads\/factory-02.webp\"\/><\/p>\n<p><img decoding=\"async\" src=\"\/wp-content\/uploads\/factory-03.webp\"\/><\/p>\n<h3>Muotin varastointi Varasto<\/h3>\n<p><img decoding=\"async\" src=\"\/wp-content\/uploads\/factory-04.webp\"\/><\/p>\n<h3>43 alumiinin ekstruusiolinjat (500-5500 tonnia)<\/h3>\n<p><img decoding=\"async\" src=\"\/wp-content\/uploads\/factory-05.webp\"\/><\/p>\n<p><img decoding=\"async\" src=\"\/wp-content\/uploads\/factory-06.webp\"\/><\/p>\n<p><img decoding=\"async\" src=\"\/wp-content\/uploads\/factory-07.webp\"\/><\/p>\n<h3>Jauhemaalaus ty\u00f6paja<\/h3>\n<p><img decoding=\"async\" src=\"\/wp-content\/uploads\/factory-09.webp\"\/><\/p>\n<h3>Anodisointi ty\u00f6paja<\/h3>\n<p><img decoding=\"async\" src=\"\/wp-content\/uploads\/factory-10.webp\"\/><\/p>\n<h3>Syv\u00e4k\u00e4sittelyn ty\u00f6paja<\/h3>\n<p><img decoding=\"async\" src=\"\/wp-content\/uploads\/factory-11.webp\"\/><\/p>\n<h3>CNC-tarkkuuskoneistus ty\u00f6paja<\/h3>\n<p><img decoding=\"async\" src=\"\/wp-content\/uploads\/factory-11.5.webp\"\/><\/p>\n<h3>Valmiiden tuotteiden ja vientivarasto<\/h3>\n<p><img decoding=\"async\" src=\"\/wp-content\/uploads\/factory-12.webp\"\/><\/p>\n<p><img decoding=\"async\" src=\"\/wp-content\/uploads\/factory-13.webp\"\/><\/p>\n<p><img decoding=\"async\" src=\"\/wp-content\/uploads\/factory-14.webp\"\/><\/p>\n<h2>FAQ<\/h2>\n<p><p><b>1.Mihin 40\u00d740 alumiiniprofiilia k\u00e4ytet\u00e4\u00e4n?<\/b><\/p>\n<p>Alumiiniprofiilia 40\u00d740 k\u00e4ytet\u00e4\u00e4n modulaarikehyksiss\u00e4, konesuojissa, ty\u00f6pisteiss\u00e4, hyllyiss\u00e4 ja tee-se-itse-projekteissa sen vakiomittojen ja monipuolisuuden ansiosta.<br \/>\n<\/p><br \/>\n<br \/>\n<p><b>2.Mitk\u00e4 ovat 40\u00d740-alumiiniprofiilin t\u00e4rkeimm\u00e4t edut?<\/b><\/p>\n<p>Alumiiniprofiili 40\u00d740 tarjoaa korkean lujuus-painosuhteen, korroosionkest\u00e4vyyden, tarkat toleranssit ja helpon kokoonpanon, mik\u00e4 takaa luotettavan rakenteellisen suorituskyvyn.<br \/>\n<\/p><br \/>\n<br \/>\n<p><b>3.Miksi valita 40\u00d740 alumiiniprofiili modulaariseen kehystykseen?<\/b><\/p>\n<p>Alumiiniprofiilin 40\u00d740 T-urarakenne mahdollistaa nopean, ty\u00f6kaluttoman kokoonpanon yhteensopivien liittimien ja lis\u00e4varusteiden kanssa, joten se sopii erinomaisesti modulaarisiin j\u00e4rjestelmiin.<br \/>\n<\/p><br \/>\n<br \/>\n<p><b>4.Can 40\u00d740 alumiiniprofiilit voidaan r\u00e4\u00e4t\u00e4l\u00f6id\u00e4?<\/b><\/p>\n<p>Kyll\u00e4, 40\u00d740-alumiiniprofiilit voidaan leikata pituuteen, porata ja varustaa erikoisliittimill\u00e4 tai pintak\u00e4sittelyll\u00e4 projektin erityisvaatimusten mukaisesti.<br \/>\n<\/p><br \/>\n<br \/>\n<p><b>5.Mit\u00e4 pintak\u00e4sittelyj\u00e4 on saatavana 40\u00d740 alumiiniprofiilille?<\/b><\/p>\n<p>Alumiiniprofiilien 40\u00d740 yleisi\u00e4 pintak\u00e4sittelyj\u00e4 ovat anodisoitu, jauhemaalattu ja jyrsitty viimeistely, jotka parantavat korroosiosuojaa, kest\u00e4vyytt\u00e4 ja esteettisyytt\u00e4.<br \/>\n<\/p><br \/>\n<br \/>\n<p><b>6.Soveltuvatko 40\u00d740-alumiiniprofiilit raskaisiin sovelluksiin?<\/b><\/p>\n<p>Kyll\u00e4, kun 40\u00d740-alumiiniprofiilit yhdistet\u00e4\u00e4n oikeanlaisiin liittimiin ja vahvistuksiin, ne kest\u00e4v\u00e4t huomattavia kuormia teollisuudessa ja kaupallisissa tiloissa.<br \/>\n<\/p><br \/>\n<br \/>\n<p><b>7.Miten 40\u00d740 alumiiniprofiili tukee kest\u00e4v\u00e4\u00e4 suunnittelua?<\/b><\/p>\n<p>Alumiini on 100% kierr\u00e4tett\u00e4v\u00e4\u00e4 ja energiatehokasta valmistaa, ja 40\u00d740 alumiiniprofiilien modulaarinen uudelleenk\u00e4ytt\u00f6 v\u00e4hent\u00e4\u00e4 materiaalij\u00e4tett\u00e4 ymp\u00e4rist\u00f6yst\u00e4v\u00e4llisiss\u00e4 hankkeissa.<br \/>\n<\/p><br \/><\/p>","protected":false},"featured_media":6374,"template":"","categories":[60],"class_list":["post-6375","product","type-product","status-publish","has-post-thumbnail","hentry","category-general-tubes-and-bars"],"meta_box":{"hilight_text_group":{"product_hilight_text":"<li>Standard 40x40 profile ideal for versatile structural and framing solutions<\/li>\r\r\n<li>High-strength aluminum alloy ensures durability and corrosion resistance<\/li>\r\r\n<li>Precision extrusion delivers consistent dimensions and smooth finish<\/li>\r\r\n<li>Compatible with a wide range of connectors and modular accessories<\/li>\r\r\n<li>Supports custom lengths and surface treatments for specific needs<\/li>","product_chanpin_blog":"<ul>\r\r\n<li><a href=\"https:\/\/sinoextrud.com\/t-slot-v-slot-differences\/\" target=\"_blank\">t slot vs v slot<\/a><\/li>\r\r\n<li><a href=\"https:\/\/sinoextrud.com\/what-is-4040-aluminium-extrud\/\" target=\"_blank\">4040 aluminium extrusion<\/a><\/li>\r\r\n<li><a href=\"https:\/\/sinoextrud.com\/what-is-4040-aluminium-extrud\/\" target=\"_blank\">aluminum extrusions for industrial racks<\/a><\/li>\r\r\n<li><a href=\"https:\/\/sinoextrud.com\/powder-coating-aluminium-process\/\" target=\"_blank\">powder coating aluminium<\/a><\/li>\r\r\n<li><a href=\"https:\/\/sinoextrud.com\/what-is-an-aluminium-strip-ceiling\/\" target=\"_blank\">aluminium strip ceiling<\/a><\/li>\r\r\n<li><a href=\"https:\/\/sinoextrud.com\/what-is-a-heat-sink\/\" target=\"_blank\">what is a heat sink<\/a><\/li>\r\r\n<\/ul>","product_chanpin_chanpin":"<li><a href=\"https:\/\/sinoextrud.com\/product\/aluminium-precision-tubing\/\" target=\"_blank\">Aluminium Precision Tubing<\/a><\/li>\r\n<li><a href=\"https:\/\/sinoextrud.com\/product\/aluminium-pipes-tubes\/\" target=\"_blank\">Aluminium Pipes Tubes<\/a><\/li>\r\n<li><a href=\"https:\/\/sinoextrud.com\/product\/extruded-aluminum-t-bar\/\" target=\"_blank\">Extruded Aluminum T Bar<\/a><\/li>\r\n<li><a href=\"https:\/\/sinoextrud.com\/product\/round-aluminum-tube\/\" target=\"_blank\">Round Aluminum Tube<\/a><\/li>\r\n<li><a href=\"https:\/\/sinoextrud.com\/product\/40x40-aluminium-profile\/\" target=\"_blank\">40\u00c3\u201440 Aluminium Profile<\/a><\/li>\r\n<li><a href=\"https:\/\/sinoextrud.com\/product\/aluminium-profile-channel\/\" target=\"_blank\">Aluminium Profile Channel<\/a><\/li>\r\n<li><a href=\"https:\/\/sinoextrud.com\/product\/rectangular-aluminum-tube\/\" target=\"_blank\">Rectangular Aluminum Tube<\/a><\/li>\r\n<li><a href=\"https:\/\/sinoextrud.com\/product\/aluminium-angles\/\" target=\"_blank\">Aluminium Angles<\/a><\/li>\r\n<li><a href=\"https:\/\/sinoextrud.com\/product\/thin-wall-extruded-aluminum-tubing\/\" target=\"_blank\">Thin Wall Extruded Aluminum Tubing<\/a><\/li>\r\n<li><a href=\"https:\/\/sinoextrud.com\/product\/oval-aluminum-extrusion\/\" target=\"_blank\">Oval Aluminum Extrusion<\/a><\/li>\r\n<li><a href=\"https:\/\/sinoextrud.com\/product\/top-grade-expanded-metal-aluminium-profiles-partition-frame-for-doors-and-windows\/\" target=\"_blank\">Top Grade Expanded Metal Aluminium Profiles Partition Frame For Doors And Windows<\/a><\/li>"},"feature_list":[]},"_links":{"self":[{"href":"https:\/\/sinoextrud.com\/fi\/wp-json\/wp\/v2\/product\/6375","targetHints":{"allow":["GET"]}}],"collection":[{"href":"https:\/\/sinoextrud.com\/fi\/wp-json\/wp\/v2\/product"}],"about":[{"href":"https:\/\/sinoextrud.com\/fi\/wp-json\/wp\/v2\/types\/product"}],"wp:featuredmedia":[{"embeddable":true,"href":"https:\/\/sinoextrud.com\/fi\/wp-json\/wp\/v2\/media\/6374"}],"wp:attachment":[{"href":"https:\/\/sinoextrud.com\/fi\/wp-json\/wp\/v2\/media?parent=6375"}],"wp:term":[{"taxonomy":"category","embeddable":true,"href":"https:\/\/sinoextrud.com\/fi\/wp-json\/wp\/v2\/categories?post=6375"}],"curies":[{"name":"wp","href":"https:\/\/api.w.org\/{rel}","templated":true}]}}