{"id":6371,"date":"2025-05-27T06:20:31","date_gmt":"2025-05-27T06:20:31","guid":{"rendered":"https:\/\/sinoextrud.com\/product\/extruded-aluminum-t-bar\/"},"modified":"2025-06-24T06:10:52","modified_gmt":"2025-06-24T06:10:52","slug":"suulakepuristettu-alumiini-t-bar","status":"publish","type":"product","link":"https:\/\/sinoextrud.com\/fi\/product\/extruded-aluminum-t-bar\/","title":{"rendered":"Suulakepuristettu alumiini T Bar"},"content":{"rendered":"<h2>Tuotteiden tiedot<\/h2>\n<table class=\"custom-table\">\n<tr>\n<td class=\"label\">Tuotteen nimi<\/td>\n<td>Suulakepuristettu alumiini T Bar<\/td>\n<\/tr>\n<tr>\n<td class=\"label\">Materiaaliluokka<\/td>\n<td>6000-sarja<\/td>\n<\/tr>\n<tr>\n<td class=\"label\">Muoto<\/td>\n<td>T-muoto tai muu ep\u00e4s\u00e4\u00e4nn\u00f6llinen muoto<\/td>\n<\/tr>\n<tr>\n<td class=\"label\">Paksuus<\/td>\n<td>0.7mm-10mm<\/td>\n<\/tr>\n<tr>\n<td class=\"label\">Koko<\/td>\n<td>R\u00e4\u00e4t\u00e4l\u00f6ityn\u00e4<\/td>\n<\/tr>\n<tr>\n<td class=\"label\">Suvaitsevaisuus<\/td>\n<td>Piirustuksen mukaan<\/td>\n<\/tr>\n<tr>\n<td class=\"label\">Tyypilliset sovellukset<\/td>\n<td>Teollisuus, elektroniikka, arkkitehtuuri jne.<\/td>\n<\/tr>\n<tr>\n<td class=\"label\">CNC-prosessi<\/td>\n<td>CNC-jyrsint\u00e4, poraus, l\u00e4vistys, poraus, napauttaminen, taivutus<\/td>\n<\/tr>\n<tr>\n<td class=\"label\">Pintak\u00e4sittely<\/td>\n<td>Myllyvalmis, Wood Grain, anodisoitu, jauhemaalaus, elektroforeesi, PVDF-pinnoite, harjattu jne.<\/td>\n<\/tr>\n<tr>\n<td class=\"label\">Takuu<\/td>\n<td>ISO9001, ISO4001, CQM, SGS, CE, BV jne.<\/td>\n<\/tr>\n<tr>\n<td class=\"label\">Alkuper\u00e4paikka<\/td>\n<td>Guangdong,Kiina<\/td>\n<\/tr>\n<\/table>\n<h2>Tuotantopohjamme<\/h2>\n<h3>Tehtaan panoraama<\/h3>\n<p><img decoding=\"async\" src=\"\/wp-content\/uploads\/factory-01.webp\"\/><\/p>\n<h3>Alumiini Bar Manufacturing Workshop<\/h3>\n<p><img decoding=\"async\" src=\"\/wp-content\/uploads\/factory-02.webp\"\/><\/p>\n<p><img decoding=\"async\" src=\"\/wp-content\/uploads\/factory-03.webp\"\/><\/p>\n<h3>Muotin varastointi Varasto<\/h3>\n<p><img decoding=\"async\" src=\"\/wp-content\/uploads\/factory-04.webp\"\/><\/p>\n<h3>43 Alumiini ekstruusiolinjat (500\u00e2 5500 tonnia)<\/h3>\n<p><img decoding=\"async\" src=\"\/wp-content\/uploads\/factory-05.webp\"\/><\/p>\n<p><img decoding=\"async\" src=\"\/wp-content\/uploads\/factory-06.webp\"\/><\/p>\n<p><img decoding=\"async\" src=\"\/wp-content\/uploads\/factory-07.webp\"\/><\/p>\n<h3>Jauhemaalaus ty\u00f6paja<\/h3>\n<p><img decoding=\"async\" src=\"\/wp-content\/uploads\/factory-09.webp\"\/><\/p>\n<h3>Anodisointi ty\u00f6paja<\/h3>\n<p><img decoding=\"async\" src=\"\/wp-content\/uploads\/factory-10.webp\"\/><\/p>\n<h3>Syv\u00e4k\u00e4sittelyn ty\u00f6paja<\/h3>\n<p><img decoding=\"async\" src=\"\/wp-content\/uploads\/factory-11.webp\"\/><\/p>\n<h3>CNC-tarkkuuskoneistus ty\u00f6paja<\/h3>\n<p><img decoding=\"async\" src=\"\/wp-content\/uploads\/factory-11.5.webp\"\/><\/p>\n<h3>Valmiiden tuotteiden ja vientivarasto<\/h3>\n<p><img decoding=\"async\" src=\"\/wp-content\/uploads\/factory-12.webp\"\/><\/p>\n<p><img decoding=\"async\" src=\"\/wp-content\/uploads\/factory-13.webp\"\/><\/p>\n<p><img decoding=\"async\" src=\"\/wp-content\/uploads\/factory-14.webp\"\/><\/p>\n<h2>FAQ<\/h2>\n<p><p><b>1.What on suulakepuristettu alumiini T bar k\u00e4ytet\u00e4\u00e4n?<\/b><\/p>\n<p>Suulakepuristettuja alumiinisia T-palkkeja k\u00e4ytet\u00e4\u00e4n rakentamisessa, kehyst\u00e4misess\u00e4, opasteissa ja arkkitehtonisissa somisteissa niiden kantavan tuen ja tyylikk\u00e4\u00e4n ulkon\u00e4\u00f6n vuoksi.<br \/>\n<\/p><br \/>\n<br \/>\n<p><b>2.Mitk\u00e4 ovat suulakepuristetun alumiinin T-palkkien t\u00e4rkeimm\u00e4t edut?<\/b><\/p>\n<p>Suulakepuristetut alumiiniset T-tangot tarjoavat korkean lujuus-painosuhteen, korroosionkest\u00e4vyyden ja tarkan mittatarkkuuden, mik\u00e4 takaa luotettavan rakenteellisen suorituskyvyn.<br \/>\n<\/p><br \/>\n<br \/>\n<p><b>3.Miksi valita suulakepuristetut alumiiniset T-palkit ter\u00e4s-T-palkkien sijaan?<\/b><\/p>\n<p>Alumiiniset T-tangot ovat kevyempi\u00e4, luonnostaan korroosionkest\u00e4v\u00e4mpi\u00e4 ja helpommin ty\u00f6stett\u00e4vi\u00e4 kuin ter\u00e4s, mik\u00e4 v\u00e4hent\u00e4\u00e4 asennusaikaa ja pitk\u00e4n aikav\u00e4lin huoltoa.<br \/>\n<\/p><br \/>\n<br \/>\n<p><b>4.Can suulakepuristettua alumiinia T-palkit voidaan r\u00e4\u00e4t\u00e4l\u00f6id\u00e4?<\/b><\/p>\n<p>Kyll\u00e4, suulakepuristetut alumiiniset T-palkit voidaan r\u00e4\u00e4t\u00e4l\u00f6id\u00e4 pituuden, laipan leveyden, rungon paksuuden, metalliseoslaadun ja pintak\u00e4sittelyn osalta vastaamaan erityisi\u00e4 projektivaatimuksia.<br \/>\n<\/p><br \/>\n<br \/>\n<p><b>5.Mit\u00e4 pintak\u00e4sittelyj\u00e4 on saatavana suulakepuristetuille alumiinisille T-tangoille?<\/b><\/p>\n<p>Yleisi\u00e4 pintak\u00e4sittelyj\u00e4 ovat anodisointi, jauhemaalaus ja jyrsint\u00e4k\u00e4sittely, jotka parantavat korroosiosuojaa, kest\u00e4vyytt\u00e4 ja ulkon\u00e4k\u00f6\u00e4.<br \/>\n<\/p><br \/>\n<br \/>\n<p><b>6.Soveltuvatko suulakepuristetut alumiiniset T-palkit ulkok\u00e4ytt\u00f6\u00f6n?<\/b><\/p>\n<p>Kyll\u00e4, anodisoidut tai pulverimaalattuja pinnoitteita, suulakepuristetut alumiiniset T-palkit kest\u00e4v\u00e4t s\u00e4\u00e4t\u00e4, UV-altistusta ja kosteutta, joten ne sopivat erinomaisesti ulkok\u00e4ytt\u00f6\u00f6n.<br \/>\n<\/p><br \/>\n<br \/>\n<p><b>7.Miten suulakepuristetut alumiiniset T-palkit tukevat kest\u00e4v\u00e4\u00e4 suunnittelua?<\/b><\/p>\n<p>Alumiini on 100% kierr\u00e4tett\u00e4v\u00e4\u00e4 ja energiatehokasta valmistaa, joten suulakepuristetut T-profiilit ovat ymp\u00e4rist\u00f6yst\u00e4v\u00e4llinen valinta vihre\u00e4\u00e4n rakentamiseen.<br \/>\n<\/p><br \/>\n<br \/>\n<p><b>8.Miten suulakepuristaminen parantaa alumiinisten T-tankojen laatua?<\/b><\/p>\n<p>Puristamisprosessi takaa tasaisen poikkileikkauksen, sile\u00e4n pinnan ja tiukat toleranssit, mik\u00e4 takaa tasaisen laadun ja kokoonpanokelpoisuuden.<br \/>\n<\/p><br \/><\/p>","protected":false},"featured_media":6370,"template":"","categories":[60],"class_list":["post-6371","product","type-product","status-publish","has-post-thumbnail","hentry","category-general-tubes-and-bars"],"meta_box":{"hilight_text_group":{"product_hilight_text":"<li>Strong T-bar design provides excellent support and load distribution<\/li>\r\r\n<li>Precision extruded for uniform dimensions and smooth surface finish<\/li>\r\r\n<li>Made from corrosion-resistant aluminum alloy for durability<\/li>\r\r\n<li>Available in various sizes and lengths to suit different applications<\/li>\r\r\n<li>Ideal for construction, framing, and industrial fabrication projects<\/li>","product_chanpin_blog":"<ul>\r\r\n<li><a href=\"https:\/\/sinoextrud.com\/t-slot-v-slot-differences\/\" target=\"_blank\">t slot vs v slot<\/a><\/li>\r\r\n<li><a href=\"https:\/\/sinoextrud.com\/what-is-4040-aluminium-extrud\/\" target=\"_blank\">4040 aluminium extrusion<\/a><\/li>\r\r\n<li><a href=\"https:\/\/sinoextrud.com\/what-is-4040-aluminium-extrud\/\" target=\"_blank\">aluminum extrusions for industrial racks<\/a><\/li>\r\r\n<li><a href=\"https:\/\/sinoextrud.com\/powder-coating-aluminium-process\/\" target=\"_blank\">powder coating aluminium<\/a><\/li>\r\r\n<li><a href=\"https:\/\/sinoextrud.com\/what-is-an-aluminium-strip-ceiling\/\" target=\"_blank\">aluminium strip ceiling<\/a><\/li>\r\r\n<li><a href=\"https:\/\/sinoextrud.com\/what-is-a-heat-sink\/\" target=\"_blank\">what is a heat sink<\/a><\/li>\r\r\n<\/ul>","product_chanpin_chanpin":"<li><a href=\"https:\/\/sinoextrud.com\/product\/anodized-aluminium-tube\/\" target=\"_blank\">anodized aluminium tube<\/a><\/li>\r\n<li><a href=\"https:\/\/sinoextrud.com\/product\/40x40-aluminium-extrusion\/\" target=\"_blank\">40\u00d740 Aluminium Extrusion<\/a><\/li>\r\n<li><a href=\"https:\/\/sinoextrud.com\/product\/aluminium-precision-tubing\/\" target=\"_blank\">Aluminium Precision Tubing<\/a><\/li>\r\n<li><a href=\"https:\/\/sinoextrud.com\/product\/aluminium-pipes-tubes\/\" target=\"_blank\">Aluminium Pipes Tubes<\/a><\/li>\r\n<li><a href=\"https:\/\/sinoextrud.com\/product\/extruded-aluminum-t-bar\/\" target=\"_blank\">Extruded Aluminum T Bar<\/a><\/li>\r\n<li><a href=\"https:\/\/sinoextrud.com\/product\/round-aluminum-tube\/\" target=\"_blank\">Round Aluminum Tube<\/a><\/li>\r\n<li><a href=\"https:\/\/sinoextrud.com\/product\/40x40-aluminium-profile\/\" target=\"_blank\">40\u00d740 Aluminium Profile<\/a><\/li>\r\n<li><a href=\"https:\/\/sinoextrud.com\/product\/aluminium-profile-channel\/\" target=\"_blank\">Aluminium Profile Channel<\/a><\/li>\r\n<li><a href=\"https:\/\/sinoextrud.com\/product\/rectangular-aluminum-tube\/\" target=\"_blank\">Rectangular Aluminum Tube<\/a><\/li>\r\n<li><a href=\"https:\/\/sinoextrud.com\/product\/aluminium-sliding-door-electrophoresis-golden\/\" target=\"_blank\">Aluminium Sliding Door Electrophoresis Golden<\/a><\/li>\r\n<li><a href=\"https:\/\/sinoextrud.com\/product\/anodized-extruded-c-section-aluminium-profile\/\" target=\"_blank\">Anodized Extruded C Section Aluminium Profile<\/a><\/li>"},"feature_list":[]},"_links":{"self":[{"href":"https:\/\/sinoextrud.com\/fi\/wp-json\/wp\/v2\/product\/6371","targetHints":{"allow":["GET"]}}],"collection":[{"href":"https:\/\/sinoextrud.com\/fi\/wp-json\/wp\/v2\/product"}],"about":[{"href":"https:\/\/sinoextrud.com\/fi\/wp-json\/wp\/v2\/types\/product"}],"wp:featuredmedia":[{"embeddable":true,"href":"https:\/\/sinoextrud.com\/fi\/wp-json\/wp\/v2\/media\/6370"}],"wp:attachment":[{"href":"https:\/\/sinoextrud.com\/fi\/wp-json\/wp\/v2\/media?parent=6371"}],"wp:term":[{"taxonomy":"category","embeddable":true,"href":"https:\/\/sinoextrud.com\/fi\/wp-json\/wp\/v2\/categories?post=6371"}],"curies":[{"name":"wp","href":"https:\/\/api.w.org\/{rel}","templated":true}]}}