{"id":6369,"date":"2025-05-27T06:18:10","date_gmt":"2025-05-27T06:18:10","guid":{"rendered":"https:\/\/sinoextrud.com\/product\/aluminium-pipes-tubes\/"},"modified":"2025-06-24T06:10:52","modified_gmt":"2025-06-24T06:10:52","slug":"alumiiniputket-putket","status":"publish","type":"product","link":"https:\/\/sinoextrud.com\/fi\/product\/aluminium-pipes-tubes\/","title":{"rendered":"Alumiiniputket Putket"},"content":{"rendered":"<h2>Tuotteiden tiedot<\/h2>\n<table class=\"custom-table\">\n<tr>\n<td class=\"label\">Materiaali<\/td>\n<td>Alumiiniseos 6063,6061,6005,6463,6082<\/td>\n<\/tr>\n<tr>\n<td class=\"label\">Temper<\/td>\n<td>T3-T8<\/td>\n<\/tr>\n<tr>\n<td class=\"label\">Pinta Custom<\/td>\n<td>Jyrsint\u00e4k\u00e4sittely, anodisointi, elektroforeesi, jauhemaalaus, PVDF-pinnoite,<br \/>puunjyv\u00e4maalaus, harjattu, kiillotus, ect<\/td>\n<\/tr>\n<tr>\n<td class=\"label\">V\u00e4ri<\/td>\n<td>Hopea valkoinen, pronssi, kulta, musta, samppanja, r\u00e4\u00e4t\u00e4l\u00f6ityj\u00e4<\/td>\n<\/tr>\n<tr>\n<td class=\"label\">Sein\u00e4m\u00e4n paksuus<\/td>\n<td>&gt;0,8 mm, 1,0, 1,2, 2,0, 4,0 jne.<\/td>\n<\/tr>\n<tr>\n<td class=\"label\">Muoto<\/td>\n<td>Neli\u00f6, py\u00f6re\u00e4, litte\u00e4, soikea, ep\u00e4s\u00e4\u00e4nn\u00f6llinen jne.<\/td>\n<\/tr>\n<tr>\n<td class=\"label\">Pituus<\/td>\n<td>Normaali = 5.8m, 5.9m, 6m, 3m-7m on r\u00e4\u00e4t\u00e4l\u00f6ity koko<\/td>\n<\/tr>\n<tr>\n<td class=\"label\">MOQ<\/td>\n<td>1 tonni\/tilaus, 500 kg\/kpl.<\/td>\n<\/tr>\n<tr>\n<td class=\"label\">OEM-palvelu Tuotanto<\/td>\n<td>Asiakkaiden piirustukset \/ n\u00e4ytteet tai tarjottu suunnittelupalvelu<\/td>\n<\/tr>\n<tr>\n<td class=\"label\">Takuu<\/td>\n<td>Pinnan v\u00e4ri voi olla vakaa 10-20 vuotta sis\u00e4k\u00e4yt\u00f6ss\u00e4<\/td>\n<\/tr>\n<tr>\n<td class=\"label\">Valmistus<\/td>\n<td>Jyrsint\u00e4, poraus, leikkaus, CNC,Ikkunoiden ja ovien kehykset<\/td>\n<\/tr>\n<tr>\n<td class=\"label\">Edut Ominaisuudet<\/td>\n<td>1.Air todiste, vedenpit\u00e4v\u00e4, l\u00e4mm\u00f6neristys, l\u00e4mp\u00f6eristys, Anti-aging, Resist vaikutukset<br \/>2.Environmentally yst\u00e4v\u00e4llinen<br \/>3.Corrosion resistant, shinging<br \/>4.Moderni ulkon\u00e4k\u00f6<\/td>\n<\/tr>\n<tr>\n<td class=\"label\">Testausstandardi<\/td>\n<td>GB, SGS, CE, ISO<\/td>\n<\/tr>\n<\/table>\n<h2>Tuotantopohjamme<\/h2>\n<h3>Tehtaan panoraama<\/h3>\n<p><img decoding=\"async\" src=\"\/wp-content\/uploads\/factory-01.webp\"\/><\/p>\n<h3>Alumiini Bar Manufacturing Workshop<\/h3>\n<p><img decoding=\"async\" src=\"\/wp-content\/uploads\/factory-02.webp\"\/><\/p>\n<p><img decoding=\"async\" src=\"\/wp-content\/uploads\/factory-03.webp\"\/><\/p>\n<h3>Muotin varastointi Varasto<\/h3>\n<p><img decoding=\"async\" src=\"\/wp-content\/uploads\/factory-04.webp\"\/><\/p>\n<h3>43 Alumiini ekstruusiolinjat (500\u00e2 5500 tonnia)<\/h3>\n<p><img decoding=\"async\" src=\"\/wp-content\/uploads\/factory-05.webp\"\/><\/p>\n<p><img decoding=\"async\" src=\"\/wp-content\/uploads\/factory-06.webp\"\/><\/p>\n<p><img decoding=\"async\" src=\"\/wp-content\/uploads\/factory-07.webp\"\/><\/p>\n<h3>Jauhemaalaus ty\u00f6paja<\/h3>\n<p><img decoding=\"async\" src=\"\/wp-content\/uploads\/factory-09.webp\"\/><\/p>\n<h3>Anodisointi ty\u00f6paja<\/h3>\n<p><img decoding=\"async\" src=\"\/wp-content\/uploads\/factory-10.webp\"\/><\/p>\n<h3>Syv\u00e4k\u00e4sittelyn ty\u00f6paja<\/h3>\n<p><img decoding=\"async\" src=\"\/wp-content\/uploads\/factory-11.webp\"\/><\/p>\n<h3>CNC-tarkkuuskoneistus ty\u00f6paja<\/h3>\n<p><img decoding=\"async\" src=\"\/wp-content\/uploads\/factory-11.5.webp\"\/><\/p>\n<h3>Valmiiden tuotteiden ja vientivarasto<\/h3>\n<p><img decoding=\"async\" src=\"\/wp-content\/uploads\/factory-12.webp\"\/><\/p>\n<p><img decoding=\"async\" src=\"\/wp-content\/uploads\/factory-13.webp\"\/><\/p>\n<p><img decoding=\"async\" src=\"\/wp-content\/uploads\/factory-14.webp\"\/><\/p>\n<h2>FAQ<\/h2>\n<p><p><b>1.Mihin alumiiniputkia k\u00e4ytet\u00e4\u00e4n?<\/b><\/p>\n<p>Alumiiniputkia k\u00e4ytet\u00e4\u00e4n rakentamisessa, LVI- ja LVI-j\u00e4rjestelmiss\u00e4, LVI-j\u00e4rjestelmiss\u00e4, autokokoonpanoissa ja teollisuuskehyksiss\u00e4 niiden kevyen lujuuden ja korroosionkest\u00e4vyyden ansiosta.<br \/>\n<\/p><br \/>\n<br \/>\n<p><b>2.Mitk\u00e4 ovat alumiiniputkien t\u00e4rkeimm\u00e4t edut?<\/b><\/p>\n<p>Alumiiniputket tarjoavat erinomaisen lujuus-painosuhteen, erinomaisen korroosionkest\u00e4vyyden, l\u00e4mm\u00f6njohtavuuden ja helpon valmistettavuuden erilaisiin sovelluksiin.<br \/>\n<\/p><br \/>\n<br \/>\n<p><b>3.Miksi valita alumiiniputket ter\u00e4ksen tai muovin sijaan?<\/b><\/p>\n<p>Alumiiniputket ovat ter\u00e4st\u00e4 kevyempi\u00e4, korroosionkest\u00e4v\u00e4mpi\u00e4 kuin muovi, ja ne kest\u00e4v\u00e4t pitk\u00e4ll\u00e4 aikav\u00e4lill\u00e4 mahdollisimman v\u00e4h\u00e4n huoltoa.<br \/>\n<\/p><br \/>\n<br \/>\n<p><b>4.Voiko alumiiniputkia r\u00e4\u00e4t\u00e4l\u00f6id\u00e4?<\/b><\/p>\n<p>Kyll\u00e4, alumiiniputkia voidaan suulakepuristaa tai vet\u00e4\u00e4 eri halkaisijoilla, sein\u00e4m\u00e4npaksuuksilla, pituuksilla ja seoslaaduilla projektin erityisvaatimusten t\u00e4ytt\u00e4miseksi.<br \/>\n<\/p><br \/>\n<br \/>\n<p><b>5.Mit\u00e4 pintak\u00e4sittelyj\u00e4 alumiiniputkiin on saatavana?<\/b><\/p>\n<p>Yleisi\u00e4 pintak\u00e4sittelyj\u00e4 ovat jyrsint\u00e4k\u00e4sittely, anodisointi ja jauhemaalaus, jotka parantavat korroosiosuojaa, esteettisyytt\u00e4 ja kulutuskest\u00e4vyytt\u00e4.<br \/>\n<\/p><br \/>\n<br \/>\n<p><b>6.Soveltuvatko alumiiniputket ulko- ja meriymp\u00e4rist\u00f6\u00f6n?<\/b><\/p>\n<p>Asianmukaisen pintak\u00e4sittelyn ansiosta alumiiniputket kest\u00e4v\u00e4t UV-altistusta, kosteutta ja suolasumua, joten ne soveltuvat erinomaisesti ulko- ja merik\u00e4ytt\u00f6\u00f6n.<br \/>\n<\/p><br \/>\n<br \/>\n<p><b>7.Miten alumiiniputket tukevat kest\u00e4v\u00e4\u00e4 suunnittelua?<\/b><\/p>\n<p>Alumiini on 100% kierr\u00e4tett\u00e4v\u00e4\u00e4 ja energiatehokasta valmistaa, ja alumiiniputkien k\u00e4ytt\u00f6 v\u00e4hent\u00e4\u00e4 materiaalij\u00e4tett\u00e4 ja pienent\u00e4\u00e4 elinkaaren aikaisia ymp\u00e4rist\u00f6vaikutuksia.<br \/>\n<\/p><br \/>\n<br \/>\n<p><b>8.Mitk\u00e4 teollisuudenalat hy\u00f6tyv\u00e4t eniten alumiiniputkista?<\/b><\/p>\n<p>Teollisuudenalat, kuten ilmailu- ja avaruusteollisuus, autoteollisuus, rakentaminen, LVI-ala ja elintarviketeollisuus, luottavat alumiiniputkiin niiden luotettavuuden, keveyden ja hygieniaominaisuuksien vuoksi.<br \/>\n<\/p><br \/><\/p>","protected":false},"featured_media":6368,"template":"","categories":[60],"class_list":["post-6369","product","type-product","status-publish","has-post-thumbnail","hentry","category-general-tubes-and-bars"],"meta_box":{"hilight_text_group":{"product_hilight_text":"<li>Lightweight and strong, ideal for various industrial applications<\/li>\r\r\n<li>Excellent corrosion resistance for long-lasting performance<\/li>\r\r\n<li>Available in multiple sizes, alloys, and wall thicknesses<\/li>\r\r\n<li>Easy to fabricate, weld, and machine for custom projects<\/li>\r\r\n<li>Reliable bulk supply with consistent quality and timely delivery<\/li>","product_chanpin_blog":"<ul>\r\r\n<li><a href=\"https:\/\/sinoextrud.com\/t-slot-v-slot-differences\/\" target=\"_blank\">t slot vs v slot<\/a><\/li>\r\r\n<li><a href=\"https:\/\/sinoextrud.com\/what-is-4040-aluminium-extrud\/\" target=\"_blank\">4040 aluminium extrusion<\/a><\/li>\r\r\n<li><a href=\"https:\/\/sinoextrud.com\/what-is-4040-aluminium-extrud\/\" target=\"_blank\">aluminum extrusions for industrial racks<\/a><\/li>\r\r\n<li><a href=\"https:\/\/sinoextrud.com\/powder-coating-aluminium-process\/\" target=\"_blank\">powder coating aluminium<\/a><\/li>\r\r\n<li><a href=\"https:\/\/sinoextrud.com\/what-is-an-aluminium-strip-ceiling\/\" target=\"_blank\">aluminium strip ceiling<\/a><\/li>\r\r\n<li><a href=\"https:\/\/sinoextrud.com\/what-is-a-heat-sink\/\" target=\"_blank\">what is a heat sink<\/a><\/li>\r\r\n<\/ul>","product_chanpin_chanpin":"<li><a href=\"https:\/\/sinoextrud.com\/product\/extruded-aluminium-retangular-tube\/\" target=\"_blank\">Extruded Aluminium Retangular Tube<\/a><\/li>\r\n<li><a href=\"https:\/\/sinoextrud.com\/product\/anodized-aluminium-tube\/\" target=\"_blank\">anodized aluminium tube<\/a><\/li>\r\n<li><a href=\"https:\/\/sinoextrud.com\/product\/40x40-aluminium-extrusion\/\" target=\"_blank\">40\u00d740 Aluminium Extrusion<\/a><\/li>\r\n<li><a href=\"https:\/\/sinoextrud.com\/product\/aluminium-precision-tubing\/\" target=\"_blank\">Aluminium Precision Tubing<\/a><\/li>\r\n<li><a href=\"https:\/\/sinoextrud.com\/product\/aluminium-pipes-tubes\/\" target=\"_blank\">Aluminium Pipes Tubes<\/a><\/li>\r\n<li><a href=\"https:\/\/sinoextrud.com\/product\/extruded-aluminum-t-bar\/\" target=\"_blank\">Extruded Aluminum T Bar<\/a><\/li>\r\n<li><a href=\"https:\/\/sinoextrud.com\/product\/round-aluminum-tube\/\" target=\"_blank\">Round Aluminum Tube<\/a><\/li>\r\n<li><a href=\"https:\/\/sinoextrud.com\/product\/40x40-aluminium-profile\/\" target=\"_blank\">40\u00d740 Aluminium Profile<\/a><\/li>\r\n<li><a href=\"https:\/\/sinoextrud.com\/product\/aluminium-profile-channel\/\" target=\"_blank\">Aluminium Profile Channel<\/a><\/li>\r\n<li><a href=\"https:\/\/sinoextrud.com\/product\/combination-ceiling-system\/\" target=\"_blank\">Combination Ceiling System<\/a><\/li>\r\n<li><a href=\"https:\/\/sinoextrud.com\/product\/custom-aluminum-tongue-and-groove-extrusion-for-floor-decking\/\" target=\"_blank\">Custom Aluminum Tongue And Groove Extrusion for floor decking<\/a><\/li>"},"feature_list":[]},"_links":{"self":[{"href":"https:\/\/sinoextrud.com\/fi\/wp-json\/wp\/v2\/product\/6369","targetHints":{"allow":["GET"]}}],"collection":[{"href":"https:\/\/sinoextrud.com\/fi\/wp-json\/wp\/v2\/product"}],"about":[{"href":"https:\/\/sinoextrud.com\/fi\/wp-json\/wp\/v2\/types\/product"}],"wp:featuredmedia":[{"embeddable":true,"href":"https:\/\/sinoextrud.com\/fi\/wp-json\/wp\/v2\/media\/6368"}],"wp:attachment":[{"href":"https:\/\/sinoextrud.com\/fi\/wp-json\/wp\/v2\/media?parent=6369"}],"wp:term":[{"taxonomy":"category","embeddable":true,"href":"https:\/\/sinoextrud.com\/fi\/wp-json\/wp\/v2\/categories?post=6369"}],"curies":[{"name":"wp","href":"https:\/\/api.w.org\/{rel}","templated":true}]}}