{"id":6367,"date":"2025-05-27T06:16:05","date_gmt":"2025-05-27T06:16:05","guid":{"rendered":"https:\/\/sinoextrud.com\/product\/aluminium-precision-tubing\/"},"modified":"2025-06-24T06:10:51","modified_gmt":"2025-06-24T06:10:51","slug":"alumiininen-tarkkuusputki","status":"publish","type":"product","link":"https:\/\/sinoextrud.com\/fi\/product\/aluminium-precision-tubing\/","title":{"rendered":"Alumiiniset tarkkuusputket"},"content":{"rendered":"<h2>Tuotteiden tiedot<\/h2>\n<table class=\"custom-table\">\n<tr>\n<td class=\"label\">Tuote<\/td>\n<td>OEM ODM r\u00e4\u00e4t\u00e4l\u00f6ity neli\u00f6 putki fabricationhigh precision neli\u00f6 putki leimaamalla putken valmistus palvelu<\/td>\n<\/tr>\n<tr>\n<td class=\"label\">Mitta<\/td>\n<td>20 mm - 700 mm<\/td>\n<\/tr>\n<tr>\n<td class=\"label\">WT<\/td>\n<td>1,65 mm - 33,5 mm<\/td>\n<\/tr>\n<tr>\n<td class=\"label\">Pituus<\/td>\n<td>0,5 m - 20 m<\/td>\n<\/tr>\n<tr>\n<td class=\"label\">K\u00e4ytt\u00f6<\/td>\n<td>Ter\u00e4srakenneprojekti, sillanrakennus, valtateiden t\u00f6rm\u00e4yseste, laivanvalmistus, tehdasvalmisteinen asuinprojekti,<\/td>\n<\/tr>\n<\/table>\n<h2>Tuotantopohjamme<\/h2>\n<h3>Tehtaan panoraama<\/h3>\n<p><img decoding=\"async\" src=\"\/wp-content\/uploads\/factory-01.webp\"\/><\/p>\n<h3>Alumiini Bar Manufacturing Workshop<\/h3>\n<p><img decoding=\"async\" src=\"\/wp-content\/uploads\/factory-02.webp\"\/><\/p>\n<p><img decoding=\"async\" src=\"\/wp-content\/uploads\/factory-03.webp\"\/><\/p>\n<h3>Muotin varastointi Varasto<\/h3>\n<p><img decoding=\"async\" src=\"\/wp-content\/uploads\/factory-04.webp\"\/><\/p>\n<h3>43 alumiinin ekstruusiolinjat (500-5500 tonnia)<\/h3>\n<p><img decoding=\"async\" src=\"\/wp-content\/uploads\/factory-05.webp\"\/><\/p>\n<p><img decoding=\"async\" src=\"\/wp-content\/uploads\/factory-06.webp\"\/><\/p>\n<p><img decoding=\"async\" src=\"\/wp-content\/uploads\/factory-07.webp\"\/><\/p>\n<h3>Jauhemaalaus ty\u00f6paja<\/h3>\n<p><img decoding=\"async\" src=\"\/wp-content\/uploads\/factory-09.webp\"\/><\/p>\n<h3>Anodisointi ty\u00f6paja<\/h3>\n<p><img decoding=\"async\" src=\"\/wp-content\/uploads\/factory-10.webp\"\/><\/p>\n<h3>Syv\u00e4k\u00e4sittelyn ty\u00f6paja<\/h3>\n<p><img decoding=\"async\" src=\"\/wp-content\/uploads\/factory-11.webp\"\/><\/p>\n<h3>CNC-tarkkuuskoneistus ty\u00f6paja<\/h3>\n<p><img decoding=\"async\" src=\"\/wp-content\/uploads\/factory-11.5.webp\"\/><\/p>\n<h3>Valmiiden tuotteiden ja vientivarasto<\/h3>\n<p><img decoding=\"async\" src=\"\/wp-content\/uploads\/factory-12.webp\"\/><\/p>\n<p><img decoding=\"async\" src=\"\/wp-content\/uploads\/factory-13.webp\"\/><\/p>\n<p><img decoding=\"async\" src=\"\/wp-content\/uploads\/factory-14.webp\"\/><\/p>\n<h2>FAQ<\/h2>\n<p><p><b>1.Mit\u00e4 alumiinista tarkkuusputkea k\u00e4ytet\u00e4\u00e4n?<\/b><\/p>\n<p>Alumiinisia tarkkuusputkia k\u00e4ytet\u00e4\u00e4n ilmailu- ja avaruusalalla, l\u00e4\u00e4ketieteellisiss\u00e4 laitteissa, instrumentoinnissa ja korkean tarkkuuden koneissa, joissa tiukat toleranssit ja tasainen suorituskyky ovat kriittisi\u00e4.<br \/>\n<\/p><br \/>\n<br \/>\n<p><b>2.Mitk\u00e4 ovat alumiinin tarkkuusputkien t\u00e4rkeimm\u00e4t edut?<\/b><\/p>\n<p>Alumiiniset tarkkuusputket tarjoavat poikkeuksellisen mittatarkkuuden, korkean lujuus-painosuhteen, korroosionkest\u00e4vyyden ja sile\u00e4t sis\u00e4pinnat, jotka takaavat luotettavan neste- ja kaasuvirtauksen.<br \/>\n<\/p><br \/>\n<br \/>\n<p><b>3.Miksi valita alumiininen tarkkuusputki tavallisen putken sijaan?<\/b><\/p>\n<p>Alumiiniset tarkkuusputket tarjoavat tiukemmat toleranssit (usein \u00b10,01 mm), erinomaisen py\u00f6reyden ja tasaisen sein\u00e4m\u00e4npaksuuden, mik\u00e4 takaa optimaalisen istuvuuden ja suorituskyvyn tarkkuuskokoonpanoissa.<br \/>\n<\/p><br \/>\n<br \/>\n<p><b>4.Can alumiininen tarkkuusputki voidaan r\u00e4\u00e4t\u00e4l\u00f6id\u00e4?<\/b><\/p>\n<p>Kyll\u00e4, alumiiniset tarkkuusputket voidaan suulakepuristaa tai vet\u00e4\u00e4 mittatilausty\u00f6n\u00e4 tiettyihin halkaisijoihin, sein\u00e4m\u00e4npaksuuksiin, pituuksiin ja seoslaatuihin tarkkojen teknisten vaatimusten t\u00e4ytt\u00e4miseksi.<br \/>\n<\/p><br \/>\n<br \/>\n<p><b>5.Mit\u00e4 pintak\u00e4sittelyj\u00e4 on saatavana alumiinisille tarkkuusputkille?<\/b><\/p>\n<p>Yleisi\u00e4 pintak\u00e4sittelyj\u00e4 ovat kirkas hehkutus, jyrsint\u00e4k\u00e4sittely ja anodisointi, jotka parantavat korroosiosuojaa, pinnanlaatua ja esteettisyytt\u00e4.<br \/>\n<\/p><br \/>\n<br \/>\n<p><b>6.Mitk\u00e4 teollisuudenalat hy\u00f6tyv\u00e4t eniten alumiinisista tarkkuusputkista?<\/b><\/p>\n<p>Teollisuudenalat, kuten ilmailu- ja avaruusteollisuus, autoteollisuus, l\u00e4\u00e4ketiede, instrumentointi ja robotiikka, luottavat alumiinisiin tarkkuusputkiin niiden tarkkuuden, luotettavuuden ja kevyiden ominaisuuksien vuoksi.<br \/>\n<\/p><br \/>\n<br \/>\n<p><b>7.Miten alumiiniset tarkkuusputket tukevat tehokasta tuotantoa?<\/b><\/p>\n<p>Tasaisen laadun ja tiukkojen toleranssien ansiosta alumiiniset tarkkuusputket lyhent\u00e4v\u00e4t ty\u00f6st\u00f6aikaa, minimoivat romua ja nopeuttavat kokoonpanoprosesseja.<br \/>\n<\/p><br \/>\n<br \/>\n<p><b>8.Onko alumiininen tarkkuusputki ymp\u00e4rist\u00f6yst\u00e4v\u00e4llinen?<\/b><\/p>\n<p>Alumiini on t\u00e4ysin kierr\u00e4tett\u00e4v\u00e4\u00e4 ja energiatehokasta valmistaa, ja tarkkuusputket v\u00e4hent\u00e4v\u00e4t materiaalihukkaa hallitun puristamisen ja k\u00e4sittelyn ansiosta.<br \/>\n<\/p><br \/><\/p>","protected":false},"featured_media":6366,"template":"","categories":[60],"class_list":["post-6367","product","type-product","status-publish","has-post-thumbnail","hentry","category-general-tubes-and-bars"],"meta_box":{"hilight_text_group":{"product_hilight_text":"<li>High dimensional accuracy for precise engineering and assembly<\/li>\r\r\n<li>Made from premium aluminum alloys with excellent corrosion resistance<\/li>\r\r\n<li>Consistent wall thickness ensures reliable mechanical performance<\/li>\r\r\n<li>Suitable for aerospace, automotive, and medical industries<\/li>\r\r\n<li>Supports custom sizes, finishes, and bulk orders<\/li>","product_chanpin_blog":"<ul>\r\r\n<li><a href=\"https:\/\/sinoextrud.com\/t-slot-v-slot-differences\/\" target=\"_blank\">t slot vs v slot<\/a><\/li>\r\r\n<li><a href=\"https:\/\/sinoextrud.com\/what-is-4040-aluminium-extrud\/\" target=\"_blank\">4040 aluminium extrusion<\/a><\/li>\r\r\n<li><a href=\"https:\/\/sinoextrud.com\/what-is-4040-aluminium-extrud\/\" target=\"_blank\">aluminum extrusions for industrial racks<\/a><\/li>\r\r\n<li><a href=\"https:\/\/sinoextrud.com\/powder-coating-aluminium-process\/\" target=\"_blank\">powder coating aluminium<\/a><\/li>\r\r\n<li><a href=\"https:\/\/sinoextrud.com\/what-is-an-aluminium-strip-ceiling\/\" target=\"_blank\">aluminium strip ceiling<\/a><\/li>\r\r\n<li><a href=\"https:\/\/sinoextrud.com\/what-is-a-heat-sink\/\" target=\"_blank\">what is a heat sink<\/a><\/li>\r\r\n<\/ul>","product_chanpin_chanpin":"<li><a href=\"https:\/\/sinoextrud.com\/product\/extruded-aluminium-square-tube\/\" target=\"_blank\">Extruded Aluminium Square Tube<\/a><\/li>\r\n<li><a href=\"https:\/\/sinoextrud.com\/product\/extruded-aluminium-retangular-tube\/\" target=\"_blank\">Extruded Aluminium Retangular Tube<\/a><\/li>\r\n<li><a href=\"https:\/\/sinoextrud.com\/product\/anodized-aluminium-tube\/\" target=\"_blank\">anodized aluminium tube<\/a><\/li>\r\n<li><a href=\"https:\/\/sinoextrud.com\/product\/40x40-aluminium-extrusion\/\" target=\"_blank\">40\u00d740 Aluminium Extrusion<\/a><\/li>\r\n<li><a href=\"https:\/\/sinoextrud.com\/product\/aluminium-precision-tubing\/\" target=\"_blank\">Aluminium Precision Tubing<\/a><\/li>\r\n<li><a href=\"https:\/\/sinoextrud.com\/product\/aluminium-pipes-tubes\/\" target=\"_blank\">Aluminium Pipes Tubes<\/a><\/li>\r\n<li><a href=\"https:\/\/sinoextrud.com\/product\/extruded-aluminum-t-bar\/\" target=\"_blank\">Extruded Aluminum T Bar<\/a><\/li>\r\n<li><a href=\"https:\/\/sinoextrud.com\/product\/round-aluminum-tube\/\" target=\"_blank\">Round Aluminum Tube<\/a><\/li>\r\n<li><a href=\"https:\/\/sinoextrud.com\/product\/40x40-aluminium-profile\/\" target=\"_blank\">40\u00d740 Aluminium Profile<\/a><\/li>\r\n<li><a href=\"https:\/\/sinoextrud.com\/product\/aluminium-u-channel\/\" target=\"_blank\">Aluminium U Channel<\/a><\/li>\r\n<li><a href=\"https:\/\/sinoextrud.com\/product\/aluminium-profile-channel\/\" target=\"_blank\">Aluminium Profile Channel<\/a><\/li>"},"feature_list":[]},"_links":{"self":[{"href":"https:\/\/sinoextrud.com\/fi\/wp-json\/wp\/v2\/product\/6367","targetHints":{"allow":["GET"]}}],"collection":[{"href":"https:\/\/sinoextrud.com\/fi\/wp-json\/wp\/v2\/product"}],"about":[{"href":"https:\/\/sinoextrud.com\/fi\/wp-json\/wp\/v2\/types\/product"}],"wp:featuredmedia":[{"embeddable":true,"href":"https:\/\/sinoextrud.com\/fi\/wp-json\/wp\/v2\/media\/6366"}],"wp:attachment":[{"href":"https:\/\/sinoextrud.com\/fi\/wp-json\/wp\/v2\/media?parent=6367"}],"wp:term":[{"taxonomy":"category","embeddable":true,"href":"https:\/\/sinoextrud.com\/fi\/wp-json\/wp\/v2\/categories?post=6367"}],"curies":[{"name":"wp","href":"https:\/\/api.w.org\/{rel}","templated":true}]}}