{"id":6347,"date":"2025-05-27T03:09:45","date_gmt":"2025-05-27T03:09:45","guid":{"rendered":"https:\/\/sinoextrud.com\/product\/oval-aluminum-extrusion\/"},"modified":"2025-06-24T06:10:48","modified_gmt":"2025-06-24T06:10:48","slug":"soikea-alumiiniprofiili","status":"publish","type":"product","link":"https:\/\/sinoextrud.com\/fi\/product\/oval-aluminum-extrusion\/","title":{"rendered":"Ovaali alumiinin puristamiseen"},"content":{"rendered":"<h2>Tuotteiden tiedot<\/h2>\n<table class=\"custom-table\">\n<tr>\n<td class=\"label\">Tuotteen nimi:<\/td>\n<td>Soikea alumiinipursotus<\/td>\n<\/tr>\n<tr>\n<td class=\"label\">Seos:<\/td>\n<td>6063, 6060, 6005, 6061, 6082, 6101, 6106 jne.<\/td>\n<\/tr>\n<tr>\n<td class=\"label\">Todistus:<\/td>\n<td>CE, ISO9001,OHSAS18001,ISO14001<\/td>\n<\/tr>\n<tr>\n<td class=\"label\">Pintak\u00e4sittely:<\/td>\n<td>Anodisointi, jauhemaalaus, puupinnoite, elektroforeesi, PVDF jne.<\/td>\n<\/tr>\n<tr>\n<td class=\"label\">Koko:<\/td>\n<td>0.5m - 11.85m, r\u00e4\u00e4t\u00e4l\u00f6ity.<\/td>\n<\/tr>\n<tr>\n<td class=\"label\">Muoto:<\/td>\n<td>R\u00e4\u00e4t\u00e4l\u00f6ity.<\/td>\n<\/tr>\n<tr>\n<td class=\"label\">Paksuus:<\/td>\n<td>R\u00e4\u00e4t\u00e4l\u00f6ity.<\/td>\n<\/tr>\n<tr>\n<td class=\"label\">Sovellus:<\/td>\n<td>Arkkitehtoninen, teollinen, sisustus jne.<\/td>\n<\/tr>\n<tr>\n<td class=\"label\">Prosessi:<\/td>\n<td>Poraus, taivutus, hitsaus, tarkka leikkaus, l\u00e4vistys jne.<\/td>\n<\/tr>\n<\/table>\n<h2>Tuotantopohjamme<\/h2>\n<h3>Tehtaan panoraama<\/h3>\n<p><img decoding=\"async\" src=\"\/wp-content\/uploads\/factory-01.webp\"\/><\/p>\n<h3>Alumiini Bar Manufacturing Workshop<\/h3>\n<p><img decoding=\"async\" src=\"\/wp-content\/uploads\/factory-02.webp\"\/><\/p>\n<p><img decoding=\"async\" src=\"\/wp-content\/uploads\/factory-03.webp\"\/><\/p>\n<h3>Muotin varastointi Varasto<\/h3>\n<p><img decoding=\"async\" src=\"\/wp-content\/uploads\/factory-04.webp\"\/><\/p>\n<h3>43 Alumiini ekstruusiolinjat (500\u00e2 5500 tonnia)<\/h3>\n<p><img decoding=\"async\" src=\"\/wp-content\/uploads\/factory-05.webp\"\/><\/p>\n<p><img decoding=\"async\" src=\"\/wp-content\/uploads\/factory-06.webp\"\/><\/p>\n<p><img decoding=\"async\" src=\"\/wp-content\/uploads\/factory-07.webp\"\/><\/p>\n<h3>Jauhemaalaus ty\u00f6paja<\/h3>\n<p><img decoding=\"async\" src=\"\/wp-content\/uploads\/factory-09.webp\"\/><\/p>\n<h3>Anodisointi ty\u00f6paja<\/h3>\n<p><img decoding=\"async\" src=\"\/wp-content\/uploads\/factory-10.webp\"\/><\/p>\n<h3>Syv\u00e4k\u00e4sittelyn ty\u00f6paja<\/h3>\n<p><img decoding=\"async\" src=\"\/wp-content\/uploads\/factory-11.webp\"\/><\/p>\n<h3>CNC-tarkkuuskoneistus ty\u00f6paja<\/h3>\n<p><img decoding=\"async\" src=\"\/wp-content\/uploads\/factory-11.5.webp\"\/><\/p>\n<h3>Valmiiden tuotteiden ja vientivarasto<\/h3>\n<p><img decoding=\"async\" src=\"\/wp-content\/uploads\/factory-12.webp\"\/><\/p>\n<p><img decoding=\"async\" src=\"\/wp-content\/uploads\/factory-13.webp\"\/><\/p>\n<p><img decoding=\"async\" src=\"\/wp-content\/uploads\/factory-14.webp\"\/><\/p>\n<h2>FAQ<\/h2>\n<p><p><b>1.What on soikea alumiini suulakepuristus k\u00e4ytet\u00e4\u00e4n?<\/b><\/p>\n<p>Ovaalia alumiinipursotuspuristetta k\u00e4ytet\u00e4\u00e4n yleisesti huonekalu-, auto-, meri- ja arkkitehtuurisovelluksissa sen aerodynaamisen muodon ja modernin ulkon\u00e4\u00f6n ansiosta.<br \/>\n<\/p><br \/>\n<br \/>\n<p><b>2.Mitk\u00e4 ovat soikean alumiinipuristimen t\u00e4rkeimm\u00e4t edut?<\/b><\/p>\n<p>Soikeat alumiiniprofiilit tarjoavat kevytt\u00e4 lujuutta, korroosionkest\u00e4vyytt\u00e4, tyylik\u00e4st\u00e4 estetiikkaa ja parempaa aerodynamiikkaa sek\u00e4 toiminnallisiin ett\u00e4 koristeellisiin k\u00e4ytt\u00f6tarkoituksiin.<br \/>\n<\/p><br \/>\n<br \/>\n<p><b>3.Miksi valita soikea alumiiniprofiili py\u00f6reiden tai neli\u00f6profiilien sijaan?<\/b><\/p>\n<p>Soikeat profiilit tarjoavat ainutlaatuisen ulkon\u00e4\u00f6n, paremman ilmavirtaustehon ja rakenteellisen eheyden, joten ne sopivat erinomaisesti muotoilutietoisiin ja suorituskykyyn perustuviin sovelluksiin.<br \/>\n<\/p><br \/>\n<br \/>\n<p><b>4.Can soikea alumiini puristekappaleet voidaan r\u00e4\u00e4t\u00e4l\u00f6id\u00e4?<\/b><\/p>\n<p>Kyll\u00e4, soikeat alumiiniprofiilit voidaan r\u00e4\u00e4t\u00e4l\u00f6id\u00e4 koon, sein\u00e4m\u00e4npaksuuden, seoksen ja pintak\u00e4sittelyn osalta projektin erityisvaatimusten t\u00e4ytt\u00e4miseksi.<br \/>\n<\/p><br \/>\n<br \/>\n<p><b>5.Mit\u00e4 pintak\u00e4sittelyj\u00e4 on saatavana soikeille alumiiniprofiileille?<\/b><\/p>\n<p>Saatavilla oleviin pintak\u00e4sittelyihin kuuluvat anodisointi, jauhemaalaus ja jyrsint\u00e4k\u00e4sittely, jotka kaikki parantavat korroosionkest\u00e4vyytt\u00e4, kest\u00e4vyytt\u00e4 ja ulkon\u00e4k\u00f6\u00e4.<br \/>\n<\/p><br \/>\n<br \/>\n<p><b>6.Ovatko soikeat alumiiniprofiilit sopivia ulkok\u00e4ytt\u00f6\u00f6n?<\/b><\/p>\n<p>Kyll\u00e4, oikealla pintak\u00e4sittelyll\u00e4 soikeat alumiiniprofiilit kest\u00e4v\u00e4t hyvin s\u00e4\u00e4n, UV-valon ja korroosion vaikutusta ulkoymp\u00e4rist\u00f6iss\u00e4.<br \/>\n<\/p><br \/>\n<br \/>\n<p><b>7.Miten soikeat alumiiniprofiilit tukevat kest\u00e4v\u00e4\u00e4 suunnittelua?<\/b><\/p>\n<p>Alumiini on 100% kierr\u00e4tett\u00e4v\u00e4\u00e4 ja kevytt\u00e4, joten soikeat profiilit ovat kest\u00e4v\u00e4 ja energiatehokas valinta vihre\u00e4\u00e4n rakentamiseen ja tuotesuunnitteluun.<br \/>\n<\/p><br \/><\/p>","protected":false},"featured_media":6346,"template":"","categories":[60],"class_list":["post-6347","product","type-product","status-publish","has-post-thumbnail","hentry","category-general-tubes-and-bars"],"meta_box":{"hilight_text_group":{"product_hilight_text":"<li>Sleek oval design ideal for aesthetic and aerodynamic applications<\/li>\r\r\n<li>Made from high-quality aluminum for strength and durability<\/li>\r\r\n<li>Corrosion-resistant surface suitable for indoor and outdoor use<\/li>\r\r\n<li>Available in custom sizes, wall thicknesses, and finishes<\/li>\r\r\n<li>Supports OEM services and bulk production for various industries<\/li>","product_chanpin_blog":"<ul>\r\r\n<li><a href=\"https:\/\/sinoextrud.com\/t-slot-v-slot-differences\/\" target=\"_blank\">t slot vs v slot<\/a><\/li>\r\r\n<li><a href=\"https:\/\/sinoextrud.com\/what-is-4040-aluminium-extrud\/\" target=\"_blank\">4040 aluminium extrusion<\/a><\/li>\r\r\n<li><a href=\"https:\/\/sinoextrud.com\/what-is-4040-aluminium-extrud\/\" target=\"_blank\">aluminum extrusions for industrial racks<\/a><\/li>\r\r\n<li><a href=\"https:\/\/sinoextrud.com\/powder-coating-aluminium-process\/\" target=\"_blank\">powder coating aluminium<\/a><\/li>\r\r\n<li><a href=\"https:\/\/sinoextrud.com\/what-is-an-aluminium-strip-ceiling\/\" target=\"_blank\">aluminium strip ceiling<\/a><\/li>\r\r\n<li><a href=\"https:\/\/sinoextrud.com\/what-is-a-heat-sink\/\" target=\"_blank\">what is a heat sink<\/a><\/li>\r\r\n<\/ul>","product_chanpin_chanpin":"<li><a href=\"https:\/\/sinoextrud.com\/product\/quarter-round-aluminum-extrusion\/\" target=\"_blank\">Quarter Round Aluminum Extrusion<\/a><\/li>\r\n<li><a href=\"https:\/\/sinoextrud.com\/product\/extruded-aluminum-bar\/\" target=\"_blank\">Extruded Aluminum Bar<\/a><\/li>\r\n<li><a href=\"https:\/\/sinoextrud.com\/product\/aluminium-profile-10x10\/\" target=\"_blank\">Aluminium Profile 10\u00c3\u201410<\/a><\/li>\r\n<li><a href=\"https:\/\/sinoextrud.com\/product\/aluminium-square-tubes\/\" target=\"_blank\">Aluminium Square tubes<\/a><\/li>\r\n<li><a href=\"https:\/\/sinoextrud.com\/product\/oval-aluminum-extrusion\/\" target=\"_blank\">Oval Aluminum Extrusion<\/a><\/li>\r\n<li><a href=\"https:\/\/sinoextrud.com\/product\/powder-coated-aluminum-tube\/\" target=\"_blank\">Powder Coated Aluminum Tube<\/a><\/li>\r\n<li><a href=\"https:\/\/sinoextrud.com\/product\/3003-round-aluminum-tube-extrusion-in-stock\/\" target=\"_blank\">3003 Round Aluminum Tube Extrusion In Stock<\/a><\/li>\r\n<li><a href=\"https:\/\/sinoextrud.com\/product\/aluminum-round-tube-extrusion\/\" target=\"_blank\">Aluminum Round Tube Extrusion<\/a><\/li>\r\n<li><a href=\"https:\/\/sinoextrud.com\/product\/20mm-x-20mm-aluminum-extrusion\/\" target=\"_blank\">20mm X 20mm Aluminum Extrusion<\/a><\/li>\r\n<li><a href=\"https:\/\/sinoextrud.com\/product\/aluminium-sliding-door-matt-grey\/\" target=\"_blank\">Aluminium Sliding Door Matt Grey<\/a><\/li>\r\n<li><a href=\"https:\/\/sinoextrud.com\/product\/oem-aluminum-extrusion-profile-for-windows-and-doors\/\" target=\"_blank\">OEM Aluminum Extrusion Profile for Windows and Doors<\/a><\/li>"},"feature_list":[]},"_links":{"self":[{"href":"https:\/\/sinoextrud.com\/fi\/wp-json\/wp\/v2\/product\/6347","targetHints":{"allow":["GET"]}}],"collection":[{"href":"https:\/\/sinoextrud.com\/fi\/wp-json\/wp\/v2\/product"}],"about":[{"href":"https:\/\/sinoextrud.com\/fi\/wp-json\/wp\/v2\/types\/product"}],"wp:featuredmedia":[{"embeddable":true,"href":"https:\/\/sinoextrud.com\/fi\/wp-json\/wp\/v2\/media\/6346"}],"wp:attachment":[{"href":"https:\/\/sinoextrud.com\/fi\/wp-json\/wp\/v2\/media?parent=6347"}],"wp:term":[{"taxonomy":"category","embeddable":true,"href":"https:\/\/sinoextrud.com\/fi\/wp-json\/wp\/v2\/categories?post=6347"}],"curies":[{"name":"wp","href":"https:\/\/api.w.org\/{rel}","templated":true}]}}